{"id":2607,"date":"2025-10-14T08:14:59","date_gmt":"2025-10-14T08:14:59","guid":{"rendered":"https:\/\/mountlaser.com\/?post_type=product&#038;p=2607"},"modified":"2025-11-28T06:57:39","modified_gmt":"2025-11-28T06:57:39","slug":"z15ud-prism-assembly","status":"publish","type":"product","link":"https:\/\/mountlaser.com\/es\/producto\/z15ud-prism-assembly\/","title":{"rendered":"Conjunto de prisma Z15UD"},"content":{"rendered":"<p>El <a href=\"https:\/\/mountlaser.com\/es\/products\/\"><strong>Conjunto de prisma Z15UD<\/strong><\/a> por un fabricante l\u00edder de conjuntos de prismas<\/p>\n<p>El Z15UD representa el compromiso con la calidad y la precisi\u00f3n de un fabricante de prismas de confianza. Dise\u00f1ado para profesionales de la topograf\u00eda que requieren un rendimiento fiable en campo, este conjunto combina un prisma de 64 mm de alta calidad con un robusto soporte de estilo japon\u00e9s. Como Z15UD dedicado, ofrecemos esta precisa herramienta en dos modelos con c\u00f3digos de color distintos para facilitar su identificaci\u00f3n: el conjunto de prisma Z15UD-RR (Rojo-Rojo) y el conjunto de prisma Z15UD-YB (Amarillo-Negro).<\/p>\n<p><img fetchpriority=\"high\" decoding=\"async\" class=\"aligncenter wp-image-2609\" src=\"https:\/\/mountlaser.com\/wp-content\/uploads\/2025\/10\/Z15UD-YB-2.webp\" alt=\"Prism Assembly Manufacturer\" width=\"500\" height=\"500\" srcset=\"https:\/\/mountlaser.com\/wp-content\/uploads\/2025\/10\/Z15UD-YB-2.webp 1000w, https:\/\/mountlaser.com\/wp-content\/uploads\/2025\/10\/Z15UD-YB-2-300x300.webp 300w, https:\/\/mountlaser.com\/wp-content\/uploads\/2025\/10\/Z15UD-YB-2-400x400.webp 400w, https:\/\/mountlaser.com\/wp-content\/uploads\/2025\/10\/Z15UD-YB-2-800x800.webp 800w, https:\/\/mountlaser.com\/wp-content\/uploads\/2025\/10\/Z15UD-YB-2-600x600.webp 600w, https:\/\/mountlaser.com\/wp-content\/uploads\/2025\/10\/Z15UD-YB-2-150x150.webp 150w, https:\/\/mountlaser.com\/wp-content\/uploads\/2025\/10\/Z15UD-YB-2-768x768.webp 768w, https:\/\/mountlaser.com\/wp-content\/uploads\/2025\/10\/Z15UD-YB-2-12x12.webp 12w\" sizes=\"(max-width: 500px) 100vw, 500px\" \/><\/p>\n<p>Dise\u00f1ado para soportar condiciones de sitio exigentes, este producto ejemplifica la durabilidad y la atenci\u00f3n al detalle que espera de un profesional. <a href=\"https:\/\/mountlaser.com\/es\/about-us\/\"><strong>Fabricante de conjuntos de prismas<\/strong><\/a>. Es la elecci\u00f3n ideal para una amplia gama de aplicaciones de topograf\u00eda, construcci\u00f3n e ingenier\u00eda.<\/p>\n<p><img decoding=\"async\" class=\"aligncenter wp-image-2612\" src=\"https:\/\/mountlaser.com\/wp-content\/uploads\/2025\/10\/Z15UD-RR-2.webp\" alt=\"Prism Assembly Manufacturer\" width=\"500\" height=\"500\" srcset=\"https:\/\/mountlaser.com\/wp-content\/uploads\/2025\/10\/Z15UD-RR-2.webp 1000w, https:\/\/mountlaser.com\/wp-content\/uploads\/2025\/10\/Z15UD-RR-2-300x300.webp 300w, https:\/\/mountlaser.com\/wp-content\/uploads\/2025\/10\/Z15UD-RR-2-400x400.webp 400w, https:\/\/mountlaser.com\/wp-content\/uploads\/2025\/10\/Z15UD-RR-2-800x800.webp 800w, https:\/\/mountlaser.com\/wp-content\/uploads\/2025\/10\/Z15UD-RR-2-600x600.webp 600w, https:\/\/mountlaser.com\/wp-content\/uploads\/2025\/10\/Z15UD-RR-2-150x150.webp 150w, https:\/\/mountlaser.com\/wp-content\/uploads\/2025\/10\/Z15UD-RR-2-768x768.webp 768w, https:\/\/mountlaser.com\/wp-content\/uploads\/2025\/10\/Z15UD-RR-2-12x12.webp 12w\" sizes=\"(max-width: 500px) 100vw, 500px\" \/><\/p>","protected":false},"excerpt":{"rendered":"<ul>\n<li>Proporciona opciones de desplazamiento de 0 mm y -30 mm, junto con una altura de eje de inclinaci\u00f3n de 100 mm para una referencia de \u00e1ngulo vers\u00e1til y confiable.<\/li>\n<li>El soporte de estilo japon\u00e9s garantiza estabilidad, mientras que el estuche de transporte incluido garantiza un transporte seguro y c\u00f3modo.<\/li>\n<\/ul>","protected":false},"featured_media":2612,"comment_status":"open","ping_status":"closed","template":"","meta":[],"product_brand":[],"product_cat":[72,103],"product_tag":[],"class_list":{"0":"post-2607","1":"product","2":"type-product","3":"status-publish","4":"has-post-thumbnail","6":"product_cat-reflective-target-prism","7":"product_cat-prism-assembly","9":"first","10":"instock","11":"shipping-taxable","12":"product-type-simple"},"_links":{"self":[{"href":"https:\/\/mountlaser.com\/es\/wp-json\/wp\/v2\/product\/2607","targetHints":{"allow":["GET"]}}],"collection":[{"href":"https:\/\/mountlaser.com\/es\/wp-json\/wp\/v2\/product"}],"about":[{"href":"https:\/\/mountlaser.com\/es\/wp-json\/wp\/v2\/types\/product"}],"replies":[{"embeddable":true,"href":"https:\/\/mountlaser.com\/es\/wp-json\/wp\/v2\/comments?post=2607"}],"wp:featuredmedia":[{"embeddable":true,"href":"https:\/\/mountlaser.com\/es\/wp-json\/wp\/v2\/media\/2612"}],"wp:attachment":[{"href":"https:\/\/mountlaser.com\/es\/wp-json\/wp\/v2\/media?parent=2607"}],"wp:term":[{"taxonomy":"product_brand","embeddable":true,"href":"https:\/\/mountlaser.com\/es\/wp-json\/wp\/v2\/product_brand?post=2607"},{"taxonomy":"product_cat","embeddable":true,"href":"https:\/\/mountlaser.com\/es\/wp-json\/wp\/v2\/product_cat?post=2607"},{"taxonomy":"product_tag","embeddable":true,"href":"https:\/\/mountlaser.com\/es\/wp-json\/wp\/v2\/product_tag?post=2607"}],"curies":[{"name":"wp","href":"https:\/\/api.w.org\/{rel}","templated":true}]}}