{"id":2598,"date":"2025-10-14T07:24:18","date_gmt":"2025-10-14T07:24:18","guid":{"rendered":"https:\/\/mountlaser.com\/?post_type=product&#038;p=2598"},"modified":"2025-11-28T06:59:44","modified_gmt":"2025-11-28T06:59:44","slug":"z15ub-prism-assembly","status":"publish","type":"product","link":"https:\/\/mountlaser.com\/es\/producto\/z15ub-prism-assembly\/","title":{"rendered":"Conjunto de prisma Z15UB"},"content":{"rendered":"<p><a href=\"https:\/\/mountlaser.com\/es\/about-us\/\"><strong>Conjunto de prisma Z15UB<\/strong><\/a> | Conjunto de prisma reflector grande de alta precisi\u00f3n para topograf\u00eda profesional<\/p>\n<p>El conjunto de prisma Z15UB es un conjunto de prisma reflector grande de calidad profesional, dise\u00f1ado para top\u00f3grafos que exigen fiabilidad y precisi\u00f3n. Este sistema est\u00e1 construido sobre un prisma de 64 mm de alta calidad, lo que lo convierte en la opci\u00f3n ideal para una amplia gama de aplicaciones exigentes. Nos enorgullece ofrecer este sofisticado sistema. <a href=\"https:\/\/mountlaser.com\/es\/products\/\"><strong>Conjunto de prisma reflector grande<\/strong><\/a> en tres modelos codificados por colores distintos para adaptarse a las necesidades y preferencias de su equipo: el conjunto de prisma Z15UB-YY (amarillo-amarillo), el conjunto de prisma Z15UB-RO (rojo-naranja) y el conjunto de prisma Z15UB-RR (rojo-rojo).<\/p>\n<p><img fetchpriority=\"high\" decoding=\"async\" class=\"wp-image-2603 aligncenter\" src=\"https:\/\/mountlaser.com\/wp-content\/uploads\/2025\/10\/Z15UB-RO-1.webp\" alt=\"Big Reflector Prism Assembly\" width=\"500\" height=\"500\" srcset=\"https:\/\/mountlaser.com\/wp-content\/uploads\/2025\/10\/Z15UB-RO-1.webp 1000w, https:\/\/mountlaser.com\/wp-content\/uploads\/2025\/10\/Z15UB-RO-1-300x300.webp 300w, https:\/\/mountlaser.com\/wp-content\/uploads\/2025\/10\/Z15UB-RO-1-400x400.webp 400w, https:\/\/mountlaser.com\/wp-content\/uploads\/2025\/10\/Z15UB-RO-1-800x800.webp 800w, https:\/\/mountlaser.com\/wp-content\/uploads\/2025\/10\/Z15UB-RO-1-600x600.webp 600w, https:\/\/mountlaser.com\/wp-content\/uploads\/2025\/10\/Z15UB-RO-1-150x150.webp 150w, https:\/\/mountlaser.com\/wp-content\/uploads\/2025\/10\/Z15UB-RO-1-768x768.webp 768w, https:\/\/mountlaser.com\/wp-content\/uploads\/2025\/10\/Z15UB-RO-1-12x12.webp 12w\" sizes=\"(max-width: 500px) 100vw, 500px\" \/><\/p>\n<p>Fabricado con un resistente soporte de prisma de estilo japon\u00e9s, este conjunto de prisma reflector grande garantiza una estabilidad y durabilidad excepcionales en el lugar de trabajo. Su robusta construcci\u00f3n est\u00e1 dise\u00f1ada para soportar el uso diario riguroso, ofreciendo mediciones precisas y constantes.<\/p>\n<p><img decoding=\"async\" class=\"aligncenter wp-image-2601\" src=\"https:\/\/mountlaser.com\/wp-content\/uploads\/2025\/10\/Z15UB-YY-1.webp\" alt=\"Big Reflector Prism Assembly\" width=\"500\" height=\"500\" srcset=\"https:\/\/mountlaser.com\/wp-content\/uploads\/2025\/10\/Z15UB-YY-1.webp 1000w, https:\/\/mountlaser.com\/wp-content\/uploads\/2025\/10\/Z15UB-YY-1-300x300.webp 300w, https:\/\/mountlaser.com\/wp-content\/uploads\/2025\/10\/Z15UB-YY-1-400x400.webp 400w, https:\/\/mountlaser.com\/wp-content\/uploads\/2025\/10\/Z15UB-YY-1-800x800.webp 800w, https:\/\/mountlaser.com\/wp-content\/uploads\/2025\/10\/Z15UB-YY-1-600x600.webp 600w, https:\/\/mountlaser.com\/wp-content\/uploads\/2025\/10\/Z15UB-YY-1-150x150.webp 150w, https:\/\/mountlaser.com\/wp-content\/uploads\/2025\/10\/Z15UB-YY-1-768x768.webp 768w, https:\/\/mountlaser.com\/wp-content\/uploads\/2025\/10\/Z15UB-YY-1-12x12.webp 12w\" sizes=\"(max-width: 500px) 100vw, 500px\" \/><\/p>","protected":false},"excerpt":{"rendered":"<ul>\n<li>Dise\u00f1o duradero y protector: la construcci\u00f3n de estilo japon\u00e9s garantiza una plataforma resistente y confiable.<\/li>\n<li>El producto viene con una bolsa de transporte protectora para un transporte y almacenamiento seguros.<\/li>\n<li>Modelos codificados por colores: disponibles en tres combinaciones de colores (YY, RO, RR), lo que permite una f\u00e1cil identificaci\u00f3n y gesti\u00f3n de m\u00faltiples unidades en el campo.<\/li>\n<\/ul>","protected":false},"featured_media":2603,"comment_status":"open","ping_status":"closed","template":"","meta":[],"product_brand":[],"product_cat":[72,103],"product_tag":[],"class_list":{"0":"post-2598","1":"product","2":"type-product","3":"status-publish","4":"has-post-thumbnail","6":"product_cat-reflective-target-prism","7":"product_cat-prism-assembly","9":"first","10":"instock","11":"shipping-taxable","12":"product-type-simple"},"_links":{"self":[{"href":"https:\/\/mountlaser.com\/es\/wp-json\/wp\/v2\/product\/2598","targetHints":{"allow":["GET"]}}],"collection":[{"href":"https:\/\/mountlaser.com\/es\/wp-json\/wp\/v2\/product"}],"about":[{"href":"https:\/\/mountlaser.com\/es\/wp-json\/wp\/v2\/types\/product"}],"replies":[{"embeddable":true,"href":"https:\/\/mountlaser.com\/es\/wp-json\/wp\/v2\/comments?post=2598"}],"wp:featuredmedia":[{"embeddable":true,"href":"https:\/\/mountlaser.com\/es\/wp-json\/wp\/v2\/media\/2603"}],"wp:attachment":[{"href":"https:\/\/mountlaser.com\/es\/wp-json\/wp\/v2\/media?parent=2598"}],"wp:term":[{"taxonomy":"product_brand","embeddable":true,"href":"https:\/\/mountlaser.com\/es\/wp-json\/wp\/v2\/product_brand?post=2598"},{"taxonomy":"product_cat","embeddable":true,"href":"https:\/\/mountlaser.com\/es\/wp-json\/wp\/v2\/product_cat?post=2598"},{"taxonomy":"product_tag","embeddable":true,"href":"https:\/\/mountlaser.com\/es\/wp-json\/wp\/v2\/product_tag?post=2598"}],"curies":[{"name":"wp","href":"https:\/\/api.w.org\/{rel}","templated":true}]}}