{"id":2591,"date":"2025-10-13T09:10:16","date_gmt":"2025-10-13T09:10:16","guid":{"rendered":"https:\/\/mountlaser.com\/?post_type=product&#038;p=2591"},"modified":"2025-11-28T07:01:27","modified_gmt":"2025-11-28T07:01:27","slug":"z15u-prism-assembly","status":"publish","type":"product","link":"https:\/\/mountlaser.com\/es\/producto\/z15u-prism-assembly\/","title":{"rendered":"Conjunto de prisma Z15U"},"content":{"rendered":"<p>Aumente la precisi\u00f3n de sus mediciones topogr\u00e1ficas con el <a href=\"https:\/\/mountlaser.com\/es\/\"><strong>Conjunto de prisma Z15U<\/strong><\/a>, Un aut\u00e9ntico sistema de prismas de alta precisi\u00f3n, construido seg\u00fan los exigentes est\u00e1ndares de un soporte de prismas de estilo japon\u00e9s. Este sistema de prismas de alta precisi\u00f3n est\u00e1 dise\u00f1ado para profesionales que no sacrifican la precisi\u00f3n, con un prisma de 64 mm y una precisi\u00f3n angular de 3-4\u2033 o 5-8\u2033. Est\u00e1 dise\u00f1ado para un uso vers\u00e1til en campo, con un desplazamiento de 0 mm o -30 mm y una altura del eje de inclinaci\u00f3n de 100 mm para un posicionamiento \u00f3ptimo.<\/p>\n<p><img fetchpriority=\"high\" decoding=\"async\" class=\"aligncenter wp-image-2593\" src=\"https:\/\/mountlaser.com\/wp-content\/uploads\/2025\/10\/Z15U-YY-2.webp\" alt=\"high-precision prism system \" width=\"500\" height=\"500\" srcset=\"https:\/\/mountlaser.com\/wp-content\/uploads\/2025\/10\/Z15U-YY-2.webp 1000w, https:\/\/mountlaser.com\/wp-content\/uploads\/2025\/10\/Z15U-YY-2-300x300.webp 300w, https:\/\/mountlaser.com\/wp-content\/uploads\/2025\/10\/Z15U-YY-2-400x400.webp 400w, https:\/\/mountlaser.com\/wp-content\/uploads\/2025\/10\/Z15U-YY-2-800x800.webp 800w, https:\/\/mountlaser.com\/wp-content\/uploads\/2025\/10\/Z15U-YY-2-600x600.webp 600w, https:\/\/mountlaser.com\/wp-content\/uploads\/2025\/10\/Z15U-YY-2-150x150.webp 150w, https:\/\/mountlaser.com\/wp-content\/uploads\/2025\/10\/Z15U-YY-2-768x768.webp 768w, https:\/\/mountlaser.com\/wp-content\/uploads\/2025\/10\/Z15U-YY-2-12x12.webp 12w\" sizes=\"(max-width: 500px) 100vw, 500px\" \/><\/p>\n<p>El conjunto garantiza compatibilidad universal gracias a su adaptador de rosca hembra de aluminio de 5\/8\u2033-11 integrado, compatible con todos los postes y accesorios est\u00e1ndar. Para optimizar la gesti\u00f3n de proyectos y la identificaci\u00f3n de herramientas, ofrecemos este fiable... <a href=\"https:\/\/mountlaser.com\/es\/products\/\"><strong>sistema de prisma de alta precisi\u00f3n<\/strong><\/a> en dos modelos distintos, codificados por colores: el conjunto de prisma Z15U-RO (rojo-naranja) y el <a href=\"https:\/\/mountlaser.com\/es\/contact-us\/\"><strong>Conjunto de prisma Z15U-YY<\/strong><\/a> (Amarillo). Tanto el conjunto de prisma Z15U-RO como el Z15U-YY incluyen una funda de transporte resistente que garantiza la protecci\u00f3n de su inversi\u00f3n durante el transporte y el almacenamiento.<\/p>\n<p><img decoding=\"async\" class=\"aligncenter wp-image-2597\" src=\"https:\/\/mountlaser.com\/wp-content\/uploads\/2025\/10\/Z15U-RO-4.webp\" alt=\"high-precision prism system \" width=\"500\" height=\"500\" srcset=\"https:\/\/mountlaser.com\/wp-content\/uploads\/2025\/10\/Z15U-RO-4.webp 1000w, https:\/\/mountlaser.com\/wp-content\/uploads\/2025\/10\/Z15U-RO-4-300x300.webp 300w, https:\/\/mountlaser.com\/wp-content\/uploads\/2025\/10\/Z15U-RO-4-400x400.webp 400w, https:\/\/mountlaser.com\/wp-content\/uploads\/2025\/10\/Z15U-RO-4-800x800.webp 800w, https:\/\/mountlaser.com\/wp-content\/uploads\/2025\/10\/Z15U-RO-4-600x600.webp 600w, https:\/\/mountlaser.com\/wp-content\/uploads\/2025\/10\/Z15U-RO-4-150x150.webp 150w, https:\/\/mountlaser.com\/wp-content\/uploads\/2025\/10\/Z15U-RO-4-768x768.webp 768w, https:\/\/mountlaser.com\/wp-content\/uploads\/2025\/10\/Z15U-RO-4-12x12.webp 12w\" sizes=\"(max-width: 500px) 100vw, 500px\" \/><\/p>","protected":false},"excerpt":{"rendered":"<ul>\n<li>Configuraci\u00f3n configurable: ofrece una opci\u00f3n de desplazamiento de 0 mm o -30 mm y un eje de inclinaci\u00f3n de 100 mm para configuraciones de campo flexibles.<\/li>\n<li>Compatibilidad universal: el adaptador de rosca hembra integrado de 5\/8\u2033-11 garantiza un uso perfecto con equipos de topograf\u00eda est\u00e1ndar.<\/li>\n<li>Identificaci\u00f3n codificada por colores: disponible como Z15U-RO (rojo-naranja) y Z15U-YY (amarillo) para una f\u00e1cil diferenciaci\u00f3n de equipos y proyectos.<\/li>\n<\/ul>","protected":false},"featured_media":2593,"comment_status":"open","ping_status":"closed","template":"","meta":[],"product_brand":[],"product_cat":[72,103],"product_tag":[],"class_list":{"0":"post-2591","1":"product","2":"type-product","3":"status-publish","4":"has-post-thumbnail","6":"product_cat-reflective-target-prism","7":"product_cat-prism-assembly","9":"first","10":"instock","11":"shipping-taxable","12":"product-type-simple"},"_links":{"self":[{"href":"https:\/\/mountlaser.com\/es\/wp-json\/wp\/v2\/product\/2591","targetHints":{"allow":["GET"]}}],"collection":[{"href":"https:\/\/mountlaser.com\/es\/wp-json\/wp\/v2\/product"}],"about":[{"href":"https:\/\/mountlaser.com\/es\/wp-json\/wp\/v2\/types\/product"}],"replies":[{"embeddable":true,"href":"https:\/\/mountlaser.com\/es\/wp-json\/wp\/v2\/comments?post=2591"}],"wp:featuredmedia":[{"embeddable":true,"href":"https:\/\/mountlaser.com\/es\/wp-json\/wp\/v2\/media\/2593"}],"wp:attachment":[{"href":"https:\/\/mountlaser.com\/es\/wp-json\/wp\/v2\/media?parent=2591"}],"wp:term":[{"taxonomy":"product_brand","embeddable":true,"href":"https:\/\/mountlaser.com\/es\/wp-json\/wp\/v2\/product_brand?post=2591"},{"taxonomy":"product_cat","embeddable":true,"href":"https:\/\/mountlaser.com\/es\/wp-json\/wp\/v2\/product_cat?post=2591"},{"taxonomy":"product_tag","embeddable":true,"href":"https:\/\/mountlaser.com\/es\/wp-json\/wp\/v2\/product_tag?post=2591"}],"curies":[{"name":"wp","href":"https:\/\/api.w.org\/{rel}","templated":true}]}}