{"id":2581,"date":"2025-10-13T06:18:32","date_gmt":"2025-10-13T06:18:32","guid":{"rendered":"https:\/\/mountlaser.com\/?post_type=product&#038;p=2581"},"modified":"2025-11-28T07:02:22","modified_gmt":"2025-11-28T07:02:22","slug":"z15b-prism-assembly","status":"publish","type":"product","link":"https:\/\/mountlaser.com\/es\/producto\/z15b-prism-assembly\/","title":{"rendered":"Conjunto de prisma Z15B"},"content":{"rendered":"<p>El <a href=\"https:\/\/mountlaser.com\/es\/\"><strong>Conjunto de prisma Z15B<\/strong><\/a> Incorpora la precisi\u00f3n y fiabilidad de un soporte de prisma de estilo japon\u00e9s, ofreciendo una soluci\u00f3n de montaje de prisma de calidad para trabajos topogr\u00e1ficos exigentes. Este conjunto est\u00e1 dise\u00f1ado para alojar un prisma de 64 mm con una precisi\u00f3n de 3-4 o 5-8 segundos, lo que garantiza la integridad de los datos en proyectos de alto riesgo. Incorpora un adaptador hembra de aluminio de 5\/8\u2033-11 duradero e integrado para una compatibilidad universal con todos los jalones y adaptadores de prisma est\u00e1ndar. Con opciones de configuraci\u00f3n flexibles, que incluyen un desplazamiento de 0 mm o -30 mm y una altura de eje de inclinaci\u00f3n estable de 100 mm, se adapta a diversas condiciones de la obra.<\/p>\n<p><img fetchpriority=\"high\" decoding=\"async\" class=\"aligncenter wp-image-2586\" src=\"https:\/\/mountlaser.com\/wp-content\/uploads\/2025\/10\/Z15B-RY-4-1-300x300.webp\" alt=\"Quality Prism Assembly\" width=\"500\" height=\"500\" srcset=\"https:\/\/mountlaser.com\/wp-content\/uploads\/2025\/10\/Z15B-RY-4-1-300x300.webp 300w, https:\/\/mountlaser.com\/wp-content\/uploads\/2025\/10\/Z15B-RY-4-1-400x400.webp 400w, https:\/\/mountlaser.com\/wp-content\/uploads\/2025\/10\/Z15B-RY-4-1-800x800.webp 800w, https:\/\/mountlaser.com\/wp-content\/uploads\/2025\/10\/Z15B-RY-4-1-600x600.webp 600w, https:\/\/mountlaser.com\/wp-content\/uploads\/2025\/10\/Z15B-RY-4-1-150x150.webp 150w, https:\/\/mountlaser.com\/wp-content\/uploads\/2025\/10\/Z15B-RY-4-1-768x768.webp 768w, https:\/\/mountlaser.com\/wp-content\/uploads\/2025\/10\/Z15B-RY-4-1-12x12.webp 12w, https:\/\/mountlaser.com\/wp-content\/uploads\/2025\/10\/Z15B-RY-4-1.webp 1000w\" sizes=\"(max-width: 500px) 100vw, 500px\" \/><\/p>\n<p>Para satisfacer mejor las necesidades organizativas de su equipo, el conjunto de prismas Z15B est\u00e1 disponible en cuatro modelos con c\u00f3digos de color distintos para una identificaci\u00f3n visual instant\u00e1nea: el conjunto de prismas Z15B-YY (amarillo), el conjunto de prismas Z15B-YW (amarillo-blanco), el conjunto de prismas Z15B-RW (rojo-blanco) y el conjunto de prismas Z15B-RY (rojo-amarillo). Esta variedad de colores supera a nuestra popular serie C15B, ofreciendo una flexibilidad a\u00fan mayor. Cada uno <a href=\"https:\/\/mountlaser.com\/es\/products\/\"><strong>Conjunto de prismas de calidad<\/strong> <\/a>Viene completo con una bolsa de transporte protectora, lo que garantiza un transporte y almacenamiento c\u00f3modos.<\/p>","protected":false},"excerpt":{"rendered":"<ul>\n<li>Soporte de alta precisi\u00f3n: admite un prisma de 64 mm con precisi\u00f3n seleccionable de 3-4\/5-8 segundos.<\/li>\n<li>Compatibilidad universal: el adaptador hembra de 5\/8\u2033-11 incorporado se adapta a todos los postes y accesorios de topograf\u00eda est\u00e1ndar.<\/li>\n<li>Flexibilidad operativa: ofrece una opci\u00f3n entre un desplazamiento de 0 mm o -30 mm y un eje de inclinaci\u00f3n de 100 mm para una configuraci\u00f3n vers\u00e1til.<\/li>\n<\/ul>","protected":false},"featured_media":2582,"comment_status":"open","ping_status":"closed","template":"","meta":[],"product_brand":[],"product_cat":[72,103],"product_tag":[],"class_list":{"0":"post-2581","1":"product","2":"type-product","3":"status-publish","4":"has-post-thumbnail","6":"product_cat-reflective-target-prism","7":"product_cat-prism-assembly","9":"first","10":"instock","11":"shipping-taxable","12":"product-type-simple"},"_links":{"self":[{"href":"https:\/\/mountlaser.com\/es\/wp-json\/wp\/v2\/product\/2581","targetHints":{"allow":["GET"]}}],"collection":[{"href":"https:\/\/mountlaser.com\/es\/wp-json\/wp\/v2\/product"}],"about":[{"href":"https:\/\/mountlaser.com\/es\/wp-json\/wp\/v2\/types\/product"}],"replies":[{"embeddable":true,"href":"https:\/\/mountlaser.com\/es\/wp-json\/wp\/v2\/comments?post=2581"}],"wp:featuredmedia":[{"embeddable":true,"href":"https:\/\/mountlaser.com\/es\/wp-json\/wp\/v2\/media\/2582"}],"wp:attachment":[{"href":"https:\/\/mountlaser.com\/es\/wp-json\/wp\/v2\/media?parent=2581"}],"wp:term":[{"taxonomy":"product_brand","embeddable":true,"href":"https:\/\/mountlaser.com\/es\/wp-json\/wp\/v2\/product_brand?post=2581"},{"taxonomy":"product_cat","embeddable":true,"href":"https:\/\/mountlaser.com\/es\/wp-json\/wp\/v2\/product_cat?post=2581"},{"taxonomy":"product_tag","embeddable":true,"href":"https:\/\/mountlaser.com\/es\/wp-json\/wp\/v2\/product_tag?post=2581"}],"curies":[{"name":"wp","href":"https:\/\/api.w.org\/{rel}","templated":true}]}}