{"id":2573,"date":"2025-10-13T05:57:19","date_gmt":"2025-10-13T05:57:19","guid":{"rendered":"https:\/\/mountlaser.com\/?post_type=product&#038;p=2573"},"modified":"2025-11-28T07:05:04","modified_gmt":"2025-11-28T07:05:04","slug":"c15b-prism-assembly","status":"publish","type":"product","link":"https:\/\/mountlaser.com\/es\/producto\/c15b-prism-assembly\/","title":{"rendered":"Conjunto de prisma C15B"},"content":{"rendered":"<p>El <a href=\"https:\/\/mountlaser.com\/es\/products\/\"><strong>Conjunto de prisma C15B<\/strong><\/a> Es un soporte para prismas de estilo japon\u00e9s de alta precisi\u00f3n, dise\u00f1ado para top\u00f3grafos que exigen fiabilidad y precisi\u00f3n. Dise\u00f1ado para un prisma de 64 mm con opciones de precisi\u00f3n de 3-4 o 5-8 segundos, este conjunto garantiza que sus mediciones cumplan con los est\u00e1ndares m\u00e1s rigurosos. Incluye un adaptador hembra de aluminio de 5\/8\u2033-11, compatible con cualquier tr\u00edpode o bast\u00f3n de prisma est\u00e1ndar.<\/p>\n<p><img fetchpriority=\"high\" decoding=\"async\" class=\"aligncenter wp-image-2575\" src=\"https:\/\/mountlaser.com\/wp-content\/uploads\/2025\/10\/C15B-RR-2.webp\" alt=\"C15B Prism Assembly\" width=\"500\" height=\"500\" srcset=\"https:\/\/mountlaser.com\/wp-content\/uploads\/2025\/10\/C15B-RR-2.webp 1000w, https:\/\/mountlaser.com\/wp-content\/uploads\/2025\/10\/C15B-RR-2-300x300.webp 300w, https:\/\/mountlaser.com\/wp-content\/uploads\/2025\/10\/C15B-RR-2-400x400.webp 400w, https:\/\/mountlaser.com\/wp-content\/uploads\/2025\/10\/C15B-RR-2-800x800.webp 800w, https:\/\/mountlaser.com\/wp-content\/uploads\/2025\/10\/C15B-RR-2-600x600.webp 600w, https:\/\/mountlaser.com\/wp-content\/uploads\/2025\/10\/C15B-RR-2-150x150.webp 150w, https:\/\/mountlaser.com\/wp-content\/uploads\/2025\/10\/C15B-RR-2-768x768.webp 768w, https:\/\/mountlaser.com\/wp-content\/uploads\/2025\/10\/C15B-RR-2-12x12.webp 12w\" sizes=\"(max-width: 500px) 100vw, 500px\" \/><\/p>\n<p>Para adaptarse a sus requisitos espec\u00edficos de campo, el conjunto de prisma C15B ofrece opciones de desplazamiento de 0 mm y -30 mm, con una altura constante del eje de inclinaci\u00f3n de 100 mm para configuraciones estables. Ofrecemos este vers\u00e1til modelo en dos variantes con c\u00f3digos de color distintos para facilitar su identificaci\u00f3n y la coordinaci\u00f3n del equipo: el conjunto de prisma C15B-RR y el conjunto de prisma C15B-YY. Tanto si elige el conjunto de prisma C15B-RR como el <a href=\"https:\/\/mountlaser.com\/es\/contact-us\/\"><strong>Conjunto de prisma C15B-YY<\/strong><\/a>, Recibir\u00e1 la misma construcci\u00f3n robusta, ingenier\u00eda de precisi\u00f3n y embalaje conveniente que incluye una caja protectora para transporte y almacenamiento.<\/p>\n<p><img decoding=\"async\" class=\"wp-image-2579 aligncenter\" src=\"https:\/\/mountlaser.com\/wp-content\/uploads\/2025\/10\/C15-YY-2.webp\" alt=\"C15B-YY Prism Assembly\" width=\"500\" height=\"500\" srcset=\"https:\/\/mountlaser.com\/wp-content\/uploads\/2025\/10\/C15-YY-2.webp 1000w, https:\/\/mountlaser.com\/wp-content\/uploads\/2025\/10\/C15-YY-2-300x300.webp 300w, https:\/\/mountlaser.com\/wp-content\/uploads\/2025\/10\/C15-YY-2-400x400.webp 400w, https:\/\/mountlaser.com\/wp-content\/uploads\/2025\/10\/C15-YY-2-800x800.webp 800w, https:\/\/mountlaser.com\/wp-content\/uploads\/2025\/10\/C15-YY-2-600x600.webp 600w, https:\/\/mountlaser.com\/wp-content\/uploads\/2025\/10\/C15-YY-2-150x150.webp 150w, https:\/\/mountlaser.com\/wp-content\/uploads\/2025\/10\/C15-YY-2-768x768.webp 768w, https:\/\/mountlaser.com\/wp-content\/uploads\/2025\/10\/C15-YY-2-12x12.webp 12w\" sizes=\"(max-width: 500px) 100vw, 500px\" \/><\/p>","protected":false},"excerpt":{"rendered":"<ul>\n<li>Eje de inclinaci\u00f3n estable: cuenta con una altura de eje de inclinaci\u00f3n de 100 mm para una mejor estabilidad durante el funcionamiento.<\/li>\n<li>Modelos codificados por colores: disponibles como C15B-RR y C15B-YY para una f\u00e1cil identificaci\u00f3n del equipo y del proyecto.<\/li>\n<\/ul>","protected":false},"featured_media":2574,"comment_status":"open","ping_status":"closed","template":"","meta":[],"product_brand":[],"product_cat":[72,103],"product_tag":[],"class_list":{"0":"post-2573","1":"product","2":"type-product","3":"status-publish","4":"has-post-thumbnail","6":"product_cat-reflective-target-prism","7":"product_cat-prism-assembly","9":"first","10":"instock","11":"shipping-taxable","12":"product-type-simple"},"_links":{"self":[{"href":"https:\/\/mountlaser.com\/es\/wp-json\/wp\/v2\/product\/2573","targetHints":{"allow":["GET"]}}],"collection":[{"href":"https:\/\/mountlaser.com\/es\/wp-json\/wp\/v2\/product"}],"about":[{"href":"https:\/\/mountlaser.com\/es\/wp-json\/wp\/v2\/types\/product"}],"replies":[{"embeddable":true,"href":"https:\/\/mountlaser.com\/es\/wp-json\/wp\/v2\/comments?post=2573"}],"wp:featuredmedia":[{"embeddable":true,"href":"https:\/\/mountlaser.com\/es\/wp-json\/wp\/v2\/media\/2574"}],"wp:attachment":[{"href":"https:\/\/mountlaser.com\/es\/wp-json\/wp\/v2\/media?parent=2573"}],"wp:term":[{"taxonomy":"product_brand","embeddable":true,"href":"https:\/\/mountlaser.com\/es\/wp-json\/wp\/v2\/product_brand?post=2573"},{"taxonomy":"product_cat","embeddable":true,"href":"https:\/\/mountlaser.com\/es\/wp-json\/wp\/v2\/product_cat?post=2573"},{"taxonomy":"product_tag","embeddable":true,"href":"https:\/\/mountlaser.com\/es\/wp-json\/wp\/v2\/product_tag?post=2573"}],"curies":[{"name":"wp","href":"https:\/\/api.w.org\/{rel}","templated":true}]}}