{"id":2529,"date":"2025-10-09T08:45:48","date_gmt":"2025-10-09T08:45:48","guid":{"rendered":"https:\/\/mountlaser.com\/?post_type=product&#038;p=2529"},"modified":"2025-11-28T07:13:32","modified_gmt":"2025-11-28T07:13:32","slug":"ad-e02-aluminum-adapter","status":"publish","type":"product","link":"https:\/\/mountlaser.com\/es\/producto\/ad-e02-aluminum-adapter\/","title":{"rendered":"Adaptador de aluminio AD-E02"},"content":{"rendered":"<p>Aseg\u00farese de tener una conexi\u00f3n s\u00f3lida con el <a href=\"https:\/\/mountlaser.com\/es\/\"><strong>Adaptador de aluminio AD-E02<\/strong><\/a><\/p>\n<p>El Mount Laser AD-E02 es un l\u00e1ser mecanizado con precisi\u00f3n<a href=\"https:\/\/mountlaser.com\/es\/products\/\"><strong> Adaptador de aluminio de 20 mm de altura<\/strong><\/a> Dise\u00f1ado para proporcionar un enlace de extensi\u00f3n robusto y confiable para su equipo topogr\u00e1fico. Fabricado en aleaci\u00f3n de aluminio de alta resistencia, este adaptador ofrece durabilidad y un perfil ligero para facilitar su uso en campo.<\/p>\n<p><img fetchpriority=\"high\" decoding=\"async\" class=\"aligncenter wp-image-2534\" src=\"https:\/\/mountlaser.com\/wp-content\/uploads\/2025\/10\/AD-E02-6.webp\" alt=\"Height 20mm Aluminum adapter\" width=\"500\" height=\"500\" srcset=\"https:\/\/mountlaser.com\/wp-content\/uploads\/2025\/10\/AD-E02-6.webp 1000w, https:\/\/mountlaser.com\/wp-content\/uploads\/2025\/10\/AD-E02-6-300x300.webp 300w, https:\/\/mountlaser.com\/wp-content\/uploads\/2025\/10\/AD-E02-6-400x400.webp 400w, https:\/\/mountlaser.com\/wp-content\/uploads\/2025\/10\/AD-E02-6-800x800.webp 800w, https:\/\/mountlaser.com\/wp-content\/uploads\/2025\/10\/AD-E02-6-600x600.webp 600w, https:\/\/mountlaser.com\/wp-content\/uploads\/2025\/10\/AD-E02-6-150x150.webp 150w, https:\/\/mountlaser.com\/wp-content\/uploads\/2025\/10\/AD-E02-6-768x768.webp 768w, https:\/\/mountlaser.com\/wp-content\/uploads\/2025\/10\/AD-E02-6-12x12.webp 12w\" sizes=\"(max-width: 500px) 100vw, 500px\" \/><\/p>\n<p>Como un dedicado <a href=\"https:\/\/mountlaser.com\/es\/contact-us\/\">Adaptador de aluminio de 20 mm de altura<\/a>, Cuenta con dos roscas de 5\/8\u2033-11 (una macho y una hembra), lo que lo convierte en la herramienta perfecta para extender la altura de sus prismas o conectar accesorios compatibles. El adaptador de aluminio de 20 mm de altura, compacto y resistente, garantiza la estabilidad y precisi\u00f3n de su instalaci\u00f3n.<\/p>","protected":false},"excerpt":{"rendered":"<ul>\n<li>Se utiliza principalmente para agregar una extensi\u00f3n precisa de 20 mm a los postes de prisma y otros sistemas de montaje.<\/li>\n<li>Cuenta con roscas duales de 5\/8\u2033-11 para una conexi\u00f3n perfecta entre instrumentos y accesorios compatibles.<\/li>\n<\/ul>","protected":false},"featured_media":2531,"comment_status":"open","ping_status":"closed","template":"","meta":[],"product_brand":[],"product_cat":[79,102],"product_tag":[],"class_list":{"0":"post-2529","1":"product","2":"type-product","3":"status-publish","4":"has-post-thumbnail","6":"product_cat-surveying-accessory","7":"product_cat-monitoring-adapter","9":"first","10":"instock","11":"shipping-taxable","12":"product-type-simple"},"_links":{"self":[{"href":"https:\/\/mountlaser.com\/es\/wp-json\/wp\/v2\/product\/2529","targetHints":{"allow":["GET"]}}],"collection":[{"href":"https:\/\/mountlaser.com\/es\/wp-json\/wp\/v2\/product"}],"about":[{"href":"https:\/\/mountlaser.com\/es\/wp-json\/wp\/v2\/types\/product"}],"replies":[{"embeddable":true,"href":"https:\/\/mountlaser.com\/es\/wp-json\/wp\/v2\/comments?post=2529"}],"wp:featuredmedia":[{"embeddable":true,"href":"https:\/\/mountlaser.com\/es\/wp-json\/wp\/v2\/media\/2531"}],"wp:attachment":[{"href":"https:\/\/mountlaser.com\/es\/wp-json\/wp\/v2\/media?parent=2529"}],"wp:term":[{"taxonomy":"product_brand","embeddable":true,"href":"https:\/\/mountlaser.com\/es\/wp-json\/wp\/v2\/product_brand?post=2529"},{"taxonomy":"product_cat","embeddable":true,"href":"https:\/\/mountlaser.com\/es\/wp-json\/wp\/v2\/product_cat?post=2529"},{"taxonomy":"product_tag","embeddable":true,"href":"https:\/\/mountlaser.com\/es\/wp-json\/wp\/v2\/product_tag?post=2529"}],"curies":[{"name":"wp","href":"https:\/\/api.w.org\/{rel}","templated":true}]}}