{"id":2466,"date":"2025-09-30T08:36:09","date_gmt":"2025-09-30T08:36:09","guid":{"rendered":"https:\/\/mountlaser.com\/?post_type=product&#038;p=2466"},"modified":"2025-11-28T08:02:02","modified_gmt":"2025-11-28T08:02:02","slug":"ad-l07-copper-adapter","status":"publish","type":"product","link":"https:\/\/mountlaser.com\/es\/producto\/ad-l07-copper-adapter\/","title":{"rendered":"Adaptador de cobre AD-L07"},"content":{"rendered":"<p>Experimente un rendimiento y una durabilidad superiores con Mount Laser <a href=\"https:\/\/mountlaser.com\/es\/\"><strong>Adaptador de cobre AD-L07<\/strong><\/a>. Dise\u00f1ado con precisi\u00f3n para top\u00f3grafos que exigen lo mejor, este adaptador combina la excelente resistencia al desgaste y las propiedades de lubricaci\u00f3n natural del cobre con una rosca universal M8 y un dise\u00f1o de estilo suizo. El adaptador de cobre AD-L07 garantiza una conexi\u00f3n segura y antiadherente que resiste el uso diario riguroso, protegiendo sus valiosos instrumentos del desgaste por rozamiento y da\u00f1os en las roscas.<\/p>\n<p>Ideal para tareas de topograf\u00eda de alta precisi\u00f3n, la construcci\u00f3n robusta de este<a href=\"https:\/\/mountlaser.com\/es\/about-us\/\"><strong> AD-L07<\/strong> <\/a>El adaptador de cobre garantiza fiabilidad a largo plazo y un rendimiento constante en campo. Al reducir la fricci\u00f3n y el desgaste tanto del adaptador como del instrumento, prolonga la vida \u00fatil de su equipo y minimiza el tiempo de inactividad. Elija el AD-L07 para disfrutar de una combinaci\u00f3n inigualable de calidad, funcionalidad y protecci\u00f3n.<\/p>\n<p><img fetchpriority=\"high\" decoding=\"async\" class=\"aligncenter wp-image-2469\" src=\"https:\/\/mountlaser.com\/wp-content\/uploads\/2025\/09\/AD-L07-6.webp\" alt=\"AD-L07 Copper Adapter \" width=\"500\" height=\"500\" srcset=\"https:\/\/mountlaser.com\/wp-content\/uploads\/2025\/09\/AD-L07-6.webp 1000w, https:\/\/mountlaser.com\/wp-content\/uploads\/2025\/09\/AD-L07-6-300x300.webp 300w, https:\/\/mountlaser.com\/wp-content\/uploads\/2025\/09\/AD-L07-6-400x400.webp 400w, https:\/\/mountlaser.com\/wp-content\/uploads\/2025\/09\/AD-L07-6-800x800.webp 800w, https:\/\/mountlaser.com\/wp-content\/uploads\/2025\/09\/AD-L07-6-600x600.webp 600w, https:\/\/mountlaser.com\/wp-content\/uploads\/2025\/09\/AD-L07-6-150x150.webp 150w, https:\/\/mountlaser.com\/wp-content\/uploads\/2025\/09\/AD-L07-6-768x768.webp 768w, https:\/\/mountlaser.com\/wp-content\/uploads\/2025\/09\/AD-L07-6-12x12.webp 12w\" sizes=\"(max-width: 500px) 100vw, 500px\" \/><\/p>\n<p><strong>\u00daselo con el adaptador de cobre AD-L07<\/strong><\/p>\n<p><img decoding=\"async\" class=\"aligncenter wp-image-2220 size-full\" src=\"https:\/\/mountlaser.com\/wp-content\/uploads\/2025\/09\/1-5.webp\" alt=\"\" width=\"614\" height=\"759\" srcset=\"https:\/\/mountlaser.com\/wp-content\/uploads\/2025\/09\/1-5.webp 614w, https:\/\/mountlaser.com\/wp-content\/uploads\/2025\/09\/1-5-600x742.webp 600w, https:\/\/mountlaser.com\/wp-content\/uploads\/2025\/09\/1-5-243x300.webp 243w, https:\/\/mountlaser.com\/wp-content\/uploads\/2025\/09\/1-5-10x12.webp 10w\" sizes=\"(max-width: 614px) 100vw, 614px\" \/><\/p>","protected":false},"excerpt":{"rendered":"<ul>\n<li>Construcci\u00f3n de cobre de primera calidad: ofrece excelente resistencia al desgaste, lubricaci\u00f3n natural y propiedades antiadherentes.<\/li>\n<li>Rosca de precisi\u00f3n M8: garantiza una conexi\u00f3n universal, segura y precisa con sus instrumentos topogr\u00e1ficos.<\/li>\n<li>Dise\u00f1o de estilo suizo: garantiza altos est\u00e1ndares de fabricaci\u00f3n para una compatibilidad perfecta y un rendimiento confiable.<\/li>\n<\/ul>","protected":false},"featured_media":2467,"comment_status":"open","ping_status":"closed","template":"","meta":[],"product_brand":[],"product_cat":[79,102],"product_tag":[],"class_list":{"0":"post-2466","1":"product","2":"type-product","3":"status-publish","4":"has-post-thumbnail","6":"product_cat-surveying-accessory","7":"product_cat-monitoring-adapter","9":"first","10":"instock","11":"shipping-taxable","12":"product-type-simple"},"_links":{"self":[{"href":"https:\/\/mountlaser.com\/es\/wp-json\/wp\/v2\/product\/2466","targetHints":{"allow":["GET"]}}],"collection":[{"href":"https:\/\/mountlaser.com\/es\/wp-json\/wp\/v2\/product"}],"about":[{"href":"https:\/\/mountlaser.com\/es\/wp-json\/wp\/v2\/types\/product"}],"replies":[{"embeddable":true,"href":"https:\/\/mountlaser.com\/es\/wp-json\/wp\/v2\/comments?post=2466"}],"wp:featuredmedia":[{"embeddable":true,"href":"https:\/\/mountlaser.com\/es\/wp-json\/wp\/v2\/media\/2467"}],"wp:attachment":[{"href":"https:\/\/mountlaser.com\/es\/wp-json\/wp\/v2\/media?parent=2466"}],"wp:term":[{"taxonomy":"product_brand","embeddable":true,"href":"https:\/\/mountlaser.com\/es\/wp-json\/wp\/v2\/product_brand?post=2466"},{"taxonomy":"product_cat","embeddable":true,"href":"https:\/\/mountlaser.com\/es\/wp-json\/wp\/v2\/product_cat?post=2466"},{"taxonomy":"product_tag","embeddable":true,"href":"https:\/\/mountlaser.com\/es\/wp-json\/wp\/v2\/product_tag?post=2466"}],"curies":[{"name":"wp","href":"https:\/\/api.w.org\/{rel}","templated":true}]}}