{"id":2250,"date":"2025-09-26T09:25:24","date_gmt":"2025-09-26T09:25:24","guid":{"rendered":"https:\/\/mountlaser.com\/?post_type=product&#038;p=2250"},"modified":"2025-11-28T08:50:32","modified_gmt":"2025-11-28T08:50:32","slug":"bc02-23-galvanised-steel-beam-clamp","status":"publish","type":"product","link":"https:\/\/mountlaser.com\/es\/producto\/bc02-23-galvanised-steel-beam-clamp\/","title":{"rendered":"Abrazadera para vigas de acero galvanizado BC02-23"},"content":{"rendered":"<p>Montaje vers\u00e1til y robusto con la abrazadera de viga universal BC02-23<\/p>\n<p>El <a href=\"https:\/\/mountlaser.com\/es\/\"><strong>Abrazadera para vigas de acero galvanizado BC02-23<\/strong><\/a> Es una herramienta esencial para top\u00f3grafos e ingenieros que necesitan una soluci\u00f3n de montaje segura y ajustable en vigas de acero estructural. Este producto es un excelente ejemplo de los pr\u00e1cticos tama\u00f1os de abrazaderas para vigas de acero galvanizado disponibles, dise\u00f1adas espec\u00edficamente para vigas con un ancho de ala de 0 a 23 mm. Su dise\u00f1o innovador la convierte en una abrazadera para vigas verdaderamente universal, ofreciendo una versatilidad excepcional en diversas obras.<\/p>\n<p>Funcionando como un sistema altamente adaptable <a href=\"https:\/\/mountlaser.com\/es\/products\/\"><strong>Abrazadera de viga universal<\/strong><\/a>, El BC02-23 se instala r\u00e1pidamente sin necesidad de taladrar ni soldar, preservando as\u00ed la integridad de la viga. Cuenta con un orificio roscado M8 est\u00e1ndar, lo que facilita la instalaci\u00f3n de diversos accesorios topogr\u00e1ficos como prismas, antenas o sensores.<\/p>\n<p>&nbsp;<\/p>\n<p><img fetchpriority=\"high\" decoding=\"async\" class=\"wp-image-2252 aligncenter\" src=\"https:\/\/mountlaser.com\/wp-content\/uploads\/2025\/09\/IMG_6836_\u526f\u672c.webp\" alt=\"Universal Beam Clamp\" width=\"500\" height=\"500\" srcset=\"https:\/\/mountlaser.com\/wp-content\/uploads\/2025\/09\/IMG_6836_\u526f\u672c.webp 800w, https:\/\/mountlaser.com\/wp-content\/uploads\/2025\/09\/IMG_6836_\u526f\u672c-300x300.webp 300w, https:\/\/mountlaser.com\/wp-content\/uploads\/2025\/09\/IMG_6836_\u526f\u672c-400x400.webp 400w, https:\/\/mountlaser.com\/wp-content\/uploads\/2025\/09\/IMG_6836_\u526f\u672c-600x600.webp 600w, https:\/\/mountlaser.com\/wp-content\/uploads\/2025\/09\/IMG_6836_\u526f\u672c-150x150.webp 150w, https:\/\/mountlaser.com\/wp-content\/uploads\/2025\/09\/IMG_6836_\u526f\u672c-768x768.webp 768w, https:\/\/mountlaser.com\/wp-content\/uploads\/2025\/09\/IMG_6836_\u526f\u672c-12x12.webp 12w\" sizes=\"(max-width: 500px) 100vw, 500px\" \/><\/p>\n<p>La abrazadera est\u00e1 fabricada en acero de alta resistencia y recubierta con un revestimiento galvanizado en caliente, lo que proporciona una resistencia superior a la oxidaci\u00f3n y la corrosi\u00f3n, fundamental para aplicaciones industriales o exteriores de larga duraci\u00f3n. Al elegir entre diferentes tama\u00f1os de abrazaderas para vigas de acero galvanizado, <a href=\"https:\/\/mountlaser.com\/es\/contact-us\/\">BC02-23<\/a> Es la opci\u00f3n ideal para aplicaciones de trabajo liviano a mediano en vigas de tama\u00f1o est\u00e1ndar.<\/p>\n<p><strong>\u00daselo con la abrazadera de viga de acero galvanizado BC02-23<\/strong><\/p>\n<p><img decoding=\"async\" class=\"wp-image-2220 size-full aligncenter\" src=\"https:\/\/mountlaser.com\/wp-content\/uploads\/2025\/09\/1-5.webp\" alt=\"\" width=\"614\" height=\"759\" srcset=\"https:\/\/mountlaser.com\/wp-content\/uploads\/2025\/09\/1-5.webp 614w, https:\/\/mountlaser.com\/wp-content\/uploads\/2025\/09\/1-5-600x742.webp 600w, https:\/\/mountlaser.com\/wp-content\/uploads\/2025\/09\/1-5-243x300.webp 243w, https:\/\/mountlaser.com\/wp-content\/uploads\/2025\/09\/1-5-10x12.webp 10w\" sizes=\"(max-width: 614px) 100vw, 614px\" \/><\/p>","protected":false},"excerpt":{"rendered":"<ul>\n<li>Montaje universal: proporciona un punto de montaje seguro y no invasivo en vigas de acero con anchos de brida de hasta 23 mm.<\/li>\n<li>Compatibilidad de rosca M8: la rosca M8 integrada ofrece una conexi\u00f3n estandarizada para una amplia gama de instrumentos y accesorios de topograf\u00eda.<\/li>\n<\/ul>","protected":false},"featured_media":2251,"comment_status":"open","ping_status":"closed","template":"","meta":[],"product_brand":[],"product_cat":[79,102],"product_tag":[],"class_list":{"0":"post-2250","1":"product","2":"type-product","3":"status-publish","4":"has-post-thumbnail","6":"product_cat-surveying-accessory","7":"product_cat-monitoring-adapter","9":"first","10":"instock","11":"shipping-taxable","12":"product-type-simple"},"_links":{"self":[{"href":"https:\/\/mountlaser.com\/es\/wp-json\/wp\/v2\/product\/2250","targetHints":{"allow":["GET"]}}],"collection":[{"href":"https:\/\/mountlaser.com\/es\/wp-json\/wp\/v2\/product"}],"about":[{"href":"https:\/\/mountlaser.com\/es\/wp-json\/wp\/v2\/types\/product"}],"replies":[{"embeddable":true,"href":"https:\/\/mountlaser.com\/es\/wp-json\/wp\/v2\/comments?post=2250"}],"wp:featuredmedia":[{"embeddable":true,"href":"https:\/\/mountlaser.com\/es\/wp-json\/wp\/v2\/media\/2251"}],"wp:attachment":[{"href":"https:\/\/mountlaser.com\/es\/wp-json\/wp\/v2\/media?parent=2250"}],"wp:term":[{"taxonomy":"product_brand","embeddable":true,"href":"https:\/\/mountlaser.com\/es\/wp-json\/wp\/v2\/product_brand?post=2250"},{"taxonomy":"product_cat","embeddable":true,"href":"https:\/\/mountlaser.com\/es\/wp-json\/wp\/v2\/product_cat?post=2250"},{"taxonomy":"product_tag","embeddable":true,"href":"https:\/\/mountlaser.com\/es\/wp-json\/wp\/v2\/product_tag?post=2250"}],"curies":[{"name":"wp","href":"https:\/\/api.w.org\/{rel}","templated":true}]}}