{"id":2237,"date":"2025-09-26T08:59:09","date_gmt":"2025-09-26T08:59:09","guid":{"rendered":"https:\/\/mountlaser.com\/?post_type=product&#038;p=2237"},"modified":"2025-12-01T01:19:55","modified_gmt":"2025-12-01T01:19:55","slug":"mpa03-mini-prism-adapter","status":"publish","type":"product","link":"https:\/\/mountlaser.com\/es\/producto\/mpa03-mini-prism-adapter\/","title":{"rendered":"Adaptador de mini prisma MPA03"},"content":{"rendered":"<p>Fijaci\u00f3n segura de punta M8 con el MPA03<strong> <a href=\"https:\/\/mountlaser.com\/es\/categoria-producto\/surveying-accessory\/\">Adaptador de nailon con rosca M8<\/a><\/strong><\/p>\n<p>El <a href=\"https:\/\/mountlaser.com\/es\/\"><strong>Adaptador de mini prisma MPA03<\/strong><\/a> Es una soluci\u00f3n especializada dise\u00f1ada para aplicaciones que requieren una conexi\u00f3n roscada M8 segura. Este pr\u00e1ctico adaptador de nailon con rosca M8 est\u00e1 dise\u00f1ado para conectar miniprismas con espigas suizas a equipos con un punto de montaje M8 est\u00e1ndar, garantizando una configuraci\u00f3n vers\u00e1til y firme.<\/p>\n<p><img fetchpriority=\"high\" decoding=\"async\" class=\"wp-image-2240 aligncenter\" src=\"https:\/\/mountlaser.com\/wp-content\/uploads\/2025\/09\/10-6.webp\" alt=\"Nylon Adapter with M8 thread\" width=\"500\" height=\"500\" srcset=\"https:\/\/mountlaser.com\/wp-content\/uploads\/2025\/09\/10-6.webp 1000w, https:\/\/mountlaser.com\/wp-content\/uploads\/2025\/09\/10-6-300x300.webp 300w, https:\/\/mountlaser.com\/wp-content\/uploads\/2025\/09\/10-6-400x400.webp 400w, https:\/\/mountlaser.com\/wp-content\/uploads\/2025\/09\/10-6-800x800.webp 800w, https:\/\/mountlaser.com\/wp-content\/uploads\/2025\/09\/10-6-600x600.webp 600w, https:\/\/mountlaser.com\/wp-content\/uploads\/2025\/09\/10-6-150x150.webp 150w, https:\/\/mountlaser.com\/wp-content\/uploads\/2025\/09\/10-6-768x768.webp 768w, https:\/\/mountlaser.com\/wp-content\/uploads\/2025\/09\/10-6-12x12.webp 12w\" sizes=\"(max-width: 500px) 100vw, 500px\" \/><\/p>\n<p>Un diferenciador clave de este adaptador es su mecanismo de fijaci\u00f3n integrado. <a href=\"https:\/\/mountlaser.com\/es\/contact-us\/\">Adaptador de nailon MPA03 con rosca M8<\/a> Incluye un tornillo autorroscante puntiagudo que permite una fijaci\u00f3n firme y estable a orificios M8 compatibles, evitando que se afloje con el tiempo. Fabricado en nailon resistente, este adaptador soporta condiciones de campo dif\u00edciles y proporciona un excelente aislamiento el\u00e9ctrico. Para facilitar su identificaci\u00f3n, est\u00e1 disponible en dos versiones con c\u00f3digo de color: MPA03YS (amarillo) y MPA03WS (blanco).<\/p>\n<p><strong>\u00daselo con el adaptador de nailon con rosca M8<\/strong><\/p>\n<p><img decoding=\"async\" class=\"wp-image-2220 size-full aligncenter\" src=\"https:\/\/mountlaser.com\/wp-content\/uploads\/2025\/09\/1-5.webp\" alt=\"Nylon Adapter with M8 thread\" width=\"614\" height=\"759\" srcset=\"https:\/\/mountlaser.com\/wp-content\/uploads\/2025\/09\/1-5.webp 614w, https:\/\/mountlaser.com\/wp-content\/uploads\/2025\/09\/1-5-600x742.webp 600w, https:\/\/mountlaser.com\/wp-content\/uploads\/2025\/09\/1-5-243x300.webp 243w, https:\/\/mountlaser.com\/wp-content\/uploads\/2025\/09\/1-5-10x12.webp 10w\" sizes=\"(max-width: 614px) 100vw, 614px\" \/><\/p>","protected":false},"excerpt":{"rendered":"<ul>\n<li>Conexi\u00f3n roscada M8: proporciona una interfaz segura para montar un mini prisma en cualquier punto roscado M8 est\u00e1ndar, ampliando la compatibilidad.<\/li>\n<li>Tornillo autorroscante integrado: el tornillo autorroscante puntiagudo M8 garantiza un agarre firme y resistente a las vibraciones, lo que mejora la estabilidad durante las mediciones.<\/li>\n<li>Durable y liviano: la construcci\u00f3n de nailon ofrece un equilibrio perfecto entre resistencia, durabilidad y peso ligero, resistente a la corrosi\u00f3n y al impacto.<\/li>\n<\/ul>","protected":false},"featured_media":2241,"comment_status":"open","ping_status":"closed","template":"","meta":[],"product_brand":[],"product_cat":[79,102],"product_tag":[],"class_list":{"0":"post-2237","1":"product","2":"type-product","3":"status-publish","4":"has-post-thumbnail","6":"product_cat-surveying-accessory","7":"product_cat-monitoring-adapter","9":"first","10":"instock","11":"shipping-taxable","12":"product-type-simple"},"_links":{"self":[{"href":"https:\/\/mountlaser.com\/es\/wp-json\/wp\/v2\/product\/2237","targetHints":{"allow":["GET"]}}],"collection":[{"href":"https:\/\/mountlaser.com\/es\/wp-json\/wp\/v2\/product"}],"about":[{"href":"https:\/\/mountlaser.com\/es\/wp-json\/wp\/v2\/types\/product"}],"replies":[{"embeddable":true,"href":"https:\/\/mountlaser.com\/es\/wp-json\/wp\/v2\/comments?post=2237"}],"wp:featuredmedia":[{"embeddable":true,"href":"https:\/\/mountlaser.com\/es\/wp-json\/wp\/v2\/media\/2241"}],"wp:attachment":[{"href":"https:\/\/mountlaser.com\/es\/wp-json\/wp\/v2\/media?parent=2237"}],"wp:term":[{"taxonomy":"product_brand","embeddable":true,"href":"https:\/\/mountlaser.com\/es\/wp-json\/wp\/v2\/product_brand?post=2237"},{"taxonomy":"product_cat","embeddable":true,"href":"https:\/\/mountlaser.com\/es\/wp-json\/wp\/v2\/product_cat?post=2237"},{"taxonomy":"product_tag","embeddable":true,"href":"https:\/\/mountlaser.com\/es\/wp-json\/wp\/v2\/product_tag?post=2237"}],"curies":[{"name":"wp","href":"https:\/\/api.w.org\/{rel}","templated":true}]}}