{"id":1596,"date":"2024-12-06T08:59:37","date_gmt":"2024-12-06T08:59:37","guid":{"rendered":"https:\/\/startersites.io\/elementor\/pottery\/?page_id=3"},"modified":"2025-12-30T09:05:34","modified_gmt":"2025-12-30T09:05:34","slug":"privacy-policy","status":"publish","type":"page","link":"https:\/\/mountlaser.com\/es\/privacy-policy\/","title":{"rendered":"pol\u00edtica de privacidad"},"content":{"rendered":"<h2 class=\"wp-block-heading\">pol\u00edtica de privacidad<\/h2>\n\n\n\n<p>Mount Laser opera esta tienda y sitio web, incluida toda la informaci\u00f3n, el contenido, las caracter\u00edsticas, las herramientas, los productos y los servicios relacionados, con el fin de brindarle a usted, el cliente, una experiencia de compra curada (los &quot;Servicios&quot;).<\/p>\n\n\n\n<p>Esta Pol\u00edtica de Privacidad describe c\u00f3mo recopilamos, usamos y divulgamos su informaci\u00f3n personal cuando visita, usa o realiza una compra u otra transacci\u00f3n a trav\u00e9s de los Servicios o se comunica con nosotros de cualquier otra forma. En caso de conflicto entre nuestros T\u00e9rminos de Servicio y esta Pol\u00edtica de Privacidad, esta Pol\u00edtica de Privacidad prevalecer\u00e1 respecto a la recopilaci\u00f3n, el procesamiento y la divulgaci\u00f3n de su informaci\u00f3n personal.<\/p>\n\n\n\n<p>Lea atentamente esta Pol\u00edtica de Privacidad. Al usar y acceder a cualquiera de los Servicios, usted reconoce haber le\u00eddo esta Pol\u00edtica de Privacidad y comprender la recopilaci\u00f3n, el uso y la divulgaci\u00f3n de su informaci\u00f3n, tal como se describe en ella.<\/p>\n\n\n\n<h2 class=\"wp-block-heading\"><strong>Informaci\u00f3n personal que recopilamos o procesamos<\/strong><strong><\/strong><\/h2>\n\n\n\n<p>Cuando utilizamos el t\u00e9rmino &quot;informaci\u00f3n personal&quot;, nos referimos a la informaci\u00f3n que le identifica o que puede vincularse razonablemente con usted o con otra persona. La informaci\u00f3n personal no incluye la informaci\u00f3n recopilada de forma an\u00f3nima ni la que ha sido desidentificada, de modo que no pueda identificarle ni vincularse razonablemente con usted. Podemos recopilar o procesar las siguientes categor\u00edas de informaci\u00f3n personal, incluyendo las inferencias extra\u00eddas de esta informaci\u00f3n personal, dependiendo de c\u00f3mo interact\u00fae con los Servicios, su lugar de residencia y seg\u00fan lo permita o exija la legislaci\u00f3n aplicable:<\/p>\n\n\n\n<ul class=\"wp-block-list\">\n<li><strong>Datos de contacto<\/strong>&nbsp;incluyendo su nombre, direcci\u00f3n, direcci\u00f3n de facturaci\u00f3n, direcci\u00f3n de env\u00edo, n\u00famero de tel\u00e9fono y direcci\u00f3n de correo electr\u00f3nico.<\/li>\n\n\n\n<li><strong>Informaci\u00f3n financiera<\/strong>&nbsp;incluidos n\u00fameros de tarjetas de cr\u00e9dito, tarjetas de d\u00e9bito y cuentas financieras, informaci\u00f3n de tarjetas de pago, informaci\u00f3n de cuentas financieras, detalles de transacciones, forma de pago, confirmaci\u00f3n de pago y otros detalles de pago.<\/li>\n\n\n\n<li><strong>Informaci\u00f3n de la cuenta<\/strong>&nbsp;incluyendo su nombre de usuario, contrase\u00f1a, preguntas de seguridad, preferencias y configuraciones.<\/li>\n\n\n\n<li><strong>Informaci\u00f3n de la transacci\u00f3n<\/strong>&nbsp;incluidos los art\u00edculos que ve, pone en su carrito, agrega a su lista de deseos o compra, devuelve, cambia o cancela y sus transacciones pasadas.<\/li>\n\n\n\n<li><strong>Comunicaciones con nosotros<\/strong>&nbsp;incluida la informaci\u00f3n que usted incluye en las comunicaciones con nosotros, por ejemplo, cuando env\u00eda una consulta de atenci\u00f3n al cliente.<\/li>\n\n\n\n<li><strong>Informaci\u00f3n del dispositivo<\/strong>&nbsp;incluyendo informaci\u00f3n sobre su dispositivo, navegador o conexi\u00f3n de red, su direcci\u00f3n IP y otros identificadores \u00fanicos.<\/li>\n\n\n\n<li><strong>Informaci\u00f3n de uso<\/strong>&nbsp;incluida informaci\u00f3n sobre su interacci\u00f3n con los Servicios, incluido c\u00f3mo y cu\u00e1ndo interact\u00faa con ellos o navega por ellos.<\/li>\n<\/ul>\n\n\n\n<h2 class=\"wp-block-heading\"><strong>Fuentes de informaci\u00f3n personal<\/strong><strong><\/strong><\/h2>\n\n\n\n<p>Podemos recopilar informaci\u00f3n personal de las siguientes fuentes:<\/p>\n\n\n\n<ul class=\"wp-block-list\">\n<li><strong>Directamente de usted<\/strong>&nbsp;incluso cuando crea una cuenta, visita o utiliza los Servicios, se comunica con nosotros o nos proporciona de otro modo su informaci\u00f3n personal;<\/li>\n\n\n\n<li><strong>Autom\u00e1ticamente a trav\u00e9s de los Servicios<\/strong>&nbsp;incluso desde su dispositivo cuando utiliza nuestros productos o servicios o visita nuestros sitios web, y mediante el uso de cookies y tecnolog\u00edas similares;<\/li>\n\n\n\n<li><strong>De nuestros proveedores de servicios<\/strong>&nbsp;incluso cuando los contratamos para habilitar cierta tecnolog\u00eda y cuando recopilan o procesan su informaci\u00f3n personal en nuestro nombre;<\/li>\n\n\n\n<li><strong>De nuestros socios u otros terceros.<\/strong><\/li>\n<\/ul>\n\n\n\n<h2 class=\"wp-block-heading\"><strong>C\u00f3mo usamos su informaci\u00f3n personal<\/strong><strong><\/strong><\/h2>\n\n\n\n<p>Dependiendo de c\u00f3mo interact\u00fae con nosotros o cu\u00e1l de los Servicios utilice, podemos utilizar informaci\u00f3n personal para los siguientes fines:<\/p>\n\n\n\n<ul class=\"wp-block-list\">\n<li><strong>Proporcionar, adaptar y mejorar los servicios.<\/strong>&nbsp;Utilizamos su informaci\u00f3n personal para brindarle los Servicios, incluyendo la ejecuci\u00f3n de nuestro contrato, el procesamiento de sus pagos, la entrega de sus pedidos, el recordatorio de sus preferencias y los art\u00edculos que le interesan, el env\u00edo de notificaciones relacionadas con su cuenta, el procesamiento de compras, devoluciones, cambios u otras transacciones, la creaci\u00f3n, el mantenimiento y la gesti\u00f3n de su cuenta, la gesti\u00f3n de env\u00edos, la facilitaci\u00f3n de devoluciones y cambios, la posibilidad de publicar rese\u00f1as y la creaci\u00f3n de una experiencia de compra personalizada, como la recomendaci\u00f3n de productos relacionados con sus compras. Esto puede incluir el uso de su informaci\u00f3n personal para adaptar y mejorar los Servicios.<\/li>\n\n\n\n<li><strong>Marketing y Publicidad.<\/strong>&nbsp;Utilizamos su informaci\u00f3n personal para fines de marketing y promoci\u00f3n, como para enviar comunicaciones de marketing, publicidad y promoci\u00f3n por correo electr\u00f3nico, mensaje de texto o correo postal, y para mostrarle anuncios en l\u00ednea de productos o servicios en los Servicios u otros sitios web, incluidos los basados en art\u00edculos que haya comprado previamente o agregado a su carrito y otra actividad en los Servicios.<\/li>\n\n\n\n<li><strong>Seguridad y prevenci\u00f3n del fraude.<\/strong>&nbsp;Utilizamos su informaci\u00f3n personal para autenticar su cuenta, ofrecer una experiencia de compra y pago segura, detectar, investigar o tomar medidas ante posibles actividades fraudulentas, ilegales, inseguras o maliciosas, proteger la seguridad p\u00fablica y proteger nuestros servicios. Si decide utilizar los Servicios y registrar una cuenta, es responsable de mantener seguras las credenciales de su cuenta. Le recomendamos encarecidamente que no comparta su nombre de usuario, contrase\u00f1a ni otros datos de acceso con nadie.<\/li>\n\n\n\n<li><strong>Comunicarnos contigo.<\/strong>&nbsp;Utilizamos su informaci\u00f3n personal para brindarle atenci\u00f3n al cliente, responderle, brindarle servicios efectivos y mantener nuestra relaci\u00f3n comercial con usted.<\/li>\n\n\n\n<li><strong>Razones legales.<\/strong>&nbsp;Utilizamos su informaci\u00f3n personal para cumplir con la ley aplicable o responder a un proceso legal v\u00e1lido, incluidas las solicitudes de las autoridades policiales o agencias gubernamentales, para investigar o participar en descubrimientos civiles, litigios potenciales o reales u otros procedimientos legales adversarios, y para hacer cumplir o investigar posibles violaciones de nuestros t\u00e9rminos o pol\u00edticas.<\/li>\n<\/ul>\n\n\n\n<h2 class=\"wp-block-heading\"><strong>C\u00f3mo divulgamos informaci\u00f3n personal<\/strong><strong><\/strong><\/h2>\n\n\n\n<p>En determinadas circunstancias, podr\u00edamos divulgar su informaci\u00f3n personal a terceros con fines leg\u00edtimos, de conformidad con esta Pol\u00edtica de Privacidad. Dichas circunstancias pueden incluir:<\/p>\n\n\n\n<ul class=\"wp-block-list\">\n<li>Con proveedores y otros terceros que prestan servicios en nuestro nombre (por ejemplo, gesti\u00f3n de TI, procesamiento de pagos, an\u00e1lisis de datos, atenci\u00f3n al cliente, almacenamiento en la nube, cumplimiento y env\u00edo).<\/li>\n\n\n\n<li>Con socios comerciales y de marketing para brindarle servicios de marketing y publicidad.<\/li>\n\n\n\n<li>Cuando usted nos indica, nos solicita o de otra manera consiente nuestra divulgaci\u00f3n de cierta informaci\u00f3n a terceros, como para enviarle productos o mediante su uso de widgets de redes sociales o integraciones de inicio de sesi\u00f3n.<\/li>\n\n\n\n<li>Con nuestras filiales o de otro modo dentro de nuestro grupo corporativo.<\/li>\n\n\n\n<li>En relaci\u00f3n con una transacci\u00f3n comercial, como una fusi\u00f3n o quiebra, para cumplir con cualquier obligaci\u00f3n legal aplicable (incluso para responder a citaciones, \u00f3rdenes de allanamiento y solicitudes similares), para hacer cumplir los t\u00e9rminos de servicio o pol\u00edticas aplicables y para proteger o defender los Servicios, nuestros derechos y los derechos de nuestros usuarios u otros.<\/li>\n<\/ul>\n\n\n\n<h2 class=\"wp-block-heading\"><strong>Sitios web y enlaces de terceros<\/strong><strong><\/strong><\/h2>\n\n\n\n<p>Los Servicios pueden proporcionar enlaces a sitios web u otras plataformas en l\u00ednea operadas por terceros. Si sigue enlaces a sitios no afiliados ni controlados por nosotros, debe revisar sus pol\u00edticas de privacidad y seguridad, as\u00ed como otros t\u00e9rminos y condiciones. No garantizamos ni nos responsabilizamos de la privacidad ni de la seguridad de dichos sitios, incluida la exactitud, integridad o fiabilidad de la informaci\u00f3n que contienen. La informaci\u00f3n que proporcione en espacios p\u00fablicos o semip\u00fablicos, incluida la que comparta en redes sociales de terceros, tambi\u00e9n podr\u00e1 ser vista por otros usuarios de los Servicios o por los usuarios de dichas plataformas de terceros, sin limitaci\u00f3n alguna en cuanto a su uso por nuestra parte o por parte de un tercero. La inclusi\u00f3n de dichos enlaces por nuestra parte no implica, por s\u00ed sola, la aprobaci\u00f3n del contenido de dichas plataformas ni de sus propietarios u operadores, salvo que se indique lo contrario en los Servicios.<\/p>\n\n\n\n<h2 class=\"wp-block-heading\"><strong>Datos de los ni\u00f1os<\/strong><strong><\/strong><\/h2>\n\n\n\n<p>Los Servicios no est\u00e1n destinados a ser utilizados por menores de edad, y no recopilamos deliberadamente informaci\u00f3n personal de menores de edad en su jurisdicci\u00f3n. Si usted es padre, madre o tutor de un menor que nos ha proporcionado su informaci\u00f3n personal, puede contactarnos utilizando los datos de contacto que se indican a continuaci\u00f3n para solicitar su eliminaci\u00f3n. A la fecha de entrada en vigor de esta Pol\u00edtica de Privacidad, no tenemos conocimiento real de que &quot;compartamos&quot; o &quot;vendamos&quot; (seg\u00fan la definici\u00f3n de estos t\u00e9rminos en la legislaci\u00f3n aplicable) informaci\u00f3n personal de menores de 16 a\u00f1os.<\/p>\n\n\n\n<h2 class=\"wp-block-heading\"><strong>Seguridad y retenci\u00f3n de su informaci\u00f3n<\/strong><strong><\/strong><\/h2>\n\n\n\n<p>Tenga en cuenta que ninguna medida de seguridad es perfecta ni impenetrable, y no podemos garantizar una seguridad total. Adem\u00e1s, la informaci\u00f3n que nos env\u00ede podr\u00eda no estar segura durante su transporte. Le recomendamos que no utilice canales no seguros para comunicarnos informaci\u00f3n sensible o confidencial.<\/p>\n\n\n\n<p>El tiempo que conservamos su informaci\u00f3n personal depende de diferentes factores, como por ejemplo si necesitamos la informaci\u00f3n para mantener su cuenta, brindarle Servicios, cumplir con obligaciones legales, resolver disputas o hacer cumplir otros contratos y pol\u00edticas aplicables.<\/p>\n\n\n\n<h2 class=\"wp-block-heading\"><strong>Sus derechos y opciones<\/strong><strong><\/strong><\/h2>\n\n\n\n<p>Dependiendo de su lugar de residencia, es posible que tenga algunos o todos los derechos que se enumeran a continuaci\u00f3n en relaci\u00f3n con su informaci\u00f3n personal. Sin embargo, estos derechos no son absolutos, pueden aplicarse solo en determinadas circunstancias y, en ciertos casos, podemos rechazar su solicitud seg\u00fan lo permita la ley.<\/p>\n\n\n\n<ul class=\"wp-block-list\">\n<li><strong>Derecho de acceso\/conocimiento.<\/strong>&nbsp;Es posible que tenga derecho a solicitar acceso a la informaci\u00f3n personal que tenemos sobre usted.<\/li>\n\n\n\n<li><strong>Derecho de supresi\u00f3n.<\/strong>&nbsp;Es posible que tenga derecho a solicitar que eliminemos la informaci\u00f3n personal que mantenemos sobre usted.<\/li>\n\n\n\n<li><strong>Derecho a corregir.<\/strong>&nbsp;Es posible que tenga derecho a solicitar que corrijamos la informaci\u00f3n personal inexacta que mantenemos sobre usted.<\/li>\n\n\n\n<li><strong>Derecho de Portabilidad.<\/strong>&nbsp;Es posible que tenga derecho a recibir una copia de la informaci\u00f3n personal que tenemos sobre usted y a solicitar que la transfiramos a un tercero, en determinadas circunstancias y con ciertas excepciones.<\/li>\n\n\n\n<li><strong>Derecho a optar por no vender o compartir informaci\u00f3n para publicidad dirigida.<\/strong>&nbsp;Dependiendo de d\u00f3nde resida, es posible que tenga derecho a optar por no participar en la \u201cventa\u201d o \u201ccompartir\u201d su informaci\u00f3n personal o a optar por no participar en el procesamiento de su informaci\u00f3n personal para fines considerados como \u201cpublicidad dirigida\u201d, seg\u00fan se define en las leyes de privacidad aplicables.<\/li>\n\n\n\n<li><strong>Administrar preferencias de comunicaci\u00f3n.<\/strong>&nbsp;Es posible que le enviemos correos electr\u00f3nicos promocionales, y puede cancelar su suscripci\u00f3n en cualquier momento utilizando la opci\u00f3n de cancelaci\u00f3n de suscripci\u00f3n que aparece en los correos electr\u00f3nicos que le enviamos. Si cancela su suscripci\u00f3n, podremos seguir envi\u00e1ndole correos electr\u00f3nicos no promocionales, como los relacionados con su cuenta o los pedidos que haya realizado.<\/li>\n<\/ul>\n\n\n\n<p><strong>Si reside en el Reino Unido o en el Espacio Econ\u00f3mico Europeo,<\/strong>&nbsp;y sujeto a las excepciones y limitaciones previstas por la legislaci\u00f3n local, puede ejercer los siguientes derechos adem\u00e1s de los derechos descritos anteriormente:<\/p>\n\n\n\n<ul class=\"wp-block-list\">\n<li><strong>Oposici\u00f3n al tratamiento y restricci\u00f3n del tratamiento:<\/strong>&nbsp;Es posible que tenga derecho a solicitarnos que detengamos o restrinjamos nuestro procesamiento de informaci\u00f3n personal para ciertos fines.<\/li>\n\n\n\n<li><strong>Retirada del consentimiento:<\/strong>&nbsp;Cuando nos basamos en el consentimiento para procesar su informaci\u00f3n personal, usted tiene derecho a revocarlo. Si lo revoca, esto no afectar\u00e1 la legalidad del procesamiento basado en su consentimiento previo a su revocaci\u00f3n.<\/li>\n<\/ul>\n\n\n\n<p>Puede ejercer cualquiera de estos derechos donde se indica en los Servicios o poni\u00e9ndose en contacto con nosotros utilizando los datos de contacto que se proporcionan a continuaci\u00f3n.<\/p>\n\n\n\n<p>No lo discriminaremos por ejercer cualquiera de estos derechos. Es posible que necesitemos verificar su identidad antes de procesar sus solicitudes, seg\u00fan lo permita o exija la legislaci\u00f3n aplicable. De acuerdo con la legislaci\u00f3n aplicable, usted puede designar a un agente autorizado para que presente solicitudes en su nombre para ejercer sus derechos. Antes de aceptar dicha solicitud de un agente, le solicitaremos que demuestre que usted lo ha autorizado a actuar en su nombre, y es posible que necesitemos que verifique su identidad directamente con nosotros. Responderemos a su solicitud de manera oportuna, seg\u00fan lo exija la legislaci\u00f3n aplicable.<\/p>\n\n\n\n<h2 class=\"wp-block-heading\"><strong>Quejas<\/strong><strong><\/strong><\/h2>\n\n\n\n<p>Si tiene alguna queja sobre c\u00f3mo procesamos su informaci\u00f3n personal, p\u00f3ngase en contacto con nosotros utilizando los datos de contacto que se indican a continuaci\u00f3n. Dependiendo de su lugar de residencia, puede tener derecho a apelar nuestra decisi\u00f3n poni\u00e9ndose en contacto con nosotros utilizando los datos de contacto que se indican a continuaci\u00f3n o a presentar una queja ante su autoridad local de protecci\u00f3n de datos. Para el EEE, puede encontrar una lista de las autoridades de control de protecci\u00f3n de datos responsables. <a href=\"https:\/\/edpb.europa.eu\/about-edpb\/about-edpb\/members\" target=\"_blank\" rel=\"noopener\"><u>aqu\u00ed<\/u><\/a>.<\/p>\n\n\n\n<h2 class=\"wp-block-heading\"><strong>Transferencias internacionales<\/strong><strong><\/strong><\/h2>\n\n\n\n<p>Tenga en cuenta que podemos transferir, almacenar y procesar su informaci\u00f3n personal fuera del pa\u00eds en el que vive.<\/p>\n\n\n\n<p>Si transferimos su informaci\u00f3n personal fuera del Espacio Econ\u00f3mico Europeo o del Reino Unido, nos basaremos en mecanismos de transferencia reconocidos como las Cl\u00e1usulas Contractuales Est\u00e1ndar de la Comisi\u00f3n Europea o cualquier contrato equivalente emitido por la autoridad competente del Reino Unido, seg\u00fan corresponda, a menos que la transferencia de datos sea a un pa\u00eds que se haya determinado que proporciona un nivel adecuado de protecci\u00f3n.<\/p>\n\n\n\n<h2 class=\"wp-block-heading\"><strong>Cambios a esta Pol\u00edtica de Privacidad<\/strong><strong><\/strong><\/h2>\n\n\n\n<p>Podemos actualizar esta Pol\u00edtica de Privacidad ocasionalmente, incluso para reflejar cambios en nuestras pr\u00e1cticas o por otros motivos operativos, legales o regulatorios. Publicaremos la Pol\u00edtica de Privacidad revisada en este sitio web, actualizaremos la fecha de &quot;\u00daltima actualizaci\u00f3n&quot; y notificaremos seg\u00fan lo exija la legislaci\u00f3n aplicable.<\/p>\n\n\n\n<h2 class=\"wp-block-heading\"><strong>Contacto<\/strong><strong><\/strong><\/h2>\n\n\n\n<p>Si tiene alguna pregunta sobre nuestras pr\u00e1cticas de privacidad o esta Pol\u00edtica de privacidad, o si desea ejercer alguno de los derechos disponibles para usted, ll\u00e1menos o env\u00edenos un correo electr\u00f3nico a Info@MountLaser.COM o cont\u00e1ctenos en Lijia Town, Wujin District, Changzhou, 213165, CN. A los efectos de las leyes de protecci\u00f3n de datos aplicables, somos el controlador de datos de su informaci\u00f3n personal.<\/p>\n\n\n\n<p>\u00daltima actualizaci\u00f3n: 23 de septiembre de 2025<\/p>\n\n\n\n<p><\/p>","protected":false},"excerpt":{"rendered":"<p>Privacy Policy Mount Laser operates this store and website, including all related information, content, features, tools, products and services, in order to provide you, the customer, with a curated shopping experience (the &#8220;Services&#8221;). This Privacy Policy describes how we collect, use, and disclose your personal information when you visit, use, or make a purchase or [&hellip;]<\/p>\n","protected":false},"author":1,"featured_media":0,"parent":0,"menu_order":0,"comment_status":"closed","ping_status":"open","template":"","meta":{"footnotes":""},"class_list":["post-1596","page","type-page","status-publish","hentry"],"blocksy_meta":[],"_links":{"self":[{"href":"https:\/\/mountlaser.com\/es\/wp-json\/wp\/v2\/pages\/1596","targetHints":{"allow":["GET"]}}],"collection":[{"href":"https:\/\/mountlaser.com\/es\/wp-json\/wp\/v2\/pages"}],"about":[{"href":"https:\/\/mountlaser.com\/es\/wp-json\/wp\/v2\/types\/page"}],"author":[{"embeddable":true,"href":"https:\/\/mountlaser.com\/es\/wp-json\/wp\/v2\/users\/1"}],"replies":[{"embeddable":true,"href":"https:\/\/mountlaser.com\/es\/wp-json\/wp\/v2\/comments?post=1596"}],"version-history":[{"count":1,"href":"https:\/\/mountlaser.com\/es\/wp-json\/wp\/v2\/pages\/1596\/revisions"}],"predecessor-version":[{"id":2048,"href":"https:\/\/mountlaser.com\/es\/wp-json\/wp\/v2\/pages\/1596\/revisions\/2048"}],"wp:attachment":[{"href":"https:\/\/mountlaser.com\/es\/wp-json\/wp\/v2\/media?parent=1596"}],"curies":[{"name":"wp","href":"https:\/\/api.w.org\/{rel}","templated":true}]}}