{"id":608,"date":"2024-03-28T10:15:24","date_gmt":"2024-03-28T10:15:24","guid":{"rendered":"https:\/\/startersites.io\/blocksy\/pottery\/?post_type=product&#038;p=608"},"modified":"2025-12-01T01:52:03","modified_gmt":"2025-12-01T01:52:03","slug":"ma-g32-auto-level","status":"publish","type":"product","link":"https:\/\/mountlaser.com\/de\/produkt\/ma-g32-auto-level\/","title":{"rendered":"MA-G32 Automatische Niveauregulierung"},"content":{"rendered":"<p>Der <a href=\"https:\/\/mountlaser.com\/de\/\"><strong>MA-G32 Automatische Niveauregulierung<\/strong><\/a> Das von Mountlaser hergestellte hochpr\u00e4zise optische Instrument in Profiqualit\u00e4t ist f\u00fcr ein breites Anwendungsgebiet konzipiert. <a href=\"https:\/\/mountlaser.com\/de\/produkt-kategorie\/surveying-instrument\/automatic-level\/\"><strong>automatische Nivellierger\u00e4te f\u00fcr Vermessungszwecke<\/strong><\/a> Anwendungen. Automatisches Nivellierger\u00e4t f\u00fcr Vermessungsarbeiten. Entwickelt f\u00fcr Zuverl\u00e4ssigkeit und einfache Bedienung, liefert es die erforderliche Genauigkeit f\u00fcr die Nivellierung von Baustellen, die Erschlie\u00dfung von Grundst\u00fccken und andere wichtige Aufgaben. Dieses Modell ist eine herausragende Wahl unter den modernen Nivellierger\u00e4ten und bietet au\u00dfergew\u00f6hnliche Klarheit und Stabilit\u00e4t, um die einwandfreie Datengrundlage Ihres Projekts zu gew\u00e4hrleisten.<\/p>\n<p>Ausgestattet mit einem 32-fach vergr\u00f6\u00dfernden aufrechten Teleskop und einem hochempfindlichen Luftd\u00e4mpfungskompensator liefert das MA-G32 ein klares, aufrechtes Bild und h\u00e4lt die Sichtlinie automatisch gerade, selbst auf unebenem Gel\u00e4nde.<\/p>\n<p>Dank seiner robusten Schutzart IP54 ist das automatische Nivellierger\u00e4t staub- und spritzwassergesch\u00fctzt und somit ein zuverl\u00e4ssiger Partner f\u00fcr anspruchsvolle Baustellen. F\u00fcr Profis, die auf pr\u00e4zise und zuverl\u00e4ssige Nivellierger\u00e4te angewiesen sind, verk\u00f6rpert das MA-G32 Mountlasers Qualit\u00e4ts- und Leistungsanspruch bei allen automatischen Nivellierger\u00e4ten f\u00fcr Vermessungszwecke.<\/p>\n<p><img fetchpriority=\"high\" decoding=\"async\" class=\"aligncenter wp-image-1883\" src=\"https:\/\/mountlaser.com\/wp-content\/uploads\/2024\/03\/MA-G323.webp\" alt=\"Auto Levels For Surveying\" width=\"500\" height=\"500\" srcset=\"https:\/\/mountlaser.com\/wp-content\/uploads\/2024\/03\/MA-G323.webp 1000w, https:\/\/mountlaser.com\/wp-content\/uploads\/2024\/03\/MA-G323-300x300.webp 300w, https:\/\/mountlaser.com\/wp-content\/uploads\/2024\/03\/MA-G323-400x400.webp 400w, https:\/\/mountlaser.com\/wp-content\/uploads\/2024\/03\/MA-G323-800x800.webp 800w, https:\/\/mountlaser.com\/wp-content\/uploads\/2024\/03\/MA-G323-600x600.webp 600w, https:\/\/mountlaser.com\/wp-content\/uploads\/2024\/03\/MA-G323-150x150.webp 150w, https:\/\/mountlaser.com\/wp-content\/uploads\/2024\/03\/MA-G323-768x768.webp 768w, https:\/\/mountlaser.com\/wp-content\/uploads\/2024\/03\/MA-G323-12x12.webp 12w\" sizes=\"(max-width: 500px) 100vw, 500px\" \/><\/p>\n<p><strong><a href=\"https:\/\/mountlaser.com\/de\/about-us\/\">MA-G32 Automatische Niveauregulierung<\/a> Spezifikationen<\/strong><\/p>\n<table style=\"border-collapse: collapse; width: 552.02pt;\" border=\"0\" width=\"736\" cellspacing=\"0\" cellpadding=\"0\">\n<tbody>\n<tr style=\"height: 14.25pt;\">\n<td class=\"et2\" style=\"height: 14.25pt; width: 255.75pt;\" width=\"341\" height=\"19\">Modellnr.<\/td>\n<td class=\"et3\" style=\"width: 296.25pt;\" width=\"395\">MA-G32<\/td>\n<\/tr>\n<tr style=\"height: 14.25pt;\">\n<td class=\"et4\" style=\"height: 14.25pt;\" height=\"19\">Arbeitsabstand<\/td>\n<td class=\"et5\">50 m<\/td>\n<\/tr>\n<tr style=\"height: 14.25pt;\">\n<td class=\"et4\" style=\"height: 14.25pt;\" height=\"19\">Standardabweichung f\u00fcr einen 1-km-Doppellauf<\/td>\n<td class=\"et5\">1,5 mm<\/td>\n<\/tr>\n<tr style=\"height: 14.25pt;\">\n<td class=\"et4\" style=\"height: 14.25pt;\" height=\"19\">Teleskopvergr\u00f6\u00dferung<\/td>\n<td class=\"et5\">32X<\/td>\n<\/tr>\n<tr style=\"height: 14.25pt;\">\n<td class=\"et4\" style=\"height: 14.25pt;\" height=\"19\">Teleskopbild<\/td>\n<td class=\"et5\">Aufrecht<\/td>\n<\/tr>\n<tr style=\"height: 14.25pt;\">\n<td class=\"et4\" style=\"height: 14.25pt;\" height=\"19\">k\u00fcrzeste Sichtweite<\/td>\n<td class=\"et5\">0,5 m<\/td>\n<\/tr>\n<tr style=\"height: 14.25pt;\">\n<td class=\"et4\" style=\"height: 14.25pt;\" height=\"19\">Sichtweitenfehler<\/td>\n<td class=\"et5\">\u2264\u00b10,5%<\/td>\n<\/tr>\n<tr style=\"height: 14.25pt;\">\n<td class=\"et4\" style=\"height: 14.25pt;\" height=\"19\">Effektive Aperturgr\u00f6\u00dfe der Objektivlinse<\/td>\n<td class=\"et5\">40 mm<\/td>\n<\/tr>\n<tr style=\"height: 14.25pt;\">\n<td class=\"et4\" style=\"height: 14.25pt;\" height=\"19\">Fokussierungsfehler<\/td>\n<td class=\"et5\">\u22641,0 mm<\/td>\n<\/tr>\n<tr style=\"height: 14.25pt;\">\n<td class=\"et4\" style=\"height: 14.25pt;\" height=\"19\">Kompensatorart<\/td>\n<td class=\"et5\">Luftd\u00e4mpfung<\/td>\n<\/tr>\n<tr style=\"height: 14.25pt;\">\n<td class=\"et4\" style=\"height: 14.25pt;\" height=\"19\">Kompensationsfehler<\/td>\n<td class=\"et5\">&lt;0,5\u2032<\/td>\n<\/tr>\n<tr style=\"height: 14.25pt;\">\n<td class=\"et4\" style=\"height: 14.25pt;\" height=\"19\">Fadenkreuz<\/td>\n<td class=\"et5\">Fadenkreuz<\/td>\n<\/tr>\n<tr style=\"height: 14.25pt;\">\n<td class=\"et4\" style=\"height: 14.25pt;\" height=\"19\">Einstellgenauigkeit<\/td>\n<td class=\"et5\">+0,4\u2032<\/td>\n<\/tr>\n<tr style=\"height: 14.25pt;\">\n<td class=\"et4\" style=\"height: 14.25pt;\" height=\"19\">Wasser- und staubdicht<\/td>\n<td class=\"et5\">IP54<\/td>\n<\/tr>\n<tr style=\"height: 14.25pt;\">\n<td class=\"et4\" style=\"height: 14.25pt;\" height=\"19\">Stand Accassony<\/td>\n<td class=\"et5\">Lot, manuell, Einstellstift, Kunststoffgeh\u00e4use<\/td>\n<\/tr>\n<tr style=\"height: 14.25pt;\">\n<td class=\"et6\" style=\"height: 14.25pt;\" height=\"19\">Gewicht senden<\/td>\n<td class=\"et7\">1,35 kg<\/td>\n<\/tr>\n<\/tbody>\n<\/table>\n<p>&nbsp;<\/p>","protected":false},"excerpt":{"rendered":"<ul>\n<li>Hohe Pr\u00e4zision: Erreicht eine Standardabweichung von 1,5 mm pro km Doppelmessung f\u00fcr zuverl\u00e4ssige Ergebnisse.<\/li>\n<li>\u00a0Die automatische Nivellierung f\u00fcr Vermessungsarbeiten und die 32-fache Vergr\u00f6\u00dferung sorgen f\u00fcr eine klare, aufrechte Ansicht, vereinfachen die Bedienung und reduzieren Fehler.<\/li>\n<li>Automatische Kompensation: Der Luftd\u00e4mpfungskompensator stabilisiert die Schnur automatisch.<\/li>\n<li>Robuste Bauweise: Die Schutzart IP54 (wasserdicht und staubdicht) gew\u00e4hrleistet die Leistungsf\u00e4higkeit auch unter schwierigen Baustellenbedingungen.<\/li>\n<\/ul>","protected":false},"featured_media":1882,"comment_status":"open","ping_status":"closed","template":"","meta":[],"product_brand":[],"product_cat":[15,140],"product_tag":[],"class_list":{"0":"post-608","1":"product","2":"type-product","3":"status-publish","4":"has-post-thumbnail","6":"product_cat-surveying-instrument","7":"product_cat-automatic-level","9":"first","10":"instock","11":"shipping-taxable","12":"product-type-simple"},"_links":{"self":[{"href":"https:\/\/mountlaser.com\/de\/wp-json\/wp\/v2\/product\/608","targetHints":{"allow":["GET"]}}],"collection":[{"href":"https:\/\/mountlaser.com\/de\/wp-json\/wp\/v2\/product"}],"about":[{"href":"https:\/\/mountlaser.com\/de\/wp-json\/wp\/v2\/types\/product"}],"replies":[{"embeddable":true,"href":"https:\/\/mountlaser.com\/de\/wp-json\/wp\/v2\/comments?post=608"}],"wp:featuredmedia":[{"embeddable":true,"href":"https:\/\/mountlaser.com\/de\/wp-json\/wp\/v2\/media\/1882"}],"wp:attachment":[{"href":"https:\/\/mountlaser.com\/de\/wp-json\/wp\/v2\/media?parent=608"}],"wp:term":[{"taxonomy":"product_brand","embeddable":true,"href":"https:\/\/mountlaser.com\/de\/wp-json\/wp\/v2\/product_brand?post=608"},{"taxonomy":"product_cat","embeddable":true,"href":"https:\/\/mountlaser.com\/de\/wp-json\/wp\/v2\/product_cat?post=608"},{"taxonomy":"product_tag","embeddable":true,"href":"https:\/\/mountlaser.com\/de\/wp-json\/wp\/v2\/product_tag?post=608"}],"curies":[{"name":"wp","href":"https:\/\/api.w.org\/{rel}","templated":true}]}}