{"id":6003,"date":"2025-12-19T02:59:24","date_gmt":"2025-12-19T02:59:24","guid":{"rendered":"https:\/\/mountlaser.com\/?post_type=product&#038;p=6003"},"modified":"2025-12-19T02:59:24","modified_gmt":"2025-12-19T02:59:24","slug":"etj30a-325-heavy-duty-elevator-tripod","status":"publish","type":"product","link":"https:\/\/mountlaser.com\/de\/produkt\/etj30a-325-heavy-duty-elevator-tripod\/","title":{"rendered":"ETJ30A-325 Schwerlast-Aufzugstativ"},"content":{"rendered":"<p data-start=\"229\" data-end=\"772\">Der<a href=\"https:\/\/mountlaser.com\/de\/\"> <strong data-start=\"233\" data-end=\"274\">ETJ30A-325 Schwerlast-Aufzugstativ<\/strong><\/a> ist f\u00fcr Profis konzipiert, die in anspruchsvollen Baustellenumgebungen auf starke Unterst\u00fctzung, pr\u00e4zise H\u00f6henverstellung und lange Haltbarkeit angewiesen sind. Als <a href=\"https:\/\/mountlaser.com\/de\/products\/\"><strong data-start=\"423\" data-end=\"454\">H\u00f6henverstellbares Stativ<\/strong><\/a>, Es wird aus einer hochwertigen Aluminiumlegierung gefertigt und bietet hervorragende Sto\u00dffestigkeit bei gleichzeitig stabiler und zuverl\u00e4ssiger Konstruktion. Das Schwerlast-Aufzugstativ ETJ30A-325 ist die ideale L\u00f6sung f\u00fcr Bau-, Vermessungs- und Lasernivellierungsanwendungen, bei denen Genauigkeit und Tragf\u00e4higkeit entscheidend sind.<\/p>\n<p data-start=\"774\" data-end=\"1388\">Ausgestattet mit einer standardm\u00e4\u00dfigen 5\/8\u2033-11-B\u00fcgelschraube gew\u00e4hrleistet das robuste H\u00f6henverstellstativ ETJ30A-325 eine breite Kompatibilit\u00e4t mit Laser-Nivellierger\u00e4ten, Totalstationen und anderen Vermessungsinstrumenten. Dank des Schnellspannsystems lassen sich H\u00f6hen schnell und m\u00fchelos verstellen, was dieses H\u00f6henverstellstativ besonders effizient f\u00fcr den Feldeinsatz macht. Mit einem Stativh\u00f6henbereich von 125\u2013350 cm und einer Arbeitsh\u00f6he von 114\u2013325 cm bietet das ETJ30A-325 au\u00dfergew\u00f6hnliche Flexibilit\u00e4t f\u00fcr Arbeiten in niedrigen und hohen H\u00f6hen und untermauert damit seinen Ruf als zuverl\u00e4ssiges H\u00f6henverstellstativ.<\/p>\n<p data-start=\"1390\" data-end=\"1903\">Das Schwerlast-Hubstativ ETJ30A-325 wurde als wirtschaftliche und zugleich robuste L\u00f6sung entwickelt und bietet ein optimales Verh\u00e4ltnis von Leistung und Preis. Auf Anfrage sind individuelle Farben und H\u00f6henoptionen erh\u00e4ltlich, sodass Anwender dieses verstellbare Hubstativ an spezifische Projektanforderungen anpassen k\u00f6nnen. Seine solide Konstruktion und der leichtg\u00e4ngige Verstellmechanismus machen das Schwerlast-Hubstativ ETJ30A-325 zur zuverl\u00e4ssigen Wahl f\u00fcr Profis, die h\u00f6chste Anspr\u00fcche an ihr Werkzeug stellen. <a href=\"https:\/\/mountlaser.com\/de\/contact-us\/\">H\u00f6henverstellbares Stativ<\/a> unter allen Arbeitsbedingungen.<\/p>\n<p data-start=\"1390\" data-end=\"1903\"><img fetchpriority=\"high\" decoding=\"async\" class=\"aligncenter wp-image-6009\" src=\"https:\/\/mountlaser.com\/wp-content\/uploads\/2025\/12\/ETJ30A\uff084\uff09.webp\" alt=\"ETJ30A-325 heavy-duty elevator tripod\" width=\"500\" height=\"500\" srcset=\"https:\/\/mountlaser.com\/wp-content\/uploads\/2025\/12\/ETJ30A\uff084\uff09.webp 1000w, https:\/\/mountlaser.com\/wp-content\/uploads\/2025\/12\/ETJ30A\uff084\uff09-300x300.webp 300w, https:\/\/mountlaser.com\/wp-content\/uploads\/2025\/12\/ETJ30A\uff084\uff09-150x150.webp 150w, https:\/\/mountlaser.com\/wp-content\/uploads\/2025\/12\/ETJ30A\uff084\uff09-768x768.webp 768w, https:\/\/mountlaser.com\/wp-content\/uploads\/2025\/12\/ETJ30A\uff084\uff09-12x12.webp 12w, https:\/\/mountlaser.com\/wp-content\/uploads\/2025\/12\/ETJ30A\uff084\uff09-600x600.webp 600w, https:\/\/mountlaser.com\/wp-content\/uploads\/2025\/12\/ETJ30A\uff084\uff09-800x800.webp 800w, https:\/\/mountlaser.com\/wp-content\/uploads\/2025\/12\/ETJ30A\uff084\uff09-400x400.webp 400w\" sizes=\"(max-width: 500px) 100vw, 500px\" \/><\/p>\n<p data-start=\"1390\" data-end=\"1903\"><strong>Spezifikationen des Schwerlast-Aufzugstativs ETJ30A-325<\/strong><\/p>\n<div>\n<table style=\"border-collapse: collapse; width: 743.27pt;\" border=\"0\" width=\"991\" cellspacing=\"0\" cellpadding=\"0\">\n<tbody>\n<tr style=\"height: 14.25pt;\">\n<td class=\"et2\" style=\"height: 14.25pt; width: 127.50pt;\" width=\"170\" height=\"19\">NUMMER<\/td>\n<td class=\"et3\" style=\"width: 92.25pt;\" width=\"123\">BEINE<\/td>\n<td class=\"et3\" style=\"width: 77.25pt;\" width=\"103\">VERRIEGELUNGSTYP<\/td>\n<td class=\"et3\" style=\"width: 96.75pt;\" width=\"129\">HARDWARE<\/td>\n<td class=\"et4\" style=\"width: 141.00pt;\" width=\"188\">Stativh\u00f6he<\/td>\n<td class=\"et4\" style=\"width: 96.00pt;\" width=\"128\">ARBEITSH\u00d6HE<\/td>\n<td class=\"et3\" style=\"width: 112.50pt;\" width=\"150\">NW.<\/td>\n<\/tr>\n<tr style=\"height: 18.75pt;\">\n<td class=\"et5\" style=\"height: 18.75pt;\" height=\"25\">ETJ30A-225<\/td>\n<td class=\"et5\">Aluminium<\/td>\n<td class=\"et5\">Schnellklemme<\/td>\n<td class=\"et5\">Schwarz<\/td>\n<td class=\"et5\">112\u2013244 cm<\/td>\n<td class=\"et5\">100\u2013225 cm<\/td>\n<td class=\"et5\">5,15 kg<\/td>\n<\/tr>\n<tr style=\"height: 17.25pt;\">\n<td class=\"et5\" style=\"height: 17.25pt;\" height=\"23\">ETJ30A-310<\/td>\n<td class=\"et5\">Aluminium<\/td>\n<td class=\"et5\">Schnellklemme<\/td>\n<td class=\"et5\">Schwarz<\/td>\n<td class=\"et5\">115\u2013330 cm<\/td>\n<td class=\"et5\">105-310 cm<\/td>\n<td class=\"et5\">5,40 kg<\/td>\n<\/tr>\n<tr style=\"height: 14.25pt;\">\n<td class=\"et5\" style=\"height: 14.25pt;\" height=\"19\">ETJ30A-325<\/td>\n<td class=\"et5\">Aluminium<\/td>\n<td class=\"et5\">Schnellklemme<\/td>\n<td class=\"et5\">Schwarz<\/td>\n<td class=\"et5\">125\u2013350 cm<\/td>\n<td class=\"et5\">114-325 cm<\/td>\n<td class=\"et5\">5,55 kg<\/td>\n<\/tr>\n<\/tbody>\n<\/table>\n<\/div>","protected":false},"excerpt":{"rendered":"<ul>\n<li>Bietet stabilen und sicheren Halt f\u00fcr Laser-Nivellierger\u00e4te und Vermessungsinstrumente<\/li>\n<li>H\u00f6henverstellung wie bei einem Aufzug f\u00fcr pr\u00e4zise vertikale Positionierung<\/li>\n<li>Schnellspannklemmen erm\u00f6glichen einen schnellen und einfachen Stativaufbau<\/li>\n<li>Beine aus Aluminiumlegierung bieten hervorragende Sto\u00dffestigkeit und Langlebigkeit.<\/li>\n<li>Standardm\u00e4\u00dfige 5\/8\u2033-11 Jochschraube gew\u00e4hrleistet breite Instrumentenkompatibilit\u00e4t<\/li>\n<\/ul>","protected":false},"featured_media":6009,"comment_status":"open","ping_status":"closed","template":"","meta":[],"product_brand":[],"product_cat":[122,94],"product_tag":[],"class_list":{"0":"post-6003","1":"product","2":"type-product","3":"status-publish","4":"has-post-thumbnail","6":"product_cat-laser-level-tripod","7":"product_cat-laser-level-accessory","9":"first","10":"instock","11":"shipping-taxable","12":"product-type-simple"},"_links":{"self":[{"href":"https:\/\/mountlaser.com\/de\/wp-json\/wp\/v2\/product\/6003","targetHints":{"allow":["GET"]}}],"collection":[{"href":"https:\/\/mountlaser.com\/de\/wp-json\/wp\/v2\/product"}],"about":[{"href":"https:\/\/mountlaser.com\/de\/wp-json\/wp\/v2\/types\/product"}],"replies":[{"embeddable":true,"href":"https:\/\/mountlaser.com\/de\/wp-json\/wp\/v2\/comments?post=6003"}],"wp:featuredmedia":[{"embeddable":true,"href":"https:\/\/mountlaser.com\/de\/wp-json\/wp\/v2\/media\/6009"}],"wp:attachment":[{"href":"https:\/\/mountlaser.com\/de\/wp-json\/wp\/v2\/media?parent=6003"}],"wp:term":[{"taxonomy":"product_brand","embeddable":true,"href":"https:\/\/mountlaser.com\/de\/wp-json\/wp\/v2\/product_brand?post=6003"},{"taxonomy":"product_cat","embeddable":true,"href":"https:\/\/mountlaser.com\/de\/wp-json\/wp\/v2\/product_cat?post=6003"},{"taxonomy":"product_tag","embeddable":true,"href":"https:\/\/mountlaser.com\/de\/wp-json\/wp\/v2\/product_tag?post=6003"}],"curies":[{"name":"wp","href":"https:\/\/api.w.org\/{rel}","templated":true}]}}