{"id":5993,"date":"2025-12-19T01:50:19","date_gmt":"2025-12-19T01:50:19","guid":{"rendered":"https:\/\/mountlaser.com\/?post_type=product&#038;p=5993"},"modified":"2025-12-19T01:50:19","modified_gmt":"2025-12-19T01:50:19","slug":"bt150-s3-black-elevator-tripod","status":"publish","type":"product","link":"https:\/\/mountlaser.com\/de\/produkt\/bt150-s3-black-elevator-tripod\/","title":{"rendered":"BT150-S3 Schwarzes Aufzugstativ"},"content":{"rendered":"<p data-start=\"180\" data-end=\"621\">Der<a href=\"https:\/\/mountlaser.com\/de\/\"> <strong data-start=\"184\" data-end=\"218\">BT150-S3 Schwarzes Aufzugstativ<\/strong> <\/a>ist eine zuverl\u00e4ssige und professionelle Stativl\u00f6sung f\u00fcr Laser-Nivellier- und Vermessungsanwendungen. Das aus robustem oxidiertem Aluminium gefertigte Stativ bietet hervorragende Stabilit\u00e4t bei gleichzeitig geringem Gewicht f\u00fcr einfachen Transport. Als hochwertiges Produkt<a href=\"https:\/\/mountlaser.com\/de\/about-us\/\"> <strong data-start=\"471\" data-end=\"497\">Aluminium-Vermessungsstativ<\/strong><\/a>, Das BT150-S3 Black Elevator Tripod bietet au\u00dfergew\u00f6hnliche Stabilit\u00e4t und Pr\u00e4zision sowohl f\u00fcr Baustellen im Innen- als auch im Au\u00dfenbereich.<\/p>\n<p data-start=\"623\" data-end=\"1155\">Das BT150-S3 Black Elevator Tripod mit seinem robusten Hufeisenfu\u00df sorgt f\u00fcr festen Stand und optimale Balance auch auf unebenem Untergrund. Dadurch eignet es sich ideal f\u00fcr Vermessungsarbeiten im Bauwesen, H\u00f6henmessungen und Ausrichtungsarbeiten. Dank des verstellbaren Stativh\u00f6henbereichs von 54\u2013162 cm und der Arbeitsh\u00f6he von 50\u2013153 cm passt sich das BT150-S3 Black Elevator Tripod flexibel an unterschiedliche Arbeitsanforderungen an und erf\u00fcllt die hohen Leistungsstandards, die von einem professionellen Aluminium-Vermessungsstativ erwartet werden.<\/p>\n<p data-start=\"1157\" data-end=\"1649\">Das Stativ BT150-S3 Black Elevator ist mit einem Aluminiumkopf mit Standard-5\/8\u2033-11-Gewinde ausgestattet und somit mit den meisten Laser-Nivellierger\u00e4ten und Vermessungsinstrumenten kompatibel. F\u00fcr noch mehr Flexibilit\u00e4t bietet die Version BT150R-S3 einen abnehmbaren Neigekopf mit 1\/4\u2033-20-Gewinde. Diese Vielseitigkeit steigert den Wert des Stativs BT150-S3 Black Elevator und macht es zu einem zuverl\u00e4ssigen Begleiter. <a href=\"https:\/\/mountlaser.com\/de\/products\/\">Aluminium-Vermessungsstativ<\/a> f\u00fcr Vermesser, Ingenieure und Baufachleute.<\/p>\n<p data-start=\"1157\" data-end=\"1649\"><img fetchpriority=\"high\" decoding=\"async\" class=\"aligncenter wp-image-5995\" src=\"https:\/\/mountlaser.com\/wp-content\/uploads\/2025\/12\/BT150P2.webp\" alt=\"BT150-S3 Black Elevator Tripod\" width=\"500\" height=\"500\" srcset=\"https:\/\/mountlaser.com\/wp-content\/uploads\/2025\/12\/BT150P2.webp 1000w, https:\/\/mountlaser.com\/wp-content\/uploads\/2025\/12\/BT150P2-300x300.webp 300w, https:\/\/mountlaser.com\/wp-content\/uploads\/2025\/12\/BT150P2-150x150.webp 150w, https:\/\/mountlaser.com\/wp-content\/uploads\/2025\/12\/BT150P2-768x768.webp 768w, https:\/\/mountlaser.com\/wp-content\/uploads\/2025\/12\/BT150P2-12x12.webp 12w, https:\/\/mountlaser.com\/wp-content\/uploads\/2025\/12\/BT150P2-600x600.webp 600w, https:\/\/mountlaser.com\/wp-content\/uploads\/2025\/12\/BT150P2-800x800.webp 800w, https:\/\/mountlaser.com\/wp-content\/uploads\/2025\/12\/BT150P2-400x400.webp 400w\" sizes=\"(max-width: 500px) 100vw, 500px\" \/><\/p>\n<p data-start=\"1157\" data-end=\"1649\">Spezifikationen des schwarzen Aufzugstativs BT150-S3<\/p>\n<div>\n<table style=\"border-collapse: collapse; width: 735.77pt;\" border=\"0\" width=\"981\" cellspacing=\"0\" cellpadding=\"0\">\n<tbody>\n<tr style=\"height: 14.25pt;\">\n<td class=\"et2\" style=\"height: 14.25pt; width: 127.50pt;\" width=\"170\" height=\"19\">NUMMER<\/td>\n<td class=\"et3\" style=\"width: 92.25pt;\" width=\"123\">FARBE<\/td>\n<td class=\"et3\" style=\"width: 77.25pt;\" width=\"103\">MATERIAL<\/td>\n<td class=\"et3\" style=\"width: 96.75pt;\" width=\"129\">Stativh\u00f6he<\/td>\n<td class=\"et4\" style=\"width: 141.00pt;\" width=\"188\">ARBEITSH\u00d6HE<\/td>\n<td class=\"et3\" style=\"width: 201.00pt;\" width=\"268\">FADEN<\/td>\n<\/tr>\n<tr style=\"height: 18.75pt;\">\n<td class=\"et5\" style=\"height: 18.75pt; width: 127.50pt;\" width=\"170\" height=\"25\">BT150-S3<\/td>\n<td class=\"et6\">Schwarz<\/td>\n<td class=\"et7\">Aluminium<\/td>\n<td class=\"et6\">54-162 cm<\/td>\n<td class=\"et6\">50-153 cm<\/td>\n<td class=\"et6\">Aluminiumkopf 5\/8\u2033-11<\/td>\n<\/tr>\n<tr style=\"height: 17.25pt;\">\n<td class=\"et8\" style=\"height: 17.25pt;\" height=\"23\">BT150R-S3<\/td>\n<td class=\"et6\">Schwarz<\/td>\n<td class=\"et7\">Aluminium<\/td>\n<td class=\"et6\">61\u2013169 cm<\/td>\n<td class=\"et6\">57\u2013160 cm<\/td>\n<td class=\"et6\">Aluminium 5\/8\u2033-11 + Abnehmbare Neigung 1\/4\u2033-20<\/td>\n<\/tr>\n<\/tbody>\n<\/table>\n<\/div>","protected":false},"excerpt":{"rendered":"<ul>\n<li>Bietet stabile Unterst\u00fctzung f\u00fcr Laser-Nivellierger\u00e4te und Vermessungsinstrumente<\/li>\n<li>H\u00f6henverstellung wie bei einem Aufzug f\u00fcr pr\u00e4zise Positionierung<\/li>\n<li>Hufeisenf\u00fc\u00dfe verbessern die Stabilit\u00e4t auf unebenem oder weichem Untergrund<\/li>\n<li>Kompatibel mit Standard-5\/8\u2033-11- und optionalen 1\/4\u2033-20-Instrumenten<\/li>\n<li>Leichte Aluminiumkonstruktion f\u00fcr einfachen Transport und Langlebigkeit<\/li>\n<\/ul>","protected":false},"featured_media":5997,"comment_status":"open","ping_status":"closed","template":"","meta":[],"product_brand":[],"product_cat":[122,94],"product_tag":[],"class_list":{"0":"post-5993","1":"product","2":"type-product","3":"status-publish","4":"has-post-thumbnail","6":"product_cat-laser-level-tripod","7":"product_cat-laser-level-accessory","9":"first","10":"instock","11":"shipping-taxable","12":"product-type-simple"},"_links":{"self":[{"href":"https:\/\/mountlaser.com\/de\/wp-json\/wp\/v2\/product\/5993","targetHints":{"allow":["GET"]}}],"collection":[{"href":"https:\/\/mountlaser.com\/de\/wp-json\/wp\/v2\/product"}],"about":[{"href":"https:\/\/mountlaser.com\/de\/wp-json\/wp\/v2\/types\/product"}],"replies":[{"embeddable":true,"href":"https:\/\/mountlaser.com\/de\/wp-json\/wp\/v2\/comments?post=5993"}],"wp:featuredmedia":[{"embeddable":true,"href":"https:\/\/mountlaser.com\/de\/wp-json\/wp\/v2\/media\/5997"}],"wp:attachment":[{"href":"https:\/\/mountlaser.com\/de\/wp-json\/wp\/v2\/media?parent=5993"}],"wp:term":[{"taxonomy":"product_brand","embeddable":true,"href":"https:\/\/mountlaser.com\/de\/wp-json\/wp\/v2\/product_brand?post=5993"},{"taxonomy":"product_cat","embeddable":true,"href":"https:\/\/mountlaser.com\/de\/wp-json\/wp\/v2\/product_cat?post=5993"},{"taxonomy":"product_tag","embeddable":true,"href":"https:\/\/mountlaser.com\/de\/wp-json\/wp\/v2\/product_tag?post=5993"}],"curies":[{"name":"wp","href":"https:\/\/api.w.org\/{rel}","templated":true}]}}