{"id":5978,"date":"2025-12-18T06:49:45","date_gmt":"2025-12-18T06:49:45","guid":{"rendered":"https:\/\/mountlaser.com\/?post_type=product&#038;p=5978"},"modified":"2025-12-18T06:49:45","modified_gmt":"2025-12-18T06:49:45","slug":"ys1-120h-laser-level-tripod","status":"publish","type":"product","link":"https:\/\/mountlaser.com\/de\/produkt\/ys1-120h-laser-level-tripod\/","title":{"rendered":"YS1-120H Laser-Nivellierstativ"},"content":{"rendered":"<p data-start=\"285\" data-end=\"798\">Der <a href=\"https:\/\/mountlaser.com\/de\/\"><strong data-start=\"289\" data-end=\"320\">YS1-120H Laser-Nivellierstativ<\/strong><\/a> ist eine robuste und professionelle Tr\u00e4gerl\u00f6sung, die f\u00fcr die pr\u00e4zise Positionierung von Laser-Nivellierger\u00e4ten auf Baustellen und Vermessungsgel\u00e4nden entwickelt wurde. Konstruiert als <a href=\"https:\/\/mountlaser.com\/de\/products\/\"><strong data-start=\"468\" data-end=\"500\">Gelbes Stahl-Aufzugsstativ<\/strong><\/a>, Das Stativ kombiniert eine hochfeste Stahlkonstruktion mit stabilen, hufeisenf\u00f6rmigen F\u00fc\u00dfen und gew\u00e4hrleistet so zuverl\u00e4ssige Leistung auch auf unebenem Untergrund. Als vielseitiges Stativ f\u00fcr Laser-Nivellierger\u00e4te aus gelbem Stahl bietet das YS1-120H hervorragende Stabilit\u00e4t und eine lange Lebensdauer f\u00fcr anspruchsvolle Au\u00dfeneins\u00e4tze.<\/p>\n<p data-start=\"800\" data-end=\"1338\">Das aus robustem Stahl gefertigte und in gut sichtbarem Gelb lackierte Laser-Nivellierstativ YS1-120H ist f\u00fcr den harten Einsatz auf Baustellen konzipiert. Dieses gelbe Stahlstativ verf\u00fcgt \u00fcber einen abnehmbaren Neigekopf mit einem standardm\u00e4\u00dfigen 1\/4\u2033-20-Gewinde und ist somit mit einer Vielzahl von Laser-Nivellierger\u00e4ten und Messinstrumenten kompatibel. Ob im Innen- oder Au\u00dfenbereich \u2013 das YS1-120H Laser-Nivellierstativ bietet eine stufenlose H\u00f6henverstellung und zuverl\u00e4ssigen Halt.<\/p>\n<p data-start=\"1340\" data-end=\"1795\">Das Laser-Nivellierstativ YS1-120H ist in den H\u00f6hen 120 cm und 150 cm erh\u00e4ltlich und ideal f\u00fcr Anwender, die Flexibilit\u00e4t und Genauigkeit ben\u00f6tigen. Sein hufeisenf\u00f6rmiges Fu\u00dfdesign verbessert Halt und Stabilit\u00e4t auf verschiedenen Oberfl\u00e4chen, w\u00e4hrend der abnehmbare Neigekopf eine pr\u00e4zise Winkeleinstellung erm\u00f6glicht. Es wurde f\u00fcr Vermessungs-, Ausrichtungs- und Nivellierungsarbeiten im Bauwesen entwickelt. <a href=\"https:\/\/mountlaser.com\/de\/contact-us\/\">Gelbes Stahl-Aufzugsstativ<\/a> gew\u00e4hrleistet konsistente Ergebnisse in unterschiedlichen Arbeitsumgebungen.<\/p>\n<div>\n<table style=\"border-collapse: collapse; width: 1002.02pt;\" border=\"0\" width=\"1336\" cellspacing=\"0\" cellpadding=\"0\">\n<tbody>\n<tr style=\"height: 14.25pt;\">\n<td class=\"et2\" style=\"height: 14.25pt; width: 127.50pt;\" width=\"170\" height=\"19\">NUMMER<\/td>\n<td class=\"et3\" style=\"width: 196.50pt;\" width=\"262\">FARBE<\/td>\n<td class=\"et3\" style=\"width: 213.00pt;\" width=\"284\">MATERIAL<\/td>\n<td class=\"et3\" style=\"width: 93.75pt;\" width=\"125\">H\u00d6HE<\/td>\n<td class=\"et3\" style=\"width: 170.25pt;\" width=\"227\">FADEN<\/td>\n<td class=\"et4\" style=\"width: 201.00pt;\" width=\"268\">BILD<\/td>\n<\/tr>\n<tr style=\"height: 14.25pt;\">\n<td class=\"et5\" style=\"height: 14.25pt;\" height=\"19\">YS1-120H<\/td>\n<td class=\"et5\">Gelb<\/td>\n<td class=\"et5\">Stahl<\/td>\n<td class=\"et5\">120 cm<\/td>\n<td class=\"et5\">5\/8\u2033-11<\/td>\n<td class=\"et6\"><img fetchpriority=\"high\" decoding=\"async\" class=\"aligncenter wp-image-5981\" src=\"https:\/\/mountlaser.com\/wp-content\/uploads\/2025\/12\/YS1150H3.webp\" alt=\"YS1-120H Laser Level Tripod\" width=\"500\" height=\"500\" srcset=\"https:\/\/mountlaser.com\/wp-content\/uploads\/2025\/12\/YS1150H3.webp 1000w, https:\/\/mountlaser.com\/wp-content\/uploads\/2025\/12\/YS1150H3-300x300.webp 300w, https:\/\/mountlaser.com\/wp-content\/uploads\/2025\/12\/YS1150H3-150x150.webp 150w, https:\/\/mountlaser.com\/wp-content\/uploads\/2025\/12\/YS1150H3-768x768.webp 768w, https:\/\/mountlaser.com\/wp-content\/uploads\/2025\/12\/YS1150H3-12x12.webp 12w, https:\/\/mountlaser.com\/wp-content\/uploads\/2025\/12\/YS1150H3-600x600.webp 600w, https:\/\/mountlaser.com\/wp-content\/uploads\/2025\/12\/YS1150H3-800x800.webp 800w, https:\/\/mountlaser.com\/wp-content\/uploads\/2025\/12\/YS1150H3-400x400.webp 400w\" sizes=\"(max-width: 500px) 100vw, 500px\" \/><\/td>\n<\/tr>\n<tr style=\"height: 14.25pt;\">\n<td class=\"et5\" style=\"height: 14.25pt;\" height=\"19\">YS1-150H<\/td>\n<td class=\"et5\">Gelb<\/td>\n<td class=\"et5\">Stahl<\/td>\n<td class=\"et5\">150 cm<\/td>\n<td class=\"et5\">5\/8\u2033-11<\/td>\n<td class=\"et6\"><img decoding=\"async\" class=\"alignnone wp-image-5983\" src=\"https:\/\/mountlaser.com\/wp-content\/uploads\/2025\/12\/YS1150H5.webp\" alt=\"YS1-120H Laser Level Tripod\" width=\"500\" height=\"500\" srcset=\"https:\/\/mountlaser.com\/wp-content\/uploads\/2025\/12\/YS1150H5.webp 1000w, https:\/\/mountlaser.com\/wp-content\/uploads\/2025\/12\/YS1150H5-300x300.webp 300w, https:\/\/mountlaser.com\/wp-content\/uploads\/2025\/12\/YS1150H5-150x150.webp 150w, https:\/\/mountlaser.com\/wp-content\/uploads\/2025\/12\/YS1150H5-768x768.webp 768w, https:\/\/mountlaser.com\/wp-content\/uploads\/2025\/12\/YS1150H5-12x12.webp 12w, https:\/\/mountlaser.com\/wp-content\/uploads\/2025\/12\/YS1150H5-600x600.webp 600w, https:\/\/mountlaser.com\/wp-content\/uploads\/2025\/12\/YS1150H5-800x800.webp 800w, https:\/\/mountlaser.com\/wp-content\/uploads\/2025\/12\/YS1150H5-400x400.webp 400w\" sizes=\"(max-width: 500px) 100vw, 500px\" \/><\/td>\n<\/tr>\n<\/tbody>\n<\/table>\n<\/div>","protected":false},"excerpt":{"rendered":"<ul>\n<li>Bietet eine stabile und sichere Unterst\u00fctzung f\u00fcr Laser-Nivellierger\u00e4te bei Mess- und Ausrichtungsaufgaben.<\/li>\n<li>Die verstellbare H\u00f6henverstellung erm\u00f6glicht eine pr\u00e4zise H\u00f6henpositionierung f\u00fcr eine genaue Laserprojektion.<\/li>\n<li>Der abnehmbare Neigekopf erm\u00f6glicht eine flexible Winkeleinstellung f\u00fcr verbesserte Benutzerfreundlichkeit.<\/li>\n<li>Hufeisenf\u00f6rmige F\u00fc\u00dfe verbessern die Stabilit\u00e4t auf unebenem oder weichem Untergrund.<\/li>\n<li>Die gut sichtbare gelbe Lackierung erh\u00f6ht die Sicherheit auf der Baustelle und die Werkzeugerkennung.<\/li>\n<\/ul>","protected":false},"featured_media":5980,"comment_status":"open","ping_status":"closed","template":"","meta":[],"product_brand":[],"product_cat":[122,94],"product_tag":[],"class_list":{"0":"post-5978","1":"product","2":"type-product","3":"status-publish","4":"has-post-thumbnail","6":"product_cat-laser-level-tripod","7":"product_cat-laser-level-accessory","9":"first","10":"instock","11":"shipping-taxable","12":"product-type-simple"},"_links":{"self":[{"href":"https:\/\/mountlaser.com\/de\/wp-json\/wp\/v2\/product\/5978","targetHints":{"allow":["GET"]}}],"collection":[{"href":"https:\/\/mountlaser.com\/de\/wp-json\/wp\/v2\/product"}],"about":[{"href":"https:\/\/mountlaser.com\/de\/wp-json\/wp\/v2\/types\/product"}],"replies":[{"embeddable":true,"href":"https:\/\/mountlaser.com\/de\/wp-json\/wp\/v2\/comments?post=5978"}],"wp:featuredmedia":[{"embeddable":true,"href":"https:\/\/mountlaser.com\/de\/wp-json\/wp\/v2\/media\/5980"}],"wp:attachment":[{"href":"https:\/\/mountlaser.com\/de\/wp-json\/wp\/v2\/media?parent=5978"}],"wp:term":[{"taxonomy":"product_brand","embeddable":true,"href":"https:\/\/mountlaser.com\/de\/wp-json\/wp\/v2\/product_brand?post=5978"},{"taxonomy":"product_cat","embeddable":true,"href":"https:\/\/mountlaser.com\/de\/wp-json\/wp\/v2\/product_cat?post=5978"},{"taxonomy":"product_tag","embeddable":true,"href":"https:\/\/mountlaser.com\/de\/wp-json\/wp\/v2\/product_tag?post=5978"}],"curies":[{"name":"wp","href":"https:\/\/api.w.org\/{rel}","templated":true}]}}