{"id":5952,"date":"2025-12-16T03:15:21","date_gmt":"2025-12-16T03:15:21","guid":{"rendered":"https:\/\/mountlaser.com\/?post_type=product&#038;p=5952"},"modified":"2025-12-16T03:15:22","modified_gmt":"2025-12-16T03:15:22","slug":"sc82001-82002-soft-case","status":"publish","type":"product","link":"https:\/\/mountlaser.com\/de\/produkt\/sc82001-82002-soft-case\/","title":{"rendered":"SC82001 Softcase"},"content":{"rendered":"<p>Der <a href=\"https:\/\/mountlaser.com\/de\/\"><strong>SC82001\/82002 Softcase<\/strong><\/a> ist ein professioneller Spraydosenhalter mit Taschen und Clip, der speziell f\u00fcr Vermesser und Baufachleute entwickelt wurde, die im Au\u00dfeneinsatz schnell und \u00fcbersichtlich auf ihre Markierungswerkzeuge zugreifen m\u00fcssen. Die aus robustem 1000D Cordura-Nylon gefertigte Softtasche SC82001\/82002 bietet hervorragende Rei\u00df- und Abriebfestigkeit f\u00fcr den langfristigen Einsatz im Freien. Als vielseitige <a href=\"https:\/\/mountlaser.com\/de\/produkt-kategorie\/surveying-accessory\/\"><strong>Spraydosenhalter mit Taschen und Clip<\/strong><\/a>, Die Tasche bietet sicheren Halt f\u00fcr eine Standard-Farbdose oder zwei 0,35-Liter-Getr\u00e4nkedosen sowie wichtiges Zubeh\u00f6r wie Stifte, Bleistifte und Lineale. Das Softcase SC82001\/82002 verf\u00fcgt \u00fcber Klettverschl\u00fcsse und ein verst\u00e4rktes Dosenfach f\u00fcr schnellen Zugriff. Dank der praktischen Taschen und des Clips bleibt alles auch beim Transport sicher an seinem Platz. F\u00fcr zus\u00e4tzlichen Stauraum ist die SC82002-Version des Softcases SC82001\/82002 mit einer horizontalen Rei\u00dfverschlusstasche am Boden ausgestattet und somit ideal f\u00fcr anspruchsvolle Baustellen geeignet.<\/p>\n<p><img fetchpriority=\"high\" decoding=\"async\" class=\"aligncenter wp-image-5953\" src=\"https:\/\/mountlaser.com\/wp-content\/uploads\/2025\/12\/SC82001.webp\" alt=\"SC82001\/82002 Soft case\" width=\"500\" height=\"500\" srcset=\"https:\/\/mountlaser.com\/wp-content\/uploads\/2025\/12\/SC82001.webp 1000w, https:\/\/mountlaser.com\/wp-content\/uploads\/2025\/12\/SC82001-300x300.webp 300w, https:\/\/mountlaser.com\/wp-content\/uploads\/2025\/12\/SC82001-150x150.webp 150w, https:\/\/mountlaser.com\/wp-content\/uploads\/2025\/12\/SC82001-768x768.webp 768w, https:\/\/mountlaser.com\/wp-content\/uploads\/2025\/12\/SC82001-12x12.webp 12w, https:\/\/mountlaser.com\/wp-content\/uploads\/2025\/12\/SC82001-600x600.webp 600w, https:\/\/mountlaser.com\/wp-content\/uploads\/2025\/12\/SC82001-800x800.webp 800w, https:\/\/mountlaser.com\/wp-content\/uploads\/2025\/12\/SC82001-400x400.webp 400w\" sizes=\"(max-width: 500px) 100vw, 500px\" \/><\/p>\n<p>Der <a href=\"https:\/\/mountlaser.com\/de\/contact-us\/\">SC82001\/82002 Softcase<\/a> ist ein robuster und praktischer Spr\u00fchdosenhalter mit Taschen und Clip, der Langlebigkeit, Organisation und Komfort f\u00fcr professionelle Vermessungs- und Baustellenmarkierungsarbeiten bietet.<\/p>","protected":false},"excerpt":{"rendered":"<ul>\n<li>Dient als robuster Spr\u00fchdosenhalter mit Taschen und Clip zur Feldmarkierung<\/li>\n<li>Mehrere Taschen f\u00fcr Stifte, Bleistifte und Klapplineale<\/li>\n<li>Klettverschluss-Sicherheitsgurte halten Werkzeuge w\u00e4hrend der Bewegung stabil.<\/li>\n<li>2 Zoll breite G\u00fcrtelschlaufe mit verst\u00e4rktem Nylongewebe<\/li>\n<li>Robuster Kunststoffclip zur sicheren Befestigung am G\u00fcrtel<\/li>\n<li>SC82002 verf\u00fcgt \u00fcber eine Rei\u00dfverschlusstasche am Boden f\u00fcr zus\u00e4tzlichen Stauraum.<\/li>\n<\/ul>","protected":false},"featured_media":5953,"comment_status":"open","ping_status":"closed","template":"","meta":[],"product_brand":[],"product_cat":[164,79],"product_tag":[],"class_list":{"0":"post-5952","1":"product","2":"type-product","3":"status-publish","4":"has-post-thumbnail","6":"product_cat-soft-case","7":"product_cat-surveying-accessory","9":"first","10":"instock","11":"shipping-taxable","12":"product-type-simple"},"_links":{"self":[{"href":"https:\/\/mountlaser.com\/de\/wp-json\/wp\/v2\/product\/5952","targetHints":{"allow":["GET"]}}],"collection":[{"href":"https:\/\/mountlaser.com\/de\/wp-json\/wp\/v2\/product"}],"about":[{"href":"https:\/\/mountlaser.com\/de\/wp-json\/wp\/v2\/types\/product"}],"replies":[{"embeddable":true,"href":"https:\/\/mountlaser.com\/de\/wp-json\/wp\/v2\/comments?post=5952"}],"wp:featuredmedia":[{"embeddable":true,"href":"https:\/\/mountlaser.com\/de\/wp-json\/wp\/v2\/media\/5953"}],"wp:attachment":[{"href":"https:\/\/mountlaser.com\/de\/wp-json\/wp\/v2\/media?parent=5952"}],"wp:term":[{"taxonomy":"product_brand","embeddable":true,"href":"https:\/\/mountlaser.com\/de\/wp-json\/wp\/v2\/product_brand?post=5952"},{"taxonomy":"product_cat","embeddable":true,"href":"https:\/\/mountlaser.com\/de\/wp-json\/wp\/v2\/product_cat?post=5952"},{"taxonomy":"product_tag","embeddable":true,"href":"https:\/\/mountlaser.com\/de\/wp-json\/wp\/v2\/product_tag?post=5952"}],"curies":[{"name":"wp","href":"https:\/\/api.w.org\/{rel}","templated":true}]}}