{"id":5918,"date":"2025-12-15T09:06:43","date_gmt":"2025-12-15T09:06:43","guid":{"rendered":"https:\/\/mountlaser.com\/?post_type=product&#038;p=5918"},"modified":"2025-12-15T09:09:10","modified_gmt":"2025-12-15T09:09:10","slug":"de20-diagonal-eyepiece","status":"publish","type":"product","link":"https:\/\/mountlaser.com\/de\/produkt\/de20-diagonal-eyepiece\/","title":{"rendered":"DE20 Diagonalokular"},"content":{"rendered":"<p>Steigern Sie Komfort und Pr\u00e4zision bei Ihrer Feldarbeit mit dem Mountlaser. <a href=\"https:\/\/mountlaser.com\/de\/\">DE20 Diagonalokular<\/a>. Dieses unverzichtbare Zubeh\u00f6rteil ist f\u00fcr die nahtlose Integration in Ihre Totalstation konzipiert und bietet eine optimale Sichtl\u00f6sung f\u00fcr anspruchsvolle Messungen. <strong><a href=\"https:\/\/mountlaser.com\/de\/\">Diagonalokular f\u00fcr Totalstation<\/a><\/strong>, Das Modell DE20 ver\u00e4ndert Ihren Arbeitsablauf, indem es eine ergonomischere Beobachtungshaltung erm\u00f6glicht.<\/p>\n<p>Die Hauptfunktion dieses hochwertigen Winkelokulars f\u00fcr Totalstationen besteht darin, die Nacken- und R\u00fcckenbelastung des Bedieners zu reduzieren. Durch den 45\u00b0-Betrachtungswinkel entf\u00e4llt das B\u00fccken oder Hocken in unbequemen Positionen beim Zielen durch das Teleskop. Dieses ergonomische Design tr\u00e4gt direkt zu verbesserter Konzentration und geringerer Erm\u00fcdung bei l\u00e4ngeren Vermessungssitzungen bei und f\u00fchrt somit zu einer zuverl\u00e4ssigeren und konsistenteren Datenerfassung.<\/p>\n<p><img fetchpriority=\"high\" decoding=\"async\" class=\"aligncenter wp-image-5920\" src=\"https:\/\/mountlaser.com\/wp-content\/uploads\/2025\/12\/DE202.webp\" alt=\"Total Station Angled Eyepiece\" width=\"500\" height=\"500\" srcset=\"https:\/\/mountlaser.com\/wp-content\/uploads\/2025\/12\/DE202.webp 1000w, https:\/\/mountlaser.com\/wp-content\/uploads\/2025\/12\/DE202-300x300.webp 300w, https:\/\/mountlaser.com\/wp-content\/uploads\/2025\/12\/DE202-150x150.webp 150w, https:\/\/mountlaser.com\/wp-content\/uploads\/2025\/12\/DE202-768x768.webp 768w, https:\/\/mountlaser.com\/wp-content\/uploads\/2025\/12\/DE202-12x12.webp 12w, https:\/\/mountlaser.com\/wp-content\/uploads\/2025\/12\/DE202-600x600.webp 600w, https:\/\/mountlaser.com\/wp-content\/uploads\/2025\/12\/DE202-800x800.webp 800w, https:\/\/mountlaser.com\/wp-content\/uploads\/2025\/12\/DE202-400x400.webp 400w\" sizes=\"(max-width: 500px) 100vw, 500px\" \/><\/p>\n<p>Dieses speziell f\u00fcr die Kompatibilit\u00e4t entwickelte Diagonalokular f\u00fcr Totalstationen ist die perfekte Erg\u00e4nzung f\u00fcr LDT-Modelle wie 302, 302L, 402E, 402EL, 402A und 402AL. Seine pr\u00e4zise Konstruktion gew\u00e4hrleistet einen sicheren Sitz und erh\u00e4lt die optische Integrit\u00e4t Ihres Instruments.<\/p>\n<p>&nbsp;<\/p>\n<p>&nbsp;<\/p>","protected":false},"excerpt":{"rendered":"<ul>\n<li>Das Mountlaser DE20 Diagonalokular ist eine unverzichtbare Aufr\u00fcstung f\u00fcr jeden Vermesser.<\/li>\n<li>Das Total Station Angled Octreepiece vereint auf meisterhafte Weise ergonomischen Komfort mit optischer Pr\u00e4zision und geht damit direkt auf eine h\u00e4ufige physische Herausforderung bei Feldarbeiten ein.<\/li>\n<li>Durch die Erm\u00f6glichung eines nat\u00fcrlicheren Betrachtungswinkels tr\u00e4gt es dazu bei, Belastungen vorzubeugen, Fehler zu minimieren und die Gesamtproduktivit\u00e4t zu steigern.<\/li>\n<\/ul>","protected":false},"featured_media":5919,"comment_status":"open","ping_status":"closed","template":"","meta":[],"product_brand":[],"product_cat":[144,166,79,95],"product_tag":[],"class_list":{"0":"post-5918","1":"product","2":"type-product","3":"status-publish","4":"has-post-thumbnail","6":"product_cat-theodoliteagent-sales","7":"product_cat-diagonal-eyepiece","8":"product_cat-surveying-accessory","9":"product_cat-agent-sales","11":"first","12":"instock","13":"shipping-taxable","14":"product-type-simple"},"_links":{"self":[{"href":"https:\/\/mountlaser.com\/de\/wp-json\/wp\/v2\/product\/5918","targetHints":{"allow":["GET"]}}],"collection":[{"href":"https:\/\/mountlaser.com\/de\/wp-json\/wp\/v2\/product"}],"about":[{"href":"https:\/\/mountlaser.com\/de\/wp-json\/wp\/v2\/types\/product"}],"replies":[{"embeddable":true,"href":"https:\/\/mountlaser.com\/de\/wp-json\/wp\/v2\/comments?post=5918"}],"wp:featuredmedia":[{"embeddable":true,"href":"https:\/\/mountlaser.com\/de\/wp-json\/wp\/v2\/media\/5919"}],"wp:attachment":[{"href":"https:\/\/mountlaser.com\/de\/wp-json\/wp\/v2\/media?parent=5918"}],"wp:term":[{"taxonomy":"product_brand","embeddable":true,"href":"https:\/\/mountlaser.com\/de\/wp-json\/wp\/v2\/product_brand?post=5918"},{"taxonomy":"product_cat","embeddable":true,"href":"https:\/\/mountlaser.com\/de\/wp-json\/wp\/v2\/product_cat?post=5918"},{"taxonomy":"product_tag","embeddable":true,"href":"https:\/\/mountlaser.com\/de\/wp-json\/wp\/v2\/product_tag?post=5918"}],"curies":[{"name":"wp","href":"https:\/\/api.w.org\/{rel}","templated":true}]}}