{"id":5913,"date":"2025-12-15T08:35:54","date_gmt":"2025-12-15T08:35:54","guid":{"rendered":"https:\/\/mountlaser.com\/?post_type=product&#038;p=5913"},"modified":"2025-12-15T08:35:54","modified_gmt":"2025-12-15T08:35:54","slug":"sc85013-soft-case","status":"publish","type":"product","link":"https:\/\/mountlaser.com\/de\/produkt\/sc85013-soft-case\/","title":{"rendered":"SC85013 Softcase"},"content":{"rendered":"<p data-start=\"111\" data-end=\"599\">Der <a href=\"https:\/\/mountlaser.com\/de\/\"><strong data-start=\"115\" data-end=\"136\">SC85013 Softcase<\/strong><\/a> ist eine professionelle Stativtasche, die f\u00fcr den sicheren Transport und die Aufbewahrung von Vermessungsstativen unter anspruchsvollen Feldbedingungen entwickelt wurde. Die SC85013 Softcase ist mit den meisten g\u00e4ngigen Stativmarken kompatibel, aus strapazierf\u00e4higem Fasermaterial gefertigt und verf\u00fcgt \u00fcber einen wasserdichten, abriebfesten und verst\u00e4rkten Boden f\u00fcr dauerhaften Schutz. Diese zuverl\u00e4ssige Tasche <a href=\"https:\/\/mountlaser.com\/de\/produkt-kategorie\/surveying-accessory\/\"><strong data-start=\"475\" data-end=\"489\">Stativtasche<\/strong> <\/a>ist ideal f\u00fcr Vermesser, Ingenieure und Baufachleute, die einen zuverl\u00e4ssigen Ger\u00e4tetransport ben\u00f6tigen.<\/p>\n<p data-start=\"111\" data-end=\"599\"><img fetchpriority=\"high\" decoding=\"async\" class=\"aligncenter wp-image-5914\" src=\"https:\/\/mountlaser.com\/wp-content\/uploads\/2025\/12\/SC85013-14.webp\" alt=\"SC85013 Soft Case\" width=\"500\" height=\"500\" srcset=\"https:\/\/mountlaser.com\/wp-content\/uploads\/2025\/12\/SC85013-14.webp 1000w, https:\/\/mountlaser.com\/wp-content\/uploads\/2025\/12\/SC85013-14-300x300.webp 300w, https:\/\/mountlaser.com\/wp-content\/uploads\/2025\/12\/SC85013-14-150x150.webp 150w, https:\/\/mountlaser.com\/wp-content\/uploads\/2025\/12\/SC85013-14-768x768.webp 768w, https:\/\/mountlaser.com\/wp-content\/uploads\/2025\/12\/SC85013-14-12x12.webp 12w, https:\/\/mountlaser.com\/wp-content\/uploads\/2025\/12\/SC85013-14-600x600.webp 600w, https:\/\/mountlaser.com\/wp-content\/uploads\/2025\/12\/SC85013-14-800x800.webp 800w, https:\/\/mountlaser.com\/wp-content\/uploads\/2025\/12\/SC85013-14-400x400.webp 400w\" sizes=\"(max-width: 500px) 100vw, 500px\" \/><\/p>\n<p data-start=\"601\" data-end=\"1053\">Mit einem sicheren Kordelzugverschluss erm\u00f6glicht die Softcase-Tasche SC85013 schnellen Zugriff und sch\u00fctzt das Stativ gleichzeitig vor Staub, Feuchtigkeit und St\u00f6\u00dfen. Als vielseitige Stativtasche ist sie in einer L\u00e4nge von 120 cm (SC85013) erh\u00e4ltlich und eignet sich daher auch f\u00fcr l\u00e4ngere Stative, die in professionellen Vermessungsanwendungen eingesetzt werden. Ob zur Aufbewahrung oder zum Transport \u2013 diese Tasche ist die ideale L\u00f6sung. <a href=\"https:\/\/mountlaser.com\/de\/about-us\/\">Stativtasche<\/a> bietet eine effektive L\u00f6sung zur Verl\u00e4ngerung der Lebensdauer von Stativen und zur Verbesserung der Effizienz auf der Baustelle.<\/p>","protected":false},"excerpt":{"rendered":"<ul>\n<li>Material: Strapazierf\u00e4higer Faserkorpus mit verst\u00e4rktem Boden<\/li>\n<li>Verschluss: Kordelzug oben<\/li>\n<li>L\u00e4nge: 120 cm<\/li>\n<li>Anwendung: Sicherer Transport und Aufbewahrung von Instrumentenstativen<\/li>\n<li>Sch\u00fctzt Stative vor Staub, Feuchtigkeit und Abrieb<\/li>\n<li>Verst\u00e4rkter, wasserdichter Boden f\u00fcr raue Baustellenbedingungen<\/li>\n<\/ul>","protected":false},"featured_media":5915,"comment_status":"open","ping_status":"closed","template":"","meta":[],"product_brand":[],"product_cat":[164,79],"product_tag":[],"class_list":{"0":"post-5913","1":"product","2":"type-product","3":"status-publish","4":"has-post-thumbnail","6":"product_cat-soft-case","7":"product_cat-surveying-accessory","9":"first","10":"instock","11":"shipping-taxable","12":"product-type-simple"},"_links":{"self":[{"href":"https:\/\/mountlaser.com\/de\/wp-json\/wp\/v2\/product\/5913","targetHints":{"allow":["GET"]}}],"collection":[{"href":"https:\/\/mountlaser.com\/de\/wp-json\/wp\/v2\/product"}],"about":[{"href":"https:\/\/mountlaser.com\/de\/wp-json\/wp\/v2\/types\/product"}],"replies":[{"embeddable":true,"href":"https:\/\/mountlaser.com\/de\/wp-json\/wp\/v2\/comments?post=5913"}],"wp:featuredmedia":[{"embeddable":true,"href":"https:\/\/mountlaser.com\/de\/wp-json\/wp\/v2\/media\/5915"}],"wp:attachment":[{"href":"https:\/\/mountlaser.com\/de\/wp-json\/wp\/v2\/media?parent=5913"}],"wp:term":[{"taxonomy":"product_brand","embeddable":true,"href":"https:\/\/mountlaser.com\/de\/wp-json\/wp\/v2\/product_brand?post=5913"},{"taxonomy":"product_cat","embeddable":true,"href":"https:\/\/mountlaser.com\/de\/wp-json\/wp\/v2\/product_cat?post=5913"},{"taxonomy":"product_tag","embeddable":true,"href":"https:\/\/mountlaser.com\/de\/wp-json\/wp\/v2\/product_tag?post=5913"}],"curies":[{"name":"wp","href":"https:\/\/api.w.org\/{rel}","templated":true}]}}