{"id":5912,"date":"2025-12-15T08:11:11","date_gmt":"2025-12-15T08:11:11","guid":{"rendered":"https:\/\/mountlaser.com\/?post_type=product&#038;p=5912"},"modified":"2025-12-15T08:11:12","modified_gmt":"2025-12-15T08:11:12","slug":"sc-ta02-soft-case","status":"publish","type":"product","link":"https:\/\/mountlaser.com\/de\/produkt\/sc-ta02-soft-case\/","title":{"rendered":"SC-TA02 Softcase"},"content":{"rendered":"<p data-start=\"111\" data-end=\"598\">Der <a href=\"https:\/\/mountlaser.com\/de\/\"><strong data-start=\"115\" data-end=\"136\">SC-TA02 Softcase<\/strong><\/a> ist langlebig und praktisch <a href=\"https:\/\/mountlaser.com\/de\/produkt-kategorie\/surveying-accessory\/\"><strong data-start=\"164\" data-end=\"209\">Quadratische Softcase f\u00fcr Tribrach und Adapter<\/strong><\/a>, Die SC-TA02 Softcase wurde speziell zum Schutz von Pr\u00e4zisionsvermessungszubeh\u00f6r beim Transport und der Lagerung entwickelt. Mit ihrer gut sichtbaren gelben Au\u00dfenseite, schwarzen Gurten und dem sch\u00fctzenden schwarzen Innenfutter vereint sie Sicherheit, Langlebigkeit und ein professionelles Erscheinungsbild f\u00fcr den t\u00e4glichen Einsatz im Gel\u00e4nde. Die quadratische Form gew\u00e4hrleistet einen pr\u00e4zisen Sitz f\u00fcr Tribrachs und Adapter und minimiert deren Bewegung im Inneren.<\/p>\n<p data-start=\"111\" data-end=\"598\"><img fetchpriority=\"high\" decoding=\"async\" class=\"aligncenter wp-image-5767\" src=\"https:\/\/mountlaser.com\/wp-content\/uploads\/2025\/12\/SC-TA026.webp\" alt=\"SC-TA02 soft case\" width=\"500\" height=\"500\" srcset=\"https:\/\/mountlaser.com\/wp-content\/uploads\/2025\/12\/SC-TA026.webp 1000w, https:\/\/mountlaser.com\/wp-content\/uploads\/2025\/12\/SC-TA026-300x300.webp 300w, https:\/\/mountlaser.com\/wp-content\/uploads\/2025\/12\/SC-TA026-150x150.webp 150w, https:\/\/mountlaser.com\/wp-content\/uploads\/2025\/12\/SC-TA026-768x768.webp 768w, https:\/\/mountlaser.com\/wp-content\/uploads\/2025\/12\/SC-TA026-12x12.webp 12w, https:\/\/mountlaser.com\/wp-content\/uploads\/2025\/12\/SC-TA026-600x600.webp 600w, https:\/\/mountlaser.com\/wp-content\/uploads\/2025\/12\/SC-TA026-800x800.webp 800w, https:\/\/mountlaser.com\/wp-content\/uploads\/2025\/12\/SC-TA026-400x400.webp 400w\" sizes=\"(max-width: 500px) 100vw, 500px\" \/><\/p>\n<p data-start=\"600\" data-end=\"1053\">Die SC-TA02 Softcase-Tasche mit leichtg\u00e4ngigem Rei\u00dfverschluss oben erm\u00f6glicht schnellen und einfachen Zugriff auf die Ausr\u00fcstung und gew\u00e4hrleistet gleichzeitig einen sicheren Verschluss. Als zuverl\u00e4ssige, quadratische Tasche f\u00fcr Dreifu\u00df und Adapter sch\u00fctzt sie vor Staub, Kratzern und leichten St\u00f6\u00dfen. Ob auf Baustellen oder beim Transport \u2013 diese Tasche ist die ideale L\u00f6sung. <a href=\"https:\/\/mountlaser.com\/de\/contact-us\/\">Quadratische Softcase f\u00fcr Tribrach und Adapter<\/a> bietet zuverl\u00e4ssigen Schutz und verl\u00e4ngert die Lebensdauer Ihrer Vermessungsger\u00e4te.<\/p>","protected":false},"excerpt":{"rendered":"<ul>\n<li>Typ: Quadratische Softcase-Tasche f\u00fcr Dreifu\u00df und Adapter<\/li>\n<li>Design: Quadratische Form f\u00fcr eine stabile Ger\u00e4teaufstellung<\/li>\n<li>Au\u00dfen: Gelbe Schale mit schwarzen Riemen f\u00fcr gute Sichtbarkeit<\/li>\n<li>Sch\u00fctzt Dreibeinstative und Adapter vor Staub, Kratzern und leichten St\u00f6\u00dfen.<\/li>\n<li>H\u00e4lt die Ausr\u00fcstung w\u00e4hrend des Transports organisiert und sicher.<\/li>\n<li>Erm\u00f6glicht schnellen Zugriff dank eines robusten Rei\u00dfverschlusses an der Oberseite.<\/li>\n<\/ul>","protected":false},"featured_media":5767,"comment_status":"open","ping_status":"closed","template":"","meta":[],"product_brand":[],"product_cat":[164,79],"product_tag":[],"class_list":{"0":"post-5912","1":"product","2":"type-product","3":"status-publish","4":"has-post-thumbnail","6":"product_cat-soft-case","7":"product_cat-surveying-accessory","9":"first","10":"instock","11":"shipping-taxable","12":"product-type-simple"},"_links":{"self":[{"href":"https:\/\/mountlaser.com\/de\/wp-json\/wp\/v2\/product\/5912","targetHints":{"allow":["GET"]}}],"collection":[{"href":"https:\/\/mountlaser.com\/de\/wp-json\/wp\/v2\/product"}],"about":[{"href":"https:\/\/mountlaser.com\/de\/wp-json\/wp\/v2\/types\/product"}],"replies":[{"embeddable":true,"href":"https:\/\/mountlaser.com\/de\/wp-json\/wp\/v2\/comments?post=5912"}],"wp:featuredmedia":[{"embeddable":true,"href":"https:\/\/mountlaser.com\/de\/wp-json\/wp\/v2\/media\/5767"}],"wp:attachment":[{"href":"https:\/\/mountlaser.com\/de\/wp-json\/wp\/v2\/media?parent=5912"}],"wp:term":[{"taxonomy":"product_brand","embeddable":true,"href":"https:\/\/mountlaser.com\/de\/wp-json\/wp\/v2\/product_brand?post=5912"},{"taxonomy":"product_cat","embeddable":true,"href":"https:\/\/mountlaser.com\/de\/wp-json\/wp\/v2\/product_cat?post=5912"},{"taxonomy":"product_tag","embeddable":true,"href":"https:\/\/mountlaser.com\/de\/wp-json\/wp\/v2\/product_tag?post=5912"}],"curies":[{"name":"wp","href":"https:\/\/api.w.org\/{rel}","templated":true}]}}