{"id":5901,"date":"2025-12-15T07:01:26","date_gmt":"2025-12-15T07:01:26","guid":{"rendered":"https:\/\/mountlaser.com\/?post_type=product&#038;p=5901"},"modified":"2025-12-15T07:10:17","modified_gmt":"2025-12-15T07:10:17","slug":"sn06-surveying-nail","status":"publish","type":"product","link":"https:\/\/mountlaser.com\/de\/produkt\/sn06-surveying-nail\/","title":{"rendered":"SN06 Vermessungsnagel"},"content":{"rendered":"<div>\n<p data-start=\"114\" data-end=\"619\">Der<a href=\"https:\/\/mountlaser.com\/de\/\"> <strong data-start=\"118\" data-end=\"141\">SN06 Vermessungsnagel<\/strong><\/a> Der SN06 Vermessungsnagel ist ein robuster und professioneller Markierungsnagel zur pr\u00e4zisen und zuverl\u00e4ssigen Festlegung und Kennzeichnung von Bodenreferenzpunkten. Hergestellt aus hochwertigem, verzinktem Eisen, bietet er hervorragende Korrosionsbest\u00e4ndigkeit und langfristige Leistungsf\u00e4higkeit auch unter anspruchsvollen Au\u00dfenbedingungen. Sein flacher, runder Kopf macht ihn zu einem zuverl\u00e4ssigen Vermessungsnagel. <a href=\"https:\/\/mountlaser.com\/de\/produkt-kategorie\/surveying-accessory\/\"><strong data-start=\"510\" data-end=\"546\">Vermessungsnagel mit flachem Rundkopf<\/strong><\/a>, wodurch eine klare Sicht und ein stabiler Halt w\u00e4hrend der Feldarbeiten gew\u00e4hrleistet werden.<\/p>\n<p data-start=\"621\" data-end=\"1151\">Der SN06-Vermessungsnagel findet breite Anwendung in der Ingenieurvermessung, im Bauwesen und in der Katasterkartierung und bietet einen stabilen und langlebigen Referenzpunkt f\u00fcr kritische Messungen. Er ist mit einem Durchmesser von 8,8 mm und L\u00e4ngen von 55 mm und 100 mm erh\u00e4ltlich. <a href=\"https:\/\/mountlaser.com\/de\/contact-us\/\">SN06 Vermessungsnagel<\/a> Passt sich problemlos an unterschiedliche Bodenverh\u00e4ltnisse an. Als professioneller Vermessungsnagel mit flachem Rundkopf erm\u00f6glicht er eine einfache Installation, feste Verankerung und gleichm\u00e4\u00dfige Positionierung und ist somit ein unverzichtbares Werkzeug f\u00fcr Vermesser, die auf Genauigkeit und Langlebigkeit angewiesen sind.<\/p>\n<table style=\"border-collapse: collapse; width: 1002.02pt;\" border=\"0\" width=\"1336\" cellspacing=\"0\" cellpadding=\"0\">\n<tbody>\n<tr style=\"height: 14.25pt;\">\n<td class=\"et2\" style=\"height: 14.25pt; width: 127.50pt;\" width=\"170\" height=\"19\">NUMMER<\/td>\n<td class=\"et3\" style=\"width: 196.50pt;\" width=\"262\">METRIAL<\/td>\n<td class=\"et3\" style=\"width: 213.00pt;\" width=\"284\">DURCHMESSER D<\/td>\n<td class=\"et3\" style=\"width: 93.75pt;\" width=\"125\">GR\u00d6SSE L<\/td>\n<td class=\"et3\" style=\"width: 170.25pt;\" width=\"227\">Mindestbestellmenge (St\u00fcck)<\/td>\n<td class=\"et4\" style=\"width: 201.00pt;\" width=\"268\">BILD<\/td>\n<\/tr>\n<tr style=\"height: 14.25pt;\">\n<td class=\"et5\" style=\"height: 14.25pt;\" height=\"19\">SN06-88055\/88100<\/td>\n<td class=\"et5\">Verzinktes Eisen<\/td>\n<td class=\"et5\">8,8 mm<\/td>\n<td class=\"et5\">55\/100 mm<\/td>\n<td class=\"et6\">1000<\/td>\n<td class=\"et7\"><img fetchpriority=\"high\" decoding=\"async\" class=\"alignnone wp-image-5904\" src=\"https:\/\/mountlaser.com\/wp-content\/uploads\/2025\/12\/SN063.webp\" alt=\"SN06 Surveying Nail\" width=\"500\" height=\"500\" srcset=\"https:\/\/mountlaser.com\/wp-content\/uploads\/2025\/12\/SN063.webp 1000w, https:\/\/mountlaser.com\/wp-content\/uploads\/2025\/12\/SN063-300x300.webp 300w, https:\/\/mountlaser.com\/wp-content\/uploads\/2025\/12\/SN063-150x150.webp 150w, https:\/\/mountlaser.com\/wp-content\/uploads\/2025\/12\/SN063-768x768.webp 768w, https:\/\/mountlaser.com\/wp-content\/uploads\/2025\/12\/SN063-12x12.webp 12w, https:\/\/mountlaser.com\/wp-content\/uploads\/2025\/12\/SN063-600x600.webp 600w, https:\/\/mountlaser.com\/wp-content\/uploads\/2025\/12\/SN063-800x800.webp 800w, https:\/\/mountlaser.com\/wp-content\/uploads\/2025\/12\/SN063-400x400.webp 400w\" sizes=\"(max-width: 500px) 100vw, 500px\" \/><\/td>\n<\/tr>\n<\/tbody>\n<\/table>\n<\/div>","protected":false},"excerpt":{"rendered":"<ul>\n<li>Material: Verzinktes Eisen f\u00fcr Festigkeit und Korrosionsbest\u00e4ndigkeit<\/li>\n<li>Flaches, rundes Kopfdesign f\u00fcr bessere Sichtbarkeit und Stabilit\u00e4t<\/li>\n<li>Zuverl\u00e4ssiger Vermessungsnagel mit flachem Rundkopf f\u00fcr professionelle Vermessungsanwendungen<\/li>\n<\/ul>","protected":false},"featured_media":5902,"comment_status":"open","ping_status":"closed","template":"","meta":[],"product_brand":[],"product_cat":[152,79],"product_tag":[],"class_list":{"0":"post-5901","1":"product","2":"type-product","3":"status-publish","4":"has-post-thumbnail","6":"product_cat-surveying-marker","7":"product_cat-surveying-accessory","9":"first","10":"instock","11":"shipping-taxable","12":"product-type-simple"},"_links":{"self":[{"href":"https:\/\/mountlaser.com\/de\/wp-json\/wp\/v2\/product\/5901","targetHints":{"allow":["GET"]}}],"collection":[{"href":"https:\/\/mountlaser.com\/de\/wp-json\/wp\/v2\/product"}],"about":[{"href":"https:\/\/mountlaser.com\/de\/wp-json\/wp\/v2\/types\/product"}],"replies":[{"embeddable":true,"href":"https:\/\/mountlaser.com\/de\/wp-json\/wp\/v2\/comments?post=5901"}],"wp:featuredmedia":[{"embeddable":true,"href":"https:\/\/mountlaser.com\/de\/wp-json\/wp\/v2\/media\/5902"}],"wp:attachment":[{"href":"https:\/\/mountlaser.com\/de\/wp-json\/wp\/v2\/media?parent=5901"}],"wp:term":[{"taxonomy":"product_brand","embeddable":true,"href":"https:\/\/mountlaser.com\/de\/wp-json\/wp\/v2\/product_brand?post=5901"},{"taxonomy":"product_cat","embeddable":true,"href":"https:\/\/mountlaser.com\/de\/wp-json\/wp\/v2\/product_cat?post=5901"},{"taxonomy":"product_tag","embeddable":true,"href":"https:\/\/mountlaser.com\/de\/wp-json\/wp\/v2\/product_tag?post=5901"}],"curies":[{"name":"wp","href":"https:\/\/api.w.org\/{rel}","templated":true}]}}