{"id":5878,"date":"2025-12-15T02:12:05","date_gmt":"2025-12-15T02:12:05","guid":{"rendered":"https:\/\/mountlaser.com\/?post_type=product&#038;p=5878"},"modified":"2025-12-15T02:12:05","modified_gmt":"2025-12-15T02:12:05","slug":"cm05-crack-monitor","status":"publish","type":"product","link":"https:\/\/mountlaser.com\/de\/produkt\/cm05-crack-monitor\/","title":{"rendered":"CM05 Crack Monitor"},"content":{"rendered":"<p>Der <a href=\"https:\/\/mountlaser.com\/de\/\"><strong>CM05 Crack Monitor<\/strong><\/a> ist ein hochpr\u00e4zises <a href=\"https:\/\/mountlaser.com\/de\/produkt-kategorie\/surveying-accessory\/\"><strong>Rissmessger\u00e4t zur Wandmessung<\/strong><\/a> Der CM05 Rissmonitor wurde entwickelt, um die Bewegung von Strukturrissen im Zeitverlauf pr\u00e4zise zu erfassen. Als Mountlaser Standard Tell-Tale verf\u00fcgt er \u00fcber zwei \u00fcberlappende Platten: eine transparente Platte mit einem feinen Fadenkreuz und eine kalibrierte Platte mit Millimeter-Markierungen, die klare und zuverl\u00e4ssige Messwerte gew\u00e4hrleisten.<\/p>\n<p><img fetchpriority=\"high\" decoding=\"async\" class=\"aligncenter wp-image-5392\" src=\"https:\/\/mountlaser.com\/wp-content\/uploads\/2025\/12\/\u4e3b\u56fe2-3.webp\" alt=\"CM05 Crack Monitor\" width=\"500\" height=\"500\" srcset=\"https:\/\/mountlaser.com\/wp-content\/uploads\/2025\/12\/\u4e3b\u56fe2-3.webp 1000w, https:\/\/mountlaser.com\/wp-content\/uploads\/2025\/12\/\u4e3b\u56fe2-3-300x300.webp 300w, https:\/\/mountlaser.com\/wp-content\/uploads\/2025\/12\/\u4e3b\u56fe2-3-150x150.webp 150w, https:\/\/mountlaser.com\/wp-content\/uploads\/2025\/12\/\u4e3b\u56fe2-3-768x768.webp 768w, https:\/\/mountlaser.com\/wp-content\/uploads\/2025\/12\/\u4e3b\u56fe2-3-12x12.webp 12w, https:\/\/mountlaser.com\/wp-content\/uploads\/2025\/12\/\u4e3b\u56fe2-3-600x600.webp 600w, https:\/\/mountlaser.com\/wp-content\/uploads\/2025\/12\/\u4e3b\u56fe2-3-800x800.webp 800w, https:\/\/mountlaser.com\/wp-content\/uploads\/2025\/12\/\u4e3b\u56fe2-3-400x400.webp 400w\" sizes=\"(max-width: 500px) 100vw, 500px\" \/><\/p>\n<p>Der CM05 wurde speziell als Rissmessger\u00e4t f\u00fcr W\u00e4nde entwickelt und eignet sich ideal zur \u00dcberwachung von Rissen in W\u00e4nden, Mauerwerk, Beton und anderen Bauwerken. Die Installation ist dank der mitgelieferten Schrauben einfach; bei Bedarf kann zus\u00e4tzlich Klebstoff verwendet werden. Jedes CM05 Rissmessger\u00e4t wird mit einer detaillierten Installationsanleitung und einem Rissprotokollblatt geliefert. <a href=\"https:\/\/mountlaser.com\/de\/about-us\/\">Rissmessger\u00e4t zur Wandmessung<\/a> Eine zuverl\u00e4ssige L\u00f6sung f\u00fcr die langfristige Strukturanalyse.<\/p>","protected":false},"excerpt":{"rendered":"<ul>\n<li>Misst pr\u00e4zise die Bewegung von Wandrissen in Millimetern.<\/li>\n<li>Erm\u00f6glicht die langfristige \u00dcberwachung und den Vergleich von Rissver\u00e4nderungen<\/li>\n<li>Bietet klare visuelle Ablesungen mit Fadenkreuzausrichtung.<\/li>\n<\/ul>","protected":false},"featured_media":5393,"comment_status":"open","ping_status":"closed","template":"","meta":[],"product_brand":[],"product_cat":[151,79],"product_tag":[],"class_list":{"0":"post-5878","1":"product","2":"type-product","3":"status-publish","4":"has-post-thumbnail","6":"product_cat-crack-monitor","7":"product_cat-surveying-accessory","9":"first","10":"instock","11":"shipping-taxable","12":"product-type-simple"},"_links":{"self":[{"href":"https:\/\/mountlaser.com\/de\/wp-json\/wp\/v2\/product\/5878","targetHints":{"allow":["GET"]}}],"collection":[{"href":"https:\/\/mountlaser.com\/de\/wp-json\/wp\/v2\/product"}],"about":[{"href":"https:\/\/mountlaser.com\/de\/wp-json\/wp\/v2\/types\/product"}],"replies":[{"embeddable":true,"href":"https:\/\/mountlaser.com\/de\/wp-json\/wp\/v2\/comments?post=5878"}],"wp:featuredmedia":[{"embeddable":true,"href":"https:\/\/mountlaser.com\/de\/wp-json\/wp\/v2\/media\/5393"}],"wp:attachment":[{"href":"https:\/\/mountlaser.com\/de\/wp-json\/wp\/v2\/media?parent=5878"}],"wp:term":[{"taxonomy":"product_brand","embeddable":true,"href":"https:\/\/mountlaser.com\/de\/wp-json\/wp\/v2\/product_brand?post=5878"},{"taxonomy":"product_cat","embeddable":true,"href":"https:\/\/mountlaser.com\/de\/wp-json\/wp\/v2\/product_cat?post=5878"},{"taxonomy":"product_tag","embeddable":true,"href":"https:\/\/mountlaser.com\/de\/wp-json\/wp\/v2\/product_tag?post=5878"}],"curies":[{"name":"wp","href":"https:\/\/api.w.org\/{rel}","templated":true}]}}