{"id":5877,"date":"2025-12-15T01:38:15","date_gmt":"2025-12-15T01:38:15","guid":{"rendered":"https:\/\/mountlaser.com\/?post_type=product&#038;p=5877"},"modified":"2025-12-15T01:38:15","modified_gmt":"2025-12-15T01:38:15","slug":"cm04-crack-monitor","status":"publish","type":"product","link":"https:\/\/mountlaser.com\/de\/produkt\/cm04-crack-monitor\/","title":{"rendered":"CM04 Crack Monitor"},"content":{"rendered":"<p>Der <a href=\"https:\/\/mountlaser.com\/de\/\"><strong>CM04 Crack Monitor<\/strong><\/a> ist ein professionelles Produkt <a href=\"https:\/\/mountlaser.com\/de\/produkt-kategorie\/surveying-accessory\/\"><strong>Rissmessger\u00e4t<\/strong><\/a> Der CM04 Crack Monitor wurde f\u00fcr die pr\u00e4zise und langfristige Beobachtung der Rissausbreitung in Bauwerken entwickelt. Er ist als Mountlaser Standard Tell-Tale konzipiert und verwendet zwei \u00fcberlappende Platten: eine transparente Platte mit einem feinen Fadenkreuz und eine zweite, in Millimetern kalibrierte Platte, die pr\u00e4zise visuelle Messwerte erm\u00f6glicht.<\/p>\n<p><img fetchpriority=\"high\" decoding=\"async\" class=\"aligncenter wp-image-5385\" src=\"https:\/\/mountlaser.com\/wp-content\/uploads\/2025\/12\/CM043.webp\" alt=\"CM04 Crack Monitor\" width=\"500\" height=\"500\" srcset=\"https:\/\/mountlaser.com\/wp-content\/uploads\/2025\/12\/CM043.webp 1200w, https:\/\/mountlaser.com\/wp-content\/uploads\/2025\/12\/CM043-300x300.webp 300w, https:\/\/mountlaser.com\/wp-content\/uploads\/2025\/12\/CM043-1024x1024.webp 1024w, https:\/\/mountlaser.com\/wp-content\/uploads\/2025\/12\/CM043-150x150.webp 150w, https:\/\/mountlaser.com\/wp-content\/uploads\/2025\/12\/CM043-768x768.webp 768w, https:\/\/mountlaser.com\/wp-content\/uploads\/2025\/12\/CM043-12x12.webp 12w, https:\/\/mountlaser.com\/wp-content\/uploads\/2025\/12\/CM043-600x600.webp 600w, https:\/\/mountlaser.com\/wp-content\/uploads\/2025\/12\/CM043-800x800.webp 800w, https:\/\/mountlaser.com\/wp-content\/uploads\/2025\/12\/CM043-400x400.webp 400w\" sizes=\"(max-width: 500px) 100vw, 500px\" \/><\/p>\n<p>Der Rissmonitor CM04 wurde f\u00fcr zuverl\u00e4ssige Rissmessungen entwickelt und eignet sich ideal f\u00fcr Geb\u00e4ude, Br\u00fccken, Tunnel und Betonkonstruktionen. Die Installation erfolgt schnell und sicher mit den mitgelieferten Schrauben; optional kann zus\u00e4tzlich eine Klebeverbindung hergestellt werden (nicht im Lieferumfang enthalten).<a href=\"https:\/\/mountlaser.com\/de\/contact-us\/\"> Rissmessger\u00e4t<\/a>\u00a0Enth\u00e4lt eine vollst\u00e4ndige Installationsanleitung und ein Rissprotokollblatt und ist somit eine zuverl\u00e4ssige Rissmessger\u00e4t-\u00dcberwachungsl\u00f6sung f\u00fcr die kontinuierliche Struktur\u00fcberwachung.<\/p>","protected":false},"excerpt":{"rendered":"<ul>\n<li>\u00dcberwacht pr\u00e4zise die horizontale und vertikale Rissbewegung<\/li>\n<li>Bietet gut ablesbare Millimeter-Skala f\u00fcr pr\u00e4zise Messungen<\/li>\n<li>Unterst\u00fctzt die langfristige Analyse und Dokumentation von Rissentwicklungen<\/li>\n<\/ul>","protected":false},"featured_media":5383,"comment_status":"open","ping_status":"closed","template":"","meta":[],"product_brand":[],"product_cat":[151,79],"product_tag":[],"class_list":{"0":"post-5877","1":"product","2":"type-product","3":"status-publish","4":"has-post-thumbnail","6":"product_cat-crack-monitor","7":"product_cat-surveying-accessory","9":"first","10":"instock","11":"shipping-taxable","12":"product-type-simple"},"_links":{"self":[{"href":"https:\/\/mountlaser.com\/de\/wp-json\/wp\/v2\/product\/5877","targetHints":{"allow":["GET"]}}],"collection":[{"href":"https:\/\/mountlaser.com\/de\/wp-json\/wp\/v2\/product"}],"about":[{"href":"https:\/\/mountlaser.com\/de\/wp-json\/wp\/v2\/types\/product"}],"replies":[{"embeddable":true,"href":"https:\/\/mountlaser.com\/de\/wp-json\/wp\/v2\/comments?post=5877"}],"wp:featuredmedia":[{"embeddable":true,"href":"https:\/\/mountlaser.com\/de\/wp-json\/wp\/v2\/media\/5383"}],"wp:attachment":[{"href":"https:\/\/mountlaser.com\/de\/wp-json\/wp\/v2\/media?parent=5877"}],"wp:term":[{"taxonomy":"product_brand","embeddable":true,"href":"https:\/\/mountlaser.com\/de\/wp-json\/wp\/v2\/product_brand?post=5877"},{"taxonomy":"product_cat","embeddable":true,"href":"https:\/\/mountlaser.com\/de\/wp-json\/wp\/v2\/product_cat?post=5877"},{"taxonomy":"product_tag","embeddable":true,"href":"https:\/\/mountlaser.com\/de\/wp-json\/wp\/v2\/product_tag?post=5877"}],"curies":[{"name":"wp","href":"https:\/\/api.w.org\/{rel}","templated":true}]}}