{"id":5875,"date":"2025-12-12T09:27:22","date_gmt":"2025-12-12T09:27:22","guid":{"rendered":"https:\/\/mountlaser.com\/?post_type=product&#038;p=5875"},"modified":"2025-12-12T09:27:22","modified_gmt":"2025-12-12T09:27:22","slug":"cm03-crack-monitor","status":"publish","type":"product","link":"https:\/\/mountlaser.com\/de\/produkt\/cm03-crack-monitor\/","title":{"rendered":"CM03 Crack Monitor"},"content":{"rendered":"<p data-start=\"185\" data-end=\"585\">Der <a href=\"https:\/\/mountlaser.com\/de\/\"><strong data-start=\"189\" data-end=\"211\">CM03 Crack Monitor<\/strong><\/a> ist ein pr\u00e4zisionsgefertigtes Werkzeug, das f\u00fcr Profis entwickelt wurde, die genaue und zuverl\u00e4ssige Ergebnisse ben\u00f6tigen. <a href=\"https:\/\/mountlaser.com\/de\/products\/\"><strong data-start=\"306\" data-end=\"340\">\u00dcberwachung durch Rissmessger\u00e4t<\/strong><\/a> Bei der Beurteilung von Bauwerken kommt der CM03 Crack Monitor zum Einsatz. Er verf\u00fcgt \u00fcber zwei sich \u00fcberlappende Platten \u2013 eine transparente mit einem feinen Fadenkreuzcursor und eine weitere mit Millimeterkalibrierung \u2013 und liefert klare, konsistente Messwerte der Rissausbreitung im Zeitverlauf.<\/p>\n<p><img fetchpriority=\"high\" decoding=\"async\" class=\"aligncenter wp-image-5376\" src=\"https:\/\/mountlaser.com\/wp-content\/uploads\/2025\/12\/\u4e3b\u56fe2-2.webp\" alt=\"CM03 Crack Monitor\" width=\"500\" height=\"500\" srcset=\"https:\/\/mountlaser.com\/wp-content\/uploads\/2025\/12\/\u4e3b\u56fe2-2.webp 1000w, https:\/\/mountlaser.com\/wp-content\/uploads\/2025\/12\/\u4e3b\u56fe2-2-300x300.webp 300w, https:\/\/mountlaser.com\/wp-content\/uploads\/2025\/12\/\u4e3b\u56fe2-2-150x150.webp 150w, https:\/\/mountlaser.com\/wp-content\/uploads\/2025\/12\/\u4e3b\u56fe2-2-768x768.webp 768w, https:\/\/mountlaser.com\/wp-content\/uploads\/2025\/12\/\u4e3b\u56fe2-2-12x12.webp 12w, https:\/\/mountlaser.com\/wp-content\/uploads\/2025\/12\/\u4e3b\u56fe2-2-600x600.webp 600w, https:\/\/mountlaser.com\/wp-content\/uploads\/2025\/12\/\u4e3b\u56fe2-2-800x800.webp 800w, https:\/\/mountlaser.com\/wp-content\/uploads\/2025\/12\/\u4e3b\u56fe2-2-400x400.webp 400w\" sizes=\"(max-width: 500px) 100vw, 500px\" \/><\/p>\n<p>Als zuverl\u00e4ssige L\u00f6sung zur \u00dcberwachung von Rissmessger\u00e4ten l\u00e4sst es sich einfach mit den mitgelieferten Schrauben installieren und kann bei Bedarf mit Klebstoff (nicht im Lieferumfang enthalten) verst\u00e4rkt werden. <a href=\"https:\/\/mountlaser.com\/de\/contact-us\/\">CM03 Crack Monitor<\/a> Ebenfalls enthalten sind eine detaillierte Installationsanleitung und ein Rissprotokollblatt, die eine vollst\u00e4ndige und benutzerfreundliche Einrichtung f\u00fcr die langfristige Riss\u00fcberwachung in Geb\u00e4uden, Br\u00fccken und anderen Bauwerken gew\u00e4hrleisten.<\/p>","protected":false},"excerpt":{"rendered":"<ul>\n<li>Misst die horizontale und vertikale Rissverschiebung<\/li>\n<li>Liefert millimetergenaue visuelle Messwerte<\/li>\n<li>Unterst\u00fctzt die kontinuierliche \u00dcberwachung des baulichen Zustands und der Sicherheit.<\/li>\n<\/ul>","protected":false},"featured_media":5375,"comment_status":"open","ping_status":"closed","template":"","meta":[],"product_brand":[],"product_cat":[151,79],"product_tag":[],"class_list":{"0":"post-5875","1":"product","2":"type-product","3":"status-publish","4":"has-post-thumbnail","6":"product_cat-crack-monitor","7":"product_cat-surveying-accessory","9":"first","10":"instock","11":"shipping-taxable","12":"product-type-simple"},"_links":{"self":[{"href":"https:\/\/mountlaser.com\/de\/wp-json\/wp\/v2\/product\/5875","targetHints":{"allow":["GET"]}}],"collection":[{"href":"https:\/\/mountlaser.com\/de\/wp-json\/wp\/v2\/product"}],"about":[{"href":"https:\/\/mountlaser.com\/de\/wp-json\/wp\/v2\/types\/product"}],"replies":[{"embeddable":true,"href":"https:\/\/mountlaser.com\/de\/wp-json\/wp\/v2\/comments?post=5875"}],"wp:featuredmedia":[{"embeddable":true,"href":"https:\/\/mountlaser.com\/de\/wp-json\/wp\/v2\/media\/5375"}],"wp:attachment":[{"href":"https:\/\/mountlaser.com\/de\/wp-json\/wp\/v2\/media?parent=5875"}],"wp:term":[{"taxonomy":"product_brand","embeddable":true,"href":"https:\/\/mountlaser.com\/de\/wp-json\/wp\/v2\/product_brand?post=5875"},{"taxonomy":"product_cat","embeddable":true,"href":"https:\/\/mountlaser.com\/de\/wp-json\/wp\/v2\/product_cat?post=5875"},{"taxonomy":"product_tag","embeddable":true,"href":"https:\/\/mountlaser.com\/de\/wp-json\/wp\/v2\/product_tag?post=5875"}],"curies":[{"name":"wp","href":"https:\/\/api.w.org\/{rel}","templated":true}]}}