{"id":5874,"date":"2025-12-12T08:54:30","date_gmt":"2025-12-12T08:54:30","guid":{"rendered":"https:\/\/mountlaser.com\/?post_type=product&#038;p=5874"},"modified":"2025-12-12T08:54:30","modified_gmt":"2025-12-12T08:54:30","slug":"cm02-crack-monitor","status":"publish","type":"product","link":"https:\/\/mountlaser.com\/de\/produkt\/cm02-crack-monitor\/","title":{"rendered":"CM02 Crack Monitor"},"content":{"rendered":"<p data-start=\"200\" data-end=\"653\">Der<a href=\"https:\/\/mountlaser.com\/de\/\"> <strong data-start=\"204\" data-end=\"226\">CM02 Crack Monitor<\/strong><\/a> ist ein hochpr\u00e4zises Messger\u00e4t, das f\u00fcr die zuverl\u00e4ssige Messung von Strukturbewegungen in Geb\u00e4uden entwickelt wurde und daher unverzichtbar ist. <a href=\"https:\/\/mountlaser.com\/de\/produkt-kategorie\/surveying-accessory\/\"><strong data-start=\"349\" data-end=\"375\">Geb\u00e4uderiss\u00fcberwachung<\/strong><\/a> F\u00fcr Ingenieure und Pr\u00fcfer. Der CM02 Rissmonitor ist mit zwei sich \u00fcberlappenden Platten ausgestattet \u2013 einer transparenten mit feinem Fadenkreuz und einer weiteren, in Millimetern kalibrierten Platte \u2013 und erm\u00f6glicht es Fachleuten, selbst kleinste Verschiebungen mit au\u00dfergew\u00f6hnlicher Klarheit und Genauigkeit zu erkennen.<\/p>\n<p data-start=\"200\" data-end=\"653\"><img fetchpriority=\"high\" decoding=\"async\" class=\"aligncenter wp-image-5369\" src=\"https:\/\/mountlaser.com\/wp-content\/uploads\/2025\/12\/\u4e3b\u56fe3-1.webp\" alt=\"CM02 Crack Monitor\" width=\"500\" height=\"500\" srcset=\"https:\/\/mountlaser.com\/wp-content\/uploads\/2025\/12\/\u4e3b\u56fe3-1.webp 1000w, https:\/\/mountlaser.com\/wp-content\/uploads\/2025\/12\/\u4e3b\u56fe3-1-300x300.webp 300w, https:\/\/mountlaser.com\/wp-content\/uploads\/2025\/12\/\u4e3b\u56fe3-1-150x150.webp 150w, https:\/\/mountlaser.com\/wp-content\/uploads\/2025\/12\/\u4e3b\u56fe3-1-768x768.webp 768w, https:\/\/mountlaser.com\/wp-content\/uploads\/2025\/12\/\u4e3b\u56fe3-1-12x12.webp 12w, https:\/\/mountlaser.com\/wp-content\/uploads\/2025\/12\/\u4e3b\u56fe3-1-600x600.webp 600w, https:\/\/mountlaser.com\/wp-content\/uploads\/2025\/12\/\u4e3b\u56fe3-1-800x800.webp 800w, https:\/\/mountlaser.com\/wp-content\/uploads\/2025\/12\/\u4e3b\u56fe3-1-400x400.webp 400w\" sizes=\"(max-width: 500px) 100vw, 500px\" \/><\/p>\n<p data-start=\"655\" data-end=\"1145\">Als robustes und einfach zu installierendes Riss\u00fcberwachungsger\u00e4t l\u00e4sst es sich mit den mitgelieferten Schrauben sicher befestigen und kann f\u00fcr zus\u00e4tzliche Stabilit\u00e4t mit Klebstoff (nicht im Lieferumfang enthalten) kombiniert werden. Das Riss\u00fcberwachungsger\u00e4t CM02 enth\u00e4lt eine detaillierte Installationsanleitung und ein Rissprotokollblatt und bietet somit eine Komplettl\u00f6sung f\u00fcr die kontinuierliche Bauwerkspr\u00fcfung. F\u00fcr alle, die ein zuverl\u00e4ssiges Ger\u00e4t ben\u00f6tigen. <a href=\"https:\/\/mountlaser.com\/de\/about-us\/\">Geb\u00e4uderiss\u00fcberwachung<\/a>, Dieses Modell bietet sowohl in Innen- als auch in Au\u00dfenumgebungen eine gleichbleibende Leistung.<\/p>","protected":false},"excerpt":{"rendered":"<ul>\n<li>Liefert pr\u00e4zise Messwerte im Millimeterbereich<\/li>\n<li>Unterst\u00fctzt die langfristige \u00dcberwachung des baulichen Zustands.<\/li>\n<li>Verwendet \u00fcberlappende, transparente und kalibrierte Platten f\u00fcr eine genaue Messung.<\/li>\n<li>Die Montage erfolgt mit Schrauben (im Lieferumfang enthalten) und optionalem Klebstoff.<\/li>\n<li>Enth\u00e4lt eine vollst\u00e4ndige Installationsanleitung und ein \u00dcberwachungsprotokoll.<\/li>\n<\/ul>","protected":false},"featured_media":5367,"comment_status":"open","ping_status":"closed","template":"","meta":[],"product_brand":[],"product_cat":[151,79],"product_tag":[],"class_list":{"0":"post-5874","1":"product","2":"type-product","3":"status-publish","4":"has-post-thumbnail","6":"product_cat-crack-monitor","7":"product_cat-surveying-accessory","9":"first","10":"instock","11":"shipping-taxable","12":"product-type-simple"},"_links":{"self":[{"href":"https:\/\/mountlaser.com\/de\/wp-json\/wp\/v2\/product\/5874","targetHints":{"allow":["GET"]}}],"collection":[{"href":"https:\/\/mountlaser.com\/de\/wp-json\/wp\/v2\/product"}],"about":[{"href":"https:\/\/mountlaser.com\/de\/wp-json\/wp\/v2\/types\/product"}],"replies":[{"embeddable":true,"href":"https:\/\/mountlaser.com\/de\/wp-json\/wp\/v2\/comments?post=5874"}],"wp:featuredmedia":[{"embeddable":true,"href":"https:\/\/mountlaser.com\/de\/wp-json\/wp\/v2\/media\/5367"}],"wp:attachment":[{"href":"https:\/\/mountlaser.com\/de\/wp-json\/wp\/v2\/media?parent=5874"}],"wp:term":[{"taxonomy":"product_brand","embeddable":true,"href":"https:\/\/mountlaser.com\/de\/wp-json\/wp\/v2\/product_brand?post=5874"},{"taxonomy":"product_cat","embeddable":true,"href":"https:\/\/mountlaser.com\/de\/wp-json\/wp\/v2\/product_cat?post=5874"},{"taxonomy":"product_tag","embeddable":true,"href":"https:\/\/mountlaser.com\/de\/wp-json\/wp\/v2\/product_tag?post=5874"}],"curies":[{"name":"wp","href":"https:\/\/api.w.org\/{rel}","templated":true}]}}