{"id":5872,"date":"2025-12-12T07:44:07","date_gmt":"2025-12-12T07:44:07","guid":{"rendered":"https:\/\/mountlaser.com\/?post_type=product&#038;p=5872"},"modified":"2025-12-12T07:44:08","modified_gmt":"2025-12-12T07:44:08","slug":"sm01-rd-surveying-marker","status":"publish","type":"product","link":"https:\/\/mountlaser.com\/de\/produkt\/sm01-rd-surveying-marker\/","title":{"rendered":"Vermessungsmarkierung SM01-RD"},"content":{"rendered":"<p data-start=\"215\" data-end=\"735\">Der <a href=\"https:\/\/mountlaser.com\/de\/\"><strong data-start=\"219\" data-end=\"247\">Vermessungsmarkierung SM01-RD<\/strong><\/a> Der SM01-RD Vermessungsmarker ist ein robuster und gut sichtbarer Feldmarker, der f\u00fcr pr\u00e4zise Referenzpunkte in Vermessungs- und Bauanwendungen entwickelt wurde. Hergestellt aus hochwertigem, spritzgegossenem Kunststoff, bietet er au\u00dfergew\u00f6hnliche Festigkeit und langfristige Zuverl\u00e4ssigkeit und ist somit die ideale Wahl f\u00fcr Profis, die auf genaue Baustellenmarkierungen angewiesen sind. Als einer der zuverl\u00e4ssigsten <a href=\"https:\/\/mountlaser.com\/de\/produkt-kategorie\/surveying-accessory\/\"><strong data-start=\"629\" data-end=\"664\">Grenzmarkierungen aus Kunststoff<\/strong><\/a>, Es gew\u00e4hrleistet eine gleichbleibende Leistung auch unter rauen Au\u00dfenbedingungen.<\/p>\n<p data-start=\"737\" data-end=\"1276\">Mit seiner leuchtend roten Farbe und den kompakten Abmessungen (46 \u00d7 10 \u00d7 6 mm) erm\u00f6glicht der Vermessungsmarker SM01-RD die schnelle Kennzeichnung von Abstecklinien, Kontrollpunkten und Grenzmarkierungen. Vermesser, die regelm\u00e4\u00dfig mit Kunststoff-Vermessungsgrenzmarkern arbeiten, werden die Langlebigkeit, die gute Sichtbarkeit und die Verschlei\u00dffestigkeit dieses Markers zu sch\u00e4tzen wissen. <a href=\"https:\/\/mountlaser.com\/de\/contact-us\/\">Vermessungsmarkierung SM01-RD <\/a>Dank seiner wettbewerbsf\u00e4higen Mindestbestellmenge von 1000 St\u00fcck eignet es sich auch f\u00fcr Gro\u00dfprojekte und ist somit eine kosteng\u00fcnstige L\u00f6sung unter den professionellen Kunststoff-Vermessungsgrenzmarkierungen.<\/p>\n<div>\n<table style=\"border-collapse: collapse; width: 801.02pt;\" border=\"0\" width=\"1068\" cellspacing=\"0\" cellpadding=\"0\">\n<tbody>\n<tr style=\"height: 14.25pt;\">\n<td class=\"et2\" style=\"height: 14.25pt; width: 127.50pt;\" width=\"170\" height=\"19\">NUMMER<\/td>\n<td class=\"et2\" style=\"width: 196.50pt;\" width=\"262\">FARBE<\/td>\n<td class=\"et2\" style=\"width: 213.00pt;\" width=\"284\">GR\u00d6SSE D xdx H<\/td>\n<td class=\"et3\" style=\"width: 93.75pt;\" width=\"125\">Mindestbestellmenge (St\u00fcck)<\/td>\n<td class=\"et3\" style=\"width: 170.25pt;\" width=\"227\">BILD<\/td>\n<\/tr>\n<tr style=\"height: 14.25pt;\">\n<td class=\"et4\" style=\"height: 14.25pt;\" height=\"19\">SM01-RD<\/td>\n<td class=\"et5\">ROT<\/td>\n<td class=\"et6\">D46 \u00d7 d10 \u00d7 H6 mm<\/td>\n<td class=\"et7\" align=\"right\">1000<\/td>\n<td class=\"et7\"><img fetchpriority=\"high\" decoding=\"async\" class=\"aligncenter wp-image-5348\" src=\"https:\/\/mountlaser.com\/wp-content\/uploads\/2025\/12\/SM01-Surveying-Marker6-300x300.webp\" alt=\"SM01-RD Surveying Marker\" width=\"500\" height=\"500\" srcset=\"https:\/\/mountlaser.com\/wp-content\/uploads\/2025\/12\/SM01-Surveying-Marker6-300x300.webp 300w, https:\/\/mountlaser.com\/wp-content\/uploads\/2025\/12\/SM01-Surveying-Marker6-150x150.webp 150w, https:\/\/mountlaser.com\/wp-content\/uploads\/2025\/12\/SM01-Surveying-Marker6-768x768.webp 768w, https:\/\/mountlaser.com\/wp-content\/uploads\/2025\/12\/SM01-Surveying-Marker6-12x12.webp 12w, https:\/\/mountlaser.com\/wp-content\/uploads\/2025\/12\/SM01-Surveying-Marker6-600x600.webp 600w, https:\/\/mountlaser.com\/wp-content\/uploads\/2025\/12\/SM01-Surveying-Marker6-800x800.webp 800w, https:\/\/mountlaser.com\/wp-content\/uploads\/2025\/12\/SM01-Surveying-Marker6-400x400.webp 400w, https:\/\/mountlaser.com\/wp-content\/uploads\/2025\/12\/SM01-Surveying-Marker6.webp 1000w\" sizes=\"(max-width: 500px) 100vw, 500px\" \/><\/td>\n<\/tr>\n<\/tbody>\n<\/table>\n<\/div>","protected":false},"excerpt":{"rendered":"<ul>\n<li>Bietet helle, gut sichtbare Feldsicht<\/li>\n<li>Hergestellt aus robustem, spritzgegossenem Kunststoff<\/li>\n<li>Leuchtend rote Farbe f\u00fcr hohe Sichtbarkeit<\/li>\n<li>Langlebiges, wetterbest\u00e4ndiges Design<\/li>\n<\/ul>","protected":false},"featured_media":5352,"comment_status":"open","ping_status":"closed","template":"","meta":[],"product_brand":[],"product_cat":[152,79],"product_tag":[],"class_list":{"0":"post-5872","1":"product","2":"type-product","3":"status-publish","4":"has-post-thumbnail","6":"product_cat-surveying-marker","7":"product_cat-surveying-accessory","9":"first","10":"instock","11":"shipping-taxable","12":"product-type-simple"},"_links":{"self":[{"href":"https:\/\/mountlaser.com\/de\/wp-json\/wp\/v2\/product\/5872","targetHints":{"allow":["GET"]}}],"collection":[{"href":"https:\/\/mountlaser.com\/de\/wp-json\/wp\/v2\/product"}],"about":[{"href":"https:\/\/mountlaser.com\/de\/wp-json\/wp\/v2\/types\/product"}],"replies":[{"embeddable":true,"href":"https:\/\/mountlaser.com\/de\/wp-json\/wp\/v2\/comments?post=5872"}],"wp:featuredmedia":[{"embeddable":true,"href":"https:\/\/mountlaser.com\/de\/wp-json\/wp\/v2\/media\/5352"}],"wp:attachment":[{"href":"https:\/\/mountlaser.com\/de\/wp-json\/wp\/v2\/media?parent=5872"}],"wp:term":[{"taxonomy":"product_brand","embeddable":true,"href":"https:\/\/mountlaser.com\/de\/wp-json\/wp\/v2\/product_brand?post=5872"},{"taxonomy":"product_cat","embeddable":true,"href":"https:\/\/mountlaser.com\/de\/wp-json\/wp\/v2\/product_cat?post=5872"},{"taxonomy":"product_tag","embeddable":true,"href":"https:\/\/mountlaser.com\/de\/wp-json\/wp\/v2\/product_tag?post=5872"}],"curies":[{"name":"wp","href":"https:\/\/api.w.org\/{rel}","templated":true}]}}