{"id":5869,"date":"2025-12-12T05:45:46","date_gmt":"2025-12-12T05:45:46","guid":{"rendered":"https:\/\/mountlaser.com\/?post_type=product&#038;p=5869"},"modified":"2025-12-12T05:45:46","modified_gmt":"2025-12-12T05:45:46","slug":"al03-abney-level","status":"publish","type":"product","link":"https:\/\/mountlaser.com\/de\/produkt\/al03-abney-level\/","title":{"rendered":"AL03 Abney-Ebene"},"content":{"rendered":"<p>Der <a href=\"https:\/\/mountlaser.com\/de\/\"><strong>AL03 Abney-Ebene<\/strong><\/a> Das AL03 Abney-Nivellierger\u00e4t ist ein Pr\u00e4zisionsinstrument f\u00fcr Fachleute, die im Gel\u00e4nde schnelle und zuverl\u00e4ssige Neigungs- und H\u00f6henmessungen ben\u00f6tigen. Ausgestattet mit einem quadratischen Visierrohr und einem innenfokussierenden Teleskop liefert es hochpr\u00e4zise Messwerte von 20 Fu\u00df\/2 mm und ist somit die ideale Wahl f\u00fcr Gel\u00e4ndebeurteilungen, Bauabsteckungen und topografische Messungen. Als kompaktes und robustes Werkzeug, das h\u00e4ufig bei der Handnivellierung mit dem Abney-Nivellierger\u00e4t eingesetzt wird, erm\u00f6glicht es Vermessern die sichere und effiziente Durchf\u00fchrung von Winkel-, Neigungs- und H\u00f6henmessungen.<\/p>\n<p>Ausgestattet mit austauschbaren B\u00f6gen, einer 1\u00b0-Hauptskala mit 10\u2032-Nonius und integrierten Neigungsskalen im Ma\u00dfstab 1:1 und 1:10, <a href=\"https:\/\/mountlaser.com\/de\/produkt-kategorie\/surveying-accessory\/\">AL03 Abney-Ebene<\/a> Das Ger\u00e4t eignet sich ideal f\u00fcr vielf\u00e4ltige Feldanwendungen. Sein 90-mm-Zifferblatt bietet einen gut ablesbaren Messbereich von 0\u00b0 bis 90\u00b0 und unterst\u00fctzt sowohl Standard- als auch Steilwinkelmessungen. Konzipiert f\u00fcr den Einsatz unter realen Vermessungsbedingungen, ist dieses Instrument ein zuverl\u00e4ssiger Begleiter f\u00fcr Nivellierarbeiten mit Handnivellierger\u00e4ten und wird mit einer praktischen G\u00fcrteltasche f\u00fcr den einfachen Transport vor Ort geliefert.<\/p>\n<p><img fetchpriority=\"high\" decoding=\"async\" class=\"aligncenter wp-image-5550\" src=\"https:\/\/mountlaser.com\/wp-content\/uploads\/2025\/12\/AL035.webp\" alt=\"AL03 Abney Level\" width=\"500\" height=\"500\" srcset=\"https:\/\/mountlaser.com\/wp-content\/uploads\/2025\/12\/AL035.webp 1000w, https:\/\/mountlaser.com\/wp-content\/uploads\/2025\/12\/AL035-300x300.webp 300w, https:\/\/mountlaser.com\/wp-content\/uploads\/2025\/12\/AL035-150x150.webp 150w, https:\/\/mountlaser.com\/wp-content\/uploads\/2025\/12\/AL035-768x768.webp 768w, https:\/\/mountlaser.com\/wp-content\/uploads\/2025\/12\/AL035-12x12.webp 12w, https:\/\/mountlaser.com\/wp-content\/uploads\/2025\/12\/AL035-600x600.webp 600w, https:\/\/mountlaser.com\/wp-content\/uploads\/2025\/12\/AL035-800x800.webp 800w, https:\/\/mountlaser.com\/wp-content\/uploads\/2025\/12\/AL035-400x400.webp 400w\" sizes=\"(max-width: 500px) 100vw, 500px\" \/><\/p>\n<p>Die AL03 Abney-Wasserwaage wurde f\u00fcr Vielseitigkeit, Tragbarkeit und zuverl\u00e4ssige Pr\u00e4zision entwickelt und ist nach wie vor eine bevorzugte L\u00f6sung f\u00fcr Profis, die regelm\u00e4\u00dfig... <a href=\"https:\/\/mountlaser.com\/de\/about-us\/\"><strong>Abney-Handnivellierger\u00e4t<\/strong><\/a> und ben\u00f6tigen ein pr\u00e4zises Messinstrument f\u00fcr Neigungen, Winkel und H\u00f6hen\u00e4nderungen.<\/p>","protected":false},"excerpt":{"rendered":"<ul>\n<li>Pr\u00e4zisionsmessung von Neigungen, Winkeln und H\u00f6hen\u00e4nderungen<\/li>\n<li>Quadratisches Zielrohr mit innenfokussierendem Teleskop (20&#039;\/2mm Genauigkeit)<\/li>\n<li>Austauschbare Messb\u00f6gen f\u00fcr flexible Anwendung<\/li>\n<li>1\u00b0-Skala mit 10\u2032-Nonius f\u00fcr Feinmessungen<\/li>\n<li>Integrierte Steigungsskalen von 1:1 und 1:10<\/li>\n<li>90-mm-Zifferblatt, Messbereich 0\u00b0 bis 90\u00b0<\/li>\n<li>Inklusive G\u00fcrtelschlaufe f\u00fcr einfachen Transport im Au\u00dfeneinsatz<\/li>\n<li>Ideal f\u00fcr schnelle und zuverl\u00e4ssige Vermessungsaufgaben mit dem Handnivellierger\u00e4t.<\/li>\n<\/ul>","protected":false},"featured_media":5546,"comment_status":"open","ping_status":"closed","template":"","meta":[],"product_brand":[],"product_cat":[156,79],"product_tag":[],"class_list":{"0":"post-5869","1":"product","2":"type-product","3":"status-publish","4":"has-post-thumbnail","6":"product_cat-abney-level","7":"product_cat-surveying-accessory","9":"first","10":"instock","11":"shipping-taxable","12":"product-type-simple"},"_links":{"self":[{"href":"https:\/\/mountlaser.com\/de\/wp-json\/wp\/v2\/product\/5869","targetHints":{"allow":["GET"]}}],"collection":[{"href":"https:\/\/mountlaser.com\/de\/wp-json\/wp\/v2\/product"}],"about":[{"href":"https:\/\/mountlaser.com\/de\/wp-json\/wp\/v2\/types\/product"}],"replies":[{"embeddable":true,"href":"https:\/\/mountlaser.com\/de\/wp-json\/wp\/v2\/comments?post=5869"}],"wp:featuredmedia":[{"embeddable":true,"href":"https:\/\/mountlaser.com\/de\/wp-json\/wp\/v2\/media\/5546"}],"wp:attachment":[{"href":"https:\/\/mountlaser.com\/de\/wp-json\/wp\/v2\/media?parent=5869"}],"wp:term":[{"taxonomy":"product_brand","embeddable":true,"href":"https:\/\/mountlaser.com\/de\/wp-json\/wp\/v2\/product_brand?post=5869"},{"taxonomy":"product_cat","embeddable":true,"href":"https:\/\/mountlaser.com\/de\/wp-json\/wp\/v2\/product_cat?post=5869"},{"taxonomy":"product_tag","embeddable":true,"href":"https:\/\/mountlaser.com\/de\/wp-json\/wp\/v2\/product_tag?post=5869"}],"curies":[{"name":"wp","href":"https:\/\/api.w.org\/{rel}","templated":true}]}}