{"id":5867,"date":"2025-12-12T03:13:33","date_gmt":"2025-12-12T03:13:33","guid":{"rendered":"https:\/\/mountlaser.com\/?post_type=product&#038;p=5867"},"modified":"2025-12-12T03:13:33","modified_gmt":"2025-12-12T03:13:33","slug":"ps4a-pocket-stereo-viewer","status":"publish","type":"product","link":"https:\/\/mountlaser.com\/de\/produkt\/ps4a-pocket-stereo-viewer\/","title":{"rendered":"PS4A Taschen-Stereobetrachter"},"content":{"rendered":"<p>Der <a href=\"https:\/\/mountlaser.com\/de\/\"><strong>PS4A Taschen-Stereobetrachter<\/strong><\/a> Das PS4A Pocket Stereo Viewer ist ein kompaktes, feldtaugliches Stereoskop, das speziell f\u00fcr professionelle Vermesser und Kartografen entwickelt wurde, die auf eine klare Interpretation von Stereobildern angewiesen sind. Dank seiner robusten Geh\u00e4use aus Metallgusslegierung bietet es eine zuverl\u00e4ssige 4-fache Vergr\u00f6\u00dferung und ist somit eine leistungsstarke und mobile Alternative zu gr\u00f6\u00dferen Stereoskopen. Seine optische Leistung und die robuste Bauweise machen es zudem zur idealen Wahl f\u00fcr Anwender, die ein zuverl\u00e4ssiges Ger\u00e4t ben\u00f6tigen. <a href=\"https:\/\/mountlaser.com\/de\/produkt-kategorie\/surveying-accessory\/\"><strong>4-facher Taschenstereoskop-Betrachter<\/strong><\/a> Sowohl im B\u00fcro als auch im Freien.<\/p>\n<p>Entwickelt f\u00fcr Komfort und Klarheit, <a href=\"https:\/\/mountlaser.com\/de\/about-us\/\">PS4A Taschen-Stereobetrachter<\/a> Es verf\u00fcgt \u00fcber einen einstellbaren Augenabstand von 56 mm bis 75 mm, sodass der Benutzer die Passform auch bei l\u00e4ngeren Betrachtungen individuell anpassen kann. Mit einem gro\u00dfz\u00fcgigen Sichtfeld von 125 mm \u00d7 125 mm erm\u00f6glicht es die einfache Durchf\u00fchrung detaillierter Stereoanalysen ohne die Gr\u00f6\u00dfe und Einschr\u00e4nkungen herk\u00f6mmlicher Stereoskope. Als vielseitiges 4-fach-Taschenstereoskop eignet es sich hervorragend f\u00fcr Gel\u00e4ndeanalysen, Photogrammetrie und die allgemeine Interpretation von Stereobildern.<\/p>\n<p><img fetchpriority=\"high\" decoding=\"async\" class=\"aligncenter wp-image-5562\" src=\"https:\/\/mountlaser.com\/wp-content\/uploads\/2025\/12\/\u4e3b\u56fe2-4.webp\" alt=\"PS4A Pocket Stereo Viewer\" width=\"500\" height=\"500\" srcset=\"https:\/\/mountlaser.com\/wp-content\/uploads\/2025\/12\/\u4e3b\u56fe2-4.webp 1000w, https:\/\/mountlaser.com\/wp-content\/uploads\/2025\/12\/\u4e3b\u56fe2-4-300x300.webp 300w, https:\/\/mountlaser.com\/wp-content\/uploads\/2025\/12\/\u4e3b\u56fe2-4-150x150.webp 150w, https:\/\/mountlaser.com\/wp-content\/uploads\/2025\/12\/\u4e3b\u56fe2-4-768x768.webp 768w, https:\/\/mountlaser.com\/wp-content\/uploads\/2025\/12\/\u4e3b\u56fe2-4-12x12.webp 12w, https:\/\/mountlaser.com\/wp-content\/uploads\/2025\/12\/\u4e3b\u56fe2-4-600x600.webp 600w, https:\/\/mountlaser.com\/wp-content\/uploads\/2025\/12\/\u4e3b\u56fe2-4-800x800.webp 800w, https:\/\/mountlaser.com\/wp-content\/uploads\/2025\/12\/\u4e3b\u56fe2-4-400x400.webp 400w\" sizes=\"(max-width: 500px) 100vw, 500px\" \/><\/p>\n<p>Ob Sie vor Ort Kartierungen durchf\u00fchren oder Luftbilder im B\u00fcro analysieren \u2013 der PS4A Pocket Stereo Viewer bietet die Stabilit\u00e4t, Klarheit und optische Pr\u00e4zision, die f\u00fcr moderne Vermessungsabl\u00e4ufe erforderlich sind. Seine 4-fache optische Vergr\u00f6\u00dferung und das kompakte Geh\u00e4use machen ihn zum idealen Ger\u00e4t. <a href=\"https:\/\/mountlaser.com\/de\/contact-us\/\">4-facher Taschenstereoskop-Betrachter<\/a> F\u00fcr Profis, die Genauigkeit ben\u00f6tigen, ohne auf Mobilit\u00e4t verzichten zu m\u00fcssen.<\/p>","protected":false},"excerpt":{"rendered":"<ul>\n<li>4-fache Vergr\u00f6\u00dferung f\u00fcr eine klare Stereobildinterpretation<\/li>\n<li>Einstellbarer Pupillenabstand (56\u201375 mm) f\u00fcr komfortable Anwendung<\/li>\n<li>125 mm \u00d7 125 mm Sichtfeld f\u00fcr gro\u00dffl\u00e4chige stereoskopische Beobachtung<\/li>\n<li>Robuste Konstruktion aus Metallgusslegierung f\u00fcr zuverl\u00e4ssige Feldtauglichkeit<\/li>\n<li>Ideal f\u00fcr Photogrammetrie, Gel\u00e4ndeanalyse und Vermessungsanwendungen<\/li>\n<li>Funktioniert als \u00e4u\u00dferst portables 4X-Taschenstereoskop.<\/li>\n<\/ul>","protected":false},"featured_media":5564,"comment_status":"open","ping_status":"closed","template":"","meta":[],"product_brand":[],"product_cat":[158,79],"product_tag":[],"class_list":{"0":"post-5867","1":"product","2":"type-product","3":"status-publish","4":"has-post-thumbnail","6":"product_cat-pocket-stereo-viewer","7":"product_cat-surveying-accessory","9":"first","10":"instock","11":"shipping-taxable","12":"product-type-simple"},"_links":{"self":[{"href":"https:\/\/mountlaser.com\/de\/wp-json\/wp\/v2\/product\/5867","targetHints":{"allow":["GET"]}}],"collection":[{"href":"https:\/\/mountlaser.com\/de\/wp-json\/wp\/v2\/product"}],"about":[{"href":"https:\/\/mountlaser.com\/de\/wp-json\/wp\/v2\/types\/product"}],"replies":[{"embeddable":true,"href":"https:\/\/mountlaser.com\/de\/wp-json\/wp\/v2\/comments?post=5867"}],"wp:featuredmedia":[{"embeddable":true,"href":"https:\/\/mountlaser.com\/de\/wp-json\/wp\/v2\/media\/5564"}],"wp:attachment":[{"href":"https:\/\/mountlaser.com\/de\/wp-json\/wp\/v2\/media?parent=5867"}],"wp:term":[{"taxonomy":"product_brand","embeddable":true,"href":"https:\/\/mountlaser.com\/de\/wp-json\/wp\/v2\/product_brand?post=5867"},{"taxonomy":"product_cat","embeddable":true,"href":"https:\/\/mountlaser.com\/de\/wp-json\/wp\/v2\/product_cat?post=5867"},{"taxonomy":"product_tag","embeddable":true,"href":"https:\/\/mountlaser.com\/de\/wp-json\/wp\/v2\/product_tag?post=5867"}],"curies":[{"name":"wp","href":"https:\/\/api.w.org\/{rel}","templated":true}]}}