{"id":5858,"date":"2025-12-12T02:40:46","date_gmt":"2025-12-12T02:40:46","guid":{"rendered":"https:\/\/mountlaser.com\/?post_type=product&#038;p=5858"},"modified":"2025-12-12T02:40:46","modified_gmt":"2025-12-12T02:40:46","slug":"dql-8-geology-compass","status":"publish","type":"product","link":"https:\/\/mountlaser.com\/de\/produkt\/dql-8-geology-compass\/","title":{"rendered":"DQL-8 Geologiekompass"},"content":{"rendered":"<p>Der <a href=\"https:\/\/mountlaser.com\/de\/\"><strong>DQL-8 Geologiekompass<\/strong><\/a> ist ein Pr\u00e4zisions-Feldinstrument, das f\u00fcr Strukturgeologie, Kartierung und Ingenieurvermessungen entwickelt wurde. Es wurde konstruiert, um die Leistung eines hochwertigen Ger\u00e4ts zu erbringen. <a href=\"https:\/\/mountlaser.com\/de\/produkt-kategorie\/surveying-accessory\/\"><strong>Brunton-Kompass-Nlinometer<\/strong><\/a>, Das DQL-8 bietet zuverl\u00e4ssige Genauigkeit bei der Messung von Streichen, Einfallen, Azimut und Neigung. Ob f\u00fcr akademische Forschung oder professionelle geologische Erkundung \u2013 dieses Modell liefert auch unter anspruchsvollen Feldbedingungen verl\u00e4ssliche Ergebnisse.<\/p>\n<p>Der Geologiekompass DQL-8 verf\u00fcgt \u00fcber eine lange Libelle mit einer Empfindlichkeit von 15&#039;\u00b13&#039;\/2 mm und eine runde Libelle mit einer Pr\u00e4zision von 30&#039;\u00b18&#039;\/2 mm, was stabile und genaue Messwerte gew\u00e4hrleistet. Sein integrierter Neigungsmesser \u2013 mit einem Messfehler von \u22640,5\u00b0 \u2013 verbessert die Benutzerfreundlichkeit bei der Messung von Neigungswinkeln und macht ihn zu einer hervorragenden Alternative zu einem herk\u00f6mmlichen Kompass. <a href=\"https:\/\/mountlaser.com\/de\/about-us\/\"><strong>Brunton-Kompass-Nlinometer<\/strong><\/a>. Die 1\u00b0-Skala bietet eine klare Graduierung f\u00fcr schnelle und pr\u00e4zise Strukturmessungen.<\/p>\n<p><img fetchpriority=\"high\" decoding=\"async\" class=\"aligncenter wp-image-5863\" src=\"https:\/\/mountlaser.com\/wp-content\/uploads\/2025\/12\/DQL-8\uff085\uff09.webp\" alt=\"DQL-8 geology compass\" width=\"500\" height=\"500\" srcset=\"https:\/\/mountlaser.com\/wp-content\/uploads\/2025\/12\/DQL-8\uff085\uff09.webp 1000w, https:\/\/mountlaser.com\/wp-content\/uploads\/2025\/12\/DQL-8\uff085\uff09-300x300.webp 300w, https:\/\/mountlaser.com\/wp-content\/uploads\/2025\/12\/DQL-8\uff085\uff09-150x150.webp 150w, https:\/\/mountlaser.com\/wp-content\/uploads\/2025\/12\/DQL-8\uff085\uff09-768x768.webp 768w, https:\/\/mountlaser.com\/wp-content\/uploads\/2025\/12\/DQL-8\uff085\uff09-12x12.webp 12w, https:\/\/mountlaser.com\/wp-content\/uploads\/2025\/12\/DQL-8\uff085\uff09-600x600.webp 600w, https:\/\/mountlaser.com\/wp-content\/uploads\/2025\/12\/DQL-8\uff085\uff09-800x800.webp 800w, https:\/\/mountlaser.com\/wp-content\/uploads\/2025\/12\/DQL-8\uff085\uff09-400x400.webp 400w\" sizes=\"(max-width: 500px) 100vw, 500px\" \/><\/p>\n<p>\u00c4u\u00dferst langlebig und einfach zu bedienen, <a href=\"https:\/\/mountlaser.com\/de\/contact-us\/\">DQL-8 Geologiekompass<\/a> Unterst\u00fctzt Geologen, die ein robustes und zuverl\u00e4ssiges Werkzeug f\u00fcr Mineralienkartierungen, Gesteinsorientierungsstudien und umweltbezogene Feldarbeiten ben\u00f6tigen. Als geologischer Kompass und Brunton-Kompass-Klinometer vereint er pr\u00e4zise Leistung und komfortable Funktionalit\u00e4t in einem einzigen Instrument.<\/p>","protected":false},"excerpt":{"rendered":"<ul>\n<li>Messung von Streichen, Einfallen, Azimut und Neigung f\u00fcr geologische und strukturelle Analysen<\/li>\n<li>Langes Luftnivellierger\u00e4t (15&#039;\u00b13&#039;\/2 mm) und kreisf\u00f6rmiges Luftnivellierger\u00e4t (30&#039;\u00b18&#039;\/2 mm) f\u00fcr stabiles Nivellieren<\/li>\n<li>Klinometer-Messfehler \u22640,5\u00b0 f\u00fcr pr\u00e4zise Winkelmessung<\/li>\n<li>1\u00b0-Skala f\u00fcr klare und zuverl\u00e4ssige Messwerte<\/li>\n<li>Dient sowohl als geologischer Kompass als auch als Alternative zum Brunton-Kompass-Klinometer.<\/li>\n<li>Robust, tragbar und ideal f\u00fcr Au\u00dfendienstmitarbeiter<\/li>\n<\/ul>","protected":false},"featured_media":5859,"comment_status":"open","ping_status":"closed","template":"","meta":[],"product_brand":[],"product_cat":[165,79],"product_tag":[],"class_list":{"0":"post-5858","1":"product","2":"type-product","3":"status-publish","4":"has-post-thumbnail","6":"product_cat-geology-compass","7":"product_cat-surveying-accessory","9":"first","10":"instock","11":"shipping-taxable","12":"product-type-simple"},"_links":{"self":[{"href":"https:\/\/mountlaser.com\/de\/wp-json\/wp\/v2\/product\/5858","targetHints":{"allow":["GET"]}}],"collection":[{"href":"https:\/\/mountlaser.com\/de\/wp-json\/wp\/v2\/product"}],"about":[{"href":"https:\/\/mountlaser.com\/de\/wp-json\/wp\/v2\/types\/product"}],"replies":[{"embeddable":true,"href":"https:\/\/mountlaser.com\/de\/wp-json\/wp\/v2\/comments?post=5858"}],"wp:featuredmedia":[{"embeddable":true,"href":"https:\/\/mountlaser.com\/de\/wp-json\/wp\/v2\/media\/5859"}],"wp:attachment":[{"href":"https:\/\/mountlaser.com\/de\/wp-json\/wp\/v2\/media?parent=5858"}],"wp:term":[{"taxonomy":"product_brand","embeddable":true,"href":"https:\/\/mountlaser.com\/de\/wp-json\/wp\/v2\/product_brand?post=5858"},{"taxonomy":"product_cat","embeddable":true,"href":"https:\/\/mountlaser.com\/de\/wp-json\/wp\/v2\/product_cat?post=5858"},{"taxonomy":"product_tag","embeddable":true,"href":"https:\/\/mountlaser.com\/de\/wp-json\/wp\/v2\/product_tag?post=5858"}],"curies":[{"name":"wp","href":"https:\/\/api.w.org\/{rel}","templated":true}]}}