{"id":5838,"date":"2025-12-11T06:37:34","date_gmt":"2025-12-11T06:37:34","guid":{"rendered":"https:\/\/mountlaser.com\/?post_type=product&#038;p=5838"},"modified":"2025-12-11T06:37:34","modified_gmt":"2025-12-11T06:37:34","slug":"pb01-16-brass-plumb-bob","status":"publish","type":"product","link":"https:\/\/mountlaser.com\/de\/produkt\/pb01-16-brass-plumb-bob\/","title":{"rendered":"PB01-16 Messing-Lot"},"content":{"rendered":"<p data-start=\"264\" data-end=\"707\">Der <a href=\"https:\/\/mountlaser.com\/de\/\"><strong data-start=\"268\" data-end=\"295\">PB01-16 Messing-Lot<\/strong><\/a> Dieses Ger\u00e4t wurde f\u00fcr Profis entwickelt, die kompromisslose Genauigkeit und Langlebigkeit fordern. Es ist pr\u00e4zisionsgefertigt aus massivem Messing und perfekt ausbalanciert. <a href=\"https:\/\/mountlaser.com\/de\/produkt-kategorie\/surveying-accessory\/\"><strong data-start=\"461\" data-end=\"487\">16 Unzen Messing-Lot<\/strong><\/a> Das Messinglot PB01-16 gew\u00e4hrleistet eine au\u00dfergew\u00f6hnlich stabile vertikale Ausrichtung unter allen Arbeitsbedingungen. Dank der robusten Lackierung beh\u00e4lt es seine Leistungsf\u00e4higkeit und sein Aussehen auch nach l\u00e4ngerem Einsatz im Feld.<\/p>\n<p><img fetchpriority=\"high\" decoding=\"async\" class=\"aligncenter wp-image-5449\" src=\"https:\/\/mountlaser.com\/wp-content\/uploads\/2025\/12\/PB01.webp\" alt=\"PB01-16 Brass Plumb Bob\" width=\"500\" height=\"500\" srcset=\"https:\/\/mountlaser.com\/wp-content\/uploads\/2025\/12\/PB01.webp 1000w, https:\/\/mountlaser.com\/wp-content\/uploads\/2025\/12\/PB01-300x300.webp 300w, https:\/\/mountlaser.com\/wp-content\/uploads\/2025\/12\/PB01-150x150.webp 150w, https:\/\/mountlaser.com\/wp-content\/uploads\/2025\/12\/PB01-768x768.webp 768w, https:\/\/mountlaser.com\/wp-content\/uploads\/2025\/12\/PB01-12x12.webp 12w, https:\/\/mountlaser.com\/wp-content\/uploads\/2025\/12\/PB01-600x600.webp 600w, https:\/\/mountlaser.com\/wp-content\/uploads\/2025\/12\/PB01-800x800.webp 800w, https:\/\/mountlaser.com\/wp-content\/uploads\/2025\/12\/PB01-400x400.webp 400w\" sizes=\"(max-width: 500px) 100vw, 500px\" \/><\/p>\n<p>Ausgestattet mit einer geh\u00e4rteten Stahlspitze, gew\u00e4hrleistet das 16-Unzen-Messinglot scharfe und pr\u00e4zise Markierungen f\u00fcr Absteck-, Ausrichtungs- und Bauarbeiten. Das Standard-ASA-Gewinde garantiert Kompatibilit\u00e4t mit einer Vielzahl von Kabeln und Zubeh\u00f6rteilen. Die ASA-Schraubkappe aus Stahl bietet zudem ein internes Fach f\u00fcr eine Ersatzspitze. <a href=\"https:\/\/mountlaser.com\/de\/about-us\/\">PB01-16 Messing-Lot<\/a> Ein vielseitiges, zuverl\u00e4ssiges und hocheffizientes Werkzeug f\u00fcr den t\u00e4glichen professionellen Einsatz.<\/p>","protected":false},"excerpt":{"rendered":"<ul>\n<li>Bietet eine stabile und pr\u00e4zise vertikale Referenz f\u00fcr Layout und Ausrichtung.<\/li>\n<li>Ein massiver Messingk\u00f6rper mit perfekter Gewichtsverteilung gew\u00e4hrleistet gleichbleibende Leistung<\/li>\n<li>Die geh\u00e4rtete Stahlspitze sorgt f\u00fcr saubere und pr\u00e4zise Markierungen.<\/li>\n<li>Das Standard-ASA-Gewinde bietet Kompatibilit\u00e4t mit allgemein gebr\u00e4uchlichen Kabeln und Anschl\u00fcssen.<\/li>\n<li>Die ASA-Schraubkappe aus Stahl mit internem Nadelaufbewahrungssystem erh\u00f6ht den Bedienkomfort und die Lebensdauer des Werkzeugs.<\/li>\n<\/ul>","protected":false},"featured_media":5449,"comment_status":"open","ping_status":"closed","template":"","meta":[],"product_brand":[],"product_cat":[154,79],"product_tag":[],"class_list":{"0":"post-5838","1":"product","2":"type-product","3":"status-publish","4":"has-post-thumbnail","6":"product_cat-brass-plumb-bob","7":"product_cat-surveying-accessory","9":"first","10":"instock","11":"shipping-taxable","12":"product-type-simple"},"_links":{"self":[{"href":"https:\/\/mountlaser.com\/de\/wp-json\/wp\/v2\/product\/5838","targetHints":{"allow":["GET"]}}],"collection":[{"href":"https:\/\/mountlaser.com\/de\/wp-json\/wp\/v2\/product"}],"about":[{"href":"https:\/\/mountlaser.com\/de\/wp-json\/wp\/v2\/types\/product"}],"replies":[{"embeddable":true,"href":"https:\/\/mountlaser.com\/de\/wp-json\/wp\/v2\/comments?post=5838"}],"wp:featuredmedia":[{"embeddable":true,"href":"https:\/\/mountlaser.com\/de\/wp-json\/wp\/v2\/media\/5449"}],"wp:attachment":[{"href":"https:\/\/mountlaser.com\/de\/wp-json\/wp\/v2\/media?parent=5838"}],"wp:term":[{"taxonomy":"product_brand","embeddable":true,"href":"https:\/\/mountlaser.com\/de\/wp-json\/wp\/v2\/product_brand?post=5838"},{"taxonomy":"product_cat","embeddable":true,"href":"https:\/\/mountlaser.com\/de\/wp-json\/wp\/v2\/product_cat?post=5838"},{"taxonomy":"product_tag","embeddable":true,"href":"https:\/\/mountlaser.com\/de\/wp-json\/wp\/v2\/product_tag?post=5838"}],"curies":[{"name":"wp","href":"https:\/\/api.w.org\/{rel}","templated":true}]}}