{"id":5836,"date":"2025-12-11T06:04:10","date_gmt":"2025-12-11T06:04:10","guid":{"rendered":"https:\/\/mountlaser.com\/?post_type=product&#038;p=5836"},"modified":"2025-12-11T06:10:21","modified_gmt":"2025-12-11T06:10:21","slug":"pb01-12-brass-plumb-bob","status":"publish","type":"product","link":"https:\/\/mountlaser.com\/de\/produkt\/pb01-12-brass-plumb-bob\/","title":{"rendered":"PB01-12 Messing-Lot"},"content":{"rendered":"<p data-start=\"286\" data-end=\"717\">Der <a href=\"https:\/\/mountlaser.com\/de\/\"><strong data-start=\"290\" data-end=\"317\">PB01-12 Messing-Lot<\/strong><\/a> wurde f\u00fcr Profis entwickelt, die bei jeder Ausrichtungsaufgabe absolute Genauigkeit ben\u00f6tigen. Gefertigt aus massivem Messing und pr\u00e4zisionsbearbeitet f\u00fcr perfekte Balance, <a href=\"https:\/\/mountlaser.com\/de\/produkt-kategorie\/surveying-accessory\/\"><strong data-start=\"478\" data-end=\"504\">12 Unzen Messing-Lot<\/strong><\/a> Gew\u00e4hrleistet eine zuverl\u00e4ssige vertikale Referenz auch unter schwierigen Baustellenbedingungen. Die sch\u00fctzende Lackierung erh\u00f6ht die Langlebigkeit und sorgt daf\u00fcr, dass das Messinglot PB01-12 auch im langfristigen Feldeinsatz zuverl\u00e4ssig funktioniert.<\/p>\n<p><img fetchpriority=\"high\" decoding=\"async\" class=\"aligncenter wp-image-5449\" src=\"https:\/\/mountlaser.com\/wp-content\/uploads\/2025\/12\/PB01.webp\" alt=\"PB01-12 Brass Plumb Bob\" width=\"500\" height=\"500\" srcset=\"https:\/\/mountlaser.com\/wp-content\/uploads\/2025\/12\/PB01.webp 1000w, https:\/\/mountlaser.com\/wp-content\/uploads\/2025\/12\/PB01-300x300.webp 300w, https:\/\/mountlaser.com\/wp-content\/uploads\/2025\/12\/PB01-150x150.webp 150w, https:\/\/mountlaser.com\/wp-content\/uploads\/2025\/12\/PB01-768x768.webp 768w, https:\/\/mountlaser.com\/wp-content\/uploads\/2025\/12\/PB01-12x12.webp 12w, https:\/\/mountlaser.com\/wp-content\/uploads\/2025\/12\/PB01-600x600.webp 600w, https:\/\/mountlaser.com\/wp-content\/uploads\/2025\/12\/PB01-800x800.webp 800w, https:\/\/mountlaser.com\/wp-content\/uploads\/2025\/12\/PB01-400x400.webp 400w\" sizes=\"(max-width: 500px) 100vw, 500px\" \/><\/p>\n<p>Mit einer geh\u00e4rteten Stahlspitze f\u00fcr pr\u00e4zise und zuverl\u00e4ssige Markierungen liefert das 12-Unzen-Messinglot Genauigkeit, auf die Sie sich verlassen k\u00f6nnen. Das Standard-ASA-Gewinde garantiert Kompatibilit\u00e4t mit g\u00e4ngigen Lotkabeln und Zubeh\u00f6r. Eine ASA-Schraubkappe aus Stahl sorgt f\u00fcr zus\u00e4tzliche Robustheit und bietet ein integriertes Fach f\u00fcr eine Ersatzspitze. <a href=\"https:\/\/mountlaser.com\/de\/about-us\/\">PB01-12 Messing-Lot<\/a> sowohl praktisch als auch einsatzbereit.<\/p>","protected":false},"excerpt":{"rendered":"<ul>\n<li>Bietet eine pr\u00e4zise und stabile vertikale Referenz f\u00fcr Layout und Ausrichtung.<\/li>\n<li>Das pr\u00e4zisionsgefertigte Messinggeh\u00e4use gew\u00e4hrleistet eine ideale Gewichtsverteilung.<\/li>\n<li>Die geh\u00e4rtete Stahlspitze sorgt f\u00fcr klare und pr\u00e4zise Markierungslinien.<\/li>\n<li>Das ASA-Gewindedesign erm\u00f6glicht Kompatibilit\u00e4t mit Standardkabeln und -zubeh\u00f6r.<\/li>\n<li>Die Stahlschraubkappe bietet dauerhaften Schutz und Aufbewahrungsm\u00f6glichkeiten f\u00fcr zus\u00e4tzliche Punkte.<\/li>\n<\/ul>","protected":false},"featured_media":5449,"comment_status":"open","ping_status":"closed","template":"","meta":[],"product_brand":[],"product_cat":[154,79],"product_tag":[],"class_list":{"0":"post-5836","1":"product","2":"type-product","3":"status-publish","4":"has-post-thumbnail","6":"product_cat-brass-plumb-bob","7":"product_cat-surveying-accessory","9":"first","10":"instock","11":"shipping-taxable","12":"product-type-simple"},"_links":{"self":[{"href":"https:\/\/mountlaser.com\/de\/wp-json\/wp\/v2\/product\/5836","targetHints":{"allow":["GET"]}}],"collection":[{"href":"https:\/\/mountlaser.com\/de\/wp-json\/wp\/v2\/product"}],"about":[{"href":"https:\/\/mountlaser.com\/de\/wp-json\/wp\/v2\/types\/product"}],"replies":[{"embeddable":true,"href":"https:\/\/mountlaser.com\/de\/wp-json\/wp\/v2\/comments?post=5836"}],"wp:featuredmedia":[{"embeddable":true,"href":"https:\/\/mountlaser.com\/de\/wp-json\/wp\/v2\/media\/5449"}],"wp:attachment":[{"href":"https:\/\/mountlaser.com\/de\/wp-json\/wp\/v2\/media?parent=5836"}],"wp:term":[{"taxonomy":"product_brand","embeddable":true,"href":"https:\/\/mountlaser.com\/de\/wp-json\/wp\/v2\/product_brand?post=5836"},{"taxonomy":"product_cat","embeddable":true,"href":"https:\/\/mountlaser.com\/de\/wp-json\/wp\/v2\/product_cat?post=5836"},{"taxonomy":"product_tag","embeddable":true,"href":"https:\/\/mountlaser.com\/de\/wp-json\/wp\/v2\/product_tag?post=5836"}],"curies":[{"name":"wp","href":"https:\/\/api.w.org\/{rel}","templated":true}]}}