{"id":5834,"date":"2025-12-11T02:42:42","date_gmt":"2025-12-11T02:42:42","guid":{"rendered":"https:\/\/mountlaser.com\/?post_type=product&#038;p=5834"},"modified":"2025-12-11T09:17:17","modified_gmt":"2025-12-11T09:17:17","slug":"hdtdo1-tripod-floor-guide","status":"publish","type":"product","link":"https:\/\/mountlaser.com\/de\/produkt\/hdtdo1-tripod-floor-guide\/","title":{"rendered":"HDTDO1 Stativ-Bodenf\u00fchrung"},"content":{"rendered":"<p data-start=\"177\" data-end=\"669\">Der <a href=\"https:\/\/mountlaser.com\/de\/\"><strong data-start=\"181\" data-end=\"204\">HDTDO1 Stativ-Bodenf\u00fchrung <\/strong><\/a>\u00a0ist eine robuste und zuverl\u00e4ssige Mobilit\u00e4tsl\u00f6sung, die speziell f\u00fcr professionelle Vermessungsumgebungen entwickelt wurde. Konstruiert als echte <a href=\"https:\/\/mountlaser.com\/de\/produkt-kategorie\/surveying-accessory\/\"><strong data-start=\"323\" data-end=\"350\">robuste Stativ-Bodenf\u00fchrung<\/strong><\/a>, Es verf\u00fcgt \u00fcber verst\u00e4rkte 25 \u00d7 25 mm Edelstahl-Kastenprofile, die f\u00fcr Langlebigkeit und stabilen Halt bei Arbeiten in Innenr\u00e4umen sorgen. Ob Sie eine Totalstation, einen Laserscanner oder ein anderes Pr\u00e4zisionsinstrument bewegen \u2013 die Stativ-Bodenf\u00fchrung HDTDO1 erm\u00f6glicht sanfte, kontrollierte Bewegungen bei au\u00dfergew\u00f6hnlicher Stabilit\u00e4t.<\/p>\n<p data-start=\"177\" data-end=\"669\"><img fetchpriority=\"high\" decoding=\"async\" class=\"aligncenter wp-image-5581\" src=\"https:\/\/mountlaser.com\/wp-content\/uploads\/2025\/12\/TD011.webp\" alt=\"HDTDO1 Tripod Floor Guide\" width=\"500\" height=\"500\" srcset=\"https:\/\/mountlaser.com\/wp-content\/uploads\/2025\/12\/TD011.webp 1000w, https:\/\/mountlaser.com\/wp-content\/uploads\/2025\/12\/TD011-300x300.webp 300w, https:\/\/mountlaser.com\/wp-content\/uploads\/2025\/12\/TD011-150x150.webp 150w, https:\/\/mountlaser.com\/wp-content\/uploads\/2025\/12\/TD011-768x768.webp 768w, https:\/\/mountlaser.com\/wp-content\/uploads\/2025\/12\/TD011-12x12.webp 12w, https:\/\/mountlaser.com\/wp-content\/uploads\/2025\/12\/TD011-600x600.webp 600w, https:\/\/mountlaser.com\/wp-content\/uploads\/2025\/12\/TD011-800x800.webp 800w, https:\/\/mountlaser.com\/wp-content\/uploads\/2025\/12\/TD011-400x400.webp 400w\" sizes=\"(max-width: 500px) 100vw, 500px\" \/><\/p>\n<p data-start=\"671\" data-end=\"1260\">Diese robuste Stativ-Bodenf\u00fchrung ist mit 75-mm-Gummir\u00e4dern ausgestattet, die ein m\u00fcheloses Rollen und pr\u00e4zises Positionieren erm\u00f6glichen. Die integrierten Feststellbremsen sorgen f\u00fcr Stabilit\u00e4t beim Arbeiten an empfindlichen Messpunkten. Verriegelungsgurte am Fahrgestell fixieren die Stativf\u00fc\u00dfe sicher und gew\u00e4hrleisten so eine sichere Plattform beim Transport und Aufbau. Die Bodenf\u00fchrung ist benutzerfreundlich gestaltet. <a href=\"https:\/\/mountlaser.com\/de\/contact-us\/\">HDTDO1 Stativ-Bodenf\u00fchrung<\/a>\u00a0ist vollst\u00e4ndig zusammenklappbar f\u00fcr eine kompakte Aufbewahrung, wiegt nur 3,0 kg und hat zusammengeklappt eine Gr\u00f6\u00dfe von 66 \u00d7 19 \u00d7 17 cm \u2013 perfekt f\u00fcr Vermesser, die Mobilit\u00e4t ben\u00f6tigen, ohne Kompromisse bei der Genauigkeit einzugehen.<\/p>","protected":false},"excerpt":{"rendered":"<ul>\n<li>Gew\u00e4hrleistet einen reibungslosen und kontrollierten Transport von montierten Vermessungsinstrumenten<\/li>\n<li>Die Stativbeine werden mit Verriegelungsgurten gesichert, um ein Verrutschen w\u00e4hrend des Gebrauchs zu verhindern.<\/li>\n<li>Erm\u00f6glicht eine schnelle Neupositionierung f\u00fcr Vermessungsaufgaben in Innenr\u00e4umen<\/li>\n<li>Gew\u00e4hrleistet Stabilit\u00e4t durch Gummir\u00e4der und Feststellbremsen.<\/li>\n<\/ul>","protected":false},"featured_media":5584,"comment_status":"open","ping_status":"closed","template":"","meta":[],"product_brand":[],"product_cat":[160,79],"product_tag":[],"class_list":{"0":"post-5834","1":"product","2":"type-product","3":"status-publish","4":"has-post-thumbnail","6":"product_cat-tripod-floor-guide","7":"product_cat-surveying-accessory","9":"first","10":"instock","11":"shipping-taxable","12":"product-type-simple"},"_links":{"self":[{"href":"https:\/\/mountlaser.com\/de\/wp-json\/wp\/v2\/product\/5834","targetHints":{"allow":["GET"]}}],"collection":[{"href":"https:\/\/mountlaser.com\/de\/wp-json\/wp\/v2\/product"}],"about":[{"href":"https:\/\/mountlaser.com\/de\/wp-json\/wp\/v2\/types\/product"}],"replies":[{"embeddable":true,"href":"https:\/\/mountlaser.com\/de\/wp-json\/wp\/v2\/comments?post=5834"}],"wp:featuredmedia":[{"embeddable":true,"href":"https:\/\/mountlaser.com\/de\/wp-json\/wp\/v2\/media\/5584"}],"wp:attachment":[{"href":"https:\/\/mountlaser.com\/de\/wp-json\/wp\/v2\/media?parent=5834"}],"wp:term":[{"taxonomy":"product_brand","embeddable":true,"href":"https:\/\/mountlaser.com\/de\/wp-json\/wp\/v2\/product_brand?post=5834"},{"taxonomy":"product_cat","embeddable":true,"href":"https:\/\/mountlaser.com\/de\/wp-json\/wp\/v2\/product_cat?post=5834"},{"taxonomy":"product_tag","embeddable":true,"href":"https:\/\/mountlaser.com\/de\/wp-json\/wp\/v2\/product_tag?post=5834"}],"curies":[{"name":"wp","href":"https:\/\/api.w.org\/{rel}","templated":true}]}}