{"id":5821,"date":"2025-12-10T09:32:46","date_gmt":"2025-12-10T09:32:46","guid":{"rendered":"https:\/\/mountlaser.com\/?post_type=product&#038;p=5821"},"modified":"2025-12-11T09:24:48","modified_gmt":"2025-12-11T09:24:48","slug":"ldt-402-series-theodolite","status":"publish","type":"product","link":"https:\/\/mountlaser.com\/de\/produkt\/ldt-402-series-theodolite\/","title":{"rendered":"Theodolit der Serie LDT-402"},"content":{"rendered":"<p>Die LDT-402-Serie stellt einen bedeutenden Fortschritt in der Pr\u00e4zisionswinkelmessung dar und kombiniert eine robuste Konstruktion mit intelligenten digitalen Funktionen.<br \/>\nDas <a href=\"https:\/\/mountlaser.com\/de\/\"><strong>Intelligenter elektronischer Theodolit<\/strong><\/a> Es wurde f\u00fcr Vermesser und Baufachleute entwickelt, die eine zuverl\u00e4ssige, genaue und effiziente Datenerfassung im Au\u00dfendienst ben\u00f6tigen.<\/p>\n<p>Dieser intelligente elektronische Theodolit verf\u00fcgt \u00fcber einen eingebauten Datensammler, wodurch externe Aufzeichnungsger\u00e4te \u00fcberfl\u00fcssig werden und Ihr Arbeitsablauf optimiert wird.<\/p>\n<p>Der elektronische Theodolit LDT-402A umfasst die folgenden vier Typen:<\/p>\n<p>Elektronischer Theodolit LDT-402AOL<br \/>\nTheodolit, unten: Optisch, oben: Laser (roter Strahl), Geh\u00e4usefarbe: Grau<\/p>\n<p>Elektronischer Theodolit LDT-402ALO<br \/>\nTheodolit, unten: Laser (roter Strahl), oben: optisch, graue Geh\u00e4usefarbe<\/p>\n<p>Elektronischer Theodolit LDT-402ALL<br \/>\nTheodolit, unten: Laser (roter Strahl), oben: Laser (roter Strahl), graue Geh\u00e4usefarbe<\/p>\n<p>Elektronischer Theodolit LDT-402AOO<br \/>\nTheodolit, unten: optisch, oben: optisch, graue Geh\u00e4usefarbe<\/p>\n<p>Der elektronische Theodolit LDT-402E umfasst die folgenden vier Typen:<\/p>\n<p>Elektronischer Theodolit LDT-402EOL<br \/>\nTheodolit, unten: Optisch, oben: Laser (roter Strahl), gr\u00fcne Geh\u00e4usefarbe<\/p>\n<p>Elektronischer Theodolit LDT-402ELO<br \/>\nTheodolit, unten: Laser (roter Strahl), oben: Optisch, gr\u00fcne Geh\u00e4usefarbe<\/p>\n<p>Elektronischer Theodolit LDT-402ELL<br \/>\nTheodolit, unten: Laser (roter Strahl), oben: Laser (roter Strahl), gr\u00fcne Geh\u00e4usefarbe<\/p>\n<p>Elektronischer Theodolit LDT-402EOO<br \/>\nTheodolit, unten: optisch, oben: optisch, gr\u00fcne Muschelfarbe<\/p>\n<p><img fetchpriority=\"high\" decoding=\"async\" class=\"aligncenter wp-image-5831\" src=\"https:\/\/mountlaser.com\/wp-content\/uploads\/2025\/12\/LDT-402AL2.webp\" alt=\"Smart Electronic Theodolite\" width=\"500\" height=\"500\" srcset=\"https:\/\/mountlaser.com\/wp-content\/uploads\/2025\/12\/LDT-402AL2.webp 1000w, https:\/\/mountlaser.com\/wp-content\/uploads\/2025\/12\/LDT-402AL2-300x300.webp 300w, https:\/\/mountlaser.com\/wp-content\/uploads\/2025\/12\/LDT-402AL2-150x150.webp 150w, https:\/\/mountlaser.com\/wp-content\/uploads\/2025\/12\/LDT-402AL2-768x768.webp 768w, https:\/\/mountlaser.com\/wp-content\/uploads\/2025\/12\/LDT-402AL2-12x12.webp 12w, https:\/\/mountlaser.com\/wp-content\/uploads\/2025\/12\/LDT-402AL2-600x600.webp 600w, https:\/\/mountlaser.com\/wp-content\/uploads\/2025\/12\/LDT-402AL2-800x800.webp 800w, https:\/\/mountlaser.com\/wp-content\/uploads\/2025\/12\/LDT-402AL2-400x400.webp 400w\" sizes=\"(max-width: 500px) 100vw, 500px\" \/><\/p>\n<p><strong><a href=\"https:\/\/mountlaser.com\/de\/\">Theodolit der Serie LDT-402<\/a> Spezifikationen<\/strong><\/p>\n<table style=\"border-collapse: collapse; width: 854px; height: 980px;\" border=\"0\" width=\"619\" cellspacing=\"0\" cellpadding=\"0\">\n<tbody>\n<tr style=\"height: 13.50pt;\">\n<td class=\"et2\" style=\"height: 13.50pt; width: 230.25pt;\" colspan=\"2\" width=\"307\" height=\"18\">Modellnr.<\/td>\n<td class=\"et3\" style=\"width: 117.00pt;\" width=\"156\">LDT-402E\/402A<\/td>\n<td class=\"et3\" style=\"width: 117.00pt;\" width=\"156\">LDT-402EL\/402AL<\/td>\n<\/tr>\n<tr style=\"height: 13.50pt;\">\n<td class=\"et3\" style=\"height: 13.50pt;\" height=\"18\">Tribrach<\/td>\n<td class=\"et3\">Modell<\/td>\n<td class=\"et3\">Abnehmbar<\/td>\n<td class=\"et3\">Abnehmbar<\/td>\n<\/tr>\n<tr style=\"height: 13.50pt;\">\n<td class=\"et2\" style=\"height: 108.00pt;\" rowspan=\"8\" height=\"144\">Teleskop<\/td>\n<td class=\"et3\">Bildgebung<\/td>\n<td class=\"et3\">Aufrecht<\/td>\n<td class=\"et3\">Aufrecht<\/td>\n<\/tr>\n<tr style=\"height: 13.50pt;\">\n<td class=\"et3\">Vergr\u00f6\u00dferung<\/td>\n<td class=\"et3\">30x<\/td>\n<td class=\"et3\">30x<\/td>\n<\/tr>\n<tr style=\"height: 13.50pt;\">\n<td class=\"et3\">Objektiv\u00f6ffnung<\/td>\n<td class=\"et3\">45 mm<\/td>\n<td class=\"et3\">45 mm<\/td>\n<\/tr>\n<tr style=\"height: 13.50pt;\">\n<td class=\"et3\">Aufl\u00f6sung<\/td>\n<td class=\"et3\">3\u2033<\/td>\n<td class=\"et3\">3\u2033<\/td>\n<\/tr>\n<tr style=\"height: 13.50pt;\">\n<td class=\"et3\">Sichtfeld<\/td>\n<td class=\"et3\">1\u00b030\u2032<\/td>\n<td class=\"et3\">1\u00b030\u2032<\/td>\n<\/tr>\n<tr style=\"height: 13.50pt;\">\n<td class=\"et3\">Minimaler Fokus<\/td>\n<td class=\"et3\">1,3 m<\/td>\n<td class=\"et3\">1,5 m<\/td>\n<\/tr>\n<tr style=\"height: 13.50pt;\">\n<td class=\"et3\">Multiplikations-\/Additivkonstante<\/td>\n<td class=\"et3\">100\/ 0<\/td>\n<td class=\"et3\">100\/ 0<\/td>\n<\/tr>\n<tr style=\"height: 13.50pt;\">\n<td class=\"et3\">L\u00e4nge<\/td>\n<td class=\"et3\">156 mm<\/td>\n<td class=\"et3\">156 mm<\/td>\n<\/tr>\n<tr style=\"height: 13.50pt;\">\n<td class=\"et2\" style=\"height: 67.50pt;\" rowspan=\"5\" height=\"90\">Winkelmessung<\/td>\n<td class=\"et3\">Messmodus<\/td>\n<td class=\"et3\">Absoluter Encoder<\/td>\n<td class=\"et3\">Absoluter Encoder<\/td>\n<\/tr>\n<tr style=\"height: 13.50pt;\">\n<td class=\"et3\">Mindestlesung<\/td>\n<td class=\"et3\">1\u2033\/ 5\u2033<\/td>\n<td class=\"et3\">1\u2033\/ 5\u2033<\/td>\n<\/tr>\n<tr style=\"height: 13.50pt;\">\n<td class=\"et3\">Lesegenauigkeit<\/td>\n<td class=\"et3\">2\u2033<\/td>\n<td class=\"et3\">2\u2033<\/td>\n<\/tr>\n<tr style=\"height: 13.50pt;\">\n<td class=\"et3\">Kreisdurchmesser<\/td>\n<td class=\"et3\">71 mm<\/td>\n<td class=\"et3\">71 mm<\/td>\n<\/tr>\n<tr style=\"height: 13.50pt;\">\n<td class=\"et3\">Winkeleinheiten<\/td>\n<td class=\"et3\">360\u00b0\/ 400 gon\/ 6400 mil<\/td>\n<td class=\"et3\">360\u00b0\/ 400 gon\/ 6400 mil<\/td>\n<\/tr>\n<tr style=\"height: 13.50pt;\">\n<td class=\"et2\" style=\"height: 27.00pt;\" rowspan=\"2\" height=\"36\">Kompensator<\/td>\n<td class=\"et3\">Neigungssensor<\/td>\n<td class=\"et3\">Ja<\/td>\n<td class=\"et3\">Ja<\/td>\n<\/tr>\n<tr style=\"height: 13.50pt;\">\n<td class=\"et3\">Reichweite<\/td>\n<td class=\"et3\">\u00b13\u2032<\/td>\n<td class=\"et3\">\u00b13\u2032<\/td>\n<\/tr>\n<tr style=\"height: 13.50pt;\">\n<td class=\"et2\" style=\"height: 54.00pt;\" rowspan=\"4\" height=\"72\">Laser-Lot<\/td>\n<td class=\"et3\">Wellenl\u00e4nge<\/td>\n<td class=\"et3\">635 nm roter Strahl<\/td>\n<td class=\"et3\">635 nm roter Strahl<\/td>\n<\/tr>\n<tr style=\"height: 13.50pt;\">\n<td class=\"et3\">Leistung<\/td>\n<td class=\"et3\">1 mW<\/td>\n<td class=\"et3\">1 mW<\/td>\n<\/tr>\n<tr style=\"height: 13.50pt;\">\n<td class=\"et3\">Genauigkeit (1,5 m)<\/td>\n<td class=\"et3\">\u00b11 mm<\/td>\n<td class=\"et3\">\u00b11 mm<\/td>\n<\/tr>\n<tr style=\"height: 13.50pt;\">\n<td class=\"et3\">Laserqualit\u00e4t<\/td>\n<td class=\"et3\"><span class=\"font1\">Klasse<\/span><span class=\"font5\">\u2161<\/span><\/td>\n<td class=\"et3\"><span class=\"font1\">Klasse<\/span><span class=\"font5\">\u2161<\/span><\/td>\n<\/tr>\n<tr style=\"height: 13.50pt;\">\n<td class=\"et2\" style=\"height: 40.50pt;\" rowspan=\"3\" height=\"54\">Optisches Lot (optional)<\/td>\n<td class=\"et3\">Vergr\u00f6\u00dferung<\/td>\n<td class=\"et3\">3x<\/td>\n<td class=\"et3\">3x<\/td>\n<\/tr>\n<tr style=\"height: 13.50pt;\">\n<td class=\"et3\">Sichtfeld<\/td>\n<td class=\"et3\">5\u00b0<\/td>\n<td class=\"et3\">5\u00b0<\/td>\n<\/tr>\n<tr style=\"height: 13.50pt;\">\n<td class=\"et3\">Fokusbereich<\/td>\n<td class=\"et3\"><span class=\"font1\">0,5 m \u2014<\/span><span class=\"font5\">\u221e<\/span><\/td>\n<td class=\"et3\"><span class=\"font1\">0,5 m \u2014<\/span><span class=\"font5\">\u221e<\/span><\/td>\n<\/tr>\n<tr style=\"height: 13.50pt;\">\n<td class=\"et2\" style=\"height: 67.50pt;\" rowspan=\"5\" height=\"90\">Laserpointer<\/td>\n<td class=\"et3\">Wellenl\u00e4nge<\/td>\n<td class=\"et3\">\/<\/td>\n<td class=\"et3\">635 nm Rot<\/td>\n<\/tr>\n<tr style=\"height: 13.50pt;\">\n<td class=\"et3\">Leistung<\/td>\n<td class=\"et3\">\/<\/td>\n<td class=\"et3\">1 mW<\/td>\n<\/tr>\n<tr style=\"height: 13.50pt;\">\n<td class=\"et3\">Laserreichweite (tags\u00fcber)<\/td>\n<td class=\"et3\">\/<\/td>\n<td class=\"et3\">200 m<\/td>\n<\/tr>\n<tr style=\"height: 13.50pt;\">\n<td class=\"et3\">Laser-Koaxialgenauigkeit<\/td>\n<td class=\"et3\">\/<\/td>\n<td class=\"et4\"><span class=\"font2\">\u2264<\/span><span class=\"font1\">5\u2033<\/span><\/td>\n<\/tr>\n<tr style=\"height: 13.50pt;\">\n<td class=\"et3\">Laserfleckdurchmesser<\/td>\n<td class=\"et3\">\/<\/td>\n<td class=\"et5\"><span class=\"font3\">\u2264<\/span><span class=\"font6\">2 mm\/100 m<\/span><\/td>\n<\/tr>\n<tr style=\"height: 13.50pt;\">\n<td class=\"et2\" style=\"height: 27.00pt;\" rowspan=\"2\" height=\"36\">Phiole<\/td>\n<td class=\"et3\">Plattenr\u00f6hrchen<\/td>\n<td class=\"et3\">30\u2033\/ 2 mm<\/td>\n<td class=\"et3\">30\u2033\/ 2 mm<\/td>\n<\/tr>\n<tr style=\"height: 13.50pt;\">\n<td class=\"et3\">Rundfl\u00e4schchen<\/td>\n<td class=\"et3\">8&#039;\/ 2mm<\/td>\n<td class=\"et3\">8&#039;\/ 2mm<\/td>\n<\/tr>\n<tr style=\"height: 13.50pt;\">\n<td class=\"et3\" style=\"height: 13.50pt;\" height=\"18\">Anzeige<\/td>\n<td class=\"et3\">Doppelseitige<\/td>\n<td class=\"et3\">LED-Hintergrundbeleuchtung<\/td>\n<td class=\"et3\">LED-Hintergrundbeleuchtung<\/td>\n<\/tr>\n<tr style=\"height: 13.50pt;\">\n<td class=\"et2\" style=\"height: 27.00pt;\" rowspan=\"2\" height=\"36\">Leistung<\/td>\n<td class=\"et3\">Energiequelle<\/td>\n<td class=\"et6\">Ni-MH-Akku 4,8 V 1500 mAh<\/td>\n<td class=\"et6\">Ni-MH-Akku 4,8 V 1500 mAh<\/td>\n<\/tr>\n<tr style=\"height: 13.50pt;\">\n<td class=\"et3\">Betriebstemperatur<\/td>\n<td class=\"et3\"><span class=\"font1\">-20<\/span><span class=\"font2\">\u2103\uff5e<\/span><span class=\"font1\">+50<\/span><span class=\"font2\">\u2103<\/span><\/td>\n<td class=\"et3\"><span class=\"font1\">-20<\/span><span class=\"font2\">\u2103\uff5e<\/span><span class=\"font1\">+50<\/span><span class=\"font2\">\u2103<\/span><\/td>\n<\/tr>\n<tr style=\"height: 13.50pt;\">\n<td class=\"et2\" style=\"height: 27.00pt;\" rowspan=\"2\" height=\"36\">Ausgabe<\/td>\n<td class=\"et3\">Datenausgabe<\/td>\n<td class=\"et3\">\/<\/td>\n<td class=\"et3\">RS232C<\/td>\n<\/tr>\n<tr style=\"height: 13.50pt;\">\n<td class=\"et3\">Speicher (Punkte)<\/td>\n<td class=\"et3\">\/<\/td>\n<td class=\"et7\">1000<\/td>\n<\/tr>\n<\/tbody>\n<\/table>","protected":false},"excerpt":{"rendered":"<ul>\n<li>Robust und zuverl\u00e4ssig: Dank der Schutzart IP54 ist der Theodolit gegen Staub und Spritzwasser gesch\u00fctzt und eignet sich daher f\u00fcr den Einsatz auf Baustellen.<\/li>\n<li>Schnell und produktiv: Es erreicht Messzeiten innerhalb von 5 Sekunden und steigert so die Produktivit\u00e4t vor Ort erheblich.<\/li>\n<\/ul>","protected":false},"featured_media":5822,"comment_status":"open","ping_status":"closed","template":"","meta":[],"product_brand":[],"product_cat":[144,95],"product_tag":[],"class_list":{"0":"post-5821","1":"product","2":"type-product","3":"status-publish","4":"has-post-thumbnail","6":"product_cat-theodoliteagent-sales","7":"product_cat-agent-sales","9":"first","10":"instock","11":"shipping-taxable","12":"product-type-simple"},"_links":{"self":[{"href":"https:\/\/mountlaser.com\/de\/wp-json\/wp\/v2\/product\/5821","targetHints":{"allow":["GET"]}}],"collection":[{"href":"https:\/\/mountlaser.com\/de\/wp-json\/wp\/v2\/product"}],"about":[{"href":"https:\/\/mountlaser.com\/de\/wp-json\/wp\/v2\/types\/product"}],"replies":[{"embeddable":true,"href":"https:\/\/mountlaser.com\/de\/wp-json\/wp\/v2\/comments?post=5821"}],"wp:featuredmedia":[{"embeddable":true,"href":"https:\/\/mountlaser.com\/de\/wp-json\/wp\/v2\/media\/5822"}],"wp:attachment":[{"href":"https:\/\/mountlaser.com\/de\/wp-json\/wp\/v2\/media?parent=5821"}],"wp:term":[{"taxonomy":"product_brand","embeddable":true,"href":"https:\/\/mountlaser.com\/de\/wp-json\/wp\/v2\/product_brand?post=5821"},{"taxonomy":"product_cat","embeddable":true,"href":"https:\/\/mountlaser.com\/de\/wp-json\/wp\/v2\/product_cat?post=5821"},{"taxonomy":"product_tag","embeddable":true,"href":"https:\/\/mountlaser.com\/de\/wp-json\/wp\/v2\/product_tag?post=5821"}],"curies":[{"name":"wp","href":"https:\/\/api.w.org\/{rel}","templated":true}]}}