{"id":5812,"date":"2025-12-10T09:11:42","date_gmt":"2025-12-10T09:11:42","guid":{"rendered":"https:\/\/mountlaser.com\/?post_type=product&#038;p=5812"},"modified":"2025-12-10T09:25:57","modified_gmt":"2025-12-10T09:25:57","slug":"sc-dc01-soft-case","status":"publish","type":"product","link":"https:\/\/mountlaser.com\/de\/produkt\/sc-dc01-soft-case\/","title":{"rendered":"SC-DC01 Softcase"},"content":{"rendered":"<p>Der <a href=\"https:\/\/mountlaser.com\/de\/\"><strong>SC-DC01 Softcase<\/strong><\/a> ist eine robuste und sch\u00fctzende L\u00f6sung, die speziell f\u00fcr handgef\u00fchrte Datenerfassungsger\u00e4te in professionellen Vermessungsanwendungen entwickelt wurde. Dank ihrer leuchtend gelben Au\u00dfenfarbe ist die SC-DC01 Softcase-Tasche im Gel\u00e4nde gut sichtbar und gew\u00e4hrleistet, dass wichtige Instrumente sicher aufbewahrt und auch bei anspruchsvollen Feldarbeiten schnell griffbereit sind. <a href=\"https:\/\/mountlaser.com\/de\/produkt-kategorie\/surveying-accessory\/\"><strong>TRI Datensammler Softcase<\/strong><\/a>, Es bietet zuverl\u00e4ssigen Schutz vor Staub, leichten St\u00f6\u00dfen und allt\u00e4glicher Abnutzung und ist somit ein ideales Zubeh\u00f6r f\u00fcr Vermesser, die bei der Arbeit auf zuverl\u00e4ssige Ausr\u00fcstung angewiesen sind.<\/p>\n<p><img fetchpriority=\"high\" decoding=\"async\" class=\"aligncenter wp-image-5819\" src=\"https:\/\/mountlaser.com\/wp-content\/uploads\/2025\/12\/SC-DC017.webp\" alt=\"SC-DC01 Soft case\" width=\"500\" height=\"500\" srcset=\"https:\/\/mountlaser.com\/wp-content\/uploads\/2025\/12\/SC-DC017.webp 1000w, https:\/\/mountlaser.com\/wp-content\/uploads\/2025\/12\/SC-DC017-300x300.webp 300w, https:\/\/mountlaser.com\/wp-content\/uploads\/2025\/12\/SC-DC017-150x150.webp 150w, https:\/\/mountlaser.com\/wp-content\/uploads\/2025\/12\/SC-DC017-768x768.webp 768w, https:\/\/mountlaser.com\/wp-content\/uploads\/2025\/12\/SC-DC017-12x12.webp 12w, https:\/\/mountlaser.com\/wp-content\/uploads\/2025\/12\/SC-DC017-600x600.webp 600w, https:\/\/mountlaser.com\/wp-content\/uploads\/2025\/12\/SC-DC017-800x800.webp 800w, https:\/\/mountlaser.com\/wp-content\/uploads\/2025\/12\/SC-DC017-400x400.webp 400w\" sizes=\"(max-width: 500px) 100vw, 500px\" \/><\/p>\n<p>Diese TRI-Datensammler-Tasche wurde f\u00fcr Funktionalit\u00e4t und Komfort entwickelt und bietet sicheren Halt f\u00fcr eine Vielzahl von Datensammlern. Gleichzeitig ist sie leicht und erm\u00f6glicht so eine komfortable Handhabung. Das robuste Design verl\u00e4ngert die Lebensdauer Ihres Ger\u00e4ts, und die schlanke Form sorgt f\u00fcr bequemes Tragen in der Hand oder zum Verstauen in gr\u00f6\u00dferen Messtaschen. Dank der effizienten Aufteilung und der stabilen N\u00e4hte bietet die Tasche optimalen Schutz.<a href=\"https:\/\/mountlaser.com\/de\/contact-us\/\"> SC-DC01 Softcase<\/a> gew\u00e4hrleistet langfristige Haltbarkeit in verschiedenen Einsatzumgebungen.<\/p>","protected":false},"excerpt":{"rendered":"<ul>\n<li>Die leuchtend gelbe Au\u00dfenfassade verbessert die Sichtbarkeit bei Arbeiten im Freien.<\/li>\n<li>Speziell entwickelte Softcase-Tasche f\u00fcr den TRI-Datensammler, die optimale Passform und Schutz bietet.<\/li>\n<li>Sto\u00dffeste Polsterung sch\u00fctzt die Ger\u00e4te vor St\u00f6\u00dfen und Abrieb.<\/li>\n<li>Leichtes und kompaktes Design f\u00fcr m\u00fchelose Handhabung und Transport im Au\u00dfeneinsatz.<\/li>\n<li>Strapazierf\u00e4hige N\u00e4hte und eine verst\u00e4rkte Konstruktion verl\u00e4ngern die Lebensdauer bei anspruchsvollen Feldeins\u00e4tzen.<\/li>\n<\/ul>","protected":false},"featured_media":5815,"comment_status":"open","ping_status":"closed","template":"","meta":[],"product_brand":[],"product_cat":[164,79],"product_tag":[],"class_list":{"0":"post-5812","1":"product","2":"type-product","3":"status-publish","4":"has-post-thumbnail","6":"product_cat-soft-case","7":"product_cat-surveying-accessory","9":"first","10":"instock","11":"shipping-taxable","12":"product-type-simple"},"_links":{"self":[{"href":"https:\/\/mountlaser.com\/de\/wp-json\/wp\/v2\/product\/5812","targetHints":{"allow":["GET"]}}],"collection":[{"href":"https:\/\/mountlaser.com\/de\/wp-json\/wp\/v2\/product"}],"about":[{"href":"https:\/\/mountlaser.com\/de\/wp-json\/wp\/v2\/types\/product"}],"replies":[{"embeddable":true,"href":"https:\/\/mountlaser.com\/de\/wp-json\/wp\/v2\/comments?post=5812"}],"wp:featuredmedia":[{"embeddable":true,"href":"https:\/\/mountlaser.com\/de\/wp-json\/wp\/v2\/media\/5815"}],"wp:attachment":[{"href":"https:\/\/mountlaser.com\/de\/wp-json\/wp\/v2\/media?parent=5812"}],"wp:term":[{"taxonomy":"product_brand","embeddable":true,"href":"https:\/\/mountlaser.com\/de\/wp-json\/wp\/v2\/product_brand?post=5812"},{"taxonomy":"product_cat","embeddable":true,"href":"https:\/\/mountlaser.com\/de\/wp-json\/wp\/v2\/product_cat?post=5812"},{"taxonomy":"product_tag","embeddable":true,"href":"https:\/\/mountlaser.com\/de\/wp-json\/wp\/v2\/product_tag?post=5812"}],"curies":[{"name":"wp","href":"https:\/\/api.w.org\/{rel}","templated":true}]}}