{"id":5805,"date":"2025-12-10T08:39:38","date_gmt":"2025-12-10T08:39:38","guid":{"rendered":"https:\/\/mountlaser.com\/?post_type=product&#038;p=5805"},"modified":"2025-12-10T09:26:29","modified_gmt":"2025-12-10T09:26:29","slug":"sc-mr01-soft-case","status":"publish","type":"product","link":"https:\/\/mountlaser.com\/de\/produkt\/sc-mr01-soft-case\/","title":{"rendered":"SC-MR01 Softcase"},"content":{"rendered":"<p>Der <a href=\"https:\/\/mountlaser.com\/de\/\"><strong>SC-MR01 Softcase<\/strong><\/a> ist eine hochwertige Schutzl\u00f6sung, die speziell f\u00fcr moderne GNSS-Feldarbeiten entwickelt wurde und au\u00dfergew\u00f6hnliche Langlebigkeit und Benutzerfreundlichkeit f\u00fcr anspruchsvolle Vermessungsumgebungen bietet. Dank ihres stabilen Innenrahmens bietet die SC-MR01 Softcase-Tasche optimalen Schutz f\u00fcr TRI Modular Receiver und gew\u00e4hrleistet so einen sicheren Transport und zuverl\u00e4ssige Leistung im Feld. Als professioneller Anwender <a href=\"https:\/\/mountlaser.com\/de\/produkt-kategorie\/surveying-accessory\/\"><strong>GNSS-Rucksacktasche f\u00fcr Trimble-Empf\u00e4nger<\/strong><\/a>, Es kombiniert robuste Materialien mit einem praktischen Rucksackdesign f\u00fcr freih\u00e4ndige Mobilit\u00e4t und einfachen Zugriff auf die Ausr\u00fcstung.<\/p>\n<p>Der GNSS-Rucksack f\u00fcr Trimble-Empf\u00e4nger besticht durch sein \u00fcberwiegend gelbes \u00c4u\u00dferes mit schwarzen Schultergurten und einem verst\u00e4rkten schwarzen Boden. Er bietet hervorragende Sichtbarkeit und ist \u00e4u\u00dferst strapazierf\u00e4hig. Dank seines ergonomischen Designs verteilt er das Gewicht gleichm\u00e4\u00dfig und ist daher auch bei l\u00e4ngeren Feldeins\u00e4tzen komfortabel zu tragen. Die SC-MR01 Softtasche bietet zudem eine \u00fcbersichtliche Innenaufteilung, die Ihren TRI Modular Receiver w\u00e4hrend des Transports sicher und optimal positioniert h\u00e4lt.<\/p>\n<p><img fetchpriority=\"high\" decoding=\"async\" class=\"aligncenter wp-image-5811\" src=\"https:\/\/mountlaser.com\/wp-content\/uploads\/2025\/12\/SC-MR016.webp\" alt=\"SC-MR01 Soft case\" width=\"500\" height=\"500\" srcset=\"https:\/\/mountlaser.com\/wp-content\/uploads\/2025\/12\/SC-MR016.webp 1000w, https:\/\/mountlaser.com\/wp-content\/uploads\/2025\/12\/SC-MR016-300x300.webp 300w, https:\/\/mountlaser.com\/wp-content\/uploads\/2025\/12\/SC-MR016-150x150.webp 150w, https:\/\/mountlaser.com\/wp-content\/uploads\/2025\/12\/SC-MR016-768x768.webp 768w, https:\/\/mountlaser.com\/wp-content\/uploads\/2025\/12\/SC-MR016-12x12.webp 12w, https:\/\/mountlaser.com\/wp-content\/uploads\/2025\/12\/SC-MR016-600x600.webp 600w, https:\/\/mountlaser.com\/wp-content\/uploads\/2025\/12\/SC-MR016-800x800.webp 800w, https:\/\/mountlaser.com\/wp-content\/uploads\/2025\/12\/SC-MR016-400x400.webp 400w\" sizes=\"(max-width: 500px) 100vw, 500px\" \/><\/p>\n<p>Als zuverl\u00e4ssiger GNSS-Rucksack f\u00fcr Trimble-Empf\u00e4nger ist diese Tasche ideal f\u00fcr Vermesser, die zuverl\u00e4ssigen Schutz in Kombination mit Mobilit\u00e4t, Stabilit\u00e4t und professioneller Leistung ben\u00f6tigen. <a href=\"https:\/\/mountlaser.com\/de\/contact-us\/\">SC-MR01 Softcase<\/a> sorgt daf\u00fcr, dass Ihre Ausr\u00fcstung sicher, ordentlich aufbewahrt und jederzeit einsatzbereit ist.<\/p>","protected":false},"excerpt":{"rendered":"<ul>\n<li>Verbesserter Schutz: Der starre Innenrahmen bietet maximalen Schutz f\u00fcr TRI Modular Receiver.<\/li>\n<li>Design mit hoher Sichtbarkeit: Gelber Korpus mit schwarzen Riemen verbessert die Sicherheit im Einsatz und erleichtert die Identifizierung.<\/li>\n<li>Komfortable Tragbarkeit: Rucksackartiges Tragesystem f\u00fcr bequemen, freih\u00e4ndigen Transport.<\/li>\n<li>Sichere Aufbewahrung: Die optimierte interne Anordnung sorgt f\u00fcr Stabilit\u00e4t und Schutz des Empf\u00e4ngers.<\/li>\n<li>Robuste Einsatzf\u00e4higkeit: Verst\u00e4rkter Boden und widerstandsf\u00e4hige Materialien trotzen rauen Au\u00dfenbedingungen.<\/li>\n<\/ul>","protected":false},"featured_media":5806,"comment_status":"open","ping_status":"closed","template":"","meta":[],"product_brand":[],"product_cat":[164,79],"product_tag":[],"class_list":{"0":"post-5805","1":"product","2":"type-product","3":"status-publish","4":"has-post-thumbnail","6":"product_cat-soft-case","7":"product_cat-surveying-accessory","9":"first","10":"instock","11":"shipping-taxable","12":"product-type-simple"},"_links":{"self":[{"href":"https:\/\/mountlaser.com\/de\/wp-json\/wp\/v2\/product\/5805","targetHints":{"allow":["GET"]}}],"collection":[{"href":"https:\/\/mountlaser.com\/de\/wp-json\/wp\/v2\/product"}],"about":[{"href":"https:\/\/mountlaser.com\/de\/wp-json\/wp\/v2\/types\/product"}],"replies":[{"embeddable":true,"href":"https:\/\/mountlaser.com\/de\/wp-json\/wp\/v2\/comments?post=5805"}],"wp:featuredmedia":[{"embeddable":true,"href":"https:\/\/mountlaser.com\/de\/wp-json\/wp\/v2\/media\/5806"}],"wp:attachment":[{"href":"https:\/\/mountlaser.com\/de\/wp-json\/wp\/v2\/media?parent=5805"}],"wp:term":[{"taxonomy":"product_brand","embeddable":true,"href":"https:\/\/mountlaser.com\/de\/wp-json\/wp\/v2\/product_brand?post=5805"},{"taxonomy":"product_cat","embeddable":true,"href":"https:\/\/mountlaser.com\/de\/wp-json\/wp\/v2\/product_cat?post=5805"},{"taxonomy":"product_tag","embeddable":true,"href":"https:\/\/mountlaser.com\/de\/wp-json\/wp\/v2\/product_tag?post=5805"}],"curies":[{"name":"wp","href":"https:\/\/api.w.org\/{rel}","templated":true}]}}