{"id":5792,"date":"2025-12-10T07:18:56","date_gmt":"2025-12-10T07:18:56","guid":{"rendered":"https:\/\/mountlaser.com\/?post_type=product&#038;p=5792"},"modified":"2025-12-10T09:26:55","modified_gmt":"2025-12-10T09:26:55","slug":"sc-gn-series-soft-case","status":"publish","type":"product","link":"https:\/\/mountlaser.com\/de\/produkt\/sc-gn-series-soft-case\/","title":{"rendered":"SC-GN Serie Softcase"},"content":{"rendered":"<p>Der <a href=\"https:\/\/mountlaser.com\/de\/\"><strong>SC-GN Serie Softcase<\/strong><\/a> ist eine robuste und zuverl\u00e4ssige Tragel\u00f6sung, die speziell f\u00fcr GPS-Vermessungsger\u00e4te entwickelt wurde. Diese Schutztasche wurde f\u00fcr professionelle Anwender im Au\u00dfendienst konzipiert und gew\u00e4hrleistet einen sicheren Transport und eine effiziente Organisation empfindlicher Instrumente. Beide Modelle der SC-GN-Serie Soft Cases vereinen robuste Konstruktion mit praktischen Aufbewahrungsm\u00f6glichkeiten und sind somit ideal f\u00fcr anspruchsvolle Arbeitsumgebungen. Ob als \u2026 <a href=\"https:\/\/mountlaser.com\/de\/produkt-kategorie\/surveying-accessory\/\"><strong>GPS-Vermessungstasche<\/strong><\/a> Ob als allgemeiner Schutzkoffer f\u00fcr den Au\u00dfeneinsatz oder als robustes Etui \u2013 diese Serie bietet gleichbleibende Leistung und lange Haltbarkeit.<\/p>\n<figure id=\"attachment_5799\" aria-describedby=\"caption-attachment-5799\" style=\"width: 500px\" class=\"wp-caption aligncenter\"><img fetchpriority=\"high\" decoding=\"async\" class=\"wp-image-5799\" src=\"https:\/\/mountlaser.com\/wp-content\/uploads\/2025\/12\/SC-GN027.webp\" alt=\"SC-GN Series Soft case\" width=\"500\" height=\"500\" srcset=\"https:\/\/mountlaser.com\/wp-content\/uploads\/2025\/12\/SC-GN027.webp 1000w, https:\/\/mountlaser.com\/wp-content\/uploads\/2025\/12\/SC-GN027-300x300.webp 300w, https:\/\/mountlaser.com\/wp-content\/uploads\/2025\/12\/SC-GN027-150x150.webp 150w, https:\/\/mountlaser.com\/wp-content\/uploads\/2025\/12\/SC-GN027-768x768.webp 768w, https:\/\/mountlaser.com\/wp-content\/uploads\/2025\/12\/SC-GN027-12x12.webp 12w, https:\/\/mountlaser.com\/wp-content\/uploads\/2025\/12\/SC-GN027-600x600.webp 600w, https:\/\/mountlaser.com\/wp-content\/uploads\/2025\/12\/SC-GN027-800x800.webp 800w, https:\/\/mountlaser.com\/wp-content\/uploads\/2025\/12\/SC-GN027-400x400.webp 400w\" sizes=\"(max-width: 500px) 100vw, 500px\" \/><figcaption id=\"caption-attachment-5799\" class=\"wp-caption-text\">SC-GN02 Serie Softcase<\/figcaption><\/figure>\n<figure id=\"attachment_5803\" aria-describedby=\"caption-attachment-5803\" style=\"width: 500px\" class=\"wp-caption aligncenter\"><img decoding=\"async\" class=\"wp-image-5803\" src=\"https:\/\/mountlaser.com\/wp-content\/uploads\/2025\/12\/SC-GN044.webp\" alt=\"SC-GN Series Soft case\" width=\"500\" height=\"500\" srcset=\"https:\/\/mountlaser.com\/wp-content\/uploads\/2025\/12\/SC-GN044.webp 1000w, https:\/\/mountlaser.com\/wp-content\/uploads\/2025\/12\/SC-GN044-300x300.webp 300w, https:\/\/mountlaser.com\/wp-content\/uploads\/2025\/12\/SC-GN044-150x150.webp 150w, https:\/\/mountlaser.com\/wp-content\/uploads\/2025\/12\/SC-GN044-768x768.webp 768w, https:\/\/mountlaser.com\/wp-content\/uploads\/2025\/12\/SC-GN044-12x12.webp 12w, https:\/\/mountlaser.com\/wp-content\/uploads\/2025\/12\/SC-GN044-600x600.webp 600w, https:\/\/mountlaser.com\/wp-content\/uploads\/2025\/12\/SC-GN044-800x800.webp 800w, https:\/\/mountlaser.com\/wp-content\/uploads\/2025\/12\/SC-GN044-400x400.webp 400w\" sizes=\"(max-width: 500px) 100vw, 500px\" \/><figcaption id=\"caption-attachment-5803\" class=\"wp-caption-text\">Softcase der SC-GN04-Serie<\/figcaption><\/figure>\n<p>Der <a href=\"https:\/\/mountlaser.com\/de\/contact-us\/\">SC-GN Serie Softcase<\/a> Die GPS-Vermessungstasche SC-GN02 im japanischen Stil ist in Rot mit schwarzem Innenfutter erh\u00e4ltlich und bietet eine \u00fcbersichtliche und kompakte Anordnung f\u00fcr alle wichtigen GPS-Komponenten. Die amerikanische GPS-Vermessungstasche SC-GN04 der Marke TRI pr\u00e4sentiert sich in Gelb-Schwarz mit grauem Innenfutter und verf\u00fcgt \u00fcber eine Rei\u00dfverschlusstasche vorne und eine seitliche Rei\u00dfverschlusstasche f\u00fcr zus\u00e4tzlichen Stauraum f\u00fcr Werkzeug, Akkus, Kabel und Zubeh\u00f6r. Beide Modelle sind mit einem Klappdeckel f\u00fcr schnellen Zugriff im Gel\u00e4nde ausgestattet.<\/p>","protected":false},"excerpt":{"rendered":"<ul>\n<li>Speziell entwickelte Schutzvorrichtungen f\u00fcr die sichere Aufbewahrung und den Transport von GPS-Vermessungsinstrumenten.<\/li>\n<li>Zwei Stilvarianten: SC-GN02 Japanischer Stil \u2013 rotes Au\u00dfenmaterial, schwarzes Innenmaterial; SC-GN04 Amerikanischer Stil TRI Brand \u2013 gelb-schwarzes Au\u00dfenmaterial, graues Innenmaterial mit zus\u00e4tzlichen Rei\u00dfverschlusstaschen vorne und an den Seiten.<\/li>\n<li>Robuste Konstruktion, geeignet f\u00fcr h\u00e4ufigen Feldeinsatz.<\/li>\n<li>Der Deckel l\u00e4sst sich oben aufklappen und erm\u00f6glicht so einen bequemen Zugriff auf die Ausr\u00fcstung.<\/li>\n<li>Konzipiert f\u00fcr optimale Organisation, mit zus\u00e4tzlichen Taschen (SC-GN04) f\u00fcr Zubeh\u00f6r und Werkzeug.<\/li>\n<\/ul>","protected":false},"featured_media":5803,"comment_status":"open","ping_status":"closed","template":"","meta":[],"product_brand":[],"product_cat":[164,79],"product_tag":[],"class_list":{"0":"post-5792","1":"product","2":"type-product","3":"status-publish","4":"has-post-thumbnail","6":"product_cat-soft-case","7":"product_cat-surveying-accessory","9":"first","10":"instock","11":"shipping-taxable","12":"product-type-simple"},"_links":{"self":[{"href":"https:\/\/mountlaser.com\/de\/wp-json\/wp\/v2\/product\/5792","targetHints":{"allow":["GET"]}}],"collection":[{"href":"https:\/\/mountlaser.com\/de\/wp-json\/wp\/v2\/product"}],"about":[{"href":"https:\/\/mountlaser.com\/de\/wp-json\/wp\/v2\/types\/product"}],"replies":[{"embeddable":true,"href":"https:\/\/mountlaser.com\/de\/wp-json\/wp\/v2\/comments?post=5792"}],"wp:featuredmedia":[{"embeddable":true,"href":"https:\/\/mountlaser.com\/de\/wp-json\/wp\/v2\/media\/5803"}],"wp:attachment":[{"href":"https:\/\/mountlaser.com\/de\/wp-json\/wp\/v2\/media?parent=5792"}],"wp:term":[{"taxonomy":"product_brand","embeddable":true,"href":"https:\/\/mountlaser.com\/de\/wp-json\/wp\/v2\/product_brand?post=5792"},{"taxonomy":"product_cat","embeddable":true,"href":"https:\/\/mountlaser.com\/de\/wp-json\/wp\/v2\/product_cat?post=5792"},{"taxonomy":"product_tag","embeddable":true,"href":"https:\/\/mountlaser.com\/de\/wp-json\/wp\/v2\/product_tag?post=5792"}],"curies":[{"name":"wp","href":"https:\/\/api.w.org\/{rel}","templated":true}]}}