{"id":5768,"date":"2025-12-10T06:40:23","date_gmt":"2025-12-10T06:40:23","guid":{"rendered":"https:\/\/mountlaser.com\/?post_type=product&#038;p=5768"},"modified":"2025-12-10T09:27:21","modified_gmt":"2025-12-10T09:27:21","slug":"sc-pa-ps-series-soft-case","status":"publish","type":"product","link":"https:\/\/mountlaser.com\/de\/produkt\/sc-pa-ps-series-soft-case\/","title":{"rendered":"Softcase der SC-PA\/PS-Serie"},"content":{"rendered":"<p>Der <a href=\"https:\/\/mountlaser.com\/de\/\"><strong>Softcase der SC-PA\/PS-Serie<\/strong><\/a> Diese Softcases wurden speziell f\u00fcr den zuverl\u00e4ssigen Schutz und die \u00fcbersichtliche Aufbewahrung verschiedener Prismenbaugruppen in Vermessungsanwendungen entwickelt. Gefertigt aus robusten Materialien und mit einer inneren Schaumstoffpolsterung ausgestattet, gew\u00e4hrleisten die Softcases der SC-PA\/PS-Serie sicheren Schutz beim Transport und im Au\u00dfeneinsatz. Ob f\u00fcr eine komplette Prismenbaugruppe oder eine Prismenplatte \u2013 diese Softcases bieten zuverl\u00e4ssige Leistung und lange Haltbarkeit.<\/p>\n<p>Die Serie umfasst mehrere farbcodierte Optionen zur einfacheren Identifizierung im Feld. Die Softtasche SC-PA05 f\u00fcr Prismen hat eine rote Au\u00dfenseite, w\u00e4hrend die SC-PA06 <a href=\"https:\/\/mountlaser.com\/de\/produkt-kategorie\/surveying-accessory\/\"><strong>Weiche Tasche f\u00fcr Prisma<\/strong><\/a> Erh\u00e4ltlich in Gelb und speziell f\u00fcr gro\u00dfe Prismenplatten entwickelt. Zum Schutz des Prismensatzes bieten die gelben Modelle SC-PS01 (Standardqualit\u00e4t) und SC-PS02 (erh\u00f6hte Qualit\u00e4t) eine nach oben \u00f6ffnende Klappe f\u00fcr schnellen und einfachen Zugriff. Alle <a href=\"https:\/\/mountlaser.com\/de\/contact-us\/\">Softcase der SC-PA\/PS-Serie<\/a> Die Modelle verf\u00fcgen \u00fcber eine dicke Schwamminnenausstattung, die St\u00f6\u00dfe absorbiert und Abrieb verhindert. Dadurch sind sie ideal f\u00fcr Vermesser, die zuverl\u00e4ssige, leichte und praktische Aufbewahrungsl\u00f6sungen ben\u00f6tigen.<\/p>\n<div>\n<table style=\"border-collapse: collapse; width: 537.02pt;\" border=\"0\" width=\"716\" cellspacing=\"0\" cellpadding=\"0\">\n<tbody>\n<tr style=\"height: 14.25pt;\">\n<td class=\"et2\" style=\"height: 14.25pt; width: 127.50pt;\" width=\"170\" height=\"19\">Modellnr.<\/td>\n<td class=\"et2\" style=\"width: 196.50pt;\" width=\"262\">NOTIZ<\/td>\n<td class=\"et2\" style=\"width: 213.00pt;\" width=\"284\">BILD<\/td>\n<\/tr>\n<tr style=\"height: 14.25pt;\">\n<td class=\"et3\" style=\"height: 14.25pt;\" height=\"19\">SC-PA05<\/td>\n<td class=\"et4\">Weiche Tasche f\u00fcr Prismenbaugruppe mit Schwamm<\/td>\n<td class=\"et5\"><img fetchpriority=\"high\" decoding=\"async\" class=\"alignnone wp-image-5774 size-medium\" src=\"https:\/\/mountlaser.com\/wp-content\/uploads\/2025\/12\/SC-PA056-300x300.webp\" alt=\"SC-PA\/PS Series soft case\" width=\"300\" height=\"300\" srcset=\"https:\/\/mountlaser.com\/wp-content\/uploads\/2025\/12\/SC-PA056-300x300.webp 300w, https:\/\/mountlaser.com\/wp-content\/uploads\/2025\/12\/SC-PA056-150x150.webp 150w, https:\/\/mountlaser.com\/wp-content\/uploads\/2025\/12\/SC-PA056-768x768.webp 768w, https:\/\/mountlaser.com\/wp-content\/uploads\/2025\/12\/SC-PA056-12x12.webp 12w, https:\/\/mountlaser.com\/wp-content\/uploads\/2025\/12\/SC-PA056-600x600.webp 600w, https:\/\/mountlaser.com\/wp-content\/uploads\/2025\/12\/SC-PA056-800x800.webp 800w, https:\/\/mountlaser.com\/wp-content\/uploads\/2025\/12\/SC-PA056-400x400.webp 400w, https:\/\/mountlaser.com\/wp-content\/uploads\/2025\/12\/SC-PA056.webp 1000w\" sizes=\"(max-width: 300px) 100vw, 300px\" \/><\/td>\n<\/tr>\n<tr style=\"height: 14.25pt;\">\n<td class=\"et3\" style=\"height: 14.25pt;\" height=\"19\">SC-PA06<\/td>\n<td class=\"et4\">Weiche Tasche f\u00fcr Prismen-Gro\u00dfplatte mit Schwamm<\/td>\n<td class=\"et5\"><img decoding=\"async\" class=\"alignnone wp-image-5780 size-medium\" src=\"https:\/\/mountlaser.com\/wp-content\/uploads\/2025\/12\/SC-PA066-300x300.webp\" alt=\"SC-PA\/PS Series soft case\" width=\"300\" height=\"300\" srcset=\"https:\/\/mountlaser.com\/wp-content\/uploads\/2025\/12\/SC-PA066-300x300.webp 300w, https:\/\/mountlaser.com\/wp-content\/uploads\/2025\/12\/SC-PA066-150x150.webp 150w, https:\/\/mountlaser.com\/wp-content\/uploads\/2025\/12\/SC-PA066-768x768.webp 768w, https:\/\/mountlaser.com\/wp-content\/uploads\/2025\/12\/SC-PA066-12x12.webp 12w, https:\/\/mountlaser.com\/wp-content\/uploads\/2025\/12\/SC-PA066-600x600.webp 600w, https:\/\/mountlaser.com\/wp-content\/uploads\/2025\/12\/SC-PA066-800x800.webp 800w, https:\/\/mountlaser.com\/wp-content\/uploads\/2025\/12\/SC-PA066-400x400.webp 400w, https:\/\/mountlaser.com\/wp-content\/uploads\/2025\/12\/SC-PA066.webp 1000w\" sizes=\"(max-width: 300px) 100vw, 300px\" \/><\/td>\n<\/tr>\n<tr style=\"height: 14.25pt;\">\n<td class=\"et3\" style=\"height: 14.25pt;\" height=\"19\">SC-PS01<\/td>\n<td class=\"et4\">Weiche Tasche f\u00fcr Prismensatz, allgemeine Qualit\u00e4t<\/td>\n<td class=\"et5\"><img decoding=\"async\" class=\"alignnone wp-image-5785 size-medium\" src=\"https:\/\/mountlaser.com\/wp-content\/uploads\/2025\/12\/SC-PS015-300x300.webp\" alt=\"SC-PA\/PS Series soft case\" width=\"300\" height=\"300\" srcset=\"https:\/\/mountlaser.com\/wp-content\/uploads\/2025\/12\/SC-PS015-300x300.webp 300w, https:\/\/mountlaser.com\/wp-content\/uploads\/2025\/12\/SC-PS015-150x150.webp 150w, https:\/\/mountlaser.com\/wp-content\/uploads\/2025\/12\/SC-PS015-768x768.webp 768w, https:\/\/mountlaser.com\/wp-content\/uploads\/2025\/12\/SC-PS015-12x12.webp 12w, https:\/\/mountlaser.com\/wp-content\/uploads\/2025\/12\/SC-PS015-600x600.webp 600w, https:\/\/mountlaser.com\/wp-content\/uploads\/2025\/12\/SC-PS015-800x800.webp 800w, https:\/\/mountlaser.com\/wp-content\/uploads\/2025\/12\/SC-PS015-400x400.webp 400w, https:\/\/mountlaser.com\/wp-content\/uploads\/2025\/12\/SC-PS015.webp 1000w\" sizes=\"(max-width: 300px) 100vw, 300px\" \/><\/td>\n<\/tr>\n<tr style=\"height: 14.25pt;\">\n<td class=\"et3\" style=\"height: 14.25pt;\" height=\"19\">SC-PS02<\/td>\n<td class=\"et4\">Weiche Tasche f\u00fcr Prismenset, bessere Qualit\u00e4t<\/td>\n<td class=\"et5\"><img loading=\"lazy\" decoding=\"async\" class=\"alignnone wp-image-5791 size-medium\" src=\"https:\/\/mountlaser.com\/wp-content\/uploads\/2025\/12\/SC-PS026-300x300.webp\" alt=\"SC-PA\/PS Series soft case\" width=\"300\" height=\"300\" srcset=\"https:\/\/mountlaser.com\/wp-content\/uploads\/2025\/12\/SC-PS026-300x300.webp 300w, https:\/\/mountlaser.com\/wp-content\/uploads\/2025\/12\/SC-PS026-150x150.webp 150w, https:\/\/mountlaser.com\/wp-content\/uploads\/2025\/12\/SC-PS026-768x768.webp 768w, https:\/\/mountlaser.com\/wp-content\/uploads\/2025\/12\/SC-PS026-12x12.webp 12w, https:\/\/mountlaser.com\/wp-content\/uploads\/2025\/12\/SC-PS026-600x600.webp 600w, https:\/\/mountlaser.com\/wp-content\/uploads\/2025\/12\/SC-PS026-800x800.webp 800w, https:\/\/mountlaser.com\/wp-content\/uploads\/2025\/12\/SC-PS026-400x400.webp 400w, https:\/\/mountlaser.com\/wp-content\/uploads\/2025\/12\/SC-PS026.webp 1000w\" sizes=\"(max-width: 300px) 100vw, 300px\" \/><\/td>\n<\/tr>\n<\/tbody>\n<\/table>\n<\/div>","protected":false},"excerpt":{"rendered":"<ul>\n<li>Sto\u00dfd\u00e4mpfende Schwamminnenausstattung zum sicheren Schutz der Prismenbaugruppen.<\/li>\n<li>Farbcodierte, strapazierf\u00e4hige Au\u00dfenh\u00fclle: rot f\u00fcr SC-PA05, gelb f\u00fcr SC-PA06 \/ SC-PS01 \/ SC-PS02.<\/li>\n<li>Die Konstruktion mit obenliegender Klappe erm\u00f6glicht bequemen Zugriff und schnelle Bedienung.<\/li>\n<li>Mehrere Designoptionen, geeignet f\u00fcr einzelne Prismenanordnungen, gro\u00dfe Prismenplatten oder Prismens\u00e4tze.<\/li>\n<li>Leicht und sofort einsatzbereit, bietet es einfachen Transport und professionellen Schutz.<\/li>\n<\/ul>","protected":false},"featured_media":5774,"comment_status":"open","ping_status":"closed","template":"","meta":[],"product_brand":[],"product_cat":[164,79],"product_tag":[],"class_list":{"0":"post-5768","1":"product","2":"type-product","3":"status-publish","4":"has-post-thumbnail","6":"product_cat-soft-case","7":"product_cat-surveying-accessory","9":"first","10":"instock","11":"shipping-taxable","12":"product-type-simple"},"_links":{"self":[{"href":"https:\/\/mountlaser.com\/de\/wp-json\/wp\/v2\/product\/5768","targetHints":{"allow":["GET"]}}],"collection":[{"href":"https:\/\/mountlaser.com\/de\/wp-json\/wp\/v2\/product"}],"about":[{"href":"https:\/\/mountlaser.com\/de\/wp-json\/wp\/v2\/types\/product"}],"replies":[{"embeddable":true,"href":"https:\/\/mountlaser.com\/de\/wp-json\/wp\/v2\/comments?post=5768"}],"wp:featuredmedia":[{"embeddable":true,"href":"https:\/\/mountlaser.com\/de\/wp-json\/wp\/v2\/media\/5774"}],"wp:attachment":[{"href":"https:\/\/mountlaser.com\/de\/wp-json\/wp\/v2\/media?parent=5768"}],"wp:term":[{"taxonomy":"product_brand","embeddable":true,"href":"https:\/\/mountlaser.com\/de\/wp-json\/wp\/v2\/product_brand?post=5768"},{"taxonomy":"product_cat","embeddable":true,"href":"https:\/\/mountlaser.com\/de\/wp-json\/wp\/v2\/product_cat?post=5768"},{"taxonomy":"product_tag","embeddable":true,"href":"https:\/\/mountlaser.com\/de\/wp-json\/wp\/v2\/product_tag?post=5768"}],"curies":[{"name":"wp","href":"https:\/\/api.w.org\/{rel}","templated":true}]}}