{"id":5673,"date":"2025-12-10T02:12:59","date_gmt":"2025-12-10T02:12:59","guid":{"rendered":"https:\/\/mountlaser.com\/?post_type=product&#038;p=5673"},"modified":"2025-12-10T09:25:22","modified_gmt":"2025-12-10T09:25:22","slug":"hc-ps-series-hard-case","status":"publish","type":"product","link":"https:\/\/mountlaser.com\/de\/produkt\/hc-ps-series-hard-case\/","title":{"rendered":"Hartschalenkoffer der HC-PS-Serie"},"content":{"rendered":"<p>Der <a href=\"https:\/\/mountlaser.com\/de\/\"><strong>Hartschalenkoffer der HC-PS-Serie<\/strong><\/a> ist eine robuste und zuverl\u00e4ssige Aufbewahrungsl\u00f6sung, die speziell zum Schutz professioneller Prismens\u00e4tze f\u00fcr Vermessungsanwendungen entwickelt wurde. Sie ist auf maximale Sicherheit und Ordnung ausgelegt. <a href=\"https:\/\/mountlaser.com\/de\/produkt-kategorie\/surveying-accessory\/\"><strong>Hartschalenkoffer f\u00fcr Prismensatz<\/strong><\/a> bieten einen robusten Au\u00dfenschutz, eine sichere Innenausstattung und eine lange Lebensdauer im praktischen Einsatz.<\/p>\n<p>Der Hartschalenkoffer der HC-PS-Serie ist in verschiedenen Ausf\u00fchrungen erh\u00e4ltlich, um unterschiedlichen Prismenkonfigurationen gerecht zu werden.<br \/>\nDas Modell HC-PS01 verf\u00fcgt \u00fcber ein Einzelprismen-Design und ist in Rot oder Gelb erh\u00e4ltlich, w\u00e4hrend HC-PS02 und HC-PS03 ein Doppelprismen-Design in Rot f\u00fcr Anwender mit h\u00f6herem Speicherbedarf bieten. Unabh\u00e4ngig vom Modell gew\u00e4hrleisten alle Geh\u00e4use einen zuverl\u00e4ssigen Schutz f\u00fcr wertvolle optische Komponenten.<\/p>\n<p>Diese Produkte sind aus robusten Materialien gefertigt und verf\u00fcgen \u00fcber eine verst\u00e4rkte strukturelle Integrit\u00e4t. <a href=\"https:\/\/mountlaser.com\/de\/about-us\/\">Hartschalenkoffer f\u00fcr Prismensatz<\/a> Sch\u00fctzen Sie Ihre Ausr\u00fcstung w\u00e4hrend des Transports oder im Au\u00dfeneinsatz vor St\u00f6\u00dfen, Staub und Feuchtigkeit. Die vorgeformte Innenausstattung sorgt f\u00fcr sicheren Halt aller Komponenten und minimiert so das Besch\u00e4digungsrisiko. Daher ist der Hartschalenkoffer der HC-PS-Serie ein unverzichtbares Zubeh\u00f6r f\u00fcr Vermesser, die Wert auf zuverl\u00e4ssigen Ausr\u00fcstungstransport legen.<\/p>\n<div>\n<table style=\"border-collapse: collapse; width: 371.27pt;\" border=\"0\" width=\"495\" cellspacing=\"0\" cellpadding=\"0\">\n<tbody>\n<tr style=\"height: 14.25pt;\">\n<td class=\"et2\" style=\"height: 14.25pt; width: 127.50pt;\" width=\"170\" height=\"19\">NUMMER<\/td>\n<td class=\"et3\" style=\"width: 92.25pt;\" width=\"123\">FARBE<\/td>\n<td class=\"et3\" style=\"width: 151.50pt;\" width=\"202\">BILD<\/td>\n<\/tr>\n<tr style=\"height: 14.25pt;\">\n<td class=\"et4\" style=\"height: 14.25pt;\" height=\"19\">HC-PS01RD<\/td>\n<td class=\"et5\">Rot<\/td>\n<td class=\"et6\"><img fetchpriority=\"high\" decoding=\"async\" class=\"alignnone wp-image-5678\" src=\"https:\/\/mountlaser.com\/wp-content\/uploads\/2025\/12\/HC-PS01RD5.webp\" alt=\"HC-PS Series hard case\" width=\"500\" height=\"500\" srcset=\"https:\/\/mountlaser.com\/wp-content\/uploads\/2025\/12\/HC-PS01RD5.webp 1000w, https:\/\/mountlaser.com\/wp-content\/uploads\/2025\/12\/HC-PS01RD5-300x300.webp 300w, https:\/\/mountlaser.com\/wp-content\/uploads\/2025\/12\/HC-PS01RD5-150x150.webp 150w, https:\/\/mountlaser.com\/wp-content\/uploads\/2025\/12\/HC-PS01RD5-768x768.webp 768w, https:\/\/mountlaser.com\/wp-content\/uploads\/2025\/12\/HC-PS01RD5-12x12.webp 12w, https:\/\/mountlaser.com\/wp-content\/uploads\/2025\/12\/HC-PS01RD5-600x600.webp 600w, https:\/\/mountlaser.com\/wp-content\/uploads\/2025\/12\/HC-PS01RD5-800x800.webp 800w, https:\/\/mountlaser.com\/wp-content\/uploads\/2025\/12\/HC-PS01RD5-400x400.webp 400w\" sizes=\"(max-width: 500px) 100vw, 500px\" \/><\/td>\n<\/tr>\n<tr style=\"height: 14.25pt;\">\n<td class=\"et4\" style=\"height: 14.25pt;\" height=\"19\">HC-PS01YL<\/td>\n<td class=\"et7\">Gelb<\/td>\n<td class=\"et6\"><img decoding=\"async\" class=\"alignnone wp-image-5686\" src=\"https:\/\/mountlaser.com\/wp-content\/uploads\/2025\/12\/HC-PS01YL6.webp\" alt=\"HC-PS Series hard case\" width=\"500\" height=\"500\" srcset=\"https:\/\/mountlaser.com\/wp-content\/uploads\/2025\/12\/HC-PS01YL6.webp 1000w, https:\/\/mountlaser.com\/wp-content\/uploads\/2025\/12\/HC-PS01YL6-300x300.webp 300w, https:\/\/mountlaser.com\/wp-content\/uploads\/2025\/12\/HC-PS01YL6-150x150.webp 150w, https:\/\/mountlaser.com\/wp-content\/uploads\/2025\/12\/HC-PS01YL6-768x768.webp 768w, https:\/\/mountlaser.com\/wp-content\/uploads\/2025\/12\/HC-PS01YL6-12x12.webp 12w, https:\/\/mountlaser.com\/wp-content\/uploads\/2025\/12\/HC-PS01YL6-600x600.webp 600w, https:\/\/mountlaser.com\/wp-content\/uploads\/2025\/12\/HC-PS01YL6-800x800.webp 800w, https:\/\/mountlaser.com\/wp-content\/uploads\/2025\/12\/HC-PS01YL6-400x400.webp 400w\" sizes=\"(max-width: 500px) 100vw, 500px\" \/><\/td>\n<\/tr>\n<tr style=\"height: 14.25pt;\">\n<td class=\"et4\" style=\"height: 14.25pt;\" height=\"19\">HC-PS02RD<\/td>\n<td class=\"et5\">Rot<\/td>\n<td class=\"et6\"><img decoding=\"async\" class=\"alignnone wp-image-5693\" src=\"https:\/\/mountlaser.com\/wp-content\/uploads\/2025\/12\/HC-PS026.webp\" alt=\"HC-PS Series hard case\" width=\"500\" height=\"500\" srcset=\"https:\/\/mountlaser.com\/wp-content\/uploads\/2025\/12\/HC-PS026.webp 1000w, https:\/\/mountlaser.com\/wp-content\/uploads\/2025\/12\/HC-PS026-300x300.webp 300w, https:\/\/mountlaser.com\/wp-content\/uploads\/2025\/12\/HC-PS026-150x150.webp 150w, https:\/\/mountlaser.com\/wp-content\/uploads\/2025\/12\/HC-PS026-768x768.webp 768w, https:\/\/mountlaser.com\/wp-content\/uploads\/2025\/12\/HC-PS026-12x12.webp 12w, https:\/\/mountlaser.com\/wp-content\/uploads\/2025\/12\/HC-PS026-600x600.webp 600w, https:\/\/mountlaser.com\/wp-content\/uploads\/2025\/12\/HC-PS026-800x800.webp 800w, https:\/\/mountlaser.com\/wp-content\/uploads\/2025\/12\/HC-PS026-400x400.webp 400w\" sizes=\"(max-width: 500px) 100vw, 500px\" \/><\/td>\n<\/tr>\n<tr style=\"height: 14.25pt;\">\n<td class=\"et4\" style=\"height: 14.25pt;\" height=\"19\">HC-PS03RD<\/td>\n<td class=\"et5\">Rot<\/td>\n<td class=\"et6\"><img loading=\"lazy\" decoding=\"async\" class=\"alignnone wp-image-5700\" src=\"https:\/\/mountlaser.com\/wp-content\/uploads\/2025\/12\/HC-PS036.webp\" alt=\"HC-PS Series hard case\" width=\"500\" height=\"500\" srcset=\"https:\/\/mountlaser.com\/wp-content\/uploads\/2025\/12\/HC-PS036.webp 1000w, https:\/\/mountlaser.com\/wp-content\/uploads\/2025\/12\/HC-PS036-300x300.webp 300w, https:\/\/mountlaser.com\/wp-content\/uploads\/2025\/12\/HC-PS036-150x150.webp 150w, https:\/\/mountlaser.com\/wp-content\/uploads\/2025\/12\/HC-PS036-768x768.webp 768w, https:\/\/mountlaser.com\/wp-content\/uploads\/2025\/12\/HC-PS036-12x12.webp 12w, https:\/\/mountlaser.com\/wp-content\/uploads\/2025\/12\/HC-PS036-600x600.webp 600w, https:\/\/mountlaser.com\/wp-content\/uploads\/2025\/12\/HC-PS036-800x800.webp 800w, https:\/\/mountlaser.com\/wp-content\/uploads\/2025\/12\/HC-PS036-400x400.webp 400w\" sizes=\"(max-width: 500px) 100vw, 500px\" \/><\/td>\n<\/tr>\n<\/tbody>\n<\/table>\n<\/div>","protected":false},"excerpt":{"rendered":"<ul>\n<li>Sch\u00fctzt Prismens\u00e4tze vor St\u00f6\u00dfen, Staub und Feuchtigkeit<\/li>\n<li>Interne Formf\u00e4cher zur sicheren Platzierung von Komponenten<\/li>\n<li>Erh\u00e4ltlich in Einzel- und Doppelkonfigurationen f\u00fcr unterschiedliche Speicheranforderungen<\/li>\n<li>Farboptionen zur einfacheren Identifizierung im Gel\u00e4nde<\/li>\n<\/ul>","protected":false},"featured_media":5674,"comment_status":"open","ping_status":"closed","template":"","meta":[],"product_brand":[],"product_cat":[163,79],"product_tag":[],"class_list":{"0":"post-5673","1":"product","2":"type-product","3":"status-publish","4":"has-post-thumbnail","6":"product_cat-hard-case","7":"product_cat-surveying-accessory","9":"first","10":"instock","11":"shipping-taxable","12":"product-type-simple"},"_links":{"self":[{"href":"https:\/\/mountlaser.com\/de\/wp-json\/wp\/v2\/product\/5673","targetHints":{"allow":["GET"]}}],"collection":[{"href":"https:\/\/mountlaser.com\/de\/wp-json\/wp\/v2\/product"}],"about":[{"href":"https:\/\/mountlaser.com\/de\/wp-json\/wp\/v2\/types\/product"}],"replies":[{"embeddable":true,"href":"https:\/\/mountlaser.com\/de\/wp-json\/wp\/v2\/comments?post=5673"}],"wp:featuredmedia":[{"embeddable":true,"href":"https:\/\/mountlaser.com\/de\/wp-json\/wp\/v2\/media\/5674"}],"wp:attachment":[{"href":"https:\/\/mountlaser.com\/de\/wp-json\/wp\/v2\/media?parent=5673"}],"wp:term":[{"taxonomy":"product_brand","embeddable":true,"href":"https:\/\/mountlaser.com\/de\/wp-json\/wp\/v2\/product_brand?post=5673"},{"taxonomy":"product_cat","embeddable":true,"href":"https:\/\/mountlaser.com\/de\/wp-json\/wp\/v2\/product_cat?post=5673"},{"taxonomy":"product_tag","embeddable":true,"href":"https:\/\/mountlaser.com\/de\/wp-json\/wp\/v2\/product_tag?post=5673"}],"curies":[{"name":"wp","href":"https:\/\/api.w.org\/{rel}","templated":true}]}}