{"id":5631,"date":"2025-12-09T09:14:29","date_gmt":"2025-12-09T09:14:29","guid":{"rendered":"https:\/\/mountlaser.com\/?post_type=product&#038;p=5631"},"modified":"2025-12-09T09:14:29","modified_gmt":"2025-12-09T09:14:29","slug":"dt-series-theodolite","status":"publish","type":"product","link":"https:\/\/mountlaser.com\/de\/produkt\/dt-series-theodolite\/","title":{"rendered":"Theodolit der DT-Serie"},"content":{"rendered":"<p>Verbessern Sie Ihre Vermessungs- und Messprojekte mit dem Theodolit der DT-Serie von Mount Laser, der f\u00fcr Pr\u00e4zision, Langlebigkeit und Benutzerfreundlichkeit entwickelt wurde.<\/p>\n<p>Das <a href=\"https:\/\/mountlaser.com\/de\/\">Theodolit der DT-Serie<\/a> beinhaltet die fortgeschrittenen <a href=\"https:\/\/mountlaser.com\/de\/\"><strong>DT-01 Elektronischer Theodolit<\/strong><\/a> Der elektronische Theodolit DT-02 und der DT-02 wurden beide speziell f\u00fcr die Anforderungen von Fachleuten im Bauwesen, Ingenieurwesen und Vermessungswesen entwickelt. Ob Winkelmessungen, Ausrichtung von Bauwerken oder topografische Vermessungen \u2013 diese elektronischen Theodolite liefern zuverl\u00e4ssige Ergebnisse unter verschiedensten Einsatzbedingungen.<\/p>\n<p>Die elektronischen Theodolite der DT-Serie werden in zwei Typen unterteilt: den elektronischen Theodolit DT-01 und den elektronischen Theodolit DT-02.<\/p>\n<p>Die digitale Theodolit-Serie DT-01 umfasst die folgenden vier Typen:<\/p>\n<p>DT-01LO Elektronischer Theodolit<br \/>\nTheodolit, Tribrach, nicht abnehmbar, unten: Laser (roter Strahl), oben: Optisch<\/p>\n<p>DT-01LL Elektronischer Theodolit<br \/>\nTheodolit, Tribrach, nicht abnehmbar, unten: Laser (roter Strahl), oben: Laser (roter Strahl)<\/p>\n<p>DT-01OO Elektronischer Theodolit<br \/>\nTheodolit, Tribrach, nicht abnehmbar, unten: optisch, oben: optisch<\/p>\n<p>DT-01OL Elektronischer Theodolit<br \/>\nTheodolit, Tribrach, nicht abnehmbar, unten: optisch, oben: Laser (roter Strahl)<\/p>\n<p>Die digitale Theodolit-Serie DT-02 umfasst die folgenden vier Typen:<\/p>\n<p>DT-02LL Digitaler Theodolit<br \/>\nAbnehmbarer Dreifu\u00df, unten: Laser (roter Strahl), oben: Laser (rot)<\/p>\n<p>DT-02LO Digitaler Theodolit<br \/>\nTheodolit, abnehmbarer Tribrach, unten: Laser (roter Strahl), oben: Optisch<\/p>\n<p>DT-02OL Digitaler Theodolit<br \/>\nTheodolit, abnehmbarer Tribrach, unten: optisch, oben: Laser (roter Strahl)<\/p>\n<p>DT-02OO Digitaler Theodolit<br \/>\nTheodolit, abnehmbarer Tribrach, unten: optisch, oben: optisch<\/p>\n<p><img fetchpriority=\"high\" decoding=\"async\" class=\"aligncenter wp-image-5632\" src=\"https:\/\/mountlaser.com\/wp-content\/uploads\/2025\/12\/dt-01.webp\" alt=\"DT-01 Electronic Theodolite\" width=\"500\" height=\"500\" srcset=\"https:\/\/mountlaser.com\/wp-content\/uploads\/2025\/12\/dt-01.webp 800w, https:\/\/mountlaser.com\/wp-content\/uploads\/2025\/12\/dt-01-300x300.webp 300w, https:\/\/mountlaser.com\/wp-content\/uploads\/2025\/12\/dt-01-150x150.webp 150w, https:\/\/mountlaser.com\/wp-content\/uploads\/2025\/12\/dt-01-768x768.webp 768w, https:\/\/mountlaser.com\/wp-content\/uploads\/2025\/12\/dt-01-12x12.webp 12w, https:\/\/mountlaser.com\/wp-content\/uploads\/2025\/12\/dt-01-600x600.webp 600w, https:\/\/mountlaser.com\/wp-content\/uploads\/2025\/12\/dt-01-400x400.webp 400w\" sizes=\"(max-width: 500px) 100vw, 500px\" \/><\/p>\n<p>&nbsp;<\/p>\n<p><strong>Spezifikationen der Theodolite der DT-Serie<\/strong><\/p>\n<table style=\"border-collapse: collapse; width: 884px; height: 926px;\" border=\"0\" width=\"619\" cellspacing=\"0\" cellpadding=\"0\">\n<tbody>\n<tr style=\"height: 13.50pt;\">\n<td class=\"et2\" style=\"height: 13.50pt; width: 230.25pt;\" colspan=\"2\" width=\"307\" height=\"18\">Modellnr.<\/td>\n<td class=\"et3\" style=\"width: 117.00pt;\" width=\"156\">DT-01<\/td>\n<td class=\"et3\" style=\"width: 117.00pt;\" width=\"156\">DT-02<\/td>\n<\/tr>\n<tr style=\"height: 13.50pt;\">\n<td class=\"et3\" style=\"height: 13.50pt;\" height=\"18\">Tribrach<\/td>\n<td class=\"et3\">Modell<\/td>\n<td class=\"et4\">Nicht abnehmbar<\/td>\n<td class=\"et3\">Abnehmbar<\/td>\n<\/tr>\n<tr style=\"height: 13.50pt;\">\n<td class=\"et2\" style=\"height: 108.00pt;\" rowspan=\"8\" height=\"144\">Teleskop<\/td>\n<td class=\"et3\">Bildgebung<\/td>\n<td class=\"et3\">Aufrecht<\/td>\n<td class=\"et3\">Aufrecht<\/td>\n<\/tr>\n<tr style=\"height: 13.50pt;\">\n<td class=\"et3\">Vergr\u00f6\u00dferung<\/td>\n<td class=\"et3\">30x<\/td>\n<td class=\"et3\">30x<\/td>\n<\/tr>\n<tr style=\"height: 13.50pt;\">\n<td class=\"et3\">Objektiv\u00f6ffnung<\/td>\n<td class=\"et3\">45 mm<\/td>\n<td class=\"et3\">45 mm<\/td>\n<\/tr>\n<tr style=\"height: 13.50pt;\">\n<td class=\"et3\">Aufl\u00f6sung<\/td>\n<td class=\"et3\">3\u2033<\/td>\n<td class=\"et3\">3\u2033<\/td>\n<\/tr>\n<tr style=\"height: 13.50pt;\">\n<td class=\"et3\">Sichtfeld<\/td>\n<td class=\"et3\">1\u00b030\u2032<\/td>\n<td class=\"et3\">1\u00b030\u2032<\/td>\n<\/tr>\n<tr style=\"height: 13.50pt;\">\n<td class=\"et3\">Minimaler Fokus<\/td>\n<td class=\"et3\">1 m<\/td>\n<td class=\"et3\">1 m<\/td>\n<\/tr>\n<tr style=\"height: 13.50pt;\">\n<td class=\"et3\">Multiplikations-\/Additivkonstante<\/td>\n<td class=\"et3\">100\/ 0<\/td>\n<td class=\"et3\">100\/ 0<\/td>\n<\/tr>\n<tr style=\"height: 13.50pt;\">\n<td class=\"et3\">L\u00e4nge<\/td>\n<td class=\"et3\">170 mm<\/td>\n<td class=\"et3\">170 mm<\/td>\n<\/tr>\n<tr style=\"height: 13.50pt;\">\n<td class=\"et2\" style=\"height: 67.50pt;\" rowspan=\"5\" height=\"90\">Winkelmessung<\/td>\n<td class=\"et3\">Messmodus<\/td>\n<td class=\"et3\">Absoluter Encoder<\/td>\n<td class=\"et3\">Absoluter Encoder<\/td>\n<\/tr>\n<tr style=\"height: 13.50pt;\">\n<td class=\"et3\">Mindestlesung<\/td>\n<td class=\"et3\">1\u2033\/ 5\u2033<\/td>\n<td class=\"et3\">1\u2033\/ 5\u2033<\/td>\n<\/tr>\n<tr style=\"height: 13.50pt;\">\n<td class=\"et3\">Lesegenauigkeit<\/td>\n<td class=\"et3\">2\u2033<\/td>\n<td class=\"et3\">2\u2033<\/td>\n<\/tr>\n<tr style=\"height: 13.50pt;\">\n<td class=\"et3\">Kreisdurchmesser<\/td>\n<td class=\"et3\">78 mm<\/td>\n<td class=\"et3\">78 mm<\/td>\n<\/tr>\n<tr style=\"height: 13.50pt;\">\n<td class=\"et3\">Winkeleinheiten<\/td>\n<td class=\"et3\">360\u00b0\/ 400 gon\/ 6400 mil<\/td>\n<td class=\"et3\">360\u00b0\/ 400 gon\/ 6400 mil<\/td>\n<\/tr>\n<tr style=\"height: 13.50pt;\">\n<td class=\"et2\" style=\"height: 27.00pt;\" rowspan=\"2\" height=\"36\">Kompensator<\/td>\n<td class=\"et3\">Neigungssensor<\/td>\n<td class=\"et3\">Ja<\/td>\n<td class=\"et3\">Ja<\/td>\n<\/tr>\n<tr style=\"height: 13.50pt;\">\n<td class=\"et3\">Reichweite<\/td>\n<td class=\"et3\">\u00b13\u2032<\/td>\n<td class=\"et3\">\u00b13\u2032<\/td>\n<\/tr>\n<tr style=\"height: 13.50pt;\">\n<td class=\"et2\" style=\"height: 54.00pt;\" rowspan=\"4\" height=\"72\">Laser-Lot<\/td>\n<td class=\"et3\">Wellenl\u00e4nge<\/td>\n<td class=\"et3\">635 nm roter Strahl<\/td>\n<td class=\"et3\">635 nm roter Strahl<\/td>\n<\/tr>\n<tr style=\"height: 13.50pt;\">\n<td class=\"et3\">Leistung<\/td>\n<td class=\"et3\">1 mW<\/td>\n<td class=\"et3\">1 mW<\/td>\n<\/tr>\n<tr style=\"height: 13.50pt;\">\n<td class=\"et3\">Genauigkeit (1,5 m)<\/td>\n<td class=\"et3\">1 mm<\/td>\n<td class=\"et3\">1 mm<\/td>\n<\/tr>\n<tr style=\"height: 13.50pt;\">\n<td class=\"et3\">Laserqualit\u00e4t<\/td>\n<td class=\"et3\"><span class=\"font1\">Klasse<\/span><span class=\"font6\">\u2161<\/span><\/td>\n<td class=\"et3\"><span class=\"font1\">Klasse<\/span><span class=\"font6\">\u2161<\/span><\/td>\n<\/tr>\n<tr style=\"height: 13.50pt;\">\n<td class=\"et2\" style=\"height: 40.50pt;\" rowspan=\"3\" height=\"54\">Optisches Lot (optional)<\/td>\n<td class=\"et3\">Vergr\u00f6\u00dferung<\/td>\n<td class=\"et3\">3x<\/td>\n<td class=\"et3\">3x<\/td>\n<\/tr>\n<tr style=\"height: 13.50pt;\">\n<td class=\"et3\">Sichtfeld<\/td>\n<td class=\"et3\">5\u00b0<\/td>\n<td class=\"et3\">5\u00b0<\/td>\n<\/tr>\n<tr style=\"height: 13.50pt;\">\n<td class=\"et3\">Fokusbereich<\/td>\n<td class=\"et3\"><span class=\"font1\">0,5 m \u2014<\/span><span class=\"font6\">\u221e<\/span><\/td>\n<td class=\"et3\"><span class=\"font1\">0,5 m \u2014<\/span><span class=\"font6\">\u221e<\/span><\/td>\n<\/tr>\n<tr style=\"height: 13.50pt;\">\n<td class=\"et2\" style=\"height: 67.50pt;\" rowspan=\"5\" height=\"90\">Laserpointer<\/td>\n<td class=\"et3\">Wellenl\u00e4nge<\/td>\n<td class=\"et3\">635 nm Rot<\/td>\n<td class=\"et3\">635 nm Rot<\/td>\n<\/tr>\n<tr style=\"height: 13.50pt;\">\n<td class=\"et3\">Leistung<\/td>\n<td class=\"et3\">5 MW<\/td>\n<td class=\"et3\">5 MW<\/td>\n<\/tr>\n<tr style=\"height: 13.50pt;\">\n<td class=\"et3\">Laserreichweite (tags\u00fcber)<\/td>\n<td class=\"et3\">200 m<\/td>\n<td class=\"et3\">200 m<\/td>\n<\/tr>\n<tr style=\"height: 13.50pt;\">\n<td class=\"et3\">Laser-Koaxialgenauigkeit<\/td>\n<td class=\"et5\"><span class=\"font3\">\u2264<\/span><span class=\"font7\">5\u2033<\/span><\/td>\n<td class=\"et5\"><span class=\"font3\">\u2264<\/span><span class=\"font7\">5\u2033<\/span><\/td>\n<\/tr>\n<tr style=\"height: 13.50pt;\">\n<td class=\"et3\">Laserfleckdurchmesser<\/td>\n<td class=\"et6\"><span class=\"font4\">\u2264<\/span><span class=\"font8\">2 mm\/100 m<\/span><\/td>\n<td class=\"et6\"><span class=\"font4\">\u2264<\/span><span class=\"font8\">2 mm\/100 m<\/span><\/td>\n<\/tr>\n<tr style=\"height: 13.50pt;\">\n<td class=\"et2\" style=\"height: 27.00pt;\" rowspan=\"2\" height=\"36\">Phiole<\/td>\n<td class=\"et3\">Plattenr\u00f6hrchen<\/td>\n<td class=\"et3\">30\u2033\/ 2 mm<\/td>\n<td class=\"et3\">30\u2033\/ 2 mm<\/td>\n<\/tr>\n<tr style=\"height: 13.50pt;\">\n<td class=\"et3\">Rundfl\u00e4schchen<\/td>\n<td class=\"et3\">8&#039;\/ 2mm<\/td>\n<td class=\"et3\">8&#039;\/ 2mm<\/td>\n<\/tr>\n<tr style=\"height: 13.50pt;\">\n<td class=\"et3\" style=\"height: 13.50pt;\" height=\"18\">Anzeige<\/td>\n<td class=\"et3\">Doppelseitige<\/td>\n<td class=\"et3\">LED-Hintergrundbeleuchtung<\/td>\n<td class=\"et3\">LED-Hintergrundbeleuchtung<\/td>\n<\/tr>\n<tr style=\"height: 13.50pt;\">\n<td class=\"et2\" style=\"height: 27.00pt;\" rowspan=\"2\" height=\"36\">Leistung<\/td>\n<td class=\"et3\">Energiequelle<\/td>\n<td class=\"et7\">Lithium-Ionen-Akku 3,7 V 1800 mAh<\/td>\n<td class=\"et7\">Lithium-Ionen-Akku 3,7 V 1800 mAh<\/td>\n<\/tr>\n<tr style=\"height: 13.50pt;\">\n<td class=\"et3\">Betriebstemperatur<\/td>\n<td class=\"et3\"><span class=\"font1\">-20<\/span><span class=\"font9\">\u2103\uff5e<\/span><span class=\"font1\">+50<\/span><span class=\"font9\">\u2103<\/span><\/td>\n<td class=\"et3\"><span class=\"font1\">-20<\/span><span class=\"font9\">\u2103\uff5e<\/span><span class=\"font1\">+50<\/span><span class=\"font9\">\u2103<\/span><\/td>\n<\/tr>\n<\/tbody>\n<\/table>","protected":false},"excerpt":{"rendered":"<ul>\n<li>Sie sind aus robusten Materialien gefertigt und resistent gegen Staub, Feuchtigkeit und St\u00f6\u00dfe, wodurch eine lange Lebensdauer auch unter anspruchsvollen Bedingungen gew\u00e4hrleistet ist.<\/li>\n<li>Der elektronische Theodolit DT-02 verf\u00fcgt \u00fcber eine verbesserte Batterielebensdauer f\u00fcr einen l\u00e4ngeren Einsatz.<\/li>\n<li>Der elektronische Theodolit DT-01 hingegen legt den Fokus auf Tragbarkeit und Bezahlbarkeit.<\/li>\n<\/ul>","protected":false},"featured_media":5633,"comment_status":"open","ping_status":"closed","template":"","meta":[],"product_brand":[],"product_cat":[144,95],"product_tag":[],"class_list":{"0":"post-5631","1":"product","2":"type-product","3":"status-publish","4":"has-post-thumbnail","6":"product_cat-theodoliteagent-sales","7":"product_cat-agent-sales","9":"first","10":"instock","11":"shipping-taxable","12":"product-type-simple"},"_links":{"self":[{"href":"https:\/\/mountlaser.com\/de\/wp-json\/wp\/v2\/product\/5631","targetHints":{"allow":["GET"]}}],"collection":[{"href":"https:\/\/mountlaser.com\/de\/wp-json\/wp\/v2\/product"}],"about":[{"href":"https:\/\/mountlaser.com\/de\/wp-json\/wp\/v2\/types\/product"}],"replies":[{"embeddable":true,"href":"https:\/\/mountlaser.com\/de\/wp-json\/wp\/v2\/comments?post=5631"}],"wp:featuredmedia":[{"embeddable":true,"href":"https:\/\/mountlaser.com\/de\/wp-json\/wp\/v2\/media\/5633"}],"wp:attachment":[{"href":"https:\/\/mountlaser.com\/de\/wp-json\/wp\/v2\/media?parent=5631"}],"wp:term":[{"taxonomy":"product_brand","embeddable":true,"href":"https:\/\/mountlaser.com\/de\/wp-json\/wp\/v2\/product_brand?post=5631"},{"taxonomy":"product_cat","embeddable":true,"href":"https:\/\/mountlaser.com\/de\/wp-json\/wp\/v2\/product_cat?post=5631"},{"taxonomy":"product_tag","embeddable":true,"href":"https:\/\/mountlaser.com\/de\/wp-json\/wp\/v2\/product_tag?post=5631"}],"curies":[{"name":"wp","href":"https:\/\/api.w.org\/{rel}","templated":true}]}}