{"id":5623,"date":"2025-12-09T05:35:53","date_gmt":"2025-12-09T05:35:53","guid":{"rendered":"https:\/\/mountlaser.com\/?post_type=product&#038;p=5623"},"modified":"2025-12-09T05:35:53","modified_gmt":"2025-12-09T05:35:53","slug":"iwb01-survey-monitoring-wall-bracket","status":"publish","type":"product","link":"https:\/\/mountlaser.com\/de\/produkt\/iwb01-survey-monitoring-wall-bracket\/","title":{"rendered":"IWB01 Wandhalterung zur \u00dcberwachung von Vermessungen"},"content":{"rendered":"<p>Der <a href=\"https:\/\/mountlaser.com\/de\/\"><strong>IWB01 Tunnel\u00fcberwachungswandplatte<\/strong><\/a> ist eine hochpr\u00e4zise L\u00f6sung, die f\u00fcr die Langzeit-Verformungsverfolgung und Struktur\u00fcberwachung entwickelt wurde. Als Teil des professionellen <a href=\"https:\/\/mountlaser.com\/de\/produkt-kategorie\/surveying-accessory\/\"><strong>Wandhalterung zur \u00dcberwachung von Vermessungen<\/strong><\/a> Das System bietet au\u00dfergew\u00f6hnliche Stabilit\u00e4t und Genauigkeit f\u00fcr \u00dcberwachungsanwendungen in Tunneln, Br\u00fccken und Geb\u00e4uden. Die IWB01 Tunnel\u00fcberwachungs-Wandplatte besteht aus einer robusten Stahlr\u00fcckwand und einem modularen Aluminiumtisch und gew\u00e4hrleistet eine gleichbleibende Zentrierung mit einer Genauigkeit von besser als 0,25 mm \u2013 entscheidend f\u00fcr anspruchsvolle \u00dcberwachungsumgebungen.<\/p>\n<p><img fetchpriority=\"high\" decoding=\"async\" class=\"aligncenter wp-image-5622\" src=\"https:\/\/mountlaser.com\/wp-content\/uploads\/2025\/12\/IWB016.webp\" alt=\"IWB01 Tunnel Monitoring Wall Plate\" width=\"500\" height=\"500\" srcset=\"https:\/\/mountlaser.com\/wp-content\/uploads\/2025\/12\/IWB016.webp 1000w, https:\/\/mountlaser.com\/wp-content\/uploads\/2025\/12\/IWB016-300x300.webp 300w, https:\/\/mountlaser.com\/wp-content\/uploads\/2025\/12\/IWB016-150x150.webp 150w, https:\/\/mountlaser.com\/wp-content\/uploads\/2025\/12\/IWB016-768x768.webp 768w, https:\/\/mountlaser.com\/wp-content\/uploads\/2025\/12\/IWB016-12x12.webp 12w, https:\/\/mountlaser.com\/wp-content\/uploads\/2025\/12\/IWB016-600x600.webp 600w, https:\/\/mountlaser.com\/wp-content\/uploads\/2025\/12\/IWB016-800x800.webp 800w, https:\/\/mountlaser.com\/wp-content\/uploads\/2025\/12\/IWB016-400x400.webp 400w\" sizes=\"(max-width: 500px) 100vw, 500px\" \/><\/p>\n<p>Die f\u00fcr raue Feldbedingungen konzipierte Wandhalterung f\u00fcr Vermessungsger\u00e4te verf\u00fcgt \u00fcber eine gelbe Pulverbeschichtung, die Korrosionsbest\u00e4ndigkeit und Sichtbarkeit verbessert und sie somit ideal f\u00fcr unterirdische und schlecht beleuchtete Umgebungen macht. Der abnehmbare Aluminiumtisch erm\u00f6glicht eine schnelle Installation, Justierung und routinem\u00e4\u00dfige Wartung und gew\u00e4hrleistet, dass Techniker die Messger\u00e4te problemlos erreichen und neu positionieren k\u00f6nnen. Bei umfangreichen Infrastrukturprojekten ist die <a href=\"https:\/\/mountlaser.com\/de\/about-us\/\">IWB01 Tunnel\u00fcberwachungswandplatte<\/a> zeichnet sich durch eine zuverl\u00e4ssige und langlebige Montagel\u00f6sung aus.<\/p>","protected":false},"excerpt":{"rendered":"<ul>\n<li>Hochpr\u00e4zise Zentrierung: Besser als 0,25 mm f\u00fcr zuverl\u00e4ssige Mess- und \u00dcberwachungswerte.<\/li>\n<li>Robuste Konstruktion: Die Stahlr\u00fcckwand und die Aluminiumtischplatte widerstehen den anspruchsvollen Bedingungen in Tunneln und Bauwerken.<\/li>\n<li>Modulares System: Abnehmbarer Tisch f\u00fcr schnellere Installation, Instrumentenwechsel und Wartung.<\/li>\n<li>Hohe Sichtbarkeit: Die gelbe Pulverbeschichtung verbessert die Sichtbarkeit und Korrosionsbest\u00e4ndigkeit.<\/li>\n<li>Unterst\u00fctzt Vermessungsinstrumente: Kompatibel mit verschiedenen Tunnel- und Deformations\u00fcberwachungssystemen.<\/li>\n<\/ul>","protected":false},"featured_media":5620,"comment_status":"open","ping_status":"closed","template":"","meta":[],"product_brand":[],"product_cat":[79,162],"product_tag":[],"class_list":{"0":"post-5623","1":"product","2":"type-product","3":"status-publish","4":"has-post-thumbnail","6":"product_cat-surveying-accessory","7":"product_cat-wall-mount-bracket","9":"first","10":"instock","11":"shipping-taxable","12":"product-type-simple"},"_links":{"self":[{"href":"https:\/\/mountlaser.com\/de\/wp-json\/wp\/v2\/product\/5623","targetHints":{"allow":["GET"]}}],"collection":[{"href":"https:\/\/mountlaser.com\/de\/wp-json\/wp\/v2\/product"}],"about":[{"href":"https:\/\/mountlaser.com\/de\/wp-json\/wp\/v2\/types\/product"}],"replies":[{"embeddable":true,"href":"https:\/\/mountlaser.com\/de\/wp-json\/wp\/v2\/comments?post=5623"}],"wp:featuredmedia":[{"embeddable":true,"href":"https:\/\/mountlaser.com\/de\/wp-json\/wp\/v2\/media\/5620"}],"wp:attachment":[{"href":"https:\/\/mountlaser.com\/de\/wp-json\/wp\/v2\/media?parent=5623"}],"wp:term":[{"taxonomy":"product_brand","embeddable":true,"href":"https:\/\/mountlaser.com\/de\/wp-json\/wp\/v2\/product_brand?post=5623"},{"taxonomy":"product_cat","embeddable":true,"href":"https:\/\/mountlaser.com\/de\/wp-json\/wp\/v2\/product_cat?post=5623"},{"taxonomy":"product_tag","embeddable":true,"href":"https:\/\/mountlaser.com\/de\/wp-json\/wp\/v2\/product_tag?post=5623"}],"curies":[{"name":"wp","href":"https:\/\/api.w.org\/{rel}","templated":true}]}}