{"id":5589,"date":"2025-12-10T01:31:40","date_gmt":"2025-12-10T01:31:40","guid":{"rendered":"https:\/\/mountlaser.com\/?post_type=product&#038;p=5589"},"modified":"2025-12-10T02:13:26","modified_gmt":"2025-12-10T02:13:26","slug":"hc-al01-series-hard-case","status":"publish","type":"product","link":"https:\/\/mountlaser.com\/de\/produkt\/hc-al01-series-hard-case\/","title":{"rendered":"Hartschalenkoffer der HC-AL01-Serie"},"content":{"rendered":"<p>Der <a href=\"https:\/\/mountlaser.com\/de\/\"><strong>HC-AL01 Hartschalenkoffer<\/strong><\/a> ist eine robuste und universelle Schutzl\u00f6sung, die speziell f\u00fcr Nivellierger\u00e4te und \u00e4hnliche Pr\u00e4zisionsvermessungsinstrumente entwickelt wurde. Konzipiert f\u00fcr zuverl\u00e4ssigen Einsatz im Feld, <a href=\"https:\/\/mountlaser.com\/de\/produkt-kategorie\/surveying-accessory\/\"><strong>Hartschalenkoffer f\u00fcr automatische Niveauregulierung<\/strong><\/a> Sie bieten robusten Au\u00dfenschutz und gew\u00e4hrleisten gleichzeitig, dass Ihre Ausr\u00fcstung w\u00e4hrend Transport und Lagerung sicher aufbewahrt wird. <!--StartFragment --><span class=\"cf0\">HC-AL01 Hartschalenkoffer<\/span><!--EndFragment --> ist in Rot oder Gelb erh\u00e4ltlich, um eine hohe Sichtbarkeit zu gew\u00e4hrleisten, und die Benutzer k\u00f6nnen zwischen Einzel- und Doppelverriegelungskonfigurationen w\u00e4hlen, um ihren Sicherheitsanforderungen gerecht zu werden.<\/p>\n<p>Die aus sto\u00dffesten Materialien gefertigten Hartschalenkoffer f\u00fcr Nivellierger\u00e4te sch\u00fctzen die Instrumente vor St\u00f6\u00dfen, Staub und rauen Baustellenbedingungen. Die Serie HC-AL01 umfasst zwei Hauptvarianten \u2013 HC-AL01RD und HC-AL01YL \u2013 beide mit einem einfachen Verriegelungssystem, w\u00e4hrend die Serie HC-AL02 (HC-AL02RD und HC-AL02YL) mit zwei Verriegelungsmechanismen einen verbesserten Schutz bietet. Unabh\u00e4ngig vom Modell bietet jeder Koffer optimalen Schutz. <!--StartFragment --><a href=\"https:\/\/mountlaser.com\/de\/contact-us\/\"><span class=\"cf0\">HC-AL01 Hartschalenkoffer<\/span><\/a><!--EndFragment -->\u00a0bietet zuverl\u00e4ssige Leistung und universelle Kompatibilit\u00e4t f\u00fcr professionelle Vermesser.<\/p>\n<div>\n<table style=\"border-collapse: collapse; width: 491.27pt;\" border=\"0\" width=\"655\" cellspacing=\"0\" cellpadding=\"0\">\n<tbody>\n<tr style=\"height: 14.25pt;\">\n<td class=\"et2\" style=\"height: 14.25pt; width: 127.50pt;\" width=\"170\" height=\"19\">NUMMER<\/td>\n<td class=\"et3\" style=\"width: 135.00pt;\" width=\"180\">SPERREN<\/td>\n<td class=\"et3\" style=\"width: 84.00pt;\" width=\"112\">FARBE<\/td>\n<td class=\"et4\" style=\"width: 144.75pt;\" width=\"193\">BILD<\/td>\n<\/tr>\n<tr style=\"height: 14.25pt;\">\n<td class=\"et5\" style=\"height: 14.25pt;\" height=\"19\">HC-AL01RD<\/td>\n<td class=\"et5\">Einzelschloss<\/td>\n<td class=\"et5\">Rot<\/td>\n<td class=\"et6\"><img fetchpriority=\"high\" decoding=\"async\" class=\"alignnone wp-image-5649\" src=\"https:\/\/mountlaser.com\/wp-content\/uploads\/2025\/12\/HC-AL01RD4.webp\" alt=\"HC-AL01 Hard case\" width=\"500\" height=\"500\" srcset=\"https:\/\/mountlaser.com\/wp-content\/uploads\/2025\/12\/HC-AL01RD4.webp 1000w, https:\/\/mountlaser.com\/wp-content\/uploads\/2025\/12\/HC-AL01RD4-300x300.webp 300w, https:\/\/mountlaser.com\/wp-content\/uploads\/2025\/12\/HC-AL01RD4-150x150.webp 150w, https:\/\/mountlaser.com\/wp-content\/uploads\/2025\/12\/HC-AL01RD4-768x768.webp 768w, https:\/\/mountlaser.com\/wp-content\/uploads\/2025\/12\/HC-AL01RD4-12x12.webp 12w, https:\/\/mountlaser.com\/wp-content\/uploads\/2025\/12\/HC-AL01RD4-600x600.webp 600w, https:\/\/mountlaser.com\/wp-content\/uploads\/2025\/12\/HC-AL01RD4-800x800.webp 800w, https:\/\/mountlaser.com\/wp-content\/uploads\/2025\/12\/HC-AL01RD4-400x400.webp 400w\" sizes=\"(max-width: 500px) 100vw, 500px\" \/><\/td>\n<\/tr>\n<tr style=\"height: 14.25pt;\">\n<td class=\"et5\" style=\"height: 14.25pt;\" height=\"19\">HC-AL01YL<\/td>\n<td class=\"et5\">Einzelschloss<\/td>\n<td class=\"et5\">Gelb<\/td>\n<td class=\"et6\"><img decoding=\"async\" class=\"alignnone wp-image-5657\" src=\"https:\/\/mountlaser.com\/wp-content\/uploads\/2025\/12\/HC-AL01YL5.webp\" alt=\"HC-AL01 Hard case\" width=\"500\" height=\"500\" srcset=\"https:\/\/mountlaser.com\/wp-content\/uploads\/2025\/12\/HC-AL01YL5.webp 1000w, https:\/\/mountlaser.com\/wp-content\/uploads\/2025\/12\/HC-AL01YL5-300x300.webp 300w, https:\/\/mountlaser.com\/wp-content\/uploads\/2025\/12\/HC-AL01YL5-150x150.webp 150w, https:\/\/mountlaser.com\/wp-content\/uploads\/2025\/12\/HC-AL01YL5-768x768.webp 768w, https:\/\/mountlaser.com\/wp-content\/uploads\/2025\/12\/HC-AL01YL5-12x12.webp 12w, https:\/\/mountlaser.com\/wp-content\/uploads\/2025\/12\/HC-AL01YL5-600x600.webp 600w, https:\/\/mountlaser.com\/wp-content\/uploads\/2025\/12\/HC-AL01YL5-800x800.webp 800w, https:\/\/mountlaser.com\/wp-content\/uploads\/2025\/12\/HC-AL01YL5-400x400.webp 400w\" sizes=\"(max-width: 500px) 100vw, 500px\" \/><\/td>\n<\/tr>\n<tr style=\"height: 14.25pt;\">\n<td class=\"et5\" style=\"height: 14.25pt;\" height=\"19\">HC-AL02RD<\/td>\n<td class=\"et5\">Doppelverriegelung<\/td>\n<td class=\"et5\">Rot<\/td>\n<td class=\"et6\"><img decoding=\"async\" class=\"alignnone wp-image-5663\" src=\"https:\/\/mountlaser.com\/wp-content\/uploads\/2025\/12\/HC-AL02RD5.webp\" alt=\"HC-AL01 Hard case\" width=\"500\" height=\"500\" srcset=\"https:\/\/mountlaser.com\/wp-content\/uploads\/2025\/12\/HC-AL02RD5.webp 1000w, https:\/\/mountlaser.com\/wp-content\/uploads\/2025\/12\/HC-AL02RD5-300x300.webp 300w, https:\/\/mountlaser.com\/wp-content\/uploads\/2025\/12\/HC-AL02RD5-150x150.webp 150w, https:\/\/mountlaser.com\/wp-content\/uploads\/2025\/12\/HC-AL02RD5-768x768.webp 768w, https:\/\/mountlaser.com\/wp-content\/uploads\/2025\/12\/HC-AL02RD5-12x12.webp 12w, https:\/\/mountlaser.com\/wp-content\/uploads\/2025\/12\/HC-AL02RD5-600x600.webp 600w, https:\/\/mountlaser.com\/wp-content\/uploads\/2025\/12\/HC-AL02RD5-800x800.webp 800w, https:\/\/mountlaser.com\/wp-content\/uploads\/2025\/12\/HC-AL02RD5-400x400.webp 400w\" sizes=\"(max-width: 500px) 100vw, 500px\" \/><\/td>\n<\/tr>\n<tr style=\"height: 14.25pt;\">\n<td class=\"et5\" style=\"height: 14.25pt;\" height=\"19\">HC-AL02YL<\/td>\n<td class=\"et5\">Doppelverriegelung<\/td>\n<td class=\"et5\">Gelb<\/td>\n<td class=\"et6\"><img loading=\"lazy\" decoding=\"async\" class=\"alignnone wp-image-5669\" src=\"https:\/\/mountlaser.com\/wp-content\/uploads\/2025\/12\/HC-AL02YL4.webp\" alt=\"HC-AL01 Hard case\" width=\"500\" height=\"500\" srcset=\"https:\/\/mountlaser.com\/wp-content\/uploads\/2025\/12\/HC-AL02YL4.webp 1000w, https:\/\/mountlaser.com\/wp-content\/uploads\/2025\/12\/HC-AL02YL4-300x300.webp 300w, https:\/\/mountlaser.com\/wp-content\/uploads\/2025\/12\/HC-AL02YL4-150x150.webp 150w, https:\/\/mountlaser.com\/wp-content\/uploads\/2025\/12\/HC-AL02YL4-768x768.webp 768w, https:\/\/mountlaser.com\/wp-content\/uploads\/2025\/12\/HC-AL02YL4-12x12.webp 12w, https:\/\/mountlaser.com\/wp-content\/uploads\/2025\/12\/HC-AL02YL4-600x600.webp 600w, https:\/\/mountlaser.com\/wp-content\/uploads\/2025\/12\/HC-AL02YL4-800x800.webp 800w, https:\/\/mountlaser.com\/wp-content\/uploads\/2025\/12\/HC-AL02YL4-400x400.webp 400w\" sizes=\"(max-width: 500px) 100vw, 500px\" \/><\/td>\n<\/tr>\n<\/tbody>\n<\/table>\n<\/div>","protected":false},"excerpt":{"rendered":"<ul>\n<li>Sch\u00fctzt die Fahrzeugniveaus vor St\u00f6\u00dfen, Staub, Feuchtigkeit und Witterungseinfl\u00fcssen<\/li>\n<li>Die universelle Innenausstattung bietet Platz f\u00fcr eine Vielzahl von automatischen Nivellierungsmodellen.<\/li>\n<li>Das Verriegelungssystem (einfach oder doppelt) gew\u00e4hrleistet einen sicheren Verschluss w\u00e4hrend des Transports.<\/li>\n<li>Gut sichtbare Farboptionen erh\u00f6hen die Sichtbarkeit der Ausr\u00fcstung und reduzieren Verluste.<\/li>\n<\/ul>","protected":false},"featured_media":5646,"comment_status":"open","ping_status":"closed","template":"","meta":[],"product_brand":[],"product_cat":[163,79],"product_tag":[],"class_list":{"0":"post-5589","1":"product","2":"type-product","3":"status-publish","4":"has-post-thumbnail","6":"product_cat-hard-case","7":"product_cat-surveying-accessory","9":"first","10":"instock","11":"shipping-taxable","12":"product-type-simple"},"_links":{"self":[{"href":"https:\/\/mountlaser.com\/de\/wp-json\/wp\/v2\/product\/5589","targetHints":{"allow":["GET"]}}],"collection":[{"href":"https:\/\/mountlaser.com\/de\/wp-json\/wp\/v2\/product"}],"about":[{"href":"https:\/\/mountlaser.com\/de\/wp-json\/wp\/v2\/types\/product"}],"replies":[{"embeddable":true,"href":"https:\/\/mountlaser.com\/de\/wp-json\/wp\/v2\/comments?post=5589"}],"wp:featuredmedia":[{"embeddable":true,"href":"https:\/\/mountlaser.com\/de\/wp-json\/wp\/v2\/media\/5646"}],"wp:attachment":[{"href":"https:\/\/mountlaser.com\/de\/wp-json\/wp\/v2\/media?parent=5589"}],"wp:term":[{"taxonomy":"product_brand","embeddable":true,"href":"https:\/\/mountlaser.com\/de\/wp-json\/wp\/v2\/product_brand?post=5589"},{"taxonomy":"product_cat","embeddable":true,"href":"https:\/\/mountlaser.com\/de\/wp-json\/wp\/v2\/product_cat?post=5589"},{"taxonomy":"product_tag","embeddable":true,"href":"https:\/\/mountlaser.com\/de\/wp-json\/wp\/v2\/product_tag?post=5589"}],"curies":[{"name":"wp","href":"https:\/\/api.w.org\/{rel}","templated":true}]}}