{"id":5577,"date":"2025-12-09T01:46:19","date_gmt":"2025-12-09T01:46:19","guid":{"rendered":"https:\/\/mountlaser.com\/?post_type=product&#038;p=5577"},"modified":"2025-12-12T01:32:14","modified_gmt":"2025-12-12T01:32:14","slug":"tsfg01-tripod-floor-guide","status":"publish","type":"product","link":"https:\/\/mountlaser.com\/de\/produkt\/tsfg01-tripod-floor-guide\/","title":{"rendered":"TSFG01 Stativ-Bodenf\u00fchrung"},"content":{"rendered":"<p>Der <a href=\"https:\/\/mountlaser.com\/de\/\"><strong>TSFG01 Stativ-Bodenf\u00fchrung<\/strong><\/a> ist ein pr\u00e4zisionsgefertigtes Zubeh\u00f6rteil, das maximale Stativstabilit\u00e4t auf glatten, polierten oder Betonoberfl\u00e4chen gew\u00e4hrleistet. Als \u00e4u\u00dferst zuverl\u00e4ssiges<a href=\"https:\/\/mountlaser.com\/de\/produkt-kategorie\/surveying-accessory\/\"><strong> Stativstabilisator-Bodenf\u00fchrung<\/strong><\/a>, Es hilft Vermessern, einen Punkt schneller und mit gr\u00f6\u00dferer Sicherheit zu erreichen und gew\u00e4hrleistet so eine gleichbleibende Genauigkeit auch unter anspruchsvollen Feldbedingungen.<\/p>\n<p>Die Konstruktion besteht aus hochfestem Stahl. <a href=\"https:\/\/mountlaser.com\/de\/contact-us\/\">TSFG01 Stativ-Bodenf\u00fchrung<\/a> bietet au\u00dfergew\u00f6hnliche Haltbarkeit und l\u00e4sst sich mit den Stativbeinen bis zu 40 cm (15,7 Zoll) von der Mitte ausziehen, wodurch eine stabile und sichere Basis auf glattem Untergrund gew\u00e4hrleistet wird.<\/p>\n<p><img fetchpriority=\"high\" decoding=\"async\" class=\"aligncenter wp-image-5578\" src=\"https:\/\/mountlaser.com\/wp-content\/uploads\/2025\/12\/TSFG01.webp\" alt=\"TSFG01 Tripod Floor Guide\" width=\"500\" height=\"500\" srcset=\"https:\/\/mountlaser.com\/wp-content\/uploads\/2025\/12\/TSFG01.webp 1000w, https:\/\/mountlaser.com\/wp-content\/uploads\/2025\/12\/TSFG01-300x300.webp 300w, https:\/\/mountlaser.com\/wp-content\/uploads\/2025\/12\/TSFG01-150x150.webp 150w, https:\/\/mountlaser.com\/wp-content\/uploads\/2025\/12\/TSFG01-768x768.webp 768w, https:\/\/mountlaser.com\/wp-content\/uploads\/2025\/12\/TSFG01-12x12.webp 12w, https:\/\/mountlaser.com\/wp-content\/uploads\/2025\/12\/TSFG01-600x600.webp 600w, https:\/\/mountlaser.com\/wp-content\/uploads\/2025\/12\/TSFG01-800x800.webp 800w, https:\/\/mountlaser.com\/wp-content\/uploads\/2025\/12\/TSFG01-400x400.webp 400w\" sizes=\"(max-width: 500px) 100vw, 500px\" \/><\/p>\n<p>Ob im Bauwesen, bei Vermessungsarbeiten oder bei Messungen in Innenr\u00e4umen eingesetzt, <a href=\"https:\/\/mountlaser.com\/de\/about-us\/\">TSFG01 Stativ-Bodenf\u00fchrung<\/a> Gew\u00e4hrleistet jederzeit eine schnelle, stabile und pr\u00e4zise Positionierung des Instruments. Dank seiner robusten Bauweise und des optimierten Layouts ist es ein unverzichtbares Werkzeug f\u00fcr Au\u00dfendienstmitarbeiter, die auf harten, rutschigen oder versiegelten Bodenfl\u00e4chen arbeiten.<\/p>","protected":false},"excerpt":{"rendered":"<ul>\n<li>Verbessert die Stabilit\u00e4t auf glatten, polierten oder Betonb\u00f6den.<\/li>\n<li>Beschleunigt den Aufbau, wenn Stative direkt \u00fcber einem Punkt positioniert werden.<\/li>\n<li>Bietet eine flexible Beinstreckung, wobei TSFG01 eine L\u00e4nge von 40 cm erreicht.<\/li>\n<\/ul>","protected":false},"featured_media":5578,"comment_status":"open","ping_status":"closed","template":"","meta":[],"product_brand":[],"product_cat":[79,160],"product_tag":[],"class_list":{"0":"post-5577","1":"product","2":"type-product","3":"status-publish","4":"has-post-thumbnail","6":"product_cat-surveying-accessory","7":"product_cat-tripod-floor-guide","9":"first","10":"instock","11":"shipping-taxable","12":"product-type-simple"},"_links":{"self":[{"href":"https:\/\/mountlaser.com\/de\/wp-json\/wp\/v2\/product\/5577","targetHints":{"allow":["GET"]}}],"collection":[{"href":"https:\/\/mountlaser.com\/de\/wp-json\/wp\/v2\/product"}],"about":[{"href":"https:\/\/mountlaser.com\/de\/wp-json\/wp\/v2\/types\/product"}],"replies":[{"embeddable":true,"href":"https:\/\/mountlaser.com\/de\/wp-json\/wp\/v2\/comments?post=5577"}],"wp:featuredmedia":[{"embeddable":true,"href":"https:\/\/mountlaser.com\/de\/wp-json\/wp\/v2\/media\/5578"}],"wp:attachment":[{"href":"https:\/\/mountlaser.com\/de\/wp-json\/wp\/v2\/media?parent=5577"}],"wp:term":[{"taxonomy":"product_brand","embeddable":true,"href":"https:\/\/mountlaser.com\/de\/wp-json\/wp\/v2\/product_brand?post=5577"},{"taxonomy":"product_cat","embeddable":true,"href":"https:\/\/mountlaser.com\/de\/wp-json\/wp\/v2\/product_cat?post=5577"},{"taxonomy":"product_tag","embeddable":true,"href":"https:\/\/mountlaser.com\/de\/wp-json\/wp\/v2\/product_tag?post=5577"}],"curies":[{"name":"wp","href":"https:\/\/api.w.org\/{rel}","templated":true}]}}