{"id":5576,"date":"2025-12-09T01:08:15","date_gmt":"2025-12-09T01:08:15","guid":{"rendered":"https:\/\/mountlaser.com\/?post_type=product&#038;p=5576"},"modified":"2025-12-09T01:08:15","modified_gmt":"2025-12-09T01:08:15","slug":"su01-surveying-umbrella","status":"publish","type":"product","link":"https:\/\/mountlaser.com\/de\/produkt\/su01-surveying-umbrella\/","title":{"rendered":"SU01 Vermessungsdach"},"content":{"rendered":"<p>Der <a href=\"https:\/\/mountlaser.com\/de\/\"><strong>SU01 Vermessungsschirm<\/strong><\/a> ist ein professionelles Schutzdach, das empfindliche Vermessungsger\u00e4te und Feldarbeiter vor direkter Sonneneinstrahlung und unerwartetem Regen sch\u00fctzt. Es ist f\u00fcr raue Au\u00dfenbedingungen konzipiert. <a href=\"https:\/\/mountlaser.com\/de\/produkt-kategorie\/surveying-accessory\/\"><strong>Dachverband der Landvermessung<\/strong><\/a> Gew\u00e4hrleistet die zuverl\u00e4ssige Funktion des Instruments bei allen Wetterbedingungen. Mit einem schwenkbaren Kopf f\u00fcr flexible Ausrichtung und einem gro\u00dfen 200 cm breiten Schirmdach bietet der Vermessungsschirm SU01 zuverl\u00e4ssigen Schatten bei l\u00e4ngeren Feldeins\u00e4tzen.<\/p>\n<p><img fetchpriority=\"high\" decoding=\"async\" class=\"aligncenter wp-image-5570\" src=\"https:\/\/mountlaser.com\/wp-content\/uploads\/2025\/12\/SU011.webp\" alt=\"SU01 surveying umbrella\" width=\"500\" height=\"500\" srcset=\"https:\/\/mountlaser.com\/wp-content\/uploads\/2025\/12\/SU011.webp 1000w, https:\/\/mountlaser.com\/wp-content\/uploads\/2025\/12\/SU011-300x300.webp 300w, https:\/\/mountlaser.com\/wp-content\/uploads\/2025\/12\/SU011-150x150.webp 150w, https:\/\/mountlaser.com\/wp-content\/uploads\/2025\/12\/SU011-768x768.webp 768w, https:\/\/mountlaser.com\/wp-content\/uploads\/2025\/12\/SU011-12x12.webp 12w, https:\/\/mountlaser.com\/wp-content\/uploads\/2025\/12\/SU011-600x600.webp 600w, https:\/\/mountlaser.com\/wp-content\/uploads\/2025\/12\/SU011-800x800.webp 800w, https:\/\/mountlaser.com\/wp-content\/uploads\/2025\/12\/SU011-400x400.webp 400w\" sizes=\"(max-width: 500px) 100vw, 500px\" \/><\/p>\n<p>Dieser Vermessungsschirm aus robustem, zehnteiligem blau-wei\u00dfem Stoff mit zweiteiliger Stange (\u00d8 28\u201332 mm) ist auf Komfort und Langlebigkeit ausgelegt. Sein stabiler Erdspie\u00df dringt bis zu 20 cm tief in weichen Boden ein und sorgt so f\u00fcr sicheren Halt auch in unebenem Gel\u00e4nde. Ob f\u00fcr Totalstationen, GNSS-Empf\u00e4nger oder zur Dokumentation im Gel\u00e4nde \u2013 dieser Schirm ist die ideale L\u00f6sung. <a href=\"https:\/\/mountlaser.com\/de\/about-us\/\">SU01 Vermessungsschirm<\/a> Er tr\u00e4gt zur optimalen Sicht bei, verl\u00e4ngert die Lebensdauer der Instrumente und erh\u00f6ht den Arbeitskomfort. F\u00fcr Vermesser, die auf zuverl\u00e4ssige Leistung, Mobilit\u00e4t und Schutz angewiesen sind, ist dieser Vermessungsschirm eine unverzichtbare Erg\u00e4nzung ihrer Ausr\u00fcstung.<\/p>","protected":false},"excerpt":{"rendered":"<ul>\n<li>Wetterschutz: Sch\u00fctzt Instrumente und Bediener vor starker Sonneneinstrahlung und Regen.<\/li>\n<li>Schwenkbarer Kopf: Erm\u00f6glicht die Ausrichtung f\u00fcr maximale Beschattungseffizienz.<\/li>\n<li>Gro\u00dfes 200 cm Baldachin: Blau-wei\u00dfes 10-teiliges Stoffdach bietet eine breite Abdeckung.<\/li>\n<li>H\u00f6henverstellbar: Die zweiteilige Stange l\u00e4sst sich f\u00fcr vielseitige Aufstellm\u00f6glichkeiten bis zu 200 cm ausziehen.<\/li>\n<li>Verbesserte Stabilit\u00e4t: Der robuste Metallspie\u00df dringt 20 cm tief in weichen Boden ein.<\/li>\n<li>Robuste Bauweise: Konzipiert f\u00fcr den wiederholten professionellen Au\u00dfeneinsatz.<\/li>\n<li>Tragbar und einfach aufzubauen: Unkomplizierte Montage f\u00fcr schnellen Einsatz vor Ort.<\/li>\n<\/ul>","protected":false},"featured_media":5572,"comment_status":"open","ping_status":"closed","template":"","meta":[],"product_brand":[],"product_cat":[79,159],"product_tag":[],"class_list":{"0":"post-5576","1":"product","2":"type-product","3":"status-publish","4":"has-post-thumbnail","6":"product_cat-surveying-accessory","7":"product_cat-surveying-umbrella","9":"first","10":"instock","11":"shipping-taxable","12":"product-type-simple"},"_links":{"self":[{"href":"https:\/\/mountlaser.com\/de\/wp-json\/wp\/v2\/product\/5576","targetHints":{"allow":["GET"]}}],"collection":[{"href":"https:\/\/mountlaser.com\/de\/wp-json\/wp\/v2\/product"}],"about":[{"href":"https:\/\/mountlaser.com\/de\/wp-json\/wp\/v2\/types\/product"}],"replies":[{"embeddable":true,"href":"https:\/\/mountlaser.com\/de\/wp-json\/wp\/v2\/comments?post=5576"}],"wp:featuredmedia":[{"embeddable":true,"href":"https:\/\/mountlaser.com\/de\/wp-json\/wp\/v2\/media\/5572"}],"wp:attachment":[{"href":"https:\/\/mountlaser.com\/de\/wp-json\/wp\/v2\/media?parent=5576"}],"wp:term":[{"taxonomy":"product_brand","embeddable":true,"href":"https:\/\/mountlaser.com\/de\/wp-json\/wp\/v2\/product_brand?post=5576"},{"taxonomy":"product_cat","embeddable":true,"href":"https:\/\/mountlaser.com\/de\/wp-json\/wp\/v2\/product_cat?post=5576"},{"taxonomy":"product_tag","embeddable":true,"href":"https:\/\/mountlaser.com\/de\/wp-json\/wp\/v2\/product_tag?post=5576"}],"curies":[{"name":"wp","href":"https:\/\/api.w.org\/{rel}","templated":true}]}}