{"id":5569,"date":"2025-12-08T09:09:35","date_gmt":"2025-12-08T09:09:35","guid":{"rendered":"https:\/\/mountlaser.com\/?post_type=product&#038;p=5569"},"modified":"2025-12-12T02:46:23","modified_gmt":"2025-12-12T02:46:23","slug":"ps2a-pocket-stereo-viewer","status":"publish","type":"product","link":"https:\/\/mountlaser.com\/de\/produkt\/ps2a-pocket-stereo-viewer\/","title":{"rendered":"PS2A Taschen-Stereo-Betrachter"},"content":{"rendered":"<p data-start=\"358\" data-end=\"742\">Der <a href=\"https:\/\/mountlaser.com\/de\/\"><strong data-start=\"362\" data-end=\"394\">PS2A Taschen-Stereo-Betrachter<\/strong><\/a> ist ein professionelles, kompaktes Stereoskop, das f\u00fcr die klare und pr\u00e4zise Interpretation von Stereobildern im Au\u00dfeneinsatz und im B\u00fcro entwickelt wurde. Es ist mit robusten Halterungen aus Metallgusslegierung ausgestattet. <a href=\"https:\/\/mountlaser.com\/de\/produkt-kategorie\/surveying-accessory\/\"><strong data-start=\"583\" data-end=\"613\">Metall-Taschenstereobetrachter<\/strong><\/a> bietet lang anhaltende Stabilit\u00e4t und optische Konsistenz und ist daher ideal f\u00fcr Vermesser, Photogrammetristen und Gel\u00e4ndeanalysten.<\/p>\n<p data-start=\"744\" data-end=\"1196\">Der PS2A Pocket Stereo Viewer mit einstellbarem Augenabstand von 56 mm bis 75 mm erm\u00f6glicht komfortables Betrachten f\u00fcr verschiedene Anwender und bietet ein weites Sichtfeld von 125 mm \u00d7 125 mm f\u00fcr die effiziente Untersuchung von Stereobildpaaren. Mit 2-facher Vergr\u00f6\u00dferung deckt der Metall-Taschenstereo-Viewer PS2A die verschiedenen Detailstufen ab, die bei professionellen Vermessungs- und Kartierungsarbeiten erforderlich sind.<\/p>\n<p data-start=\"744\" data-end=\"1196\"><img fetchpriority=\"high\" decoding=\"async\" class=\"aligncenter wp-image-5563\" src=\"https:\/\/mountlaser.com\/wp-content\/uploads\/2025\/12\/\u4e3b\u56fe3-4.webp\" alt=\"PS2A\/4A pocket stereo viewer\" width=\"500\" height=\"500\" srcset=\"https:\/\/mountlaser.com\/wp-content\/uploads\/2025\/12\/\u4e3b\u56fe3-4.webp 1000w, https:\/\/mountlaser.com\/wp-content\/uploads\/2025\/12\/\u4e3b\u56fe3-4-300x300.webp 300w, https:\/\/mountlaser.com\/wp-content\/uploads\/2025\/12\/\u4e3b\u56fe3-4-150x150.webp 150w, https:\/\/mountlaser.com\/wp-content\/uploads\/2025\/12\/\u4e3b\u56fe3-4-768x768.webp 768w, https:\/\/mountlaser.com\/wp-content\/uploads\/2025\/12\/\u4e3b\u56fe3-4-12x12.webp 12w, https:\/\/mountlaser.com\/wp-content\/uploads\/2025\/12\/\u4e3b\u56fe3-4-600x600.webp 600w, https:\/\/mountlaser.com\/wp-content\/uploads\/2025\/12\/\u4e3b\u56fe3-4-800x800.webp 800w, https:\/\/mountlaser.com\/wp-content\/uploads\/2025\/12\/\u4e3b\u56fe3-4-400x400.webp 400w\" sizes=\"(max-width: 500px) 100vw, 500px\" \/><\/p>\n<p data-start=\"1198\" data-end=\"1423\">Durch die Kombination von Tragbarkeit, robuster Bauweise und optischer Klarheit bietet die <a href=\"https:\/\/mountlaser.com\/de\/contact-us\/\">PS2A\/4A Taschen-Stereo-Betrachter<\/a> bietet zuverl\u00e4ssige Leistung f\u00fcr alle, die in anspruchsvollen Arbeitsumgebungen eine pr\u00e4zise stereoskopische Interpretation ben\u00f6tigen.<\/p>","protected":false},"excerpt":{"rendered":"<ul>\n<li>PS2A (2-fache Vergr\u00f6\u00dferung).<\/li>\n<li>Einstellbarer Pupillenabstand: 56\u201375 mm f\u00fcr optimalen Tragekomfort bei verschiedenen Anwendern.<\/li>\n<li>Weites Sichtfeld: 125 mm \u00d7 125 mm f\u00fcr eine effiziente Stereobildanalyse.<\/li>\n<li>Metallkonstruktion: Das robuste Geh\u00e4use aus Metallgusslegierung gew\u00e4hrleistet Stabilit\u00e4t und Langlebigkeit.<\/li>\n<li>Tragbares Design: Leicht genug f\u00fcr den einfachen Transport bei Feldarbeiten.<\/li>\n<li>Professionelle Anwendung: Ideal f\u00fcr Stereointerpretation, Gel\u00e4ndebewertung und photogrammetrische Anwendungen.<\/li>\n<\/ul>","protected":false},"featured_media":5562,"comment_status":"open","ping_status":"closed","template":"","meta":[],"product_brand":[],"product_cat":[79,158],"product_tag":[],"class_list":{"0":"post-5569","1":"product","2":"type-product","3":"status-publish","4":"has-post-thumbnail","6":"product_cat-surveying-accessory","7":"product_cat-pocket-stereo-viewer","9":"first","10":"instock","11":"shipping-taxable","12":"product-type-simple"},"_links":{"self":[{"href":"https:\/\/mountlaser.com\/de\/wp-json\/wp\/v2\/product\/5569","targetHints":{"allow":["GET"]}}],"collection":[{"href":"https:\/\/mountlaser.com\/de\/wp-json\/wp\/v2\/product"}],"about":[{"href":"https:\/\/mountlaser.com\/de\/wp-json\/wp\/v2\/types\/product"}],"replies":[{"embeddable":true,"href":"https:\/\/mountlaser.com\/de\/wp-json\/wp\/v2\/comments?post=5569"}],"wp:featuredmedia":[{"embeddable":true,"href":"https:\/\/mountlaser.com\/de\/wp-json\/wp\/v2\/media\/5562"}],"wp:attachment":[{"href":"https:\/\/mountlaser.com\/de\/wp-json\/wp\/v2\/media?parent=5569"}],"wp:term":[{"taxonomy":"product_brand","embeddable":true,"href":"https:\/\/mountlaser.com\/de\/wp-json\/wp\/v2\/product_brand?post=5569"},{"taxonomy":"product_cat","embeddable":true,"href":"https:\/\/mountlaser.com\/de\/wp-json\/wp\/v2\/product_cat?post=5569"},{"taxonomy":"product_tag","embeddable":true,"href":"https:\/\/mountlaser.com\/de\/wp-json\/wp\/v2\/product_tag?post=5569"}],"curies":[{"name":"wp","href":"https:\/\/api.w.org\/{rel}","templated":true}]}}