{"id":5552,"date":"2025-12-08T08:02:23","date_gmt":"2025-12-08T08:02:23","guid":{"rendered":"https:\/\/mountlaser.com\/?post_type=product&#038;p=5552"},"modified":"2025-12-11T02:32:20","modified_gmt":"2025-12-11T02:32:20","slug":"hl01-hand-level","status":"publish","type":"product","link":"https:\/\/mountlaser.com\/de\/produkt\/hl01-hand-level\/","title":{"rendered":"HL01 Handnivellierger\u00e4t"},"content":{"rendered":"<p>Der <a href=\"https:\/\/mountlaser.com\/de\/\"><strong>HL01 Handnivellierger\u00e4t<\/strong><\/a> Das HL01 Handnivellierger\u00e4t ist ein kompaktes und effizientes Feldinstrument, das speziell f\u00fcr Profis entwickelt wurde, die eine schnelle und pr\u00e4zise horizontale Ausrichtung ben\u00f6tigen. Mit seinem auff\u00e4lligen gelben Geh\u00e4use vereint es Mobilit\u00e4t mit zuverl\u00e4ssiger optischer Leistung und ist somit ein unverzichtbares Ger\u00e4t f\u00fcr Bau-, Planierungs- und allgemeine Vermessungsarbeiten.<\/p>\n<p>Mit einem <a href=\"https:\/\/mountlaser.com\/de\/produkt-kategorie\/surveying-accessory\/\"><strong>2,5-fache Handnivellierung<\/strong><\/a> Dank seines optischen Systems bietet dieses Instrument eine klare Sicht f\u00fcr pr\u00e4zises Ausrichten und einfache Entfernungssch\u00e4tzung. Die internen Strichplatten und das vertikale Fadenkreuz verbessern die Bedienbarkeit zus\u00e4tzlich und erm\u00f6glichen es dem Anwender, in unterschiedlichen Umgebungen im Freien schnell Referenzpunkte zu setzen.<\/p>\n<p>Die HL01 Handwasserwaage ist f\u00fcr den mobilen Einsatz konzipiert und wird mit einer robusten Ledertasche geliefert, die das Instrument beim Transport und im t\u00e4glichen Feldeinsatz sch\u00fctzt. Ob f\u00fcr schnelle Kontrollen oder Routinearbeiten \u2013 die 2,5-fach vergr\u00f6\u00dfernde Handwasserwaage bietet eine konstante und zuverl\u00e4ssige Leistung, auf die sich Profis verlassen k\u00f6nnen.<\/p>\n<p><img fetchpriority=\"high\" decoding=\"async\" class=\"aligncenter wp-image-5558\" src=\"https:\/\/mountlaser.com\/wp-content\/uploads\/2025\/12\/HL016.webp\" alt=\"HL01 Hand Level\" width=\"500\" height=\"500\" srcset=\"https:\/\/mountlaser.com\/wp-content\/uploads\/2025\/12\/HL016.webp 1000w, https:\/\/mountlaser.com\/wp-content\/uploads\/2025\/12\/HL016-300x300.webp 300w, https:\/\/mountlaser.com\/wp-content\/uploads\/2025\/12\/HL016-150x150.webp 150w, https:\/\/mountlaser.com\/wp-content\/uploads\/2025\/12\/HL016-768x768.webp 768w, https:\/\/mountlaser.com\/wp-content\/uploads\/2025\/12\/HL016-12x12.webp 12w, https:\/\/mountlaser.com\/wp-content\/uploads\/2025\/12\/HL016-600x600.webp 600w, https:\/\/mountlaser.com\/wp-content\/uploads\/2025\/12\/HL016-800x800.webp 800w, https:\/\/mountlaser.com\/wp-content\/uploads\/2025\/12\/HL016-400x400.webp 400w\" sizes=\"(max-width: 500px) 100vw, 500px\" \/><\/p>\n<p>Zusammenfassend l\u00e4sst sich sagen, dass <a href=\"https:\/\/mountlaser.com\/de\/contact-us\/\">2,5-fache Handnivellierung<\/a> bietet ein leichtes Design, essentielle optische Eigenschaften und robusten Schutz \u2013 und ist damit ideal f\u00fcr alle, die im Gel\u00e4nde eine schnelle und pr\u00e4zise Nivellierung ben\u00f6tigen.<\/p>","protected":false},"excerpt":{"rendered":"<ul>\n<li>Leuchtend gelbes Geh\u00e4use f\u00fcr hohe Sichtbarkeit und einfache Erkennbarkeit auf Baustellen im Freien.<\/li>\n<li>Die 2,5-fache Vergr\u00f6\u00dferung erm\u00f6glicht eine klare und pr\u00e4zise Sicht f\u00fcr schnelles Nivellieren und Zielen.<\/li>\n<li>Die integrierten Stadia-Linien und vertikalen Fadenkreuze erm\u00f6glichen eine grundlegende Entfernungssch\u00e4tzung und Ausrichtung.<\/li>\n<li>Das leichte und taschengro\u00dfe Design macht das Instrument einfach zu transportieren und ideal f\u00fcr mobile Feldarbeit.<\/li>\n<li>Die robuste Ledertragetasche sch\u00fctzt das Ger\u00e4t beim Transport und bei der Aufbewahrung.<\/li>\n<li>Zuverl\u00e4ssige Leistung, geeignet f\u00fcr Nivellierungs-, Planierungs-, Aushub- und allgemeine Vermessungsanwendungen.<\/li>\n<li>Einfache Einhandbedienung f\u00fcr maximalen Komfort bei schnellen Inspektionen.<\/li>\n<\/ul>","protected":false},"featured_media":5553,"comment_status":"open","ping_status":"closed","template":"","meta":[],"product_brand":[],"product_cat":[79,157],"product_tag":[],"class_list":{"0":"post-5552","1":"product","2":"type-product","3":"status-publish","4":"has-post-thumbnail","6":"product_cat-surveying-accessory","7":"product_cat-handle-level","9":"first","10":"instock","11":"shipping-taxable","12":"product-type-simple"},"_links":{"self":[{"href":"https:\/\/mountlaser.com\/de\/wp-json\/wp\/v2\/product\/5552","targetHints":{"allow":["GET"]}}],"collection":[{"href":"https:\/\/mountlaser.com\/de\/wp-json\/wp\/v2\/product"}],"about":[{"href":"https:\/\/mountlaser.com\/de\/wp-json\/wp\/v2\/types\/product"}],"replies":[{"embeddable":true,"href":"https:\/\/mountlaser.com\/de\/wp-json\/wp\/v2\/comments?post=5552"}],"wp:featuredmedia":[{"embeddable":true,"href":"https:\/\/mountlaser.com\/de\/wp-json\/wp\/v2\/media\/5553"}],"wp:attachment":[{"href":"https:\/\/mountlaser.com\/de\/wp-json\/wp\/v2\/media?parent=5552"}],"wp:term":[{"taxonomy":"product_brand","embeddable":true,"href":"https:\/\/mountlaser.com\/de\/wp-json\/wp\/v2\/product_brand?post=5552"},{"taxonomy":"product_cat","embeddable":true,"href":"https:\/\/mountlaser.com\/de\/wp-json\/wp\/v2\/product_cat?post=5552"},{"taxonomy":"product_tag","embeddable":true,"href":"https:\/\/mountlaser.com\/de\/wp-json\/wp\/v2\/product_tag?post=5552"}],"curies":[{"name":"wp","href":"https:\/\/api.w.org\/{rel}","templated":true}]}}