{"id":5531,"date":"2025-12-08T07:08:04","date_gmt":"2025-12-08T07:08:04","guid":{"rendered":"https:\/\/mountlaser.com\/?post_type=product&#038;p=5531"},"modified":"2025-12-08T07:08:04","modified_gmt":"2025-12-08T07:08:04","slug":"ft40-series-flagging-tape","status":"publish","type":"product","link":"https:\/\/mountlaser.com\/de\/produkt\/ft40-series-flagging-tape\/","title":{"rendered":"FT40-Serie Markierungsband"},"content":{"rendered":"<p>Der MountLaser <a href=\"https:\/\/mountlaser.com\/de\/\"><strong>Markierungsband<\/strong><\/a> Dieses robuste und gut sichtbare Markierungsband wurde speziell f\u00fcr anspruchsvolle Au\u00dfeneins\u00e4tze entwickelt. Es eignet sich ideal f\u00fcr Vermesser und Baufachleute und bietet zuverl\u00e4ssige Leistung bei unterschiedlichen Temperaturen und in verschiedenen Gel\u00e4nden. Ob zur Markierung von Grenzen, Absteckpunkten oder wichtigen Referenzpunkten \u2013 dieses Markierungsband gew\u00e4hrleistet klare und dauerhafte Sichtbarkeit unter allen Bedingungen.<\/p>\n<p><img fetchpriority=\"high\" decoding=\"async\" class=\"aligncenter wp-image-5536\" src=\"https:\/\/mountlaser.com\/wp-content\/uploads\/2025\/12\/05.webp\" alt=\"Flagging Tape\" width=\"500\" height=\"500\" srcset=\"https:\/\/mountlaser.com\/wp-content\/uploads\/2025\/12\/05.webp 1200w, https:\/\/mountlaser.com\/wp-content\/uploads\/2025\/12\/05-300x300.webp 300w, https:\/\/mountlaser.com\/wp-content\/uploads\/2025\/12\/05-1024x1024.webp 1024w, https:\/\/mountlaser.com\/wp-content\/uploads\/2025\/12\/05-150x150.webp 150w, https:\/\/mountlaser.com\/wp-content\/uploads\/2025\/12\/05-768x768.webp 768w, https:\/\/mountlaser.com\/wp-content\/uploads\/2025\/12\/05-12x12.webp 12w, https:\/\/mountlaser.com\/wp-content\/uploads\/2025\/12\/05-600x600.webp 600w, https:\/\/mountlaser.com\/wp-content\/uploads\/2025\/12\/05-800x800.webp 800w, https:\/\/mountlaser.com\/wp-content\/uploads\/2025\/12\/05-400x400.webp 400w\" sizes=\"(max-width: 500px) 100vw, 500px\" \/><\/p>\n<p>Hergestellt aus robustem, witterungsbest\u00e4ndigem Material, <a href=\"https:\/\/mountlaser.com\/de\/produkt-kategorie\/surveying-accessory\/\"><strong>Markierungsband<\/strong><\/a> Das Markierungsband bietet au\u00dfergew\u00f6hnliche Rei\u00dffestigkeit und Farbbest\u00e4ndigkeit. Es ist in verschiedenen L\u00e4ngen, St\u00e4rken und leuchtenden Farben erh\u00e4ltlich \u2013 ideal f\u00fcr die schnelle Kennzeichnung auf Vermessungs- und Baustellen. Dank seiner hohen Flexibilit\u00e4t und \u00fcberlegenen Haltbarkeit ist das Markierungsband ein unverzichtbares Werkzeug f\u00fcr pr\u00e4zise Bodenmarkierungen und effizientes Workflow-Management.<\/p>\n<div>\n<table style=\"border-collapse: collapse; width: 741.02pt;\" border=\"0\" width=\"988\" cellspacing=\"0\" cellpadding=\"0\">\n<tbody>\n<tr style=\"height: 14.25pt;\">\n<td class=\"et2\" style=\"height: 14.25pt; width: 99.75pt;\" width=\"133\" height=\"19\">NUMMER<\/td>\n<td class=\"et3\" style=\"width: 101.25pt;\" width=\"135\">BETRIEBSTEMPERATUR.<\/td>\n<td class=\"et4\" style=\"width: 74.25pt;\" width=\"99\">L\u00c4NGE<\/td>\n<td class=\"et5\" style=\"width: 83.25pt;\" width=\"111\">DICKE<\/td>\n<td class=\"et5\" style=\"width: 69.00pt;\" width=\"92\">BREITE<\/td>\n<td class=\"et5\" style=\"width: 201.00pt;\" width=\"268\">FARBE<\/td>\n<td class=\"et5\" style=\"width: 112.50pt;\" width=\"150\">Mindestbestellmenge (Rollen)<\/td>\n<\/tr>\n<tr style=\"height: 14.25pt;\">\n<td class=\"et6\" style=\"height: 14.25pt;\" height=\"19\">FT40-45-127<\/td>\n<td class=\"et6\">-40\u00b0C<\/td>\n<td class=\"et6\">45 m<\/td>\n<td class=\"et6\">0,127 mm<\/td>\n<td class=\"et6\">25 mm<\/td>\n<td class=\"et7\">Orange, Rosa, Gelb, Rot<\/td>\n<td class=\"et6\">Vielfache von 100<\/td>\n<\/tr>\n<tr style=\"height: 14.25pt;\">\n<td class=\"et6\" style=\"height: 14.25pt;\" height=\"19\">FT15-45-050<\/td>\n<td class=\"et6\">-15\u00b0C<\/td>\n<td class=\"et6\">45 m<\/td>\n<td class=\"et6\">0,0508 mm<\/td>\n<td class=\"et6\">25 mm<\/td>\n<td class=\"et7\">Orange, Rosa, Gelb, Rot<\/td>\n<td class=\"et6\">Vielfache von 100<\/td>\n<\/tr>\n<tr style=\"height: 14.25pt;\">\n<td class=\"et6\" style=\"height: 14.25pt;\" height=\"19\">FT15-30-070<\/td>\n<td class=\"et6\">-15\u00b0C<\/td>\n<td class=\"et6\">30 m<\/td>\n<td class=\"et6\">0,070 mm<\/td>\n<td class=\"et6\">25 mm<\/td>\n<td class=\"et7\">Orange, Rosa, Gelb, Rot, Gr\u00fcn, Blau<\/td>\n<td class=\"et6\">Vielfache von 240<\/td>\n<\/tr>\n<tr style=\"height: 14.25pt;\">\n<td class=\"et6\" style=\"height: 14.25pt;\" height=\"19\">FT40-100-127<\/td>\n<td class=\"et6\">-40\u00b0C<\/td>\n<td class=\"et6\">100 m<\/td>\n<td class=\"et6\">0,127 mm<\/td>\n<td class=\"et6\">25 mm<\/td>\n<td class=\"et7\">Orange, Rosa, Gelb, Rot<\/td>\n<td class=\"et6\">Vielfache von 96<\/td>\n<\/tr>\n<tr style=\"height: 14.25pt;\">\n<td class=\"et6\" style=\"height: 14.25pt;\" height=\"19\">FT15-100-050<\/td>\n<td class=\"et6\">-15\u00b0C<\/td>\n<td class=\"et6\">100 m<\/td>\n<td class=\"et6\">0,0508 mm<\/td>\n<td class=\"et6\">25 mm<\/td>\n<td class=\"et7\">Orange, Rosa, Gelb, Rot<\/td>\n<td class=\"et6\">Vielfache von 96<\/td>\n<\/tr>\n<tr style=\"height: 14.25pt;\">\n<td class=\"et6\" style=\"height: 14.25pt;\" height=\"19\">FT15-100-070<\/td>\n<td class=\"et6\">-15\u00b0C<\/td>\n<td class=\"et6\">100 m<\/td>\n<td class=\"et6\">0,070 mm<\/td>\n<td class=\"et6\">25 mm<\/td>\n<td class=\"et7\">Orange, Rosa, Gelb, Rot, Gr\u00fcn, Blau<\/td>\n<td class=\"et6\">Vielfache von 96<\/td>\n<\/tr>\n<\/tbody>\n<\/table>\n<p>&nbsp;<\/p>\n<\/div>","protected":false},"excerpt":{"rendered":"<ul>\n<li>Gut sichtbare Markierung: Leuchtende, UV-best\u00e4ndige Farben gew\u00e4hrleisten eine klare Kennzeichnung von Kontrollpunkten, Grenzen, Gefahrenstellen und Absteckungslinien unter allen Bedingungen.<\/li>\n<li>Temperatur- und Witterungsbest\u00e4ndigkeit: Konzipiert f\u00fcr den Einsatz unter rauen Umgebungsbedingungen, mit Betriebstemperaturen bis zu -40\u00b0C, je nach Modell.<\/li>\n<li>Flexibles und rei\u00dffestes Material: Gew\u00e4hrleistet eine lange Lebensdauer und zuverl\u00e4ssige Leistung auch bei wiederholter Handhabung im Feldeinsatz.<\/li>\n<li>Vielseitige Anwendungsm\u00f6glichkeiten: Geeignet f\u00fcr Ingenieurvermessungen, Bauabsteckung, Forstwirtschaft, Versorgungsunternehmen und Umwelt\u00fcberwachung.<\/li>\n<\/ul>","protected":false},"featured_media":5536,"comment_status":"open","ping_status":"closed","template":"","meta":[],"product_brand":[],"product_cat":[79,152],"product_tag":[],"class_list":{"0":"post-5531","1":"product","2":"type-product","3":"status-publish","4":"has-post-thumbnail","6":"product_cat-surveying-accessory","7":"product_cat-surveying-marker","9":"first","10":"instock","11":"shipping-taxable","12":"product-type-simple"},"_links":{"self":[{"href":"https:\/\/mountlaser.com\/de\/wp-json\/wp\/v2\/product\/5531","targetHints":{"allow":["GET"]}}],"collection":[{"href":"https:\/\/mountlaser.com\/de\/wp-json\/wp\/v2\/product"}],"about":[{"href":"https:\/\/mountlaser.com\/de\/wp-json\/wp\/v2\/types\/product"}],"replies":[{"embeddable":true,"href":"https:\/\/mountlaser.com\/de\/wp-json\/wp\/v2\/comments?post=5531"}],"wp:featuredmedia":[{"embeddable":true,"href":"https:\/\/mountlaser.com\/de\/wp-json\/wp\/v2\/media\/5536"}],"wp:attachment":[{"href":"https:\/\/mountlaser.com\/de\/wp-json\/wp\/v2\/media?parent=5531"}],"wp:term":[{"taxonomy":"product_brand","embeddable":true,"href":"https:\/\/mountlaser.com\/de\/wp-json\/wp\/v2\/product_brand?post=5531"},{"taxonomy":"product_cat","embeddable":true,"href":"https:\/\/mountlaser.com\/de\/wp-json\/wp\/v2\/product_cat?post=5531"},{"taxonomy":"product_tag","embeddable":true,"href":"https:\/\/mountlaser.com\/de\/wp-json\/wp\/v2\/product_tag?post=5531"}],"curies":[{"name":"wp","href":"https:\/\/api.w.org\/{rel}","templated":true}]}}