{"id":5524,"date":"2025-12-08T06:20:52","date_gmt":"2025-12-08T06:20:52","guid":{"rendered":"https:\/\/mountlaser.com\/?post_type=product&#038;p=5524"},"modified":"2025-12-08T06:20:52","modified_gmt":"2025-12-08T06:20:52","slug":"mf01-series-marking-flags","status":"publish","type":"product","link":"https:\/\/mountlaser.com\/de\/produkt\/mf01-series-marking-flags\/","title":{"rendered":"Markierungsfahnen der Serie MF01"},"content":{"rendered":"<p>Unser <a href=\"https:\/\/mountlaser.com\/de\/\"><strong>Markierungsfahnen<\/strong> <\/a>Diese robusten und gut sichtbaren Feldmarkierungsfahnen wurden speziell f\u00fcr die Anforderungen von Vermessern und Bautrupps entwickelt. Hergestellt aus hochwertigem, witterungsbest\u00e4ndigem PVC, gew\u00e4hrleisten sie auch unter rauen Au\u00dfenbedingungen eine lange Lebensdauer. <a href=\"https:\/\/mountlaser.com\/de\/produkt-kategorie\/surveying-accessory\/\"><strong>Pfahlfahnen<\/strong><\/a>, Sie erm\u00f6glichen eine klare visuelle Kennzeichnung von Kontrollpunkten, Grenzen, Versorgungsleitungen und Absteckungslinien auf jeder Baustelle.<\/p>\n<p><img fetchpriority=\"high\" decoding=\"async\" class=\"aligncenter wp-image-5525\" src=\"https:\/\/mountlaser.com\/wp-content\/uploads\/2025\/12\/MF011.webp\" alt=\"Marking Flags\" width=\"500\" height=\"500\" srcset=\"https:\/\/mountlaser.com\/wp-content\/uploads\/2025\/12\/MF011.webp 1000w, https:\/\/mountlaser.com\/wp-content\/uploads\/2025\/12\/MF011-300x300.webp 300w, https:\/\/mountlaser.com\/wp-content\/uploads\/2025\/12\/MF011-150x150.webp 150w, https:\/\/mountlaser.com\/wp-content\/uploads\/2025\/12\/MF011-768x768.webp 768w, https:\/\/mountlaser.com\/wp-content\/uploads\/2025\/12\/MF011-12x12.webp 12w, https:\/\/mountlaser.com\/wp-content\/uploads\/2025\/12\/MF011-600x600.webp 600w, https:\/\/mountlaser.com\/wp-content\/uploads\/2025\/12\/MF011-800x800.webp 800w, https:\/\/mountlaser.com\/wp-content\/uploads\/2025\/12\/MF011-400x400.webp 400w\" sizes=\"(max-width: 500px) 100vw, 500px\" \/><\/p>\n<p>Diese Markierungsfahnen wurden speziell f\u00fcr Flexibilit\u00e4t und Stabilit\u00e4t entwickelt. Sie sind rei\u00dffest und bleiben auch in unebenem Gel\u00e4nde stabil. Dadurch eignen sie sich ideal f\u00fcr Vermessungs-, Landschafts-, Aushub- und Baustellenmarkierungsarbeiten. Erh\u00e4ltlich in verschiedenen leuchtenden Farben, verbessern sie die Sichtbarkeit und gew\u00e4hrleisten eine schnelle Erkennbarkeit aus der Ferne. F\u00fcr Teams, die eine zuverl\u00e4ssige und effiziente Baustellenmarkierung ben\u00f6tigen, sind diese Fahnen die perfekte L\u00f6sung. <a href=\"https:\/\/mountlaser.com\/de\/about-us\/\">Markierungsfahnen<\/a> Erbringen Sie konstant professionelle Leistungen.<\/p>\n<div>\n<table style=\"border-collapse: collapse; width: 567.77pt;\" border=\"0\" width=\"757\" cellspacing=\"0\" cellpadding=\"0\">\n<tbody>\n<tr style=\"height: 14.25pt;\">\n<td class=\"et2\" style=\"height: 14.25pt; width: 99.75pt;\" width=\"133\" height=\"19\">NUMMER<\/td>\n<td class=\"et3\" style=\"width: 101.25pt;\" width=\"135\">FARBE<\/td>\n<td class=\"et3\" style=\"width: 108.75pt;\" width=\"145\">Flaggengr\u00f6\u00dfe<\/td>\n<td class=\"et3\" style=\"width: 144.00pt;\" width=\"192\">L\u00c4NGE<\/td>\n<td class=\"et4\" style=\"width: 114.00pt;\" width=\"152\">Mindestbestellmenge (St\u00fcck)<\/td>\n<\/tr>\n<tr style=\"height: 14.25pt;\">\n<td class=\"et5\" style=\"height: 14.25pt;\" height=\"19\">MF01-RD<\/td>\n<td class=\"et5\">Rot<\/td>\n<td class=\"et5\">140 x 100 mm<\/td>\n<td class=\"et5\">380 mm<\/td>\n<td class=\"et5\" align=\"right\">1000<\/td>\n<\/tr>\n<tr style=\"height: 14.25pt;\">\n<td class=\"et5\" style=\"height: 14.25pt;\" height=\"19\">MF01-YL<\/td>\n<td class=\"et5\">Gelb<\/td>\n<td class=\"et5\">140 x 100 mm<\/td>\n<td class=\"et5\">380 mm<\/td>\n<td class=\"et5\" align=\"right\">1000<\/td>\n<\/tr>\n<tr style=\"height: 14.25pt;\">\n<td class=\"et5\" style=\"height: 14.25pt;\" height=\"19\">MF01-BL<\/td>\n<td class=\"et5\">Blau<\/td>\n<td class=\"et5\">140 x 100 mm<\/td>\n<td class=\"et5\">380 mm<\/td>\n<td class=\"et5\" align=\"right\">1000<\/td>\n<\/tr>\n<tr style=\"height: 14.25pt;\">\n<td class=\"et5\" style=\"height: 14.25pt;\" height=\"19\">MF01-PU<\/td>\n<td class=\"et5\">Lila<\/td>\n<td class=\"et5\">140 x 100 mm<\/td>\n<td class=\"et5\">380 mm<\/td>\n<td class=\"et5\" align=\"right\">1000<\/td>\n<\/tr>\n<tr style=\"height: 14.25pt;\">\n<td class=\"et5\" style=\"height: 14.25pt;\" height=\"19\">MF01-GY<\/td>\n<td class=\"et5\">Grau<\/td>\n<td class=\"et5\">140 x 100 mm<\/td>\n<td class=\"et5\">380 mm<\/td>\n<td class=\"et5\" align=\"right\">1000<\/td>\n<\/tr>\n<tr style=\"height: 14.25pt;\">\n<td class=\"et5\" style=\"height: 14.25pt;\" height=\"19\">MF01-GN<\/td>\n<td class=\"et5\">Gr\u00fcn<\/td>\n<td class=\"et5\">140 x 100 mm<\/td>\n<td class=\"et5\">380 mm<\/td>\n<td class=\"et5\" align=\"right\">1000<\/td>\n<\/tr>\n<\/tbody>\n<\/table>\n<p>&nbsp;<\/p>\n<\/div>","protected":false},"excerpt":{"rendered":"<ul>\n<li>Hochwertige PVC-Konstruktion f\u00fcr Langlebigkeit, Flexibilit\u00e4t und dauerhafte Nutzung im Au\u00dfenbereich.<\/li>\n<li>Leuchtende, gut sichtbare Farboptionen gew\u00e4hrleisten eine eindeutige Kennzeichnung der Vermessungspunkte.<\/li>\n<li>Ideal f\u00fcr Vermessungsarbeiten, Bauarbeiten, Landschaftsbau und die Markierung von Versorgungsleitungen, funktionieren effektiv sowohl als Markierungsfahnen als auch als Absteckfahnen.<\/li>\n<li>Witterungsbest\u00e4ndig, biegefest und rei\u00dffest, gew\u00e4hrleistet es eine stabile Markierung in allen Einsatzumgebungen.<\/li>\n<li>Standard-Flaggengr\u00f6\u00dfe 140 \u00d7 100 mm mit 380 mm L\u00e4nge f\u00fcr optimale Sichtbarkeit und Montage.<\/li>\n<\/ul>","protected":false},"featured_media":5525,"comment_status":"open","ping_status":"closed","template":"","meta":[],"product_brand":[],"product_cat":[79,152],"product_tag":[],"class_list":{"0":"post-5524","1":"product","2":"type-product","3":"status-publish","4":"has-post-thumbnail","6":"product_cat-surveying-accessory","7":"product_cat-surveying-marker","9":"first","10":"instock","11":"shipping-taxable","12":"product-type-simple"},"_links":{"self":[{"href":"https:\/\/mountlaser.com\/de\/wp-json\/wp\/v2\/product\/5524","targetHints":{"allow":["GET"]}}],"collection":[{"href":"https:\/\/mountlaser.com\/de\/wp-json\/wp\/v2\/product"}],"about":[{"href":"https:\/\/mountlaser.com\/de\/wp-json\/wp\/v2\/types\/product"}],"replies":[{"embeddable":true,"href":"https:\/\/mountlaser.com\/de\/wp-json\/wp\/v2\/comments?post=5524"}],"wp:featuredmedia":[{"embeddable":true,"href":"https:\/\/mountlaser.com\/de\/wp-json\/wp\/v2\/media\/5525"}],"wp:attachment":[{"href":"https:\/\/mountlaser.com\/de\/wp-json\/wp\/v2\/media?parent=5524"}],"wp:term":[{"taxonomy":"product_brand","embeddable":true,"href":"https:\/\/mountlaser.com\/de\/wp-json\/wp\/v2\/product_brand?post=5524"},{"taxonomy":"product_cat","embeddable":true,"href":"https:\/\/mountlaser.com\/de\/wp-json\/wp\/v2\/product_cat?post=5524"},{"taxonomy":"product_tag","embeddable":true,"href":"https:\/\/mountlaser.com\/de\/wp-json\/wp\/v2\/product_tag?post=5524"}],"curies":[{"name":"wp","href":"https:\/\/api.w.org\/{rel}","templated":true}]}}