{"id":5499,"date":"2025-12-08T02:00:11","date_gmt":"2025-12-08T02:00:11","guid":{"rendered":"https:\/\/mountlaser.com\/?post_type=product&#038;p=5499"},"modified":"2025-12-08T02:00:11","modified_gmt":"2025-12-08T02:00:11","slug":"bl06-digital-bubble-level","status":"publish","type":"product","link":"https:\/\/mountlaser.com\/de\/produkt\/bl06-digital-bubble-level\/","title":{"rendered":"BL06 Digitale Wasserwaage"},"content":{"rendered":"<p>Der <a href=\"https:\/\/mountlaser.com\/de\/produkt-kategorie\/surveying-accessory\/\"><strong>BL06 Digitale Wasserwaage<\/strong><\/a> Diese hochpr\u00e4zise runde Libelle wurde speziell f\u00fcr professionelle Vermessungsanwendungen entwickelt. Das in einem Geh\u00e4use im Schweizer Stil gefertigte digitale Nivellierger\u00e4t erm\u00f6glicht eine gleichm\u00e4\u00dfige und \u00e4u\u00dferst genaue Nivellierung von Instrumenten wie Tribrachs, Tr\u00e4gern und Prismen. Die komplett silberne Konstruktion garantiert hervorragende Langlebigkeit, w\u00e4hrend die vollst\u00e4ndig runde Form eine gleichbleibende Empfindlichkeit in alle Richtungen gew\u00e4hrleistet.<\/p>\n<p><img fetchpriority=\"high\" decoding=\"async\" class=\"aligncenter wp-image-5500\" src=\"https:\/\/mountlaser.com\/wp-content\/uploads\/2025\/12\/01.webp\" alt=\"BL06 Digital bubble level\" width=\"500\" height=\"500\" srcset=\"https:\/\/mountlaser.com\/wp-content\/uploads\/2025\/12\/01.webp 1000w, https:\/\/mountlaser.com\/wp-content\/uploads\/2025\/12\/01-300x300.webp 300w, https:\/\/mountlaser.com\/wp-content\/uploads\/2025\/12\/01-150x150.webp 150w, https:\/\/mountlaser.com\/wp-content\/uploads\/2025\/12\/01-768x768.webp 768w, https:\/\/mountlaser.com\/wp-content\/uploads\/2025\/12\/01-12x12.webp 12w, https:\/\/mountlaser.com\/wp-content\/uploads\/2025\/12\/01-600x600.webp 600w, https:\/\/mountlaser.com\/wp-content\/uploads\/2025\/12\/01-800x800.webp 800w, https:\/\/mountlaser.com\/wp-content\/uploads\/2025\/12\/01-400x400.webp 400w\" sizes=\"(max-width: 500px) 100vw, 500px\" \/><\/p>\n<p>Als digitale Libelle BL06 bietet sie eine stabile und wiederholbare Genauigkeit, auf die sich Vermesser im Gel\u00e4nde bei der Instrumenteneinrichtung verlassen k\u00f6nnen. Dank ihrer robusten Bauweise und der pr\u00e4zisen Libellenkalibrierung eignet sich diese digitale Libelle f\u00fcr Totalstationen, GNSS-Systeme, automatische Nivellierger\u00e4te und andere Pr\u00e4zisionsinstrumente, die eine zuverl\u00e4ssige horizontale Ausrichtung erfordern. Ob als Ersatzteil oder integriert in neue Ger\u00e4te \u2013 diese Libelle ist eine zuverl\u00e4ssige L\u00f6sung. <!--StartFragment --><a href=\"https:\/\/mountlaser.com\/de\/about-us\/\"><strong><span class=\"cf0\">Pr\u00e4zisions-Wasserwaage<\/span><\/strong><\/a><!--EndFragment -->\u00a0gew\u00e4hrleistet Messzuverl\u00e4ssigkeit auch unter anspruchsvollen Feldbedingungen.<\/p>","protected":false},"excerpt":{"rendered":"<ul>\n<li>Eine hochpr\u00e4zise runde Libelle gew\u00e4hrleistet eine genaue und gleichm\u00e4\u00dfige Nivellierung der Vermessungsinstrumente.<\/li>\n<li>Das Vollsilbergeh\u00e4use bietet hervorragende Haltbarkeit und Widerstandsf\u00e4higkeit gegen\u00fcber Feldbedingungen.<\/li>\n<li>Die vollst\u00e4ndig runde Libelle verbessert die Empfindlichkeit und die multidirektionale Nivellierungsf\u00e4higkeit.<\/li>\n<li>Kompatibel mit Tribrachs, Tr\u00e4gern, Prismen und optischen\/automatischen Nivelliersystemen.<\/li>\n<li>Die pr\u00e4zise Fertigung nach Schweizer Vorbild gew\u00e4hrleistet langfristige Stabilit\u00e4t und zuverl\u00e4ssige Instrumentenausrichtung.<\/li>\n<\/ul>","protected":false},"featured_media":5500,"comment_status":"open","ping_status":"closed","template":"","meta":[],"product_brand":[],"product_cat":[79,153],"product_tag":[],"class_list":{"0":"post-5499","1":"product","2":"type-product","3":"status-publish","4":"has-post-thumbnail","6":"product_cat-surveying-accessory","7":"product_cat-bubble-for-tribrach-carrier-prism","9":"first","10":"instock","11":"shipping-taxable","12":"product-type-simple"},"_links":{"self":[{"href":"https:\/\/mountlaser.com\/de\/wp-json\/wp\/v2\/product\/5499","targetHints":{"allow":["GET"]}}],"collection":[{"href":"https:\/\/mountlaser.com\/de\/wp-json\/wp\/v2\/product"}],"about":[{"href":"https:\/\/mountlaser.com\/de\/wp-json\/wp\/v2\/types\/product"}],"replies":[{"embeddable":true,"href":"https:\/\/mountlaser.com\/de\/wp-json\/wp\/v2\/comments?post=5499"}],"wp:featuredmedia":[{"embeddable":true,"href":"https:\/\/mountlaser.com\/de\/wp-json\/wp\/v2\/media\/5500"}],"wp:attachment":[{"href":"https:\/\/mountlaser.com\/de\/wp-json\/wp\/v2\/media?parent=5499"}],"wp:term":[{"taxonomy":"product_brand","embeddable":true,"href":"https:\/\/mountlaser.com\/de\/wp-json\/wp\/v2\/product_brand?post=5499"},{"taxonomy":"product_cat","embeddable":true,"href":"https:\/\/mountlaser.com\/de\/wp-json\/wp\/v2\/product_cat?post=5499"},{"taxonomy":"product_tag","embeddable":true,"href":"https:\/\/mountlaser.com\/de\/wp-json\/wp\/v2\/product_tag?post=5499"}],"curies":[{"name":"wp","href":"https:\/\/api.w.org\/{rel}","templated":true}]}}