{"id":5492,"date":"2025-12-08T01:21:19","date_gmt":"2025-12-08T01:21:19","guid":{"rendered":"https:\/\/mountlaser.com\/?post_type=product&#038;p=5492"},"modified":"2025-12-08T01:21:19","modified_gmt":"2025-12-08T01:21:19","slug":"bl03-bubble-for-auto-level","status":"publish","type":"product","link":"https:\/\/mountlaser.com\/de\/produkt\/bl03-bubble-for-auto-level\/","title":{"rendered":"BL03 Libelle f\u00fcr automatische Nivellierung"},"content":{"rendered":"<p>Der <a href=\"https:\/\/mountlaser.com\/de\/produkt-kategorie\/surveying-accessory\/\"><strong>BL03 Libelle f\u00fcr automatisches Nivellieren<\/strong><\/a> Die BL03-Libelle ist ein pr\u00e4zisionsgefertigtes Nivellierbauteil, das speziell f\u00fcr hochpr\u00e4zise optische Instrumente entwickelt wurde. Gefertigt im Schweizer Design, bietet sie au\u00dfergew\u00f6hnliche Stabilit\u00e4t und Zuverl\u00e4ssigkeit f\u00fcr anspruchsvolle Feldanwendungen. Ihre robuste Vollsilberkonstruktion gew\u00e4hrleistet Langlebigkeit und optimale Ablesbarkeit unter verschiedenen Lichtverh\u00e4ltnissen. Kompatibel mit Instrumenten des Typs NA2. <a href=\"https:\/\/mountlaser.com\/de\/products\/\"><strong>NA2 automatische Nivellierblase<\/strong><\/a> bietet eine reibungslose und pr\u00e4zise Nivellierungsleistung f\u00fcr Vermesser, die auf gleichbleibende Genauigkeit angewiesen sind.<\/p>\n<p><img fetchpriority=\"high\" decoding=\"async\" class=\"aligncenter wp-image-5494\" src=\"https:\/\/mountlaser.com\/wp-content\/uploads\/2025\/12\/BL032.webp\" alt=\"BL03 bubble for auto level\" width=\"500\" height=\"500\" srcset=\"https:\/\/mountlaser.com\/wp-content\/uploads\/2025\/12\/BL032.webp 1000w, https:\/\/mountlaser.com\/wp-content\/uploads\/2025\/12\/BL032-300x300.webp 300w, https:\/\/mountlaser.com\/wp-content\/uploads\/2025\/12\/BL032-150x150.webp 150w, https:\/\/mountlaser.com\/wp-content\/uploads\/2025\/12\/BL032-768x768.webp 768w, https:\/\/mountlaser.com\/wp-content\/uploads\/2025\/12\/BL032-12x12.webp 12w, https:\/\/mountlaser.com\/wp-content\/uploads\/2025\/12\/BL032-600x600.webp 600w, https:\/\/mountlaser.com\/wp-content\/uploads\/2025\/12\/BL032-800x800.webp 800w, https:\/\/mountlaser.com\/wp-content\/uploads\/2025\/12\/BL032-400x400.webp 400w\" sizes=\"(max-width: 500px) 100vw, 500px\" \/><\/p>\n<p>Die NA2-Auto-Nivellierlibelle wurde f\u00fcr die nahtlose Integration entwickelt und gew\u00e4hrleistet eine pr\u00e4zise Ausrichtung sowie gleichbleibende Messgenauigkeit. Sie optimiert die Leistung Ihres Nivellierinstruments durch schnellere Einrichtung und geringere Nivellierfehler. Dank ihrer durchdachten Konstruktion\u2026 <a href=\"https:\/\/mountlaser.com\/de\/\">BL03 Libelle f\u00fcr automatisches Nivellieren<\/a> ist eine zuverl\u00e4ssige Komponente sowohl f\u00fcr den Austausch als auch f\u00fcr die Wartung von Instrumenten.<\/p>","protected":false},"excerpt":{"rendered":"<ul>\n<li>Schweizer Ingenieurskunst gew\u00e4hrleistet au\u00dfergew\u00f6hnliche Genauigkeit und stabile Nivellierungsleistung.<\/li>\n<li>Das robuste Vollsilbergeh\u00e4use bietet erh\u00f6hte Widerstandsf\u00e4higkeit gegen St\u00f6\u00dfe, Korrosion und Verschlei\u00df.<\/li>\n<li>Die hochempfindliche Libellenkammer erm\u00f6glicht ein schnelleres Nivellieren und eine verbesserte Messzuverl\u00e4ssigkeit.<\/li>\n<li>Kompatibel mit NA2-Automatiknivellierungssystemen f\u00fcr einfachen Austausch und verl\u00e4ngerte Lebensdauer des Instruments.<\/li>\n<li>Optimiert f\u00fcr professionelle Vermessungsarbeiten, liefert es konsistente Ergebnisse in Bau-, Kartierungs- und Ingenieuranwendungen.<\/li>\n<\/ul>","protected":false},"featured_media":5493,"comment_status":"open","ping_status":"closed","template":"","meta":[],"product_brand":[],"product_cat":[79,153],"product_tag":[],"class_list":{"0":"post-5492","1":"product","2":"type-product","3":"status-publish","4":"has-post-thumbnail","6":"product_cat-surveying-accessory","7":"product_cat-bubble-for-tribrach-carrier-prism","9":"first","10":"instock","11":"shipping-taxable","12":"product-type-simple"},"_links":{"self":[{"href":"https:\/\/mountlaser.com\/de\/wp-json\/wp\/v2\/product\/5492","targetHints":{"allow":["GET"]}}],"collection":[{"href":"https:\/\/mountlaser.com\/de\/wp-json\/wp\/v2\/product"}],"about":[{"href":"https:\/\/mountlaser.com\/de\/wp-json\/wp\/v2\/types\/product"}],"replies":[{"embeddable":true,"href":"https:\/\/mountlaser.com\/de\/wp-json\/wp\/v2\/comments?post=5492"}],"wp:featuredmedia":[{"embeddable":true,"href":"https:\/\/mountlaser.com\/de\/wp-json\/wp\/v2\/media\/5493"}],"wp:attachment":[{"href":"https:\/\/mountlaser.com\/de\/wp-json\/wp\/v2\/media?parent=5492"}],"wp:term":[{"taxonomy":"product_brand","embeddable":true,"href":"https:\/\/mountlaser.com\/de\/wp-json\/wp\/v2\/product_brand?post=5492"},{"taxonomy":"product_cat","embeddable":true,"href":"https:\/\/mountlaser.com\/de\/wp-json\/wp\/v2\/product_cat?post=5492"},{"taxonomy":"product_tag","embeddable":true,"href":"https:\/\/mountlaser.com\/de\/wp-json\/wp\/v2\/product_tag?post=5492"}],"curies":[{"name":"wp","href":"https:\/\/api.w.org\/{rel}","templated":true}]}}