{"id":5478,"date":"2025-12-05T09:17:47","date_gmt":"2025-12-05T09:17:47","guid":{"rendered":"https:\/\/mountlaser.com\/?post_type=product&#038;p=5478"},"modified":"2025-12-11T09:26:00","modified_gmt":"2025-12-11T09:26:00","slug":"de-2b-series-theodolite","status":"publish","type":"product","link":"https:\/\/mountlaser.com\/de\/produkt\/de-2b-series-theodolite\/","title":{"rendered":"Theodolit der Serie DE-2B"},"content":{"rendered":"<p>Die DE-2B-Serie bietet eine ma\u00dfgeschneiderte L\u00f6sung f\u00fcr pr\u00e4zise Ausrichtung und Winkelmessung. Ob Sie die grundlegende Zuverl\u00e4ssigkeit eines optischen Modells oder die fortschrittliche, gut sichtbare Zielerfassung eines gr\u00fcnen Lasers ben\u00f6tigen. <a href=\"https:\/\/mountlaser.com\/de\/\"><strong>Elektronischer Theodolit DE-2B<\/strong><\/a><\/p>\n<p>W\u00e4hlen Sie aus einer Reihe von Modellen, die sich durch ihr robustes, farbiges Geh\u00e4use und ihre fortschrittlichen Laserpointer-Konfigurationen auszeichnen und alle auf einer soliden optischen und elektronischen Leistungsf\u00e4higkeit basieren.<\/p>\n<p><img fetchpriority=\"high\" decoding=\"async\" class=\"aligncenter wp-image-5479\" src=\"https:\/\/mountlaser.com\/wp-content\/uploads\/2025\/12\/DE-2ALG1_\u526f\u672c.webp\" alt=\"Electronic Theodolite DE-2B\" width=\"500\" height=\"500\" srcset=\"https:\/\/mountlaser.com\/wp-content\/uploads\/2025\/12\/DE-2ALG1_\u526f\u672c.webp 1000w, https:\/\/mountlaser.com\/wp-content\/uploads\/2025\/12\/DE-2ALG1_\u526f\u672c-300x300.webp 300w, https:\/\/mountlaser.com\/wp-content\/uploads\/2025\/12\/DE-2ALG1_\u526f\u672c-150x150.webp 150w, https:\/\/mountlaser.com\/wp-content\/uploads\/2025\/12\/DE-2ALG1_\u526f\u672c-768x768.webp 768w, https:\/\/mountlaser.com\/wp-content\/uploads\/2025\/12\/DE-2ALG1_\u526f\u672c-12x12.webp 12w, https:\/\/mountlaser.com\/wp-content\/uploads\/2025\/12\/DE-2ALG1_\u526f\u672c-600x600.webp 600w, https:\/\/mountlaser.com\/wp-content\/uploads\/2025\/12\/DE-2ALG1_\u526f\u672c-800x800.webp 800w, https:\/\/mountlaser.com\/wp-content\/uploads\/2025\/12\/DE-2ALG1_\u526f\u672c-400x400.webp 400w\" sizes=\"(max-width: 500px) 100vw, 500px\" \/><\/p>\n<p><strong>Theodolite der Serie DE-2B ODER Elektronischer Theodolit DE-2B<\/strong><br \/>\nDE-2BR Theodolit, rotes Geh\u00e4use, unterer roter Laser, obere Optik<br \/>\nDE-2BY Theodolit, gelbes Geh\u00e4use, unterer roter Laser, oberer optischer<br \/>\nDE-2BG Theodolit, gr\u00fcnes Geh\u00e4use, unterer roter Laser, obere Optik<br \/>\nDEL-2BG Theodolit, gr\u00fcnes Geh\u00e4use, unterer roter Laser, oberer roter Laser<br \/>\nDEL-2BR Theodolit, rotes Geh\u00e4use, unterer roter Laser, oberer roter Laser<br \/>\nDEL-2BY Theodolit, gelbes Geh\u00e4use, unterer roter Laser, oberer roter Laser<br \/>\nDEL-2BGG Theodolit, gr\u00fcnes Geh\u00e4use, unterer roter Laser, oberer gr\u00fcner Laser<br \/>\nDEL-2BRG Theodolit, rotes Geh\u00e4use, unterer roter Laser, oberer gr\u00fcner Laser<br \/>\nDEL-2BYG Theodolit, gelbes Geh\u00e4use, unterer roter Laser, oberer gr\u00fcner Laser<\/p>\n<p><strong><a href=\"https:\/\/mountlaser.com\/de\/\">Theodolite der Serie DE-2B<\/a> Spezifikationen<\/strong><\/p>\n<table style=\"border-collapse: collapse; width: 847px; height: 948px;\" border=\"0\" width=\"792\" cellspacing=\"0\" cellpadding=\"0\">\n<tbody>\n<tr style=\"height: 13.50pt;\">\n<td class=\"et2\" style=\"height: 13.50pt; width: 230.25pt;\" colspan=\"2\" width=\"307\" height=\"18\">Modellnr.<\/td>\n<td class=\"et3\" style=\"width: 117.00pt;\" width=\"156\">DE-2BR\/2BY\/2BG<\/td>\n<td class=\"et3\" style=\"width: 117.00pt;\" width=\"156\">DEL-2BR\/2BY\/2BG<\/td>\n<td class=\"et3\" style=\"width: 129.75pt;\" width=\"173\">DEL-2BRG\/2BYG\/2BGG<\/td>\n<\/tr>\n<tr style=\"height: 13.50pt;\">\n<td class=\"et3\" style=\"height: 13.50pt;\" height=\"18\">Tribrach<\/td>\n<td class=\"et3\">Modell<\/td>\n<td class=\"et3\">Abnehmbar<\/td>\n<td class=\"et3\">Abnehmbar<\/td>\n<td class=\"et3\">Abnehmbar<\/td>\n<\/tr>\n<tr style=\"height: 13.50pt;\">\n<td class=\"et2\" style=\"height: 108.00pt;\" rowspan=\"8\" height=\"144\">Teleskop<\/td>\n<td class=\"et3\">Bildgebung<\/td>\n<td class=\"et3\">Aufrecht<\/td>\n<td class=\"et3\">Aufrecht<\/td>\n<td class=\"et3\">Aufrecht<\/td>\n<\/tr>\n<tr style=\"height: 13.50pt;\">\n<td class=\"et3\">Vergr\u00f6\u00dferung<\/td>\n<td class=\"et3\">30x<\/td>\n<td class=\"et3\">30x<\/td>\n<td class=\"et3\">30x<\/td>\n<\/tr>\n<tr style=\"height: 13.50pt;\">\n<td class=\"et3\">Objektiv\u00f6ffnung<\/td>\n<td class=\"et3\">45 mm<\/td>\n<td class=\"et3\">45 mm<\/td>\n<td class=\"et3\">45 mm<\/td>\n<\/tr>\n<tr style=\"height: 13.50pt;\">\n<td class=\"et3\">Aufl\u00f6sung<\/td>\n<td class=\"et3\">3\u2033<\/td>\n<td class=\"et3\">3\u2033<\/td>\n<td class=\"et3\">3\u2033<\/td>\n<\/tr>\n<tr style=\"height: 13.50pt;\">\n<td class=\"et3\">Sichtfeld<\/td>\n<td class=\"et3\">1\u00b030\u2032<\/td>\n<td class=\"et3\">1\u00b030\u2032<\/td>\n<td class=\"et3\">1\u00b030\u2032<\/td>\n<\/tr>\n<tr style=\"height: 13.50pt;\">\n<td class=\"et3\">Minimaler Fokus<\/td>\n<td class=\"et3\">1,35 m<\/td>\n<td class=\"et3\">1,35 m<\/td>\n<td class=\"et3\">1,35 m<\/td>\n<\/tr>\n<tr style=\"height: 13.50pt;\">\n<td class=\"et3\">Multiplikations-\/Additivkonstante<\/td>\n<td class=\"et3\">100\/ 0<\/td>\n<td class=\"et3\">100\/ 0<\/td>\n<td class=\"et3\">100\/ 0<\/td>\n<\/tr>\n<tr style=\"height: 13.50pt;\">\n<td class=\"et3\">L\u00e4nge<\/td>\n<td class=\"et3\">155 mm<\/td>\n<td class=\"et3\">155 mm<\/td>\n<td class=\"et3\">155 mm<\/td>\n<\/tr>\n<tr style=\"height: 13.50pt;\">\n<td class=\"et2\" style=\"height: 67.50pt;\" rowspan=\"5\" height=\"90\">Winkelmessung<\/td>\n<td class=\"et3\">Messmodus<\/td>\n<td class=\"et3\">Absoluter Encoder<\/td>\n<td class=\"et3\">Absoluter Encoder<\/td>\n<td class=\"et3\">Absoluter Encoder<\/td>\n<\/tr>\n<tr style=\"height: 13.50pt;\">\n<td class=\"et3\">Mindestlesung<\/td>\n<td class=\"et3\">1\u2033\/ 5\u2033<\/td>\n<td class=\"et3\">1\u2033\/ 5\u2033<\/td>\n<td class=\"et3\">1\u2033\/ 5\u2033<\/td>\n<\/tr>\n<tr style=\"height: 13.50pt;\">\n<td class=\"et3\">Lesegenauigkeit<\/td>\n<td class=\"et3\">2\u2033\/ 5\u2033\/ 10\u2033<\/td>\n<td class=\"et3\">2\u2033\/ 5\u2033\/ 10\u2033<\/td>\n<td class=\"et3\">2\u2033\/ 5\u2033\/ 10\u2033<\/td>\n<\/tr>\n<tr style=\"height: 13.50pt;\">\n<td class=\"et3\">Kreisdurchmesser<\/td>\n<td class=\"et3\">79 mm<\/td>\n<td class=\"et3\">79 mm<\/td>\n<td class=\"et3\">79 mm<\/td>\n<\/tr>\n<tr style=\"height: 13.50pt;\">\n<td class=\"et3\">Winkeleinheiten<\/td>\n<td class=\"et3\">360\u00b0\/ 400 gon\/ 6400 mil<\/td>\n<td class=\"et3\">360\u00b0\/ 400 gon\/ 6400 mil<\/td>\n<td class=\"et3\">360\u00b0\/ 400 gon\/ 6400 mil<\/td>\n<\/tr>\n<tr style=\"height: 13.50pt;\">\n<td class=\"et2\" style=\"height: 27.00pt;\" rowspan=\"2\" height=\"36\">Kompensator<\/td>\n<td class=\"et3\">Neigungssensor<\/td>\n<td class=\"et3\">Ja<\/td>\n<td class=\"et3\">Ja<\/td>\n<td class=\"et3\">Ja<\/td>\n<\/tr>\n<tr style=\"height: 13.50pt;\">\n<td class=\"et3\">Reichweite<\/td>\n<td class=\"et3\">\u00b13\u2032<\/td>\n<td class=\"et3\">\u00b13\u2032<\/td>\n<td class=\"et3\">\u00b13\u2032<\/td>\n<\/tr>\n<tr style=\"height: 13.50pt;\">\n<td class=\"et2\" style=\"height: 54.00pt;\" rowspan=\"4\" height=\"72\">Laser-Lot<\/td>\n<td class=\"et3\">Wellenl\u00e4nge<\/td>\n<td class=\"et3\">635 nm roter Strahl<\/td>\n<td class=\"et3\">635 nm roter Strahl<\/td>\n<td class=\"et3\">635 nm roter Strahl<\/td>\n<\/tr>\n<tr style=\"height: 13.50pt;\">\n<td class=\"et3\">Leistung<\/td>\n<td class=\"et3\">1 mW<\/td>\n<td class=\"et3\">1 mW<\/td>\n<td class=\"et3\">1 mW<\/td>\n<\/tr>\n<tr style=\"height: 13.50pt;\">\n<td class=\"et3\">Genauigkeit (1,5 m)<\/td>\n<td class=\"et3\">\u00b10,5 mm<\/td>\n<td class=\"et3\">\u00b10,5 mm<\/td>\n<td class=\"et3\">\u00b10,5 mm<\/td>\n<\/tr>\n<tr style=\"height: 13.50pt;\">\n<td class=\"et3\">Laserqualit\u00e4t<\/td>\n<td class=\"et3\">Klasse<span class=\"font6\">\u2161<\/span><\/td>\n<td class=\"et3\">Klasse<span class=\"font6\">\u2161<\/span><\/td>\n<td class=\"et3\">Klasse<span class=\"font6\">\u2161<\/span><\/td>\n<\/tr>\n<tr style=\"height: 13.50pt;\">\n<td class=\"et2\" style=\"height: 40.50pt;\" rowspan=\"3\" height=\"54\">Optisches Lot (optional)<\/td>\n<td class=\"et3\">Vergr\u00f6\u00dferung<\/td>\n<td class=\"et3\">3x<\/td>\n<td class=\"et3\">3x<\/td>\n<td class=\"et3\">3x<\/td>\n<\/tr>\n<tr style=\"height: 13.50pt;\">\n<td class=\"et3\">Sichtfeld<\/td>\n<td class=\"et3\">5\u00b0<\/td>\n<td class=\"et3\">5\u00b0<\/td>\n<td class=\"et3\">5\u00b0<\/td>\n<\/tr>\n<tr style=\"height: 13.50pt;\">\n<td class=\"et3\">Fokusbereich<\/td>\n<td class=\"et3\">0,5 m \u2014<span class=\"font6\">\u221e<\/span><\/td>\n<td class=\"et3\">0,5 m \u2014<span class=\"font6\">\u221e<\/span><\/td>\n<td class=\"et3\">0,5 m \u2014<span class=\"font6\">\u221e<\/span><\/td>\n<\/tr>\n<tr style=\"height: 13.50pt;\">\n<td class=\"et2\" style=\"height: 67.50pt;\" rowspan=\"5\" height=\"90\">Laserpointer<\/td>\n<td class=\"et3\">Wellenl\u00e4nge<\/td>\n<td class=\"et3\">\/<\/td>\n<td class=\"et3\">635 nm Rot<\/td>\n<td class=\"et3\">520 nm Gr\u00fcn<\/td>\n<\/tr>\n<tr style=\"height: 13.50pt;\">\n<td class=\"et3\">Leistung<\/td>\n<td class=\"et3\">\/<\/td>\n<td class=\"et3\">5 MW<\/td>\n<td class=\"et3\">5 MW<\/td>\n<\/tr>\n<tr style=\"height: 13.50pt;\">\n<td class=\"et3\">Laserreichweite (tags\u00fcber)<\/td>\n<td class=\"et3\">\/<\/td>\n<td class=\"et3\">180 m<\/td>\n<td class=\"et3\">250 m<\/td>\n<\/tr>\n<tr style=\"height: 13.50pt;\">\n<td class=\"et3\">Laser-Koaxialgenauigkeit<\/td>\n<td class=\"et3\">\/<\/td>\n<td class=\"et4\">\u2264<span class=\"font7\">5\u2033<\/span><\/td>\n<td class=\"et5\">\u2264<span class=\"font1\">5\u2033<\/span><\/td>\n<\/tr>\n<tr style=\"height: 13.50pt;\">\n<td class=\"et3\">Laserfleckdurchmesser<\/td>\n<td class=\"et3\">\/<\/td>\n<td class=\"et6\">\u2264<span class=\"font8\">2 mm\/100 m<\/span><\/td>\n<td class=\"et6\">\u2264<span class=\"font8\">2 mm \/ 100 m<\/span><\/td>\n<\/tr>\n<tr style=\"height: 13.50pt;\">\n<td class=\"et2\" style=\"height: 27.00pt;\" rowspan=\"2\" height=\"36\">Phiole<\/td>\n<td class=\"et3\">Plattenr\u00f6hrchen<\/td>\n<td class=\"et3\">30\u2033\/ 2 mm<\/td>\n<td class=\"et3\">30\u2033\/ 2 mm<\/td>\n<td class=\"et3\">30\u2033\/ 2 mm<\/td>\n<\/tr>\n<tr style=\"height: 13.50pt;\">\n<td class=\"et3\">Rundfl\u00e4schchen<\/td>\n<td class=\"et3\">8&#039;\/ 2mm<\/td>\n<td class=\"et3\">8&#039;\/ 2mm<\/td>\n<td class=\"et3\">8&#039;\/ 2mm<\/td>\n<\/tr>\n<tr style=\"height: 13.50pt;\">\n<td class=\"et3\" style=\"height: 13.50pt;\" height=\"18\">Anzeige<\/td>\n<td class=\"et3\">Doppelseitige<\/td>\n<td class=\"et3\">LED-Hintergrundbeleuchtung<\/td>\n<td class=\"et3\">LED-Hintergrundbeleuchtung<\/td>\n<td class=\"et3\">LED-Hintergrundbeleuchtung<\/td>\n<\/tr>\n<tr style=\"height: 13.50pt;\">\n<td class=\"et2\" style=\"height: 27.00pt;\" rowspan=\"2\" height=\"36\">Leistung<\/td>\n<td class=\"et3\">Energiequelle<\/td>\n<td class=\"et7\">Lithium-Ionen-Akku 7,4 V 1650 mAh<\/td>\n<td class=\"et7\">Lithium-Ionen-Akku 7,4 V 1650 mAh<\/td>\n<td class=\"et7\">Lithium-Ionen-Akku 7,4 V 1650 mAh<\/td>\n<\/tr>\n<tr style=\"height: 13.50pt;\">\n<td class=\"et3\">Betriebstemperatur<\/td>\n<td class=\"et3\">-20<span class=\"font3\">\u2103\uff5e<\/span><span class=\"font1\">+50<\/span><span class=\"font3\">\u2103<\/span><\/td>\n<td class=\"et3\">-20<span class=\"font3\">\u2103\uff5e<\/span><span class=\"font1\">+50<\/span><span class=\"font3\">\u2103<\/span><\/td>\n<td class=\"et3\">-20<span class=\"font3\">\u2103\uff5e<\/span><span class=\"font1\">+50<\/span><span class=\"font3\">\u2103<\/span><\/td>\n<\/tr>\n<\/tbody>\n<\/table>","protected":false},"excerpt":{"rendered":"<ul>\n<li>Alle DE-2B Laser-Optischen Theodolite und elektronischen Modelle wurden f\u00fcr Genauigkeit und Langlebigkeit entwickelt und verf\u00fcgen \u00fcber folgende professionelle Spezifikationen:<\/li>\n<li>Hochpr\u00e4zise Messung: Ausgestattet mit einem Absolutwertgeber<\/li>\n<li>Robustes optisches System: Ein 30-fach vergr\u00f6\u00dferndes Teleskop mit aufrechtem Bild und einer 45-mm-Objektiv\u00f6ffnung liefert ein klares Bild.<\/li>\n<\/ul>","protected":false},"featured_media":5480,"comment_status":"open","ping_status":"closed","template":"","meta":[],"product_brand":[],"product_cat":[144,95],"product_tag":[],"class_list":{"0":"post-5478","1":"product","2":"type-product","3":"status-publish","4":"has-post-thumbnail","6":"product_cat-theodoliteagent-sales","7":"product_cat-agent-sales","9":"first","10":"instock","11":"shipping-taxable","12":"product-type-simple"},"_links":{"self":[{"href":"https:\/\/mountlaser.com\/de\/wp-json\/wp\/v2\/product\/5478","targetHints":{"allow":["GET"]}}],"collection":[{"href":"https:\/\/mountlaser.com\/de\/wp-json\/wp\/v2\/product"}],"about":[{"href":"https:\/\/mountlaser.com\/de\/wp-json\/wp\/v2\/types\/product"}],"replies":[{"embeddable":true,"href":"https:\/\/mountlaser.com\/de\/wp-json\/wp\/v2\/comments?post=5478"}],"wp:featuredmedia":[{"embeddable":true,"href":"https:\/\/mountlaser.com\/de\/wp-json\/wp\/v2\/media\/5480"}],"wp:attachment":[{"href":"https:\/\/mountlaser.com\/de\/wp-json\/wp\/v2\/media?parent=5478"}],"wp:term":[{"taxonomy":"product_brand","embeddable":true,"href":"https:\/\/mountlaser.com\/de\/wp-json\/wp\/v2\/product_brand?post=5478"},{"taxonomy":"product_cat","embeddable":true,"href":"https:\/\/mountlaser.com\/de\/wp-json\/wp\/v2\/product_cat?post=5478"},{"taxonomy":"product_tag","embeddable":true,"href":"https:\/\/mountlaser.com\/de\/wp-json\/wp\/v2\/product_tag?post=5478"}],"curies":[{"name":"wp","href":"https:\/\/api.w.org\/{rel}","templated":true}]}}