{"id":5477,"date":"2025-12-05T08:56:49","date_gmt":"2025-12-05T08:56:49","guid":{"rendered":"https:\/\/mountlaser.com\/?post_type=product&#038;p=5477"},"modified":"2025-12-05T08:56:49","modified_gmt":"2025-12-05T08:56:49","slug":"gli115-bubble-for-prism","status":"publish","type":"product","link":"https:\/\/mountlaser.com\/de\/produkt\/gli115-bubble-for-prism\/","title":{"rendered":"GLI115 Blase f\u00fcr Prism"},"content":{"rendered":"<p>Der <a href=\"https:\/\/mountlaser.com\/de\/\"><strong data-start=\"210\" data-end=\"237\">GLI115 Blase f\u00fcr Prism<\/strong><\/a> Die GLI115 Libelle f\u00fcr Prismen ist eine pr\u00e4zise Aufsteckwasserwaage f\u00fcr Mini-Reflektorstangen und erm\u00f6glicht eine schnelle und zuverl\u00e4ssige Ausrichtung bei professionellen Vermessungsarbeiten. Gefertigt aus robustem Kunststoff nach Schweizer Vorbild, bietet sie hervorragende Stabilit\u00e4t bei gleichzeitig geringem Gewicht und einfacher Befestigung. Dank ihrer hohen Sichtbarkeit ist sie besonders gut sichtbar. <a href=\"https:\/\/mountlaser.com\/de\/produkt-kategorie\/surveying-accessory\/\"><strong data-start=\"548\" data-end=\"590\">Kunststoffblase f\u00fcr Mini-Reflektorstange<\/strong><\/a>, Dadurch wird sichergestellt, dass die Vermesser auch unter anspruchsvollen Feldbedingungen eine gleichbleibende vertikale Genauigkeit erzielen.<\/p>\n<p><img fetchpriority=\"high\" decoding=\"async\" class=\"aligncenter wp-image-5490\" src=\"https:\/\/mountlaser.com\/wp-content\/uploads\/2025\/12\/GLI1156.webp\" alt=\"GLI115 Bubble for Prism\" width=\"500\" height=\"500\" srcset=\"https:\/\/mountlaser.com\/wp-content\/uploads\/2025\/12\/GLI1156.webp 1000w, https:\/\/mountlaser.com\/wp-content\/uploads\/2025\/12\/GLI1156-300x300.webp 300w, https:\/\/mountlaser.com\/wp-content\/uploads\/2025\/12\/GLI1156-150x150.webp 150w, https:\/\/mountlaser.com\/wp-content\/uploads\/2025\/12\/GLI1156-768x768.webp 768w, https:\/\/mountlaser.com\/wp-content\/uploads\/2025\/12\/GLI1156-12x12.webp 12w, https:\/\/mountlaser.com\/wp-content\/uploads\/2025\/12\/GLI1156-600x600.webp 600w, https:\/\/mountlaser.com\/wp-content\/uploads\/2025\/12\/GLI1156-800x800.webp 800w, https:\/\/mountlaser.com\/wp-content\/uploads\/2025\/12\/GLI1156-400x400.webp 400w\" sizes=\"(max-width: 500px) 100vw, 500px\" \/><\/p>\n<p>Der <a href=\"https:\/\/mountlaser.com\/de\/contact-us\/\">GLI115 Blase f\u00fcr Prism<\/a> ist die ideale Wahl f\u00fcr Techniker, die eine zuverl\u00e4ssige, sofort einsatzbereite Nivellierleistung in kompakter und effizienter Bauweise ben\u00f6tigen.<\/p>","protected":false},"excerpt":{"rendered":"<ul>\n<li>Clip-On-Design \u2013 Die Kunststoffkuppel f\u00fcr die Mini-Reflektorstange l\u00e4sst sich in Sekundenschnelle sicher befestigen und erm\u00f6glicht so einen schnellen Aufbau.<\/li>\n<li>Gut sichtbare Libelle \u2013 Gew\u00e4hrleistet eine klare und genaue Nivellierung bei Vermessungsarbeiten.<\/li>\n<li>Robustes Plastik im Schweizer Stil \u2013 Entwickelt, um rauen Au\u00dfenbedingungen standzuhalten und eine lange Lebensdauer zu gew\u00e4hrleisten.<\/li>\n<li>Leicht und kompakt f\u00fcr minimales Stangengewicht.<\/li>\n<li>Stabile und zuverl\u00e4ssige Leistung f\u00fcr pr\u00e4zise vertikale Ausrichtung.<\/li>\n<li>Kompatibel mit den meisten Mini-Reflektorstangen.<\/li>\n<\/ul>","protected":false},"featured_media":5485,"comment_status":"open","ping_status":"closed","template":"","meta":[],"product_brand":[],"product_cat":[79,153],"product_tag":[],"class_list":{"0":"post-5477","1":"product","2":"type-product","3":"status-publish","4":"has-post-thumbnail","6":"product_cat-surveying-accessory","7":"product_cat-bubble-for-tribrach-carrier-prism","9":"first","10":"instock","11":"shipping-taxable","12":"product-type-simple"},"_links":{"self":[{"href":"https:\/\/mountlaser.com\/de\/wp-json\/wp\/v2\/product\/5477","targetHints":{"allow":["GET"]}}],"collection":[{"href":"https:\/\/mountlaser.com\/de\/wp-json\/wp\/v2\/product"}],"about":[{"href":"https:\/\/mountlaser.com\/de\/wp-json\/wp\/v2\/types\/product"}],"replies":[{"embeddable":true,"href":"https:\/\/mountlaser.com\/de\/wp-json\/wp\/v2\/comments?post=5477"}],"wp:featuredmedia":[{"embeddable":true,"href":"https:\/\/mountlaser.com\/de\/wp-json\/wp\/v2\/media\/5485"}],"wp:attachment":[{"href":"https:\/\/mountlaser.com\/de\/wp-json\/wp\/v2\/media?parent=5477"}],"wp:term":[{"taxonomy":"product_brand","embeddable":true,"href":"https:\/\/mountlaser.com\/de\/wp-json\/wp\/v2\/product_brand?post=5477"},{"taxonomy":"product_cat","embeddable":true,"href":"https:\/\/mountlaser.com\/de\/wp-json\/wp\/v2\/product_cat?post=5477"},{"taxonomy":"product_tag","embeddable":true,"href":"https:\/\/mountlaser.com\/de\/wp-json\/wp\/v2\/product_tag?post=5477"}],"curies":[{"name":"wp","href":"https:\/\/api.w.org\/{rel}","templated":true}]}}