{"id":5470,"date":"2025-12-05T08:22:48","date_gmt":"2025-12-05T08:22:48","guid":{"rendered":"https:\/\/mountlaser.com\/?post_type=product&#038;p=5470"},"modified":"2025-12-05T08:22:48","modified_gmt":"2025-12-05T08:22:48","slug":"bl12-bubble-level-for-tribrach","status":"publish","type":"product","link":"https:\/\/mountlaser.com\/de\/produkt\/bl12-bubble-level-for-tribrach\/","title":{"rendered":"BL12 Wasserwaage f\u00fcr Dreifu\u00df"},"content":{"rendered":"<p>Der <a href=\"https:\/\/mountlaser.com\/de\/\"><strong>BL12 Wasserwaage f\u00fcr Dreifu\u00df<\/strong><\/a> Die BL12 Libelle ist eine pr\u00e4zisionsgefertigte Langlibelle, die f\u00fcr die genaue Nivellierung von Vermessungsinstrumenten unter anspruchsvollen Feldbedingungen entwickelt wurde. Die auf Zuverl\u00e4ssigkeit ausgelegte BL12 Libelle f\u00fcr Tribrach bietet Vermessern stabile Leistung und schnelle visuelle Ausrichtung und ist somit ein unverzichtbarer Bestandteil von Tribrach-Adaptern und professionellen optischen Systemen. <a href=\"https:\/\/mountlaser.com\/de\/about-us\/\"><strong>Lange gelbe Wasserwaage f\u00fcr Tribrach<\/strong><\/a>, Es bietet eine vergr\u00f6\u00dferte Sichtfl\u00e4che, die die Empfindlichkeit erh\u00f6ht und die Nivellierungsgenauigkeit beim Aufstellen des Instruments verbessert.<\/p>\n<p><img fetchpriority=\"high\" decoding=\"async\" class=\"aligncenter wp-image-5473\" src=\"https:\/\/mountlaser.com\/wp-content\/uploads\/2025\/12\/BL12YL3.webp\" alt=\"BL12 Bubble Level for tribrach\" width=\"500\" height=\"500\" srcset=\"https:\/\/mountlaser.com\/wp-content\/uploads\/2025\/12\/BL12YL3.webp 1000w, https:\/\/mountlaser.com\/wp-content\/uploads\/2025\/12\/BL12YL3-300x300.webp 300w, https:\/\/mountlaser.com\/wp-content\/uploads\/2025\/12\/BL12YL3-150x150.webp 150w, https:\/\/mountlaser.com\/wp-content\/uploads\/2025\/12\/BL12YL3-768x768.webp 768w, https:\/\/mountlaser.com\/wp-content\/uploads\/2025\/12\/BL12YL3-12x12.webp 12w, https:\/\/mountlaser.com\/wp-content\/uploads\/2025\/12\/BL12YL3-600x600.webp 600w, https:\/\/mountlaser.com\/wp-content\/uploads\/2025\/12\/BL12YL3-800x800.webp 800w, https:\/\/mountlaser.com\/wp-content\/uploads\/2025\/12\/BL12YL3-400x400.webp 400w\" sizes=\"(max-width: 500px) 100vw, 500px\" \/><\/p>\n<p>Die aus hochwertigen Materialien gefertigte und mit optimierter Kr\u00fcmmung versehene lange Libelle f\u00fcr Tribrach bietet au\u00dfergew\u00f6hnliche Langlebigkeit und zuverl\u00e4ssige Messergebnisse. Ob in Kombination mit Totalstationen, Prismen oder GNSS-Zubeh\u00f6r \u2013 die Libelle BL12 f\u00fcr Tribrach gew\u00e4hrleistet die perfekte Ausrichtung des Instruments f\u00fcr pr\u00e4zise Datenerfassung.<\/p>","protected":false},"excerpt":{"rendered":"<ul>\n<li>Die lange Libelle f\u00fcr Dreifu\u00df-Systeme gew\u00e4hrleistet hochpr\u00e4zises Nivellieren und eine stabile Ausrichtung der Vermessungsinstrumente.<\/li>\n<li>Das robuste gelbe Geh\u00e4use verbessert die Sichtbarkeit und bietet zus\u00e4tzlichen Schutz beim Einsatz im Gel\u00e4nde.<\/li>\n<li>Die BL12 Wasserwaage f\u00fcr Tribrach ist mit Tribrach-Adaptern kompatibel und somit ein vielseitiges Ersatz- oder Upgrade-Bauteil.<\/li>\n<\/ul>","protected":false},"featured_media":5471,"comment_status":"open","ping_status":"closed","template":"","meta":[],"product_brand":[],"product_cat":[79,153],"product_tag":[],"class_list":{"0":"post-5470","1":"product","2":"type-product","3":"status-publish","4":"has-post-thumbnail","6":"product_cat-surveying-accessory","7":"product_cat-bubble-for-tribrach-carrier-prism","9":"first","10":"instock","11":"shipping-taxable","12":"product-type-simple"},"_links":{"self":[{"href":"https:\/\/mountlaser.com\/de\/wp-json\/wp\/v2\/product\/5470","targetHints":{"allow":["GET"]}}],"collection":[{"href":"https:\/\/mountlaser.com\/de\/wp-json\/wp\/v2\/product"}],"about":[{"href":"https:\/\/mountlaser.com\/de\/wp-json\/wp\/v2\/types\/product"}],"replies":[{"embeddable":true,"href":"https:\/\/mountlaser.com\/de\/wp-json\/wp\/v2\/comments?post=5470"}],"wp:featuredmedia":[{"embeddable":true,"href":"https:\/\/mountlaser.com\/de\/wp-json\/wp\/v2\/media\/5471"}],"wp:attachment":[{"href":"https:\/\/mountlaser.com\/de\/wp-json\/wp\/v2\/media?parent=5470"}],"wp:term":[{"taxonomy":"product_brand","embeddable":true,"href":"https:\/\/mountlaser.com\/de\/wp-json\/wp\/v2\/product_brand?post=5470"},{"taxonomy":"product_cat","embeddable":true,"href":"https:\/\/mountlaser.com\/de\/wp-json\/wp\/v2\/product_cat?post=5470"},{"taxonomy":"product_tag","embeddable":true,"href":"https:\/\/mountlaser.com\/de\/wp-json\/wp\/v2\/product_tag?post=5470"}],"curies":[{"name":"wp","href":"https:\/\/api.w.org\/{rel}","templated":true}]}}